{"id":71164,"date":"2026-03-19T11:54:45","date_gmt":"2026-03-19T11:54:45","guid":{"rendered":"https:\/\/soydeaqui.ddns.net\/pachuca\/index.php\/producto\/antena-sectorial-de-100-grados-20-dbi-5150-5850-mhz-desempeno-carrier-class-integra-backshield-para-evitar-lobulos-laterales\/"},"modified":"2026-03-19T11:54:53","modified_gmt":"2026-03-19T11:54:53","slug":"antena-sectorial-de-100-grados-20-dbi-5150-5850-mhz-desempeno-carrier-class-integra-backshield-para-evitar-lobulos-laterales","status":"publish","type":"product","link":"https:\/\/soydeaqui.ddns.net\/pachuca\/index.php\/producto\/antena-sectorial-de-100-grados-20-dbi-5150-5850-mhz-desempeno-carrier-class-integra-backshield-para-evitar-lobulos-laterales\/","title":{"rendered":"Antena sectorial de 100 grados, 20 dBi, 5150-5850 MHz , desempe\u00f1o Carrier Class, integra BackShield para evitar l\u00f3bulos laterales"},"content":{"rendered":"<div style='width: 100%; max-width: 1200px; margin: 0 auto; font-family: sans-serif; line-height: 1.6; color: inherit; background-color: transparent;'> <!-- Secci\u00f3n de presentaci\u00f3n --> <\/p>\n<div style='margin-bottom: 30px;'>\n<h2 style='font-size: 22px; border-bottom: 2px solid currentColor; padding-bottom: 5px; margin-top: 0; color: inherit; opacity: 0.8; text-align: center;'>Presentaci\u00f3n del nuevo sector de matrices<\/h2>\n<p style='font-size: 15px; color: inherit; text-align: center;'>La nueva serie Array Sector son antenas de arreglo de parche superiores optimizadas para un rendimiento excelente en aplicaciones de cl\u00faster denso y cobertura sectorial.<\/p>\n<\/p><\/div>\n<p> <!-- Imagen principal --> <\/p>\n<div style='margin-bottom: 30px; text-align: center;'> <img style='width: 100%; max-width: 800px; height: auto; border: 1px solid rgba(150&comma;150&comma;150&comma;0.3); border-radius: 8px;' src='https:\/\/ftp3.syscom.mx\/usuarios\/dquezada\/RF%20Elements\/Fotos%20para%20pagina\/AS-5-20\/Array-Sector-Antenna.jpg' alt='Antena sectorial RF ELEMENTS AS520'> <\/div>\n<p> <!-- Secci\u00f3n de caracter\u00edsticas --> <\/p>\n<div style='display: flex; flex-wrap: wrap; gap: 30px; margin-bottom: 30px;'>\n<div style='flex: 1 1 300px; min-width: 280px;'>\n<h3 style='font-size: 22px; border-bottom: 2px solid currentColor; padding-bottom: 5px; margin-top: 0; color: inherit; opacity: 0.8;'>El mejor rendimiento de su clase<\/h3>\n<p style='font-size: 15px; color: inherit;'>RF elements\u00ae Array Sector Antennas tiene un rendimiento de ganancia optimizado en todo el ancho de banda \u00fatil. Gracias a la ganancia constante&comma; las antenas ofrecen un rendimiento excelente independientemente del canal que se utilice.<\/p>\n<h4 style='font-size: 18px; margin-top: 20px; margin-bottom: 10px; color: inherit;'>Rendimiento de banda ancha<\/h4>\n<p style='font-size: 15px; color: inherit;'>Las antenas de sector de matriz funcionan en el rango de frecuencia de 5150-5850MHz. El amplio espectro de trabajo de 700MHz cubre las bandas U-NII-1 a U-NII-3.<\/p>\n<\/p><\/div>\n<div style='flex: 1 1 300px; min-width: 280px;'> <img style='width: 100%; height: auto; border: 1px solid rgba(150&comma;150&comma;150&comma;0.3); border-radius: 8px;' src='https:\/\/ftp3.syscom.mx\/usuarios\/dquezada\/RF%20Elements\/Fotos%20para%20pagina\/AS-5-20\/Array-Sectro-Powerfull-Antenna.jpg' alt='Array Sector Antenna Powerfull'> <\/div>\n<div style='flex: 1 1 300px; min-width: 280px;'>\n<h3 style='font-size: 22px; border-bottom: 2px solid currentColor; padding-bottom: 5px; margin-top: 0; color: inherit; opacity: 0.8;'>BackShieldTM para implementaciones de cl\u00fasteres<\/h3>\n<p style='font-size: 15px; color: inherit;'>Las antenas Array Sector Antennas tienen BackShieldTM integrado&comma; superficies selectivas de frecuencia patentadas que aten\u00faan los l\u00f3bulos laterales azimutales y la radiaci\u00f3n trasera&comma; lo que mejora significativamente la capacidad de ubicaci\u00f3n conjunta de las Array Sector Antennas.<\/p>\n<h4 style='font-size: 18px; margin-top: 20px; margin-bottom: 10px; color: inherit;'>Ligero y compacto<\/h4>\n<p style='font-size: 15px; color: inherit;'>Las antenas Array Sector est\u00e1n hechas de aluminio de alta calidad que las hace compactas&comma; ligeras y extremadamente duraderas.<\/p>\n<\/p><\/div>\n<\/p><\/div>\n<p> <!-- Ganancia estable --> <\/p>\n<div style='margin-bottom: 30px;'>\n<h2 style='font-size: 22px; border-bottom: 2px solid currentColor; padding-bottom: 5px; margin-top: 0; color: inherit; opacity: 0.8; text-align: center;'>Ganancia estable en toda la banda<\/h2>\n<p style='font-size: 15px; color: inherit; text-align: center;'>La ganancia de las antenas Array Sector permanece muy estable en un rango ultra amplio de frecuencias de 5150-5850 MHz. Los valores de VSWR son excelentes en todo el espectro \u00fatil para la m\u00e1xima potencia entregada desde una radio a la antena.<\/p>\n<\/p><\/div>\n<p> <!-- Imagen de rendimiento de ganancia --> <\/p>\n<div style='margin-bottom: 30px; text-align: center;'> <img style='width: 100%; max-width: 1000px; height: auto; border: 1px solid rgba(150&comma;150&comma;150&comma;0.3); border-radius: 8px;' src='https:\/\/ftp3.syscom.mx\/usuarios\/dquezada\/RF%20Elements\/Fotos%20para%20pagina\/AS-5-20\/Gain-performance-AS-5-20-03.jpg' alt='Rendimiento de ganancia AS-5-20'> <\/div>\n<p> <!-- Secci\u00f3n de optimizaci\u00f3n --> <\/p>\n<div style='margin-bottom: 30px;'>\n<h2 style='font-size: 22px; border-bottom: 2px solid currentColor; padding-bottom: 5px; margin-top: 0; color: inherit; opacity: 0.8; text-align: center;'>Optimizado para la coubicaci\u00f3n<\/h2>\n<p style='font-size: 15px; color: inherit; text-align: center;'>Las antenas Array Sector Antennas cuentan con BackShieldTM&comma; nuestra estructura patentada que mitiga eficazmente los l\u00f3bulos laterales azimutales y la radiaci\u00f3n trasera parasitaria. BackshieldTM mejora significativamente la capacidad de uso compartido en implementaciones de cl\u00fasteres densos.<\/p>\n<\/p><\/div>\n<p> <!-- Video 1 --> <\/p>\n<div style='position: relative; padding-bottom: 56.25%; height: 0; overflow: hidden; margin-bottom: 30px;'> <video style='position: absolute; top: 0; left: 0; width: 100%; height: 100%; border: none;' src='https:\/\/ftp3.syscom.mx\/usuarios\/dquezada\/RF%20Elements\/Fotos%20para%20pagina\/AS-5-20\/RZIq5myy-23004299.mp4' loop muted controls><\/video> <\/div>\n<p> <!-- Secci\u00f3n BackShield --> <\/p>\n<div style='margin-bottom: 30px;'>\n<h2 style='font-size: 22px; border-bottom: 2px solid currentColor; padding-bottom: 5px; margin-top: 0; color: inherit; opacity: 0.8; text-align: center;'>BackShield<\/h2>\n<p style='font-size: 15px; color: inherit; text-align: center;'>BackShield es nuestra superficie de frecuencia selectiva patentada que aten\u00faa eficazmente la radiaci\u00f3n trasera y los l\u00f3bulos laterales en el plano azimutal. BackShieldTM est\u00e1 integrado en la estructura de la antena&comma; por lo que no hay necesidad de protectores de accesorios de mercado secundario.<\/p>\n<\/p><\/div>\n<p> <!-- Video 2 --> <\/p>\n<div style='position: relative; padding-bottom: 56.25%; height: 0; overflow: hidden; margin-bottom: 30px;'> <video style='position: absolute; top: 0; left: 0; width: 100%; height: 100%; border: none;' src='https:\/\/ftp3.syscom.mx\/usuarios\/dquezada\/RF%20Elements\/Fotos%20para%20pagina\/AS-5-20\/QPDdX7tZ-23004299.mp4' loop muted controls><\/video> <\/div>\n<p> <!-- Secci\u00f3n de compatibilidad --> <\/p>\n<div style='margin-bottom: 30px;'>\n<h2 style='font-size: 22px; border-bottom: 2px solid currentColor; padding-bottom: 5px; margin-top: 0; color: inherit; opacity: 0.8; text-align: center;'>Amplia compatibilidad de plataforma<\/h2>\n<p style='font-size: 15px; color: inherit; text-align: center;'>Las antenas Array Sector Antennas son compatibles con las principales radios con conectores coaxiales (consulte la hoja de datos para ver la lista completa). Las antenas Array Sector Antennas tambi\u00e9n cuentan con una cubierta extra\u00edble que protege los conectores SMA&comma; otra caracter\u00edstica introducida por RF Elements\u00ae que se convirti\u00f3 en un est\u00e1ndar de la industria.<\/p>\n<\/p><\/div>\n<p> <!-- Secci\u00f3n de construcci\u00f3n --> <\/p>\n<div style='margin-bottom: 30px;'>\n<h2 style='font-size: 22px; border-bottom: 2px solid currentColor; padding-bottom: 5px; margin-top: 0; color: inherit; opacity: 0.8; text-align: center;'>Construcci\u00f3n duradera<\/h2>\n<p style='font-size: 15px; color: inherit; text-align: center;'>El cuerpo s\u00f3lido de aluminio extruido permite que las antenas Array Sector Soporten cualquier condici\u00f3n clim\u00e1tica. Utilizamos materiales de la m\u00e1s alta calidad: aluminio extruido y estampado&comma; acero inoxidable con revestimiento superficial&comma; pl\u00e1stico ABS resistente a los rayos UV y polietileno de alta densidad.<\/p>\n<\/p><\/div>\n<p> <!-- Video 3 --> <\/p>\n<div style='position: relative; padding-bottom: 56.25%; height: 0; overflow: hidden; margin-bottom: 30px;'> <video style='position: absolute; top: 0; left: 0; width: 100%; height: 100%; border: none;' src='https:\/\/ftp3.syscom.mx\/usuarios\/dquezada\/RF%20Elements\/Fotos%20para%20pagina\/AS-5-20\/I8AvZ3az-23004299.mp4' loop muted controls><\/video> <\/div>\n<p> <!-- Secci\u00f3n de hardware --> <\/p>\n<div style='margin-bottom: 30px;'>\n<h2 style='font-size: 22px; border-bottom: 2px solid currentColor; padding-bottom: 5px; margin-top: 0; color: inherit; opacity: 0.8; text-align: center;'>Hardware con revestimiento antiagarrotamiento<\/h2>\n<p style='font-size: 15px; color: inherit; text-align: center;'>Las antenas Array Sector tienen hardware con tratamiento de superficie antifricci\u00f3n de color negro que utiliza un revestimiento seco tribol\u00f3gico a base de pol\u00edmero con part\u00edculas de lubricante submicrosc\u00f3picas que brindan una protecci\u00f3n eficaz contra el agarrotamiento.<\/p>\n<\/p><\/div>\n<p> <!-- Video 4 - Desembalaje --> <\/p>\n<div style='position: relative; padding-bottom: 56.25%; height: 0; overflow: hidden; margin-bottom: 30px;'>   <\/div>\n<p> <!-- Secci\u00f3n de desembalaje --> <\/p>\n<div style='margin-bottom: 30px;'>\n<h2 style='font-size: 22px; border-bottom: 2px solid currentColor; padding-bottom: 5px; margin-top: 0; color: inherit; opacity: 0.8; text-align: center;'>Desembalaje del sector de matrices 5-20<\/h2>\n<p style='font-size: 15px; color: inherit; text-align: center;'>Las antenas Array Sector se entregan en un embalaje ecol\u00f3gico de dise\u00f1o inteligente que ahorra el costo de env\u00edo. Mira el video de unboxing a continuaci\u00f3n.<\/p>\n<\/p><\/div>\n<p> <!-- Video 5 - Desembalaje --> <\/p>\n<div style='position: relative; padding-bottom: 56.25%; height: 0; overflow: hidden; margin-bottom: 30px;'>   <\/div>\n<p> <!-- Secci\u00f3n de montaje --> <\/p>\n<div style='margin-bottom: 30px;'>\n<h2 style='font-size: 22px; border-bottom: 2px solid currentColor; padding-bottom: 5px; margin-top: 0; color: inherit; opacity: 0.8; text-align: center;'>Nuevo soporte de antena<\/h2>\n<p style='font-size: 15px; color: inherit; text-align: center;'>Las antenas Array Sector cuentan con un innovador sistema de montaje compuesto de piezas m\u00ednimas para un montaje&comma; instalaci\u00f3n y alineaci\u00f3n r\u00e1pidos y f\u00e1ciles. Los herrajes de acero inoxidable tienen un revestimiento de superficie antifricci\u00f3n de color negro para evitar el agarrotamiento.<\/p>\n<\/p><\/div>\n<p> <!-- Video 6 - Montaje --> <\/p>\n<div style='position: relative; padding-bottom: 56.25%; height: 0; overflow: hidden; margin-bottom: 30px;'> <video style='position: absolute; top: 0; left: 0; width: 100%; height: 100%; border: none;' src='https:\/\/ftp3.syscom.mx\/usuarios\/dquezada\/RF%20Elements\/Fotos%20para%20pagina\/AS-5-20\/7iK2tTtE-23004299.mp4' loop muted controls><\/video> <\/div>\n<\/p><\/div>\n","protected":false},"excerpt":{"rendered":"<p>Antena sectorial de 100 grados, 20 dBi, 5150-5850 MHz , desempe\u00f1o Carrier Class, integra BackShield para evitar l\u00f3bulos laterales<\/p>\n","protected":false},"featured_media":71163,"comment_status":"open","ping_status":"closed","template":"","meta":[],"product_brand":[],"product_cat":[1895],"product_tag":[1404,1988,1896],"class_list":{"0":"post-71164","1":"product","2":"type-product","3":"status-publish","4":"has-post-thumbnail","6":"product_cat-sectoriales","7":"product_tag-antenas","8":"product_tag-rf-elements","9":"product_tag-sectoriales","11":"first","12":"instock","13":"sale","14":"shipping-taxable","15":"purchasable","16":"product-type-simple"},"_links":{"self":[{"href":"https:\/\/soydeaqui.ddns.net\/pachuca\/index.php\/wp-json\/wp\/v2\/product\/71164","targetHints":{"allow":["GET"]}}],"collection":[{"href":"https:\/\/soydeaqui.ddns.net\/pachuca\/index.php\/wp-json\/wp\/v2\/product"}],"about":[{"href":"https:\/\/soydeaqui.ddns.net\/pachuca\/index.php\/wp-json\/wp\/v2\/types\/product"}],"replies":[{"embeddable":true,"href":"https:\/\/soydeaqui.ddns.net\/pachuca\/index.php\/wp-json\/wp\/v2\/comments?post=71164"}],"wp:featuredmedia":[{"embeddable":true,"href":"https:\/\/soydeaqui.ddns.net\/pachuca\/index.php\/wp-json\/wp\/v2\/media\/71163"}],"wp:attachment":[{"href":"https:\/\/soydeaqui.ddns.net\/pachuca\/index.php\/wp-json\/wp\/v2\/media?parent=71164"}],"wp:term":[{"taxonomy":"product_brand","embeddable":true,"href":"https:\/\/soydeaqui.ddns.net\/pachuca\/index.php\/wp-json\/wp\/v2\/product_brand?post=71164"},{"taxonomy":"product_cat","embeddable":true,"href":"https:\/\/soydeaqui.ddns.net\/pachuca\/index.php\/wp-json\/wp\/v2\/product_cat?post=71164"},{"taxonomy":"product_tag","embeddable":true,"href":"https:\/\/soydeaqui.ddns.net\/pachuca\/index.php\/wp-json\/wp\/v2\/product_tag?post=71164"}],"curies":[{"name":"wp","href":"https:\/\/api.w.org\/{rel}","templated":true}]}}