{"id":71155,"date":"2026-03-19T11:54:25","date_gmt":"2026-03-19T11:54:25","guid":{"rendered":"https:\/\/soydeaqui.ddns.net\/pachuca\/index.php\/producto\/mantbox-52-15s-estacion-base-de-banda-dual-de-2-4-5-ghz-con-una-potente-antena-sectorial-incorporada\/"},"modified":"2026-03-19T11:54:31","modified_gmt":"2026-03-19T11:54:31","slug":"mantbox-52-15s-estacion-base-de-banda-dual-de-2-4-5-ghz-con-una-potente-antena-sectorial-incorporada","status":"publish","type":"product","link":"https:\/\/soydeaqui.ddns.net\/pachuca\/index.php\/producto\/mantbox-52-15s-estacion-base-de-banda-dual-de-2-4-5-ghz-con-una-potente-antena-sectorial-incorporada\/","title":{"rendered":"(mANTBox 52 15s) Estaci\u00f3n base de banda dual de 2.4 \/ 5 GHz con una potente antena sectorial incorporada"},"content":{"rendered":"<div style='width: 100%; max-width: 1200px; margin: 0 auto; font-family: sans-serif; line-height: 1.6; color: inherit; background-color: transparent;'>\n<div style='display: flex; flex-direction: column; gap: 30px;'>\n<div style='font-size: 15px; color: inherit;'>\n<p style='margin: 0 0 15px 0;'>\u00bfEst\u00e1 administrando una red inal\u00e1mbrica al aire libre con una variedad de puntos de acceso y dispositivos CPE? Entonces&comma; nuestro nuevo mANTBox 52 15s lo tiene cubierto: ofrece potentes antenas integradas&comma; fascinantes opciones de conectividad y m\u00e1s.<\/p>\n<p style='margin: 0 0 15px 0;'>Crear una conexi\u00f3n eficiente de punto a multipunto sol\u00eda ser complicado&comma; pero ya no: mANTBox 52 15s funciona bien en cualquier configuraci\u00f3n. La capacidad inal\u00e1mbrica de doble banda le permite utilizar dispositivos de 2&comma;4 GHz y 5 GHz al mismo tiempo. Hay un puerto Gigabit Ethernet y un puerto SFP para conexiones de fibra.<\/p>\n<p style='margin: 0 0 15px 0;'>Hemos duplicado la RAM y agregado una nueva CPU de cuatro n\u00facleos que puede manejar incluso las cargas m\u00e1s pesadas. mANTBox 52 15s incluso puede proporcionar la descarga de hardware IPsec sin problemas. Dependiendo del resto de su configuraci\u00f3n&comma; puede alcanzar una distancia de hasta 20 km con la antena de polarizaci\u00f3n dual incorporada.<\/p>\n<\/p><\/div>\n<div style='display: grid; grid-template-columns: repeat(auto-fill&comma; minmax(250px&comma; 1fr)); gap: 20px;'>\n<div style='border: 1px solid rgba(150&comma; 150&comma; 150&comma; 0.4); border-radius: 8px; overflow: hidden;'>\n<div style='padding: 15px; border-bottom: 1px solid rgba(150&comma; 150&comma; 150&comma; 0.2); font-weight: bold; font-size: 18px; color: inherit;'>Especificaciones<\/div>\n<div style='padding: 15px; color: inherit;'>\n<ul style='padding-left: 20px; margin: 0; font-size: 14px; list-style-type: disc;'>\n<li style='margin-bottom: 5px;'><strong>C\u00f3digo de producto:<\/strong> RBD22UGS-5HPacD2HnD-15S<\/li>\n<li style='margin-bottom: 5px;'><strong>Arquitectura:<\/strong> ARM 32bit<\/li>\n<li style='margin-bottom: 5px;'><strong>CPU:<\/strong> IPQ-4019<\/li>\n<li style='margin-bottom: 5px;'><strong>N\u00facleos de CPU:<\/strong> 4<\/li>\n<li style='margin-bottom: 5px;'><strong>Dimensiones:<\/strong> 140 x 348 x 82 mm<\/li>\n<li style='margin-bottom: 5px;'><strong>Licencia de RouterOS:<\/strong> 4<\/li>\n<li style='margin-bottom: 5px;'><strong>Sistema operativo:<\/strong> <a style='color: inherit; text-decoration: underline;' href='https:\/\/wiki.mikrotik.com\/wiki\/Manual:TOC' target='_blank' rel='noopener'>RouterOS<\/a><\/li>\n<li style='margin-bottom: 5px;'><strong>Tama\u00f1o de RAM:<\/strong> 256 MB<\/li>\n<li style='margin-bottom: 5px;'><strong>Tama\u00f1o de almacenamiento:<\/strong> 16 MB<\/li>\n<li style='margin-bottom: 5px;'><strong>Tipo de almacenamiento:<\/strong> FLASH<\/li>\n<li style='margin-bottom: 5px;'><strong>Temperatura ambiente probada:<\/strong> -40 \u00b0C hasta +70 \u00b0C<\/li>\n<li style='margin-bottom: 5px;'><strong>MTBF:<\/strong> Aproximadamente 200.000 horas a 25 \u00b0C<\/li>\n<\/ul><\/div>\n<\/p><\/div>\n<div style='border: 1px solid rgba(150&comma; 150&comma; 150&comma; 0.4); border-radius: 8px; overflow: hidden;'>\n<div style='padding: 15px; border-bottom: 1px solid rgba(150&comma; 150&comma; 150&comma; 0.2); font-weight: bold; font-size: 18px; color: inherit;'>Alimentaci\u00f3n<\/div>\n<div style='padding: 15px; color: inherit;'>\n<ul style='padding-left: 20px; margin: 0; font-size: 14px; list-style-type: disc;'>\n<li style='margin-bottom: 5px;'><strong>PoE en:<\/strong> 802.3af\/at<\/li>\n<li style='margin-bottom: 5px;'><strong>PoE en voltaje de entrada:<\/strong> 12-57 V<\/li>\n<li style='margin-bottom: 5px;'><strong>N\u00famero de entradas DC:<\/strong> 2 (toma de CC&comma; PoE-IN)<\/li>\n<li style='margin-bottom: 5px;'><strong>Voltaje de entrada DC jack:<\/strong> 12-57 V<\/li>\n<li style='margin-bottom: 5px;'><strong>Recuento de ventiladores:<\/strong> Pasivo<\/li>\n<\/ul><\/div>\n<\/p><\/div>\n<div style='border: 1px solid rgba(150&comma; 150&comma; 150&comma; 0.4); border-radius: 8px; overflow: hidden;'>\n<div style='padding: 15px; border-bottom: 1px solid rgba(150&comma; 150&comma; 150&comma; 0.2); font-weight: bold; font-size: 18px; color: inherit;'>Especificaciones inal\u00e1mbricas<\/div>\n<div style='padding: 15px; color: inherit;'>\n<ul style='padding-left: 20px; margin: 0; font-size: 14px; list-style-type: disc;'>\n<li style='margin-bottom: 5px;'><strong>Velocidad de datos m\u00e1xima inal\u00e1mbrica de 2.4 GHz:<\/strong> 300 Mbit\/s<\/li>\n<li style='margin-bottom: 5px;'><strong>N\u00famero de cadenas inal\u00e1mbricas de 2.4 GHz:<\/strong> 2<\/li>\n<li style='margin-bottom: 5px;'><strong>Est\u00e1ndares inal\u00e1mbricos de 2.4 GHz:<\/strong> 802.11b\/g\/n<\/li>\n<li style='margin-bottom: 5px;'><strong>Ganancia de antena dBi para 2.4 GHz:<\/strong> 12<\/li>\n<li style='margin-bottom: 5px;'><strong>Modelo de chip inal\u00e1mbrico de 2.4 GHz:<\/strong> IPQ-4019<\/li>\n<li style='margin-bottom: 5px;'><strong>Generaci\u00f3n inal\u00e1mbrica de 2.4 GHz:<\/strong> Wi-Fi 4<\/li>\n<li style='margin-bottom: 5px;'><strong>Velocidad m\u00e1xima de datos inal\u00e1mbrica de 5 GHz:<\/strong> 867 Mbit\/s<\/li>\n<li style='margin-bottom: 5px;'><strong>N\u00famero de cadenas inal\u00e1mbricas de 5 GHz:<\/strong> 2<\/li>\n<li style='margin-bottom: 5px;'><strong>Est\u00e1ndares inal\u00e1mbricos de 5 GHz:<\/strong> 802.11a\/n\/ac<\/li>\n<li style='margin-bottom: 5px;'><strong>Ganancia de antena dBi para 5 GHz:<\/strong> 15<\/li>\n<li style='margin-bottom: 5px;'><strong>Modelo de chip inal\u00e1mbrico de 5 GHz:<\/strong> IPQ-4019<\/li>\n<li style='margin-bottom: 5px;'><strong>Generaci\u00f3n inal\u00e1mbrica de 5 GHz:<\/strong> Wi-Fi 5<\/li>\n<\/ul><\/div>\n<\/p><\/div>\n<div style='border: 1px solid rgba(150&comma; 150&comma; 150&comma; 0.4); border-radius: 8px; overflow: hidden;'>\n<div style='padding: 15px; border-bottom: 1px solid rgba(150&comma; 150&comma; 150&comma; 0.2); font-weight: bold; font-size: 18px; color: inherit;'>Ethernet<\/div>\n<div style='padding: 15px; color: inherit;'>\n<ul style='padding-left: 20px; margin: 0; font-size: 14px; list-style-type: disc;'>\n<li style='margin-bottom: 5px;'><strong>Puertos Ethernet 10\/100\/1000:<\/strong> 1<\/li>\n<\/ul><\/div>\n<\/p><\/div>\n<div style='border: 1px solid rgba(150&comma; 150&comma; 150&comma; 0.4); border-radius: 8px; overflow: hidden;'>\n<div style='padding: 15px; border-bottom: 1px solid rgba(150&comma; 150&comma; 150&comma; 0.2); font-weight: bold; font-size: 18px; color: inherit;'>Fibra<\/div>\n<div style='padding: 15px; color: inherit;'>\n<ul style='padding-left: 20px; margin: 0; font-size: 14px; list-style-type: disc;'>\n<li style='margin-bottom: 5px;'><strong>Puertos SFP:<\/strong> 1<\/li>\n<\/ul><\/div>\n<\/p><\/div>\n<div style='border: 1px solid rgba(150&comma; 150&comma; 150&comma; 0.4); border-radius: 8px; overflow: hidden;'>\n<div style='padding: 15px; border-bottom: 1px solid rgba(150&comma; 150&comma; 150&comma; 0.2); font-weight: bold; font-size: 18px; color: inherit;'>Perif\u00e9ricos<\/div>\n<div style='padding: 15px; color: inherit;'>\n<ul style='padding-left: 20px; margin: 0; font-size: 14px; list-style-type: disc;'>\n<li style='margin-bottom: 5px;'><strong>N\u00famero de puertos USB:<\/strong> 1<\/li>\n<li style='margin-bottom: 5px;'><strong>Tipo de ranura USB:<\/strong> USB tipo A<\/li>\n<li style='margin-bottom: 5px;'><strong>Corriente USB m\u00e1xima (A):<\/strong> 1<\/li>\n<\/ul><\/div>\n<\/p><\/div>\n<div style='border: 1px solid rgba(150&comma; 150&comma; 150&comma; 0.4); border-radius: 8px; overflow: hidden;'>\n<div style='padding: 15px; border-bottom: 1px solid rgba(150&comma; 150&comma; 150&comma; 0.2); font-weight: bold; font-size: 18px; color: inherit;'>Otro<\/div>\n<div style='padding: 15px; color: inherit;'>\n<ul style='padding-left: 20px; margin: 0; font-size: 14px; list-style-type: disc;'>\n<li style='margin-bottom: 5px;'><strong>Monitor de temperatura de PCB:<\/strong> si<\/li>\n<li style='margin-bottom: 5px;'><strong>Monitor de voltaje:<\/strong> si<\/li>\n<\/ul><\/div>\n<\/p><\/div>\n<div style='border: 1px solid rgba(150&comma; 150&comma; 150&comma; 0.4); border-radius: 8px; overflow: hidden;'>\n<div style='padding: 15px; border-bottom: 1px solid rgba(150&comma; 150&comma; 150&comma; 0.2); font-weight: bold; font-size: 18px; color: inherit;'>Certificaciones y aprobaciones<\/div>\n<div style='padding: 15px; color: inherit;'>\n<ul style='padding-left: 20px; margin: 0; font-size: 14px; list-style-type: disc;'>\n<li style='margin-bottom: 5px;'><strong>Certificaci\u00f3n:<\/strong> CE&comma; FCC&comma; IC&comma; EAC&comma; ROHS<\/li>\n<\/ul><\/div>\n<\/p><\/div>\n<div style='border: 1px solid rgba(150&comma; 150&comma; 150&comma; 0.4); border-radius: 8px; overflow: hidden;'>\n<div style='padding: 15px; border-bottom: 1px solid rgba(150&comma; 150&comma; 150&comma; 0.2); font-weight: bold; font-size: 18px; color: inherit;'>Resultados de prueba Ethernet<\/div>\n<div style='padding: 15px; color: inherit;'>\n<table style='width: 100%; border-collapse: collapse;'>\n<thead>\n<tr style='background-color: rgba(150&comma; 150&comma; 150&comma; 0.1);'>\n<th style='padding: 8px; border: 1px solid rgba(150&comma; 150&comma; 150&comma; 0.3); text-align: left;' colspan='2'>RBD22UGS-5HPacD2HnD-15S<\/th>\n<th style='padding: 8px; border: 1px solid rgba(150&comma; 150&comma; 150&comma; 0.3); text-align: left;' colspan='6'>IPQ-4019 1G all port test<\/th>\n<\/tr>\n<tr style='background-color: rgba(150&comma; 150&comma; 150&comma; 0.05);'>\n<td style='padding: 8px; border: 1px solid rgba(150&comma; 150&comma; 150&comma; 0.3); font-weight: bold;' rowspan='2'>Mode<\/td>\n<td style='padding: 8px; border: 1px solid rgba(150&comma; 150&comma; 150&comma; 0.3); font-weight: bold;' rowspan='2'>Configuration<\/td>\n<td style='padding: 8px; border: 1px solid rgba(150&comma; 150&comma; 150&comma; 0.3); font-weight: bold;' colspan='2'>1518 byte<\/td>\n<td style='padding: 8px; border: 1px solid rgba(150&comma; 150&comma; 150&comma; 0.3); font-weight: bold;' colspan='2'>512 byte<\/td>\n<td style='padding: 8px; border: 1px solid rgba(150&comma; 150&comma; 150&comma; 0.3); font-weight: bold;' colspan='2'>64 byte<\/td>\n<\/tr>\n<tr style='background-color: rgba(150&comma; 150&comma; 150&comma; 0.05);'>\n<td style='padding: 8px; border: 1px solid rgba(150&comma; 150&comma; 150&comma; 0.3); font-weight: bold;'>kpps<\/td>\n<td style='padding: 8px; border: 1px solid rgba(150&comma; 150&comma; 150&comma; 0.3); font-weight: bold;'>Mbps<\/td>\n<td style='padding: 8px; border: 1px solid rgba(150&comma; 150&comma; 150&comma; 0.3); font-weight: bold;'>kpps<\/td>\n<td style='padding: 8px; border: 1px solid rgba(150&comma; 150&comma; 150&comma; 0.3); font-weight: bold;'>Mbps<\/td>\n<td style='padding: 8px; border: 1px solid rgba(150&comma; 150&comma; 150&comma; 0.3); font-weight: bold;'>kpps<\/td>\n<td style='padding: 8px; border: 1px solid rgba(150&comma; 150&comma; 150&comma; 0.3); font-weight: bold;'>Mbps<\/td>\n<\/tr>\n<\/thead>\n<tbody>\n<tr>\n<td style='padding: 8px; border: 1px solid rgba(150&comma; 150&comma; 150&comma; 0.3);'>bridge<\/td>\n<td style='padding: 8px; border: 1px solid rgba(150&comma; 150&comma; 150&comma; 0.3);'>wire<\/td>\n<td style='padding: 8px; border: 1px solid rgba(150&comma; 150&comma; 150&comma; 0.3);'>59.5<\/td>\n<td style='padding: 8px; border: 1px solid rgba(150&comma; 150&comma; 150&comma; 0.3);'>714<\/td>\n<td style='padding: 8px; border: 1px solid rgba(150&comma; 150&comma; 150&comma; 0.3);'>133.8<\/td>\n<td style='padding: 8px; border: 1px solid rgba(150&comma; 150&comma; 150&comma; 0.3);'>685<\/td>\n<td style='padding: 8px; border: 1px solid rgba(150&comma; 150&comma; 150&comma; 0.3);'>454.2<\/td>\n<td style='padding: 8px; border: 1px solid rgba(150&comma; 150&comma; 150&comma; 0.3);'>291<\/td>\n<\/tr>\n<tr style='background-color: rgba(150&comma; 150&comma; 150&comma; 0.05);'>\n<td style='padding: 8px; border: 1px solid rgba(150&comma; 150&comma; 150&comma; 0.3);'>router<\/td>\n<td style='padding: 8px; border: 1px solid rgba(150&comma; 150&comma; 150&comma; 0.3);'>wire<\/td>\n<td style='padding: 8px; border: 1px solid rgba(150&comma; 150&comma; 150&comma; 0.3);'>59.5<\/td>\n<td style='padding: 8px; border: 1px solid rgba(150&comma; 150&comma; 150&comma; 0.3);'>714<\/td>\n<td style='padding: 8px; border: 1px solid rgba(150&comma; 150&comma; 150&comma; 0.3);'>133.8<\/td>\n<td style='padding: 8px; border: 1px solid rgba(150&comma; 150&comma; 150&comma; 0.3);'>685<\/td>\n<td style='padding: 8px; border: 1px solid rgba(150&comma; 150&comma; 150&comma; 0.3);'>454.2<\/td>\n<td style='padding: 8px; border: 1px solid rgba(150&comma; 150&comma; 150&comma; 0.3);'>291<\/td>\n<\/tr>\n<tr>\n<td style='padding: 8px; border: 1px solid rgba(150&comma; 150&comma; 150&comma; 0.3);'>bridge<\/td>\n<td style='padding: 1px solid rgba(150&comma; 150&comma; 150&comma; 0.3);'>no wire<\/td>\n<td style='padding: 8px; border: 1px solid rgba(150&comma; 150&comma; 150&comma; 0.3);'>59.5<\/td>\n<td style='padding: 8px; border: 1px solid rgba(150&comma; 150&comma; 150&comma; 0.3);'>714<\/td>\n<td style='padding: 8px; border: 1px solid rgba(150&comma; 150&comma; 150&comma; 0.3);'>133.8<\/td>\n<td style='padding: 8px; border: 1px solid rgba(150&comma; 150&comma; 150&comma; 0.3);'>685<\/td>\n<td style='padding: 8px; border: 1px solid rgba(150&comma; 150&comma; 150&comma; 0.3);'>454.2<\/td>\n<td style='padding: 8px; border: 1px solid rgba(150&comma; 150&comma; 150&comma; 0.3);'>291<\/td>\n<\/tr>\n<tr style='background-color: rgba(150&comma; 150&comma; 150&comma; 0.05);'>\n<td style='padding: 8px; border: 1px solid rgba(150&comma; 150&comma; 150&comma; 0.3);'>router<\/td>\n<td style='padding: 8px; border: 1px solid rgba(150&comma; 150&comma; 150&comma; 0.3);'>no wire<\/td>\n<td style='padding: 8px; border: 1px solid rgba(150&comma; 150&comma; 150&comma; 0.3);'>59.5<\/td>\n<td style='padding: 8px; border: 1px solid rgba(150&comma; 150&comma; 150&comma; 0.3);'>714<\/td>\n<td style='padding: 8px; border: 1px solid rgba(150&comma; 150&comma; 150&comma; 0.3);'>133.8<\/td>\n<td style='padding: 8px; border: 1px solid rgba(150&comma; 150&comma; 150&comma; 0.3);'>685<\/td>\n<td style='padding: 8px; border: 1px solid rgba(150&comma; 150&comma; 150&comma; 0.3);'>454.2<\/td>\n<td style='padding: 8px; border: 1px solid rgba(150&comma; 150&comma; 150&comma; 0.3);'>291<\/td>\n<\/tr>\n<tr>\n<td style='padding: 8px; border: 1px solid rgba(150&comma; 150&comma; 150&comma; 0.3);'>bridge<\/td>\n<td style='padding: 8px; border: 1px solid rgba(150&comma; 150&comma; 150&comma; 0.3);'>wire<\/td>\n<td style='padding: 8px; border: 1px solid rgba(150&comma; 150&comma; 150&comma; 0.3);'>59.5<\/td>\n<td style='padding: 8px; border: 1px solid rgba(150&comma; 150&comma; 150&comma; 0.3);'>714<\/td>\n<td style='padding: 8px; border: 1px solid rgba(150&comma; 150&comma; 150&comma; 0.3);'>133.8<\/td>\n<td style='padding: 8px; border: 1px solid rgba(150&comma; 150&comma; 150&comma; 0.3);'>685<\/td>\n<td style='padding: 8px; border: 1px solid rgba(150&comma; 150&comma; 150&comma; 0.3);'>454.2<\/td>\n<td style='padding: 8px; border: 1px solid rgba(150&comma; 150&comma; 150&comma; 0.3);'>291<\/td>\n<\/tr>\n<tr style='background-color: rgba(150&comma; 150&comma; 150&comma; 0.05);'>\n<td style='padding: 8px; border: 1px solid rgba(150&comma; 150&comma; 150&comma; 0.3);'>router<\/td>\n<td style='padding: 8px; border: 1px solid rgba(150&comma; 150&comma; 150&comma; 0.3);'>wire<\/td>\n<td style='padding: 8px; border: 1px solid rgba(150&comma; 150&comma; 150&comma; 0.3);'>59.5<\/td>\n<td style='padding: 8px; border: 1px solid rgba(150&comma; 150&comma; 150&comma; 0.3);'>714<\/td>\n<td style='padding: 8px; border: 1px solid rgba(150&comma; 150&comma; 150&comma; 0.3);'>133.8<\/td>\n<td style='padding: 8px; border: 1px solid rgba(150&comma; 150&comma; 150&comma; 0.3);'>685<\/td>\n<td style='padding: 8px; border: 1px solid rgba(150&comma; 150&comma; 150&comma; 0.3);'>454.2<\/td>\n<td style='padding: 8px; border: 1px solid rgba(150&comma; 150&comma; 150&comma; 0.3);'>291<\/td>\n<\/tr>\n<\/tbody>\n<\/table><\/div>\n<\/p><\/div>\n<\/p><\/div>\n<\/p><\/div>\n<\/p><\/div>\n","protected":false},"excerpt":{"rendered":"<p>(mANTBox 52 15s) Estaci\u00f3n base de banda dual de 2.4 \/ 5 GHz con una potente antena sectorial incorporada<\/p>\n","protected":false},"featured_media":71154,"comment_status":"open","ping_status":"closed","template":"","meta":[],"product_brand":[],"product_cat":[1998],"product_tag":[1999,1980,643],"class_list":{"0":"post-71155","1":"product","2":"type-product","3":"status-publish","4":"has-post-thumbnail","6":"product_cat-5-y-6-ghz","7":"product_tag-5-y-6-ghz","8":"product_tag-enlaces-ptp-y-ptmp","9":"product_tag-mikrotik","11":"first","12":"outofstock","13":"sale","14":"shipping-taxable","15":"purchasable","16":"product-type-simple"},"_links":{"self":[{"href":"https:\/\/soydeaqui.ddns.net\/pachuca\/index.php\/wp-json\/wp\/v2\/product\/71155","targetHints":{"allow":["GET"]}}],"collection":[{"href":"https:\/\/soydeaqui.ddns.net\/pachuca\/index.php\/wp-json\/wp\/v2\/product"}],"about":[{"href":"https:\/\/soydeaqui.ddns.net\/pachuca\/index.php\/wp-json\/wp\/v2\/types\/product"}],"replies":[{"embeddable":true,"href":"https:\/\/soydeaqui.ddns.net\/pachuca\/index.php\/wp-json\/wp\/v2\/comments?post=71155"}],"wp:featuredmedia":[{"embeddable":true,"href":"https:\/\/soydeaqui.ddns.net\/pachuca\/index.php\/wp-json\/wp\/v2\/media\/71154"}],"wp:attachment":[{"href":"https:\/\/soydeaqui.ddns.net\/pachuca\/index.php\/wp-json\/wp\/v2\/media?parent=71155"}],"wp:term":[{"taxonomy":"product_brand","embeddable":true,"href":"https:\/\/soydeaqui.ddns.net\/pachuca\/index.php\/wp-json\/wp\/v2\/product_brand?post=71155"},{"taxonomy":"product_cat","embeddable":true,"href":"https:\/\/soydeaqui.ddns.net\/pachuca\/index.php\/wp-json\/wp\/v2\/product_cat?post=71155"},{"taxonomy":"product_tag","embeddable":true,"href":"https:\/\/soydeaqui.ddns.net\/pachuca\/index.php\/wp-json\/wp\/v2\/product_tag?post=71155"}],"curies":[{"name":"wp","href":"https:\/\/api.w.org\/{rel}","templated":true}]}}