{"id":71153,"date":"2026-03-19T11:54:21","date_gmt":"2026-03-19T11:54:21","guid":{"rendered":"https:\/\/soydeaqui.ddns.net\/pachuca\/index.php\/producto\/barra-de-conexion-a-tierra-para-rack-de-19-con-14-orificios-para-conexion-rapida-de-equipos\/"},"modified":"2026-03-19T11:54:22","modified_gmt":"2026-03-19T11:54:22","slug":"barra-de-conexion-a-tierra-para-rack-de-19-con-14-orificios-para-conexion-rapida-de-equipos","status":"publish","type":"product","link":"https:\/\/soydeaqui.ddns.net\/pachuca\/index.php\/producto\/barra-de-conexion-a-tierra-para-rack-de-19-con-14-orificios-para-conexion-rapida-de-equipos\/","title":{"rendered":"Barra de Conexi\u00f3n a Tierra, Para Rack de 19&#8243;, Con 14 Orificios Para Conexi\u00f3n R\u00e1pida de Equipos"},"content":{"rendered":"<div style='width: 100%; max-width: 1200px; margin: 0 auto; font-family: sans-serif; line-height: 1.6; color: inherit; background-color: transparent;'>\n<div style='display: flex; flex-wrap: wrap; gap: 30px; margin-bottom: 30px;'>\n<div style='flex: 1 1 300px; min-width: 280px;'>\n<h3 style='font-size: 22px; border-bottom: 2px solid currentColor; padding-bottom: 5px; margin-top: 0; color: inherit; opacity: 0.8;'>Descripci\u00f3n General<\/h3>\n<p style='font-size: 15px; color: inherit; margin-top: 0;'> La barra colectora de conexi\u00f3n a tierra RGRB19Y proporciona un sistema de tierra dedicado para mantener el rendimiento del sistema y proteger el equipo de red cuando el equipo ya est\u00e1 instalado. Optimizado para la instalaci\u00f3n en racks de 19&#8242; que cumplen con EIA-310-D. <\/p>\n<ul style='padding-left: 20px; font-size: 15px; color: inherit;'>\n<li>Los tornillos formadores de roscas eliminan la necesidad de quitar manualmente la pintura del rack<\/li>\n<li>Proporciona un sistema completo de componentes combinados que se pueden seleccionar f\u00e1cilmente para ahorrar costos y mano de obra<\/li>\n<\/ul><\/div>\n<\/p><\/div>\n<div style='display: flex; flex-wrap: wrap; gap: 20px; margin-bottom: 30px;'>\n<div style='flex: 1 1 250px; border: 1px solid rgba(150&comma; 150&comma; 150&comma; 0.4); border-radius: 8px; overflow: hidden; display: flex; flex-direction: column;'>\n<div style='padding: 15px; border-bottom: 1px solid rgba(150&comma; 150&comma; 150&comma; 0.2); font-weight: bold; font-size: 18px; color: inherit;'>Especificaciones<\/div>\n<div style='padding: 15px; color: inherit;'>\n<ul style='padding-left: 20px; margin: 0; font-size: 14px; list-style-type: disc;'>\n<li style='margin-bottom: 5px;'><strong>Dimensiones:<\/strong> 3\/16&#8242; X 1&#8242; X 19-3\/8&#8242;<\/li>\n<li style='margin-bottom: 5px;'><strong>Material:<\/strong> Cobre esta\u00f1ado<\/li>\n<li style='margin-bottom: 5px;'><strong>Tornillos incluidos:<\/strong> #12-24 X 1\/2&#8242; y M6 1.00mm X 12mm<\/li>\n<li style='margin-bottom: 5px;'><strong>Est\u00e1ndar de compatibilidad:<\/strong> EIA-310-D<\/li>\n<li style='margin-bottom: 5px;'><strong>\u00c1ngulo de inclinaci\u00f3n:<\/strong> 30\u00b0 (TYP)<\/li>\n<li style='margin-bottom: 5px;'><strong>Distancia entre orificios:<\/strong> 5\/8&#8242; (TYP)<\/li>\n<li style='margin-bottom: 5px;'><strong>N\u00famero de orificios:<\/strong> 14<\/li>\n<\/ul><\/div>\n<\/p><\/div>\n<div style='flex: 1 1 250px; border: 1px solid rgba(150&comma; 150&comma; 150&comma; 0.4); border-radius: 8px; overflow: hidden; display: flex; flex-direction: column;'>\n<div style='padding: 15px; border-bottom: 1px solid rgba(150&comma; 150&comma; 150&comma; 0.2); font-weight: bold; font-size: 18px; color: inherit;'>Caracter\u00edsticas T\u00e9cnicas<\/div>\n<div style='padding: 15px; color: inherit;'>\n<ul style='padding-left: 20px; margin: 0; font-size: 14px; list-style-type: disc;'>\n<li style='margin-bottom: 5px;'>Dise\u00f1ada para conexi\u00f3n r\u00e1pida de equipos<\/li>\n<li style='margin-bottom: 5px;'>Instalaci\u00f3n sencilla con tornillos formadores de roscas<\/li>\n<li style='margin-bottom: 5px;'>Compatibilidad garantizada con sistemas de racks de 19&#8242;<\/li>\n<li style='margin-bottom: 5px;'>Cumple con normativa RoHS<\/li>\n<li style='margin-bottom: 5px;'>Distancia entre orificios de 5\/8&#8242; (TYP)<\/li>\n<\/ul><\/div>\n<\/p><\/div>\n<div style='flex: 1 1 250px; border: 1px solid rgba(150&comma; 150&comma; 150&comma; 0.4); border-radius: 8px; overflow: hidden; display: flex; flex-direction: column;'>\n<div style='padding: 15px; border-bottom: 1px solid rgba(150&comma; 150&comma; 150&comma; 0.2); font-weight: bold; font-size: 18px; color: inherit;'>Aplicaciones<\/div>\n<div style='padding: 15px; color: inherit;'>\n<ul style='padding-left: 20px; margin: 0; font-size: 14px; list-style-type: disc;'>\n<li style='margin-bottom: 5px;'>Sistemas de telecomunicaciones<\/li>\n<li style='margin-bottom: 5px;'>Centros de datos<\/li>\n<li style='margin-bottom: 5px;'>Instalaciones de red<\/li>\n<li style='margin-bottom: 5px;'>Equipos de audio y video profesionales<\/li>\n<li style='margin-bottom: 5px;'>Sistemas de seguridad electr\u00f3nica<\/li>\n<\/ul><\/div>\n<\/p><\/div>\n<\/p><\/div>\n<div style='display: flex; flex-wrap: wrap; gap: 30px; margin-bottom: 30px;'>\n<div style='flex: 1 1 300px; min-width: 280px;'>\n<h3 style='font-size: 22px; border-bottom: 2px solid currentColor; padding-bottom: 5px; margin-top: 0; color: inherit; opacity: 0.8;'>Notas de Compatibilidad<\/h3>\n<ul style='padding-left: 20px; font-size: 15px; color: inherit;'>\n<li style='margin-bottom: 5px;'>Dise\u00f1ada espec\u00edficamente para uso en racks de 19&#8242; est\u00e1ndar<\/li>\n<li style='margin-bottom: 5px;'>Compatible con los est\u00e1ndares industriales de montaje EIA-310-D<\/li>\n<li style='margin-bottom: 5px;'>Los tornillos formadores de roscas permiten instalaci\u00f3n sin preparaci\u00f3n previa de la superficie<\/li>\n<\/ul><\/div>\n<\/p><\/div>\n<hr style='border: 0; border-top: 1px solid rgba(150&comma; 150&comma; 150&comma; 0.3); margin: 30px 0;'>\n<div style='display: flex; flex-wrap: wrap; gap: 30px;'>\n<div style='flex: 1 1 300px; min-width: 280px;'>\n<h3 style='font-size: 22px; border-bottom: 2px solid currentColor; padding-bottom: 5px; margin-top: 0; color: inherit; opacity: 0.8;'>Certificaciones<\/h3>\n<ul style='padding-left: 20px; font-size: 15px; color: inherit;'>\n<li style='margin-bottom: 5px;'>RoHS &#8211; Cumple con est\u00e1ndares ambientales<\/li>\n<\/ul><\/div>\n<\/p><\/div>\n<\/p><\/div>\n","protected":false},"excerpt":{"rendered":"<p>Barra de Conexi\u00f3n a Tierra, Para Rack de 19&#8243;, Con 14 Orificios Para Conexi\u00f3n R\u00e1pida de Equipos<\/p>\n","protected":false},"featured_media":71152,"comment_status":"open","ping_status":"closed","template":"","meta":[],"product_brand":[],"product_cat":[604],"product_tag":[606,445,605],"class_list":{"0":"post-71153","1":"product","2":"type-product","3":"status-publish","4":"has-post-thumbnail","6":"product_cat-accesorios-para-racks-y-gabinetes","7":"product_tag-accesorios-para-racks-y-gabinetes","8":"product_tag-panduit","9":"product_tag-racks-y-gabinetes","11":"first","12":"instock","13":"sale","14":"shipping-taxable","15":"purchasable","16":"product-type-simple"},"_links":{"self":[{"href":"https:\/\/soydeaqui.ddns.net\/pachuca\/index.php\/wp-json\/wp\/v2\/product\/71153","targetHints":{"allow":["GET"]}}],"collection":[{"href":"https:\/\/soydeaqui.ddns.net\/pachuca\/index.php\/wp-json\/wp\/v2\/product"}],"about":[{"href":"https:\/\/soydeaqui.ddns.net\/pachuca\/index.php\/wp-json\/wp\/v2\/types\/product"}],"replies":[{"embeddable":true,"href":"https:\/\/soydeaqui.ddns.net\/pachuca\/index.php\/wp-json\/wp\/v2\/comments?post=71153"}],"wp:featuredmedia":[{"embeddable":true,"href":"https:\/\/soydeaqui.ddns.net\/pachuca\/index.php\/wp-json\/wp\/v2\/media\/71152"}],"wp:attachment":[{"href":"https:\/\/soydeaqui.ddns.net\/pachuca\/index.php\/wp-json\/wp\/v2\/media?parent=71153"}],"wp:term":[{"taxonomy":"product_brand","embeddable":true,"href":"https:\/\/soydeaqui.ddns.net\/pachuca\/index.php\/wp-json\/wp\/v2\/product_brand?post=71153"},{"taxonomy":"product_cat","embeddable":true,"href":"https:\/\/soydeaqui.ddns.net\/pachuca\/index.php\/wp-json\/wp\/v2\/product_cat?post=71153"},{"taxonomy":"product_tag","embeddable":true,"href":"https:\/\/soydeaqui.ddns.net\/pachuca\/index.php\/wp-json\/wp\/v2\/product_tag?post=71153"}],"curies":[{"name":"wp","href":"https:\/\/api.w.org\/{rel}","templated":true}]}}