{"id":71148,"date":"2026-03-19T11:54:11","date_gmt":"2026-03-19T11:54:11","guid":{"rendered":"https:\/\/soydeaqui.ddns.net\/pachuca\/index.php\/producto\/nodo-de-distribucion-cnwave-v5000-60-ghz-frecuencia-libre-antena-integrada-22-5-dbi-de-280o-15-2-gbps-hasta-30-nodos-cliente\/"},"modified":"2026-03-19T11:54:19","modified_gmt":"2026-03-19T11:54:19","slug":"nodo-de-distribucion-cnwave-v5000-60-ghz-frecuencia-libre-antena-integrada-22-5-dbi-de-280o-15-2-gbps-hasta-30-nodos-cliente","status":"publish","type":"product","link":"https:\/\/soydeaqui.ddns.net\/pachuca\/index.php\/producto\/nodo-de-distribucion-cnwave-v5000-60-ghz-frecuencia-libre-antena-integrada-22-5-dbi-de-280o-15-2-gbps-hasta-30-nodos-cliente\/","title":{"rendered":"Nodo de distribuci\u00f3n cnWave V5000, 60 GHz (frecuencia libre), antena integrada 22.5 dBi de 280\u00ba, 15.2 Gbps, hasta 30 nodos cliente"},"content":{"rendered":"<div style='width: 100%; max-width: 1200px; margin: 0 auto; font-family: sans-serif; line-height: 1.6; color: inherit; background-color: transparent;'>\n<div style='display: flex; flex-wrap: wrap; gap: 30px; margin-bottom: 30px;'>\n<div style='flex: 1 1 300px; min-width: 280px;'>\n<h3 style='font-size: 22px; border-bottom: 2px solid currentColor; padding-bottom: 5px; margin-top: 0; color: inherit; opacity: 0.8;'>Demo de configuraci\u00f3n<\/h3>\n<p style='margin: 0; font-size: 15px; color: inherit;'><span style='background-color: #ffffff; color: #9b59b6;'>https:\/\/www.cambiumnetworks.com\/explore-cambium-networks-60-ghz-cnwave-ptp-quick-link-guided-demo\/?Referring_Org=Direct25<\/span><\/p>\n<\/div>\n<\/div>\n<\/div>\n<div style='display: flex; flex-wrap: wrap; gap: 30px; margin-bottom: 30px;'>\n<div style='flex: 1 1 300px; min-width: 280px;'>\n<h3 style='font-size: 22px; border-bottom: 2px solid currentColor; padding-bottom: 5px; margin-top: 0; color: inherit; opacity: 0.8;'>Descripci\u00f3n general<\/h3>\n<p style='margin: 0; font-size: 15px; color: inherit;'>V5000 se presenta con dos sectores que cubren hasta 280 grados con formaci\u00f3n de haces. Un solo V5000 puede conectar hasta 30 dispositivos&comma; lo que incluye hasta cuatro nodos de distribuci\u00f3n. V5000 se puede utilizar para configuraciones de malla&comma; PTP y PMP.<\/p>\n<\/div>\n<div style='flex: 1 1 300px; min-width: 280px;'><img style='width: 100%; height: auto; border: 1px solid rgba(150&comma;150&comma;150&comma;0.3); border-radius: 8px;' src='https:\/\/cdn.cambiumnetworks.com\/wp-content\/uploads\/2020\/09\/cnwave-60ghz-v5000_hero.png' alt='Nodo de distribuci\u00f3n cnWave V5000'><\/div>\n<\/div>\n<div style='display: flex; flex-wrap: wrap; gap: 30px; margin-bottom: 30px;'>\n<div style='flex: 1 1 300px; min-width: 280px;'>\n<h3 style='font-size: 22px; border-bottom: 2px solid currentColor; padding-bottom: 5px; margin-top: 0; color: inherit; opacity: 0.8;'>Especificaciones de distancia<\/h3>\n<ul style='padding-left: 20px; font-size: 15px; color: inherit;'>\n<li style='margin-bottom: 5px;'><strong>Soporta 30 clientes<\/strong> (15 clientes por cada sector de 140\u00ba)<\/li>\n<li style='margin-bottom: 5px;'><strong>Distancia m\u00e1xima recomendada para multipunto (con clientes V3000):<\/strong> 800 metros<\/li>\n<li style='margin-bottom: 5px;'><strong>Distancia m\u00e1xima recomendada para multipunto (con clientes V1000):<\/strong> 500 metros<\/li>\n<li style='margin-bottom: 5px;'><strong>Distancia m\u00e1xima para MESH entre V5000:<\/strong> 800 metros<\/li>\n<\/ul>\n<\/div>\n<div style='flex: 1 1 300px; min-width: 280px;'>\n<h3 style='font-size: 22px; border-bottom: 2px solid currentColor; padding-bottom: 5px; margin-top: 0; color: inherit; opacity: 0.8;'>Caracter\u00edsticas t\u00e9cnicas<\/h3>\n<ul style='padding-left: 20px; font-size: 15px; color: inherit;'>\n<li style='margin-bottom: 5px;'><strong>Dise\u00f1ado para:<\/strong> Implementaciones de alta velocidad y alta densidad<\/li>\n<li style='margin-bottom: 5px;'><strong>Aplicaci\u00f3n:<\/strong> Conectividad gigabit inal\u00e1mbrica para acceso de borde y backhaul<\/li>\n<li style='margin-bottom: 5px;'><strong>Certificaci\u00f3n:<\/strong> Facebook Terragraph<\/li>\n<\/ul>\n<\/div>\n<\/div>\n<div style='display: flex; flex-wrap: wrap; gap: 30px; margin-bottom: 30px;'>\n<div style='flex: 1 1 300px; min-width: 280px;'>\n<h3 style='font-size: 22px; border-bottom: 2px solid currentColor; padding-bottom: 5px; margin-top: 0; color: inherit; opacity: 0.8;'>Gesti\u00f3n<\/h3>\n<p style='margin: 0; font-size: 15px; color: inherit;'>CnWave de 60 GHz funciona con el sistema de gesti\u00f3n cnMaestro de Cambium Networks. cnMaestro\u2122 es una plataforma de software local o basada en la nube para un control de red seguro de un extremo a otro. El administrador de red inal\u00e1mbrica cnMaestro simplifica la administraci\u00f3n de dispositivos al ofrecer visibilidad total de la red y aprovisionamiento sin intervenci\u00f3n. Permite ver y realizar un conjunto completo de funciones de administraci\u00f3n de redes inal\u00e1mbricas en tiempo real. Optimiza la disponibilidad del sistema&comma; maximiza el rendimiento y satisface las necesidades emergentes de los clientes comerciales y residenciales.<\/p>\n<\/div>\n<div style='flex: 1 1 300px; min-width: 280px;'><img style='width: 100%; height: auto; border: 1px solid rgba(150&comma;150&comma;150&comma;0.3); border-radius: 8px;' src='https:\/\/cdn.cambiumnetworks.com\/wp-content\/uploads\/2020\/09\/cnMaestro-solutions-web.jpg' alt='Sistema de gesti\u00f3n cnMaestro'><\/div>\n<\/div>\n<div style='display: flex; flex-wrap: wrap; gap: 20px; margin-bottom: 30px;'>\n<div style='flex: 1 1 250px; border: 1px solid rgba(150&comma; 150&comma; 150&comma; 0.4); border-radius: 8px; overflow: hidden; display: flex; flex-direction: column;'>\n<div style='padding: 15px; border-bottom: 1px solid rgba(150&comma; 150&comma; 150&comma; 0.2); font-weight: bold; font-size: 18px; color: inherit;'>Caracter\u00edsticas principales<\/div>\n<div style='padding: 15px; color: inherit;'>\n<ul style='padding-left: 20px; margin: 0; font-size: 14px; list-style-type: disc;'>\n<li style='margin-bottom: 5px;'><strong>Rango de frecuencia:<\/strong> 57-66 GHz<\/li>\n<li style='margin-bottom: 5px;'><strong>Ancho de canal:<\/strong> 2.16 GHz&comma; 4.32 GHz (Disponible pr\u00f3ximamente)<\/li>\n<li style='margin-bottom: 5px;'><strong>Ganancia de antena:<\/strong> 22.5 dBi<\/li>\n<li style='margin-bottom: 5px;'><strong>Apertura:<\/strong> 280\u00ba<\/li>\n<li style='margin-bottom: 5px;'><strong>Modos de operaci\u00f3n:<\/strong> PMP o malla&comma; PTP<\/li>\n<\/ul>\n<\/div>\n<\/div>\n<div style='flex: 1 1 250px; border: 1px solid rgba(150&comma; 150&comma; 150&comma; 0.4); border-radius: 8px; overflow: hidden; display: flex; flex-direction: column;'>\n<div style='padding: 15px; border-bottom: 1px solid rgba(150&comma; 150&comma; 150&comma; 0.2); font-weight: bold; font-size: 18px; color: inherit;'>Caracter\u00edsticas F\u00edsicas y El\u00e9ctricas<\/div>\n<div style='padding: 15px; color: inherit;'>\n<ul style='padding-left: 20px; margin: 0; font-size: 14px; list-style-type: disc;'>\n<li style='margin-bottom: 5px;'><strong>Puertos:<\/strong> 1x 100\/1000\/10G BaseT con entrada PoE (42-57 Vcc)<\/li>\n<li style='margin-bottom: 5px;'><strong>Puerto de salida:<\/strong> 1x 100\/1000 BaseT con salida PoE 802.3at<\/li>\n<li style='margin-bottom: 5px;'><strong>Consumo:<\/strong> 35 W sin PoE out&comma; 60 W con PoE out<\/li>\n<li style='margin-bottom: 5px;'><strong>Conector SFP+:<\/strong> 1 x SFP +<\/li>\n<li style='margin-bottom: 5px;'><strong>Protecci\u00f3n:<\/strong> IP67<\/li>\n<\/ul>\n<\/div>\n<\/div>\n<div style='flex: 1 1 250px; border: 1px solid rgba(150&comma; 150&comma; 150&comma; 0.4); border-radius: 8px; overflow: hidden; display: flex; flex-direction: column;'>\n<div style='padding: 15px; border-bottom: 1px solid rgba(150&comma; 150&comma; 150&comma; 0.2); font-weight: bold; font-size: 18px; color: inherit;'>Desempe\u00f1o<\/div>\n<div style='padding: 15px; color: inherit;'>\n<ul style='padding-left: 20px; margin: 0; font-size: 14px; list-style-type: disc;'>\n<li style='margin-bottom: 5px;'><strong>Modulaci\u00f3n:<\/strong> MCS-0 (BPSK) a MCS-12 (16-QAM)<\/li>\n<li style='margin-bottom: 5px;'><strong>Latencia:<\/strong> <1 ms<\/li>\n<li style='margin-bottom: 5px;'><strong>EIRP m\u00e1xima:<\/strong> 38 dBm<\/li>\n<\/ul>\n<\/div>\n<\/div>\n<div style='flex: 1 1 250px; border: 1px solid rgba(150&comma; 150&comma; 150&comma; 0.4); border-radius: 8px; overflow: hidden; display: flex; flex-direction: column;'>\n<div style='padding: 15px; border-bottom: 1px solid rgba(150&comma; 150&comma; 150&comma; 0.2); font-weight: bold; font-size: 18px; color: inherit;'>Seguridad<\/div>\n<div style='padding: 15px; color: inherit;'>\n<ul style='padding-left: 20px; margin: 0; font-size: 14px; list-style-type: disc;'>\n<li style='margin-bottom: 5px;'><strong>Cifrado:<\/strong> AES de 128 bits<\/li>\n<\/ul>\n<\/div>\n<\/div>\n<\/div>\n<div style='display: flex; flex-wrap: wrap; gap: 30px; margin-bottom: 30px;'>\n<div style='flex: 1 1 300px; min-width: 280px;'>\n<h3 style='font-size: 22px; border-bottom: 2px solid currentColor; padding-bottom: 5px; margin-top: 0; color: inherit; opacity: 0.8;'>Notas<\/h3>\n<p style='margin: 0; font-size: 15px; color: inherit;'><strong>*Requiere alimentador PoE modelo N000000L142A y montaje C000000L137A<\/strong><\/p>\n<\/div>\n<\/div>\n<hr style='border: 0; border-top: 1px solid rgba(150&comma; 150&comma; 150&comma; 0.3); margin: 30px 0;'><\/div>\n","protected":false},"excerpt":{"rendered":"<p>Nodo de distribuci\u00f3n cnWave V5000, 60 GHz (frecuencia libre), antena integrada 22.5 dBi de 280\u00ba, 15.2 Gbps, hasta 30 nodos cliente<\/p>\n","protected":false},"featured_media":71147,"comment_status":"open","ping_status":"closed","template":"","meta":[],"product_brand":[],"product_cat":[1978,1979],"product_tag":[1981,1982,1316,1980],"class_list":{"0":"post-71148","1":"product","2":"type-product","3":"status-publish","4":"has-post-thumbnail","6":"product_cat-1978","7":"product_cat-70-y-80-ghz","8":"product_tag-1981","9":"product_tag-70-y-80-ghz","10":"product_tag-cambium-networks","11":"product_tag-enlaces-ptp-y-ptmp","13":"first","14":"outofstock","15":"sale","16":"shipping-taxable","17":"purchasable","18":"product-type-simple"},"_links":{"self":[{"href":"https:\/\/soydeaqui.ddns.net\/pachuca\/index.php\/wp-json\/wp\/v2\/product\/71148","targetHints":{"allow":["GET"]}}],"collection":[{"href":"https:\/\/soydeaqui.ddns.net\/pachuca\/index.php\/wp-json\/wp\/v2\/product"}],"about":[{"href":"https:\/\/soydeaqui.ddns.net\/pachuca\/index.php\/wp-json\/wp\/v2\/types\/product"}],"replies":[{"embeddable":true,"href":"https:\/\/soydeaqui.ddns.net\/pachuca\/index.php\/wp-json\/wp\/v2\/comments?post=71148"}],"wp:featuredmedia":[{"embeddable":true,"href":"https:\/\/soydeaqui.ddns.net\/pachuca\/index.php\/wp-json\/wp\/v2\/media\/71147"}],"wp:attachment":[{"href":"https:\/\/soydeaqui.ddns.net\/pachuca\/index.php\/wp-json\/wp\/v2\/media?parent=71148"}],"wp:term":[{"taxonomy":"product_brand","embeddable":true,"href":"https:\/\/soydeaqui.ddns.net\/pachuca\/index.php\/wp-json\/wp\/v2\/product_brand?post=71148"},{"taxonomy":"product_cat","embeddable":true,"href":"https:\/\/soydeaqui.ddns.net\/pachuca\/index.php\/wp-json\/wp\/v2\/product_cat?post=71148"},{"taxonomy":"product_tag","embeddable":true,"href":"https:\/\/soydeaqui.ddns.net\/pachuca\/index.php\/wp-json\/wp\/v2\/product_tag?post=71148"}],"curies":[{"name":"wp","href":"https:\/\/api.w.org\/{rel}","templated":true}]}}