{"id":71142,"date":"2026-03-19T11:53:56","date_gmt":"2026-03-19T11:53:56","guid":{"rendered":"https:\/\/soydeaqui.ddns.net\/pachuca\/index.php\/producto\/onu-dual-gpon-epon-con-wi-fi-en-2-4-ghz-1-puerto-sc-apc-1-puerto-lan-gigabit-1-puerto-lan-fast-ethernet-1-puerto-fxs-1-puerto-catv-hasta-300-mbps-via-inalambrico\/"},"modified":"2026-03-19T11:54:06","modified_gmt":"2026-03-19T11:54:06","slug":"onu-dual-gpon-epon-con-wi-fi-en-2-4-ghz-1-puerto-sc-apc-1-puerto-lan-gigabit-1-puerto-lan-fast-ethernet-1-puerto-fxs-1-puerto-catv-hasta-300-mbps-via-inalambrico","status":"publish","type":"product","link":"https:\/\/soydeaqui.ddns.net\/pachuca\/index.php\/producto\/onu-dual-gpon-epon-con-wi-fi-en-2-4-ghz-1-puerto-sc-apc-1-puerto-lan-gigabit-1-puerto-lan-fast-ethernet-1-puerto-fxs-1-puerto-catv-hasta-300-mbps-via-inalambrico\/","title":{"rendered":"ONU Dual GPON\/EPON con Wi-Fi en 2.4 GHz + 1 puerto SC\/APC + 1 puerto LAN Gigabit + 1 puerto LAN Fast Ethernet + 1 puerto FXS + 1 puerto CATV, hasta 300 Mbps v\u00eda inal\u00e1mbrico"},"content":{"rendered":"<div style='width: 100%; max-width: 1200px; margin: 0 auto; font-family: sans-serif; line-height: 1.6; color: inherit; background-color: transparent;'> <!-- Secci\u00f3n de caracter\u00edsticas en grid --> <\/p>\n<div style='display: grid; grid-template-columns: repeat(auto-fill&comma; minmax(280px&comma; 1fr)); gap: 30px; margin-bottom: 40px;'> <!-- Caracter\u00edsticas principales --> <\/p>\n<div style='border-left: 5px solid #ff0000; border-radius: 8px; padding: 15px; background-color: rgba(200&comma; 200&comma; 200&comma; 0.05);'>\n<h3 style='font-size: 20px; margin-top: 0; margin-bottom: 15px; color: inherit; opacity: 0.85; border-bottom: 2px solid currentColor; padding-bottom: 5px;'>Caracter\u00edsticas principales<\/h3>\n<ul style='padding-left: 20px; margin: 0; font-size: 15px; color: inherit; list-style-type: disc;'>\n<li style='margin-bottom: 8px;'>Dimensiones: 185 \u00d7 120 \u00d7 34 mm (largo \u00d7 ancho \u00d7 alto)<\/li>\n<li style='margin-bottom: 8px;'>Aplicaciones Triple Play: <span style='font-weight: bold;'>Datos&comma; Voz IP y Televisi\u00f3n<\/span><\/li>\n<li style='margin-bottom: 8px;'>Gesti\u00f3n y Monitoreo en l\u00ednea desde la OLT V-SOL<\/li>\n<li style='margin-bottom: 8px;'>Gesti\u00f3n amigable desde: EMS \/ Web \/ Telnet \/ CLI<\/li>\n<\/ul><\/div>\n<p> <!-- Caracter\u00edsticas F\u00edsicas y El\u00e9ctricas --> <\/p>\n<div style='border-left: 5px solid #ff0000; border-radius: 8px; padding: 15px; background-color: rgba(200&comma; 200&comma; 200&comma; 0.05);'>\n<h3 style='font-size: 20px; margin-top: 0; margin-bottom: 15px; color: inherit; opacity: 0.85; border-bottom: 2px solid currentColor; padding-bottom: 5px;'>Caracter\u00edsticas F\u00edsicas y El\u00e9ctricas<\/h3>\n<ul style='padding-left: 20px; margin: 0; font-size: 15px; color: inherit; list-style-type: disc;'>\n<li style='margin-bottom: 8px;'>Alimentaci\u00f3n: 12V 1A (Incluida)<\/li>\n<li style='margin-bottom: 8px;'>Consumo m\u00e1ximo: 8W<\/li>\n<li style='margin-bottom: 8px;'>Peso: 1.07 Kg<\/li>\n<li style='margin-bottom: 8px;'>Temperatura de operaci\u00f3n: -30 a 50\u00b0 C<\/li>\n<\/ul><\/div>\n<p> <!-- Caracter\u00edsticas de Red --> <\/p>\n<div style='border-left: 5px solid #ff0000; border-radius: 8px; padding: 15px; background-color: rgba(200&comma; 200&comma; 200&comma; 0.05);'>\n<h3 style='font-size: 20px; margin-top: 0; margin-bottom: 15px; color: inherit; opacity: 0.85; border-bottom: 2px solid currentColor; padding-bottom: 5px;'>Caracter\u00edsticas de Red<\/h3>\n<ul style='padding-left: 20px; margin: 0; font-size: 15px; color: inherit; list-style-type: disc;'>\n<li style='margin-bottom: 8px;'>1 Puerto 1Gbps RJ45<\/li>\n<li style='margin-bottom: 8px;'>1 Puerto 100Mbps RJ45<\/li>\n<li style='margin-bottom: 8px;'>1 Puerto CATV<\/li>\n<li style='margin-bottom: 8px;'>1 Puerto RJ11<\/li>\n<li style='margin-bottom: 8px;'>2 Antenas Wi-Fi con 5 dBi<\/li>\n<\/ul><\/div>\n<\/p><\/div>\n<p> <!-- Secci\u00f3n de im\u00e1genes --> <\/p>\n<div style='margin-bottom: 40px;'>\n<h2 style='font-size: 24px; margin: 0 0 20px; text-align: center; color: inherit; opacity: 0.9;'>ONU EPON\/EPON con CATV y VoIP<\/h2>\n<p> <img style='width: 100%; height: auto; border: 1px solid rgba(150&comma;150&comma;150&comma;0.3); border-radius: 8px; margin-bottom: 20px;' src='https:\/\/www.vsolcn.com\/wp-content\/uploads\/2023\/03\/HG323RGWT-EN-1.jpg' alt=''> <\/div>\n<div style='margin-bottom: 40px;'>\n<h2 style='font-size: 24px; margin: 0 0 20px; text-align: center; color: inherit; opacity: 0.9;'>Escenarios de Aplicaci\u00f3n (Triple Play)<\/h2>\n<p> <img style='width: 100%; height: auto; border: 1px solid rgba(150&comma;150&comma;150&comma;0.3); border-radius: 8px; margin-bottom: 20px;' src='https:\/\/www.vsolcn.com\/wp-content\/uploads\/2023\/03\/image-178.webp' alt=''> <\/div>\n<div style='margin-bottom: 40px;'>\n<h2 style='font-size: 24px; margin: 0 0 20px; text-align: center; color: inherit; opacity: 0.9;'>Gran Cobertura de Wi-Fi en 2.4 Ghz y Hasta 300 Mbps v\u00eda inal\u00e1mbrico<\/h2>\n<p> <img style='width: 100%; height: auto; border: 1px solid rgba(150&comma;150&comma;150&comma;0.3); border-radius: 8px; margin-bottom: 20px;' src='https:\/\/ueeshop.ly200-cdn.com\/u_file\/UPAH\/UPAH607\/2206\/photo\/440ca939c8.jpg?x-oss-process=image\/format&comma;webp' alt=''> <\/div>\n<div style='margin-bottom: 40px;'>\n<h2 style='font-size: 24px; margin: 0 0 20px; text-align: center; color: inherit; opacity: 0.9;'>Funci\u00f3n para Telefon\u00eda IP<\/h2>\n<p> <img style='width: 100%; height: auto; border: 1px solid rgba(150&comma;150&comma;150&comma;0.3); border-radius: 8px; margin-bottom: 20px;' src='https:\/\/www.vsolcn.com\/wp-content\/uploads\/2023\/03\/HG323RGWT-EN-4-1.jpg' alt=''> <\/div>\n<div style='margin-bottom: 40px;'>\n<h2 style='font-size: 24px; margin: 0 0 20px; text-align: center; color: inherit; opacity: 0.9;'>Soporta CATV para Televisi\u00f3n<\/h2>\n<p> <img style='width: 100%; height: auto; border: 1px solid rgba(150&comma;150&comma;150&comma;0.3); border-radius: 8px; margin-bottom: 20px;' src='https:\/\/www.vsolcn.com\/wp-content\/uploads\/2023\/03\/HG323RGWT-EN-5.jpg' alt=''> <\/div>\n<div style='margin-bottom: 40px;'>\n<h2 style='font-size: 24px; margin: 0 0 20px; text-align: center; color: inherit; opacity: 0.9;'>Aplicaci\u00f3n FTTH V-SOL GPON<\/h2>\n<p> <img style='width: 100%; height: auto; border: 1px solid rgba(150&comma;150&comma;150&comma;0.3); border-radius: 8px; margin-bottom: 20px;' src='https:\/\/es.vsolcn.com\/wp-content\/uploads\/2023\/06\/V-SOL-GPON-OLT-7-1.jpg' alt=''> <\/div>\n<\/p><\/div>\n","protected":false},"excerpt":{"rendered":"<p>ONU Dual GPON\/EPON con Wi-Fi en 2.4 GHz + 1 puerto SC\/APC + 1 puerto LAN Gigabit + 1 puerto LAN Fast Ethernet + 1 puerto FXS + 1 puerto CATV, hasta 300 Mbps v\u00eda inal\u00e1mbrico<\/p>\n","protected":false},"featured_media":71141,"comment_status":"open","ping_status":"closed","template":"","meta":[],"product_brand":[],"product_cat":[2010],"product_tag":[2012,2011,2013],"class_list":{"0":"post-71142","1":"product","2":"type-product","3":"status-publish","4":"has-post-thumbnail","6":"product_cat-onus-onts","7":"product_tag-onus-onts","8":"product_tag-redes-ftth-pon","9":"product_tag-v-sol","11":"first","12":"instock","13":"sale","14":"shipping-taxable","15":"purchasable","16":"product-type-simple"},"_links":{"self":[{"href":"https:\/\/soydeaqui.ddns.net\/pachuca\/index.php\/wp-json\/wp\/v2\/product\/71142","targetHints":{"allow":["GET"]}}],"collection":[{"href":"https:\/\/soydeaqui.ddns.net\/pachuca\/index.php\/wp-json\/wp\/v2\/product"}],"about":[{"href":"https:\/\/soydeaqui.ddns.net\/pachuca\/index.php\/wp-json\/wp\/v2\/types\/product"}],"replies":[{"embeddable":true,"href":"https:\/\/soydeaqui.ddns.net\/pachuca\/index.php\/wp-json\/wp\/v2\/comments?post=71142"}],"wp:featuredmedia":[{"embeddable":true,"href":"https:\/\/soydeaqui.ddns.net\/pachuca\/index.php\/wp-json\/wp\/v2\/media\/71141"}],"wp:attachment":[{"href":"https:\/\/soydeaqui.ddns.net\/pachuca\/index.php\/wp-json\/wp\/v2\/media?parent=71142"}],"wp:term":[{"taxonomy":"product_brand","embeddable":true,"href":"https:\/\/soydeaqui.ddns.net\/pachuca\/index.php\/wp-json\/wp\/v2\/product_brand?post=71142"},{"taxonomy":"product_cat","embeddable":true,"href":"https:\/\/soydeaqui.ddns.net\/pachuca\/index.php\/wp-json\/wp\/v2\/product_cat?post=71142"},{"taxonomy":"product_tag","embeddable":true,"href":"https:\/\/soydeaqui.ddns.net\/pachuca\/index.php\/wp-json\/wp\/v2\/product_tag?post=71142"}],"curies":[{"name":"wp","href":"https:\/\/api.w.org\/{rel}","templated":true}]}}