{"id":71114,"date":"2026-03-19T11:52:53","date_gmt":"2026-03-19T11:52:53","guid":{"rendered":"https:\/\/soydeaqui.ddns.net\/pachuca\/index.php\/producto\/adaptador-usb-inalambrico-doble-banda-ac-600-mbps-antena-de-alta-ganancia\/"},"modified":"2026-03-19T11:53:05","modified_gmt":"2026-03-19T11:53:05","slug":"adaptador-usb-inalambrico-doble-banda-ac-600-mbps-antena-de-alta-ganancia","status":"publish","type":"product","link":"https:\/\/soydeaqui.ddns.net\/pachuca\/index.php\/producto\/adaptador-usb-inalambrico-doble-banda-ac-600-mbps-antena-de-alta-ganancia\/","title":{"rendered":"Adaptador  USB inal\u00e1mbrico doble banda AC 600 Mbps, antena de alta ganancia."},"content":{"rendered":"<div style='width: 100%; max-width: 1200px; margin: 0 auto; font-family: sans-serif; line-height: 1.6; color: inherit; background-color: transparent;'>\n<div style='display: flex; flex-wrap: wrap; gap: 30px; margin-bottom: 30px;'>\n<div style='flex: 1 1 300px; min-width: 280px;'>\n<h3 style='font-size: 22px; border-bottom: 2px solid currentColor; padding-bottom: 5px; margin-top: 0; color: inherit; opacity: 0.8;'>Caracter\u00edsticas<\/h3>\n<ul style='padding-left: 20px; font-size: 15px; color: inherit;'>\n<li style='margin-bottom: 5px;'><strong>Wi-Fi Alta velocidad:<\/strong> 256QAM incrementa el ancho de banda de 2&comma;4 GHz de 150 Mbps a 200 Mbps&comma; 200 Mbps en la banda de 2&comma;4 GHz y 433 Mbps en la banda de 5 GHz&comma; Wi-Fi AC te asegura una conexi\u00f3n r\u00e1pida<\/li>\n<li style='margin-bottom: 5px;'><strong>Doble Banda Inal\u00e1mbrica:<\/strong> Bandas de 2.4 GHz y 5 GHz proporcionan conectividad flexible&comma; dando acceso a dispositivos a la doble banda Wi-Fi del router para mayor velocidad y rango extendido<\/li>\n<li style='margin-bottom: 5px;'><strong>Antena Alta Ganancia:<\/strong> Antena de 5dBi de alta ganancia mejora considerablemente la potencia de recepci\u00f3n y transmisi\u00f3n de se\u00f1al del adaptador USB<\/li>\n<li style='margin-bottom: 5px;'><strong>Soporta los \u00daltimos Sistemas Operativos:<\/strong> Compatible con Windows 10\/8.1\/8\/7\/XP y Mac OS X<\/li>\n<\/ul><\/div>\n<\/p><\/div>\n<div style='display: flex; flex-wrap: wrap; gap: 20px; margin-bottom: 30px;'>\n<div style='flex: 1 1 250px; border: 1px solid rgba(150&comma; 150&comma; 150&comma; 0.4); border-radius: 8px; overflow: hidden; display: flex; flex-direction: column;'>\n<div style='padding: 15px; border-bottom: 1px solid rgba(150&comma; 150&comma; 150&comma; 0.2); font-weight: bold; font-size: 18px; color: inherit;'>Caracter\u00edsticas de Hardware<\/div>\n<div style='padding: 15px; color: inherit;'>\n<ul style='padding-left: 20px; margin: 0; font-size: 14px; list-style-type: disc;'>\n<li style='margin-bottom: 5px;'>Interfaz USB 2.0<\/li>\n<li style='margin-bottom: 5px;'>Bot\u00f3n WPS<\/li>\n<li style='margin-bottom: 5px;'>Dimensiones 57.8 \u00d7 18 \u00d7 173.4 mm<\/li>\n<li style='margin-bottom: 5px;'>Tipo de Antena Omnidireccional de 5 dBi<\/li>\n<\/ul><\/div>\n<\/p><\/div>\n<div style='flex: 1 1 250px; border: 1px solid rgba(150&comma; 150&comma; 150&comma; 0.4); border-radius: 8px; overflow: hidden; display: flex; flex-direction: column;'>\n<div style='padding: 15px; border-bottom: 1px solid rgba(150&comma; 150&comma; 150&comma; 0.2); font-weight: bold; font-size: 18px; color: inherit;'>Caracter\u00edsticas Inal\u00e1mbricas<\/div>\n<div style='padding: 15px; color: inherit;'>\n<ul style='padding-left: 20px; margin: 0; font-size: 14px; list-style-type: disc;'>\n<li style='margin-bottom: 5px;'>Est\u00e1ndares inal\u00e1mbricos IEEE 802.11ac&comma; IEEE 802.11a&comma; IEEE 802.11n&comma; IEEE 802.11g&comma; IEEE 802.11b<\/li>\n<li style='margin-bottom: 5px;'>Frecuencia 5GHz 2.4GHz<\/li>\n<li style='margin-bottom: 5px;'>Potencia de transmisi\u00f3n <20dBm (EIRP)<\/li>\n<li style='margin-bottom: 5px;'>Modo inal\u00e1mbrico Ad-Hoc \/ Infrastructure mode<\/li>\n<li style='margin-bottom: 5px;'>Seguridad inal\u00e1mbrica soportada 64\/128 bit WEP&comma; WPA-PSK\/WPA2-PSK&comma; 802.1x<\/li>\n<li style='margin-bottom: 5px;'>Tecnolog\u00eda de modulaci\u00f3n DBPSK&comma; DQPSK&comma; CCK&comma; OFDM&comma; 16-QAM&comma; 64-QAM<\/li>\n<\/ul><\/div>\n<\/p><\/div>\n<\/p><\/div>\n<hr style='border: 0; border-top: 1px solid rgba(150&comma; 150&comma; 150&comma; 0.3); margin: 30px 0;'> <\/div>\n","protected":false},"excerpt":{"rendered":"<p>Adaptador  USB inal\u00e1mbrico doble banda AC 600 Mbps, antena de alta ganancia.<\/p>\n","protected":false},"featured_media":71113,"comment_status":"open","ping_status":"closed","template":"","meta":[],"product_brand":[],"product_cat":[2030],"product_tag":[2031,1479,71],"class_list":{"0":"post-71114","1":"product","2":"type-product","3":"status-publish","4":"has-post-thumbnail","6":"product_cat-adaptadores-inalambricos","7":"product_tag-adaptadores-inalambricos","8":"product_tag-redes-wifi","9":"product_tag-tp-link","11":"first","12":"instock","13":"sale","14":"shipping-taxable","15":"purchasable","16":"product-type-simple"},"_links":{"self":[{"href":"https:\/\/soydeaqui.ddns.net\/pachuca\/index.php\/wp-json\/wp\/v2\/product\/71114","targetHints":{"allow":["GET"]}}],"collection":[{"href":"https:\/\/soydeaqui.ddns.net\/pachuca\/index.php\/wp-json\/wp\/v2\/product"}],"about":[{"href":"https:\/\/soydeaqui.ddns.net\/pachuca\/index.php\/wp-json\/wp\/v2\/types\/product"}],"replies":[{"embeddable":true,"href":"https:\/\/soydeaqui.ddns.net\/pachuca\/index.php\/wp-json\/wp\/v2\/comments?post=71114"}],"wp:featuredmedia":[{"embeddable":true,"href":"https:\/\/soydeaqui.ddns.net\/pachuca\/index.php\/wp-json\/wp\/v2\/media\/71113"}],"wp:attachment":[{"href":"https:\/\/soydeaqui.ddns.net\/pachuca\/index.php\/wp-json\/wp\/v2\/media?parent=71114"}],"wp:term":[{"taxonomy":"product_brand","embeddable":true,"href":"https:\/\/soydeaqui.ddns.net\/pachuca\/index.php\/wp-json\/wp\/v2\/product_brand?post=71114"},{"taxonomy":"product_cat","embeddable":true,"href":"https:\/\/soydeaqui.ddns.net\/pachuca\/index.php\/wp-json\/wp\/v2\/product_cat?post=71114"},{"taxonomy":"product_tag","embeddable":true,"href":"https:\/\/soydeaqui.ddns.net\/pachuca\/index.php\/wp-json\/wp\/v2\/product_tag?post=71114"}],"curies":[{"name":"wp","href":"https:\/\/api.w.org\/{rel}","templated":true}]}}