{"id":7110,"date":"2026-03-18T06:51:54","date_gmt":"2026-03-18T06:51:54","guid":{"rendered":"https:\/\/soydeaqui.ddns.net\/pachuca\/index.php\/producto\/sensor-de-movimiento-pir-cableado-35-x-35-55-x-5-5-cobertura-compatible-con-cualquier-panel-de-alarma\/"},"modified":"2026-03-18T06:51:59","modified_gmt":"2026-03-18T06:51:59","slug":"sensor-de-movimiento-pir-cableado-35-x-35-55-x-5-5-cobertura-compatible-con-cualquier-panel-de-alarma","status":"publish","type":"product","link":"https:\/\/soydeaqui.ddns.net\/pachuca\/index.php\/producto\/sensor-de-movimiento-pir-cableado-35-x-35-55-x-5-5-cobertura-compatible-con-cualquier-panel-de-alarma\/","title":{"rendered":"Sensor de Movimiento PIR \/ Cableado \/ 35&#8242; X 35&#8242; &#8211; 55&#8242; X 5.5&#8242; Cobertura \/ Compatible con cualquier panel de alarma"},"content":{"rendered":"<div style='width: 100%; max-width: 1200px; margin: 0 auto; font-family: sans-serif; line-height: 1.6; color: inherit; background-color: transparent;'>\n<div style='display: flex; flex-wrap: wrap; gap: 30px; margin-bottom: 30px;'>\n<div style='flex: 1 1 300px; min-width: 280px;'>\n<h3 style='font-size: 22px; border-bottom: 2px solid currentColor; padding-bottom: 5px; margin-top: 0; color: inherit; opacity: 0.8;'>Descripci\u00f3n<\/h3>\n<p style='font-size: 15px; color: inherit; margin-top: 0; margin-bottom: 15px;'>El EX-35T rompe el molde de los detectores de bajo costo y calidad eficiente. Puede seleccionar entre gran angular preciso y cobertura de largo alcance&comma; y tambi\u00e9n patrones de detecci\u00f3n de m\u00faltiples niveles o callejones de mascotas. Al incorporar nuestra tecnolog\u00eda patentada de enfoque m\u00faltiple en la lente de dise\u00f1o esf\u00e9rico&comma; la EX-35 ha eliminado con \u00e9xito los <strong style='color: inherit;'>problemas<\/strong> de <strong style='color: inherit;'>sensibilidad causados por cambios en los patrones de detecci\u00f3n.<\/strong><\/p>\n<\/p><\/div>\n<\/p><\/div>\n<div style='display: flex; flex-wrap: wrap; gap: 20px; margin-bottom: 30px;'>\n<div style='flex: 1 1 250px; border: 1px solid rgba(150&comma; 150&comma; 150&comma; 0.4); border-radius: 8px; overflow: hidden; display: flex; flex-direction: column;'>\n<div style='padding: 15px; border-bottom: 1px solid rgba(150&comma; 150&comma; 150&comma; 0.2); font-weight: bold; font-size: 18px; color: inherit;'>Caracter\u00edsticas<\/div>\n<div style='padding: 15px; color: inherit;'>\n<ul style='padding-left: 20px; margin: 0; font-size: 14px; list-style-type: disc; color: inherit;'>\n<li style='margin-bottom: 5px; color: inherit;'>\u00d3ptica de doble prop\u00f3sito: gran angular de 35 pies. x 35 pies o largo alcance 55 pies. x 5.5 pies<\/li>\n<li style='margin-bottom: 5px; color: inherit;'>Patrones de detecci\u00f3n de niveles m\u00faltiples y callejones para mascotas seleccionables<\/li>\n<li style='margin-bottom: 5px; color: inherit;'>Lente de enfoque m\u00faltiple patentada<\/li>\n<li style='margin-bottom: 5px; color: inherit;'>Protecci\u00f3n RFI: 20V \/ m<\/li>\n<li style='margin-bottom: 5px; color: inherit;'>Recuento de pulsos seleccionable: 2 o 4<\/li>\n<li style='margin-bottom: 5px; color: inherit;'>Interruptor de encendido \/ apagado de LED<\/li>\n<\/ul><\/div>\n<\/p><\/div>\n<\/p><\/div>\n<hr style='border: 0; border-top: 1px solid rgba(150&comma; 150&comma; 150&comma; 0.3); margin: 30px 0;'> <\/div>\n","protected":false},"excerpt":{"rendered":"<p>Sensor de Movimiento PIR \/ Cableado \/ 35&#8242; X 35&#8242; &#8211; 55&#8242; X 5.5&#8242; Cobertura \/ Compatible con cualquier panel de alarma<\/p>\n","protected":false},"featured_media":7109,"comment_status":"open","ping_status":"closed","template":"","meta":[],"product_brand":[],"product_cat":[18],"product_tag":[19,20,106],"class_list":{"0":"post-7110","1":"product","2":"type-product","3":"status-publish","4":"has-post-thumbnail","6":"product_cat-movimiento-para-interior","7":"product_tag-detectores-sensores","8":"product_tag-movimiento-para-interior","9":"product_tag-optex","11":"first","12":"outofstock","13":"sale","14":"shipping-taxable","15":"purchasable","16":"product-type-simple"},"_links":{"self":[{"href":"https:\/\/soydeaqui.ddns.net\/pachuca\/index.php\/wp-json\/wp\/v2\/product\/7110","targetHints":{"allow":["GET"]}}],"collection":[{"href":"https:\/\/soydeaqui.ddns.net\/pachuca\/index.php\/wp-json\/wp\/v2\/product"}],"about":[{"href":"https:\/\/soydeaqui.ddns.net\/pachuca\/index.php\/wp-json\/wp\/v2\/types\/product"}],"replies":[{"embeddable":true,"href":"https:\/\/soydeaqui.ddns.net\/pachuca\/index.php\/wp-json\/wp\/v2\/comments?post=7110"}],"wp:featuredmedia":[{"embeddable":true,"href":"https:\/\/soydeaqui.ddns.net\/pachuca\/index.php\/wp-json\/wp\/v2\/media\/7109"}],"wp:attachment":[{"href":"https:\/\/soydeaqui.ddns.net\/pachuca\/index.php\/wp-json\/wp\/v2\/media?parent=7110"}],"wp:term":[{"taxonomy":"product_brand","embeddable":true,"href":"https:\/\/soydeaqui.ddns.net\/pachuca\/index.php\/wp-json\/wp\/v2\/product_brand?post=7110"},{"taxonomy":"product_cat","embeddable":true,"href":"https:\/\/soydeaqui.ddns.net\/pachuca\/index.php\/wp-json\/wp\/v2\/product_cat?post=7110"},{"taxonomy":"product_tag","embeddable":true,"href":"https:\/\/soydeaqui.ddns.net\/pachuca\/index.php\/wp-json\/wp\/v2\/product_tag?post=7110"}],"curies":[{"name":"wp","href":"https:\/\/api.w.org\/{rel}","templated":true}]}}