{"id":711,"date":"2026-03-18T05:43:09","date_gmt":"2026-03-18T05:43:09","guid":{"rendered":"https:\/\/soydeaqui.ddns.net\/pachuca\/index.php\/producto\/zigbee-controlador-hub-para-dispositivos-zigbee-conexion-a-internet-ethernet\/"},"modified":"2026-03-18T05:43:13","modified_gmt":"2026-03-18T05:43:13","slug":"zigbee-controlador-hub-para-dispositivos-zigbee-conexion-a-internet-ethernet","status":"publish","type":"product","link":"https:\/\/soydeaqui.ddns.net\/pachuca\/index.php\/producto\/zigbee-controlador-hub-para-dispositivos-zigbee-conexion-a-internet-ethernet\/","title":{"rendered":"(ZigBee) Controlador HUB para dispositivos ZigBee, conexion a Internet Ethernet."},"content":{"rendered":"<div style='width: 100%; max-width: 1200px; margin: 0 auto; font-family: sans-serif; line-height: 1.6; color: inherit; background-color: transparent;'>\n<div style='width: 100%; margin-bottom: 30px;'> <img style='width: 100%; height: auto; border: 1px solid rgba(150&comma;150&comma;150&comma;0.3); border-radius: 8px;' src='https:\/\/ftp3.syscom.mx\/usuarios\/albamaria\/albamaria\/smarthomepoweredbyepcom\/smarthome-by-epcom.jpg' alt=''> <\/div>\n<div style='margin-bottom: 30px; font-size: 15px; color: inherit;'>\n<p style='text-align: justify; margin-bottom: 15px;'>Instalar sistemas ZigBee con nuestro HUB ofrece ventajas: como bajo consumo de energ\u00eda&comma; red de malla para mayor fiabilidad&comma; escalabilidad para soportar muchos dispositivos&comma; y compatibilidad entre diferentes fabricantes. Adem\u00e1s&comma; es un est\u00e1ndar abierto y econ\u00f3mico&comma; con buena seguridad&comma; baja latencia&comma; y f\u00e1cil integraci\u00f3n en sistemas IoT.<\/p>\n<\/p><\/div>\n<div style='display: flex; flex-wrap: wrap; gap: 30px; margin-bottom: 30px;'>\n<div style='flex: 1 1 300px; min-width: 280px;'>\n<div style='border-left: 5px solid #0091ff; border-radius: 8px; padding: 15px; background-color: rgba(150&comma;150&comma;150&comma;0.05);'>\n<h3 style='font-size: 18px; margin-top: 0; margin-bottom: 15px; color: inherit; opacity: 0.8;'>Caracter\u00edsticas principales:<\/h3>\n<ul style='padding-left: 20px; margin: 0; font-size: 14px; color: inherit; list-style-type: disc;'>\n<li style='margin-bottom: 8px; text-align: justify;'>Protocolo est\u00e1ndar Zigbee3.0&comma; la comunicaci\u00f3n es m\u00e1s estable. Admite enlace local&comma; se pueden ejecutar escenarios inteligentes sin Internet.<\/li>\n<li style='margin-bottom: 8px; text-align: justify;'>Subdispositivos f\u00e1ciles de configurar&comma; se pueden agregar varios dispositivos al mismo tiempo.<\/li>\n<li style='margin-bottom: 8px; text-align: justify;'>Admite m\u00e1s de 100 dispositivos para que funcionen de manera estable al mismo tiempo.<\/li>\n<li style='text-align: justify;'>Cifrado m\u00faltiple de datos.<\/li>\n<\/ul><\/div>\n<\/p><\/div>\n<div style='flex: 1 1 300px; min-width: 280px;'>\n<div style='border-left: 5px solid #0091ff; border-radius: 8px; padding: 15px; background-color: rgba(150&comma;150&comma;150&comma;0.05);'>\n<h3 style='font-size: 18px; margin-top: 0; margin-bottom: 15px; color: inherit; opacity: 0.8;'>Caracter\u00edsticas principales:<\/h3>\n<ul style='padding-left: 20px; margin: 0; font-size: 14px; color: inherit; list-style-type: disc;'>\n<li style='margin-bottom: 8px;'>Entrada de energia: 5V 1A<\/li>\n<li style='margin-bottom: 8px;'>Temperatura de funcionamiento -10 \u00b0C a 55 \u00b0C<\/li>\n<li style='margin-bottom: 8px;'>Humedad de funcionamiento 10% &#8211; 90%<\/li>\n<\/ul><\/div>\n<\/p><\/div>\n<div style='flex: 1 1 300px; min-width: 280px;'>\n<div style='border-left: 5px solid #0091ff; border-radius: 8px; padding: 15px; background-color: rgba(150&comma;150&comma;150&comma;0.05);'>\n<h3 style='font-size: 18px; margin-top: 0; margin-bottom: 15px; color: inherit; opacity: 0.8;'>Caracter\u00edsticas principales:<\/h3>\n<ul style='padding-left: 20px; margin: 0; font-size: 14px; color: inherit; list-style-type: disc;'>\n<li style='margin-bottom: 8px; text-align: justify;'>Tama\u00f1o 90*90*23 mm<\/li>\n<li style='margin-bottom: 8px; text-align: justify;'>Protocolo de conexi\u00f3n: ZigBee y puerto Ethernet<\/li>\n<li style='margin-bottom: 8px; text-align: justify;'>Para repetir su cobertura es necesario agregar mas de un controlador HUB principal.<\/li>\n<li style='text-align: justify;'>Compatibilidad con Alexa y GoogleHome<\/li>\n<\/ul><\/div>\n<\/p><\/div>\n<\/p><\/div>\n<div style='width: 100%; margin: 30px 0;'> <img style='width: 100%; height: auto; border: 1px solid rgba(150&comma;150&comma;150&comma;0.3); border-radius: 8px; display: block; margin: 0 auto;' src='http:\/\/ftp3.syscom.mx\/usuarios\/mbarrio\/bll\/DiagramaSHS.JPG' alt=''> <\/div>\n<\/p><\/div>\n","protected":false},"excerpt":{"rendered":"<p>(ZigBee) Controlador HUB para dispositivos ZigBee, conexion a Internet Ethernet.<\/p>\n","protected":false},"featured_media":710,"comment_status":"open","ping_status":"closed","template":"","meta":[],"product_brand":[],"product_cat":[74],"product_tag":[30,75,187],"class_list":{"0":"post-711","1":"product","2":"type-product","3":"status-publish","4":"has-post-thumbnail","6":"product_cat-controlador-inteligente-hub","7":"product_tag-automatizacion-casa-inteligente","8":"product_tag-controlador-inteligente-hub","9":"product_tag-smarthome-by-epcom","11":"first","12":"instock","13":"sale","14":"shipping-taxable","15":"purchasable","16":"product-type-simple"},"_links":{"self":[{"href":"https:\/\/soydeaqui.ddns.net\/pachuca\/index.php\/wp-json\/wp\/v2\/product\/711","targetHints":{"allow":["GET"]}}],"collection":[{"href":"https:\/\/soydeaqui.ddns.net\/pachuca\/index.php\/wp-json\/wp\/v2\/product"}],"about":[{"href":"https:\/\/soydeaqui.ddns.net\/pachuca\/index.php\/wp-json\/wp\/v2\/types\/product"}],"replies":[{"embeddable":true,"href":"https:\/\/soydeaqui.ddns.net\/pachuca\/index.php\/wp-json\/wp\/v2\/comments?post=711"}],"wp:featuredmedia":[{"embeddable":true,"href":"https:\/\/soydeaqui.ddns.net\/pachuca\/index.php\/wp-json\/wp\/v2\/media\/710"}],"wp:attachment":[{"href":"https:\/\/soydeaqui.ddns.net\/pachuca\/index.php\/wp-json\/wp\/v2\/media?parent=711"}],"wp:term":[{"taxonomy":"product_brand","embeddable":true,"href":"https:\/\/soydeaqui.ddns.net\/pachuca\/index.php\/wp-json\/wp\/v2\/product_brand?post=711"},{"taxonomy":"product_cat","embeddable":true,"href":"https:\/\/soydeaqui.ddns.net\/pachuca\/index.php\/wp-json\/wp\/v2\/product_cat?post=711"},{"taxonomy":"product_tag","embeddable":true,"href":"https:\/\/soydeaqui.ddns.net\/pachuca\/index.php\/wp-json\/wp\/v2\/product_tag?post=711"}],"curies":[{"name":"wp","href":"https:\/\/api.w.org\/{rel}","templated":true}]}}