{"id":71096,"date":"2026-03-19T11:52:12","date_gmt":"2026-03-19T11:52:12","guid":{"rendered":"https:\/\/soydeaqui.ddns.net\/pachuca\/index.php\/producto\/lampara-doble-de-obstruccion-tipo-l-810-autonoma-sistema-solar-incluido-luz-fija-o-intermitente\/"},"modified":"2026-03-19T11:52:15","modified_gmt":"2026-03-19T11:52:15","slug":"lampara-doble-de-obstruccion-tipo-l-810-autonoma-sistema-solar-incluido-luz-fija-o-intermitente","status":"publish","type":"product","link":"https:\/\/soydeaqui.ddns.net\/pachuca\/index.php\/producto\/lampara-doble-de-obstruccion-tipo-l-810-autonoma-sistema-solar-incluido-luz-fija-o-intermitente\/","title":{"rendered":"L\u00e1mpara Doble de Obstrucci\u00f3n Tipo L-810\/ Aut\u00f3noma (sistema solar incluido)\/ Luz fija o Intermitente."},"content":{"rendered":"<div style='width: 100%; max-width: 1200px; margin: 0 auto; font-family: sans-serif; line-height: 1.6; color: inherit; background-color: transparent;'>\n<div style='display: flex; flex-wrap: wrap; gap: 30px; margin-bottom: 30px;'>\n<div style='flex: 1 1 300px; min-width: 280px;'>\n<h3 style='font-size: 22px; border-bottom: 2px solid currentColor; padding-bottom: 5px; margin-top: 0; color: inherit; opacity: 0.8;'>Caracter\u00edsticas destacadas<\/h3>\n<ul style='padding-left: 20px; font-size: 15px; color: inherit;'>\n<li style='margin-bottom: 5px;'>La fotoc\u00e9lula puede encender \/ apagar la luz en d\u00edas lluviosos o por la noche autom\u00e1ticamente.<\/li>\n<li style='margin-bottom: 5px;'>Estandarizaci\u00f3n del dise\u00f1o \u00f3ptico&comma; alta eficiencia de conversi\u00f3n fotoel\u00e9ctrica.<\/li>\n<li style='margin-bottom: 5px;'>Adopta la eficiencia de conversi\u00f3n fotoel\u00e9ctrica de chip solar de alta eficiencia es m\u00e1s del 19%.<\/li>\n<li style='margin-bottom: 5px;'>La integraci\u00f3n del dise\u00f1o a prueba de agua&comma; puede trabajar en inmersi\u00f3n en agua de mar&comma; grado de protecci\u00f3n IP68.<\/li>\n<li style='margin-bottom: 5px;'>Adopta chip de LED personalizado&comma; la eficiencia de transferencia y la vida \u00fatil es m\u00e1s alta que el LED normal.<\/li>\n<li style='margin-bottom: 5px;'>El circuito adopta un avanzado sistema de administraci\u00f3n de carga y descarga&comma; prolonga la vida \u00fatil de la bater\u00eda de manera efectiva.<\/li>\n<li style='margin-bottom: 5px;'>La l\u00e1mpara ampl\u00eda el interruptor de estado&comma; puede ajustar la base del modo de trabajo de luz constante o intermitente en un requisito.<\/li>\n<li style='margin-bottom: 5px;'>Proporciona la capacidad de protecci\u00f3n contra rayos&comma; resistencia a la luz&comma; resistencia a la nieve y la lluvia.<\/li>\n<li style='margin-bottom: 5px;'>Interior adopta una bater\u00eda de hierro de \u00e1cido fosf\u00f3rico solar cuya vida \u00fatil puede superar los 3 a\u00f1os&comma; reducir el costo de mantenimiento y la dificultad.<\/li>\n<li style='margin-bottom: 5px;'>La base adopta material pl\u00e1stico dedicado de grado marino&comma; puede aplicarse a v\u00edas mar\u00edtimas y plantas qu\u00edmicas que tienen un ambiente hostil y corrosivo fuerte.<\/li>\n<li style='margin-bottom: 5px;'>Con aguja de p\u00e1jaro para evitar la ca\u00edda de las aves.<\/li>\n<li style='margin-bottom: 5px;'>Sin radiofrecuencia (RF)&comma; sin interferencia electromagn\u00e9tica<\/li>\n<li style='margin-bottom: 5px;'>Trabajo estable&comma; bajo costo.<\/li>\n<\/ul><\/div>\n<\/p><\/div>\n<div style='display: flex; flex-wrap: wrap; gap: 30px; margin-bottom: 30px;'>\n<div style='flex: 1 1 100%; min-width: 280px;'>\n<div style='position: relative; padding-bottom: 56.25%; height: 0; overflow: hidden; margin-bottom: 30px;'>   <\/div>\n<\/p><\/div>\n<\/p><\/div>\n<\/p><\/div>\n","protected":false},"excerpt":{"rendered":"<p>L\u00e1mpara Doble de Obstrucci\u00f3n Tipo L-810\/ Aut\u00f3noma (sistema solar incluido)\/ Luz fija o Intermitente.<\/p>\n","protected":false},"featured_media":71095,"comment_status":"open","ping_status":"closed","template":"","meta":[],"product_brand":[],"product_cat":[1632],"product_tag":[181,1633,246],"class_list":{"0":"post-71096","1":"product","2":"type-product","3":"status-publish","4":"has-post-thumbnail","6":"product_cat-lamparas-de-obstruccion","7":"product_tag-epcom-industrial","8":"product_tag-lamparas-de-obstruccion","9":"product_tag-torres-y-mastiles","11":"first","12":"outofstock","13":"sale","14":"shipping-taxable","15":"purchasable","16":"product-type-simple"},"_links":{"self":[{"href":"https:\/\/soydeaqui.ddns.net\/pachuca\/index.php\/wp-json\/wp\/v2\/product\/71096","targetHints":{"allow":["GET"]}}],"collection":[{"href":"https:\/\/soydeaqui.ddns.net\/pachuca\/index.php\/wp-json\/wp\/v2\/product"}],"about":[{"href":"https:\/\/soydeaqui.ddns.net\/pachuca\/index.php\/wp-json\/wp\/v2\/types\/product"}],"replies":[{"embeddable":true,"href":"https:\/\/soydeaqui.ddns.net\/pachuca\/index.php\/wp-json\/wp\/v2\/comments?post=71096"}],"wp:featuredmedia":[{"embeddable":true,"href":"https:\/\/soydeaqui.ddns.net\/pachuca\/index.php\/wp-json\/wp\/v2\/media\/71095"}],"wp:attachment":[{"href":"https:\/\/soydeaqui.ddns.net\/pachuca\/index.php\/wp-json\/wp\/v2\/media?parent=71096"}],"wp:term":[{"taxonomy":"product_brand","embeddable":true,"href":"https:\/\/soydeaqui.ddns.net\/pachuca\/index.php\/wp-json\/wp\/v2\/product_brand?post=71096"},{"taxonomy":"product_cat","embeddable":true,"href":"https:\/\/soydeaqui.ddns.net\/pachuca\/index.php\/wp-json\/wp\/v2\/product_cat?post=71096"},{"taxonomy":"product_tag","embeddable":true,"href":"https:\/\/soydeaqui.ddns.net\/pachuca\/index.php\/wp-json\/wp\/v2\/product_tag?post=71096"}],"curies":[{"name":"wp","href":"https:\/\/api.w.org\/{rel}","templated":true}]}}