{"id":71083,"date":"2026-03-19T11:51:43","date_gmt":"2026-03-19T11:51:43","guid":{"rendered":"https:\/\/soydeaqui.ddns.net\/pachuca\/index.php\/producto\/xsda0003-cable-de-conexion-directa-3-metros-sfp-sfp-sfp28-1g-10g-25g\/"},"modified":"2026-03-19T11:51:52","modified_gmt":"2026-03-19T11:51:52","slug":"xsda0003-cable-de-conexion-directa-3-metros-sfp-sfp-sfp28-1g-10g-25g","status":"publish","type":"product","link":"https:\/\/soydeaqui.ddns.net\/pachuca\/index.php\/producto\/xsda0003-cable-de-conexion-directa-3-metros-sfp-sfp-sfp28-1g-10g-25g\/","title":{"rendered":"(XS+DA0003) Cable de conexi\u00f3n directa 3 Metros SFP\/SFP+\/SFP28 1G\/10G\/25G"},"content":{"rendered":"<div style='width: 100%; max-width: 1200px; margin: 0 auto; font-family: sans-serif; line-height: 1.6; color: inherit; background-color: transparent;'> <!-- Imagen principal --> <\/p>\n<div style='width: 100%; margin-bottom: 30px;'> <img style='width: 100%; height: auto; border: 1px solid rgba(150&comma;150&comma;150&comma;0.3); border-radius: 8px;' src='https:\/\/ftp3.syscom.mx\/usuarios\/fotos\/XS+DA0003\/191690-banner_xs+da0003.png' alt=''> <\/div>\n<p> <!-- Contenido principal --> <\/p>\n<div style='display: flex; flex-wrap: wrap; gap: 30px; margin-bottom: 30px;'>\n<div style='flex: 1 1 300px; min-width: 280px;'>\n<p style='font-size: 15px; color: inherit; margin-bottom: 15px;'> \u00a1Estamos lanzando nuevos cables de conexi\u00f3n directa que admiten no solo SFP 1G y SFP+ 10G&comma; sino tambi\u00e9n el est\u00e1ndar 25G SFP28! \u00a1Con los nuevos cables de conexi\u00f3n directa obtiene m\u00e1s caracter\u00edsticas por el mismo precio! <\/p>\n<p style='font-size: 15px; color: inherit; margin-bottom: 15px;'> Esta es una manera altamente rentable de conectar dos dispositivos SFP\/SFP+\/SFP28 (por ejemplo&comma; dos unidades de nuestro nuevo CCR2004-1G-12S+2XS) para distancias muy cortas&comma; dentro de racks y a trav\u00e9s de racks adyacentes. <\/p>\n<p style='font-size: 15px; color: inherit; margin-bottom: 15px;'> Proporcionan una soluci\u00f3n de interconexi\u00f3n de bajo costo&comma; baja potencia y baja latencia para Ethernet de 25 Gigabits&comma; canal de fibra y otros est\u00e1ndares de la industria&comma; y cumplen con la conexi\u00f3n directa y cumplen plenamente con las especificaciones de SFP+ MSA. <\/p>\n<p style='font-size: 15px; color: inherit; margin-bottom: 15px;'> Hay dos versiones disponibles: XS+DA0001 (1m) y XS+DA0003 (3m) <\/p>\n<\/p><\/div>\n<\/p><\/div>\n<p> <!-- Separador --> <\/p>\n<hr style='border: 0; border-top: 1px solid rgba(150&comma; 150&comma; 150&comma; 0.3); margin: 30px 0;'> <!-- Especificaciones --> <\/p>\n<div style='display: flex; flex-wrap: wrap; gap: 20px; margin-bottom: 30px;'>\n<div style='flex: 1 1 250px; border: 1px solid rgba(150&comma; 150&comma; 150&comma; 0.4); border-radius: 8px; overflow: hidden; display: flex; flex-direction: column;'>\n<div style='padding: 15px; border-bottom: 1px solid rgba(150&comma; 150&comma; 150&comma; 0.2); font-weight: bold; font-size: 18px; color: inherit;'>Especificaciones del producto<\/div>\n<div style='padding: 15px; color: inherit;'>\n<ul style='padding-left: 20px; margin: 0; font-size: 14px; list-style-type: disc;'>\n<li style='margin-bottom: 5px;'><strong>C\u00f3digo del producto:<\/strong> XS+DA0003<\/li>\n<li style='margin-bottom: 5px;'><strong>Longitud del cable:<\/strong> 3 m<\/li>\n<li style='margin-bottom: 5px;'><strong>Velocidad de datos:<\/strong> 1G \/ 10G \/ 25G<\/li>\n<li style='margin-bottom: 5px;'><strong>MTBF:<\/strong> Aproximadamente 100&#8217;000 horas a 25\u00b0C<\/li>\n<\/ul><\/div>\n<\/p><\/div>\n<\/p><\/div>\n<\/p><\/div>\n","protected":false},"excerpt":{"rendered":"<p>(XS+DA0003) Cable de conexi\u00f3n directa 3 Metros SFP\/SFP+\/SFP28 1G\/10G\/25G<\/p>\n","protected":false},"featured_media":71082,"comment_status":"open","ping_status":"closed","template":"","meta":[],"product_brand":[],"product_cat":[663],"product_tag":[643,664,665],"class_list":{"0":"post-71083","1":"product","2":"type-product","3":"status-publish","4":"has-post-thumbnail","6":"product_cat-transceptores-de-fibra","7":"product_tag-mikrotik","8":"product_tag-networking","9":"product_tag-transceptores-de-fibra","11":"first","12":"instock","13":"sale","14":"shipping-taxable","15":"purchasable","16":"product-type-simple"},"_links":{"self":[{"href":"https:\/\/soydeaqui.ddns.net\/pachuca\/index.php\/wp-json\/wp\/v2\/product\/71083","targetHints":{"allow":["GET"]}}],"collection":[{"href":"https:\/\/soydeaqui.ddns.net\/pachuca\/index.php\/wp-json\/wp\/v2\/product"}],"about":[{"href":"https:\/\/soydeaqui.ddns.net\/pachuca\/index.php\/wp-json\/wp\/v2\/types\/product"}],"replies":[{"embeddable":true,"href":"https:\/\/soydeaqui.ddns.net\/pachuca\/index.php\/wp-json\/wp\/v2\/comments?post=71083"}],"wp:featuredmedia":[{"embeddable":true,"href":"https:\/\/soydeaqui.ddns.net\/pachuca\/index.php\/wp-json\/wp\/v2\/media\/71082"}],"wp:attachment":[{"href":"https:\/\/soydeaqui.ddns.net\/pachuca\/index.php\/wp-json\/wp\/v2\/media?parent=71083"}],"wp:term":[{"taxonomy":"product_brand","embeddable":true,"href":"https:\/\/soydeaqui.ddns.net\/pachuca\/index.php\/wp-json\/wp\/v2\/product_brand?post=71083"},{"taxonomy":"product_cat","embeddable":true,"href":"https:\/\/soydeaqui.ddns.net\/pachuca\/index.php\/wp-json\/wp\/v2\/product_cat?post=71083"},{"taxonomy":"product_tag","embeddable":true,"href":"https:\/\/soydeaqui.ddns.net\/pachuca\/index.php\/wp-json\/wp\/v2\/product_tag?post=71083"}],"curies":[{"name":"wp","href":"https:\/\/api.w.org\/{rel}","templated":true}]}}