{"id":71079,"date":"2026-03-19T11:51:34","date_gmt":"2026-03-19T11:51:34","guid":{"rendered":"https:\/\/soydeaqui.ddns.net\/pachuca\/index.php\/producto\/par-de-raquetas-para-cable-de-fibra-ptica-adss-12\/"},"modified":"2026-03-19T11:51:40","modified_gmt":"2026-03-19T11:51:40","slug":"par-de-raquetas-para-cable-de-fibra-ptica-adss-12","status":"publish","type":"product","link":"https:\/\/soydeaqui.ddns.net\/pachuca\/index.php\/producto\/par-de-raquetas-para-cable-de-fibra-ptica-adss-12\/","title":{"rendered":"Par de Raquetas para Cable de Fibra ?ptica ADSS, 12"},"content":{"rendered":"<div style='width: 100%; max-width: 1200px; margin: 0 auto; font-family: sans-serif; line-height: 1.6; color: inherit; background-color: transparent;'> <!-- Logo --> <\/p>\n<div style='margin-bottom: 20px;'> <img style='width: 100%; max-width: 432px; height: auto; border: 1px solid rgba(150&comma;150&comma;150&comma;0.3); border-radius: 8px; display: block; margin: 0 auto;' src='https:\/\/ftp3.syscom.mx\/usuarios\/orobles\/LinkedPro\/linkedpro_logo.png' alt='Logo LinkedPro'> <\/div>\n<p> <!-- Descripci\u00f3n principal --> <\/p>\n<div style='margin-bottom: 30px; font-size: 15px;'>\n<p>Las raquetas para cable de fibra \u00f3ptica son un elemento para reservar el excedente del cable de fibra \u00f3ptica en instalaciones a\u00e9reas. Se puede instalar directamente en el cable de fibra ADSS sin da\u00f1arlo&comma; gracias a sus accesorios incluidos. Est\u00e1n hechas de resina termopl\u00e1stica de alto impacto resistente a los rayos UV.<\/p>\n<\/p><\/div>\n<p> <!-- Caracter\u00edsticas --> <\/p>\n<div style='display: flex; flex-wrap: wrap; gap: 30px; margin-bottom: 30px;'>\n<div style='flex: 1 1 300px; min-width: 280px;'>\n<h3 style='font-size: 22px; border-bottom: 2px solid currentColor; padding-bottom: 5px; margin-top: 0; color: inherit; opacity: 0.8;'>Caracter\u00edsticas<\/h3>\n<ul style='padding-left: 20px; font-size: 15px; color: inherit;'>\n<li style='margin-bottom: 5px;'>Totalmente diel\u00e9ctricas para incorporar abrazaderas termopl\u00e1sticas reforzadas<\/li>\n<li style='margin-bottom: 5px;'>Utiliza soportes de montaje de &#8216;conexi\u00f3n directa&#8217; autoalineables<\/li>\n<li style='margin-bottom: 5px;'>Se pueden utilizar con postes de madera&comma; acero u hormig\u00f3n.<\/li>\n<li style='margin-bottom: 5px;'>El patr\u00f3n de almacenamiento Figura 8 evita que se tuerza el forro de la fibra cuando se recupera el cable almacenado para su uso<\/li>\n<\/ul><\/div>\n<\/p><\/div>\n<p> <!-- Incluye --> <\/p>\n<div style='display: flex; flex-wrap: wrap; gap: 30px; margin-bottom: 30px;'>\n<div style='flex: 1 1 300px; min-width: 280px;'>\n<h3 style='font-size: 22px; border-bottom: 2px solid currentColor; padding-bottom: 5px; margin-top: 0; color: inherit; opacity: 0.8;'>Incluye<\/h3>\n<ul style='padding-left: 20px; font-size: 15px; color: inherit;'>\n<li style='margin-bottom: 5px;'>1 par de raquetas<\/li>\n<li style='margin-bottom: 5px;'>12 cinchos de pl\u00e1stico<\/li>\n<li style='margin-bottom: 5px;'>4 sujetadores de fibra<\/li>\n<li style='margin-bottom: 5px;'>8 tornillos con tuerca<\/li>\n<\/ul><\/div>\n<\/p><\/div>\n<p> <!-- Enlace importante --> <\/p>\n<div style='margin-bottom: 30px; font-size: 15px;'>\n<p><a style='font-weight: bold; text-decoration: underline; color: inherit;' href='https:\/\/soporte.syscom.mx\/es\/articles\/5949129-calculadora-de-herrajes-para-fibra-optica-para-instalacion-aerea-adss-y-mini-adss' target='_blank' rel='noopener'>\u00a1PRESIONA AQU\u00cd! CALCULADOR DE HERRAJES PARA FIBRA OPTICA AEREA ADSS&comma; MINI-ADSS&comma; FIGURA 8Y MINI FIGURA 8.<\/a><\/p>\n<\/p><\/div>\n<p> <!-- Im\u00e1genes adicionales --> <\/p>\n<div style='display: flex; flex-wrap: wrap; gap: 20px; margin-bottom: 30px;'>\n<div style='flex: 1 1 600px; min-width: 300px;'> <img style='width: 100%; height: auto; border: 1px solid rgba(150&comma;150&comma;150&comma;0.3); border-radius: 8px;' src='https:\/\/ftp3.syscom.mx\/usuarios\/fotos\/LPSFSC12\/191655-calculadora_de_herrajes_gif-1.gif' alt='Calculadora de herrajes'> <\/div>\n<div style='flex: 1 1 600px; min-width: 300px;'> <img style='width: 100%; height: auto; border: 1px solid rgba(150&comma;150&comma;150&comma;0.3); border-radius: 8px;' src='https:\/\/ftp3.syscom.mx\/usuarios\/fotos\/LPBDC\/195583-diagramas_clamps_fittings.png' alt='Diagramas de abrazaderas'> <\/div>\n<\/p><\/div>\n<p> <!-- Separador final --> <\/p>\n<hr style='border: 0; border-top: 1px solid rgba(150&comma; 150&comma; 150&comma; 0.3); margin: 30px 0;'> <\/div>\n","protected":false},"excerpt":{"rendered":"<p>Par de Raquetas para Cable de Fibra ?ptica ADSS, 12<\/p>\n","protected":false},"featured_media":71078,"comment_status":"open","ping_status":"closed","template":"","meta":[],"product_brand":[],"product_cat":[636],"product_tag":[611,25,435],"class_list":{"0":"post-71079","1":"product","2":"type-product","3":"status-publish","4":"has-post-thumbnail","6":"product_cat-herramientas-fibra-optica","7":"product_tag-fibra-optica","8":"product_tag-herramientas","9":"product_tag-linkedpro-by-epcom","11":"first","12":"instock","13":"sale","14":"shipping-taxable","15":"purchasable","16":"product-type-simple"},"_links":{"self":[{"href":"https:\/\/soydeaqui.ddns.net\/pachuca\/index.php\/wp-json\/wp\/v2\/product\/71079","targetHints":{"allow":["GET"]}}],"collection":[{"href":"https:\/\/soydeaqui.ddns.net\/pachuca\/index.php\/wp-json\/wp\/v2\/product"}],"about":[{"href":"https:\/\/soydeaqui.ddns.net\/pachuca\/index.php\/wp-json\/wp\/v2\/types\/product"}],"replies":[{"embeddable":true,"href":"https:\/\/soydeaqui.ddns.net\/pachuca\/index.php\/wp-json\/wp\/v2\/comments?post=71079"}],"wp:featuredmedia":[{"embeddable":true,"href":"https:\/\/soydeaqui.ddns.net\/pachuca\/index.php\/wp-json\/wp\/v2\/media\/71078"}],"wp:attachment":[{"href":"https:\/\/soydeaqui.ddns.net\/pachuca\/index.php\/wp-json\/wp\/v2\/media?parent=71079"}],"wp:term":[{"taxonomy":"product_brand","embeddable":true,"href":"https:\/\/soydeaqui.ddns.net\/pachuca\/index.php\/wp-json\/wp\/v2\/product_brand?post=71079"},{"taxonomy":"product_cat","embeddable":true,"href":"https:\/\/soydeaqui.ddns.net\/pachuca\/index.php\/wp-json\/wp\/v2\/product_cat?post=71079"},{"taxonomy":"product_tag","embeddable":true,"href":"https:\/\/soydeaqui.ddns.net\/pachuca\/index.php\/wp-json\/wp\/v2\/product_tag?post=71079"}],"curies":[{"name":"wp","href":"https:\/\/api.w.org\/{rel}","templated":true}]}}