{"id":71041,"date":"2026-03-19T11:50:08","date_gmt":"2026-03-19T11:50:08","guid":{"rendered":"https:\/\/soydeaqui.ddns.net\/pachuca\/index.php\/producto\/transceptor-mini-gbic-sfp-distancia-20-km-conector-lc-duplex-monomodo\/"},"modified":"2026-03-19T11:50:21","modified_gmt":"2026-03-19T11:50:21","slug":"transceptor-mini-gbic-sfp-distancia-20-km-conector-lc-duplex-monomodo","status":"publish","type":"product","link":"https:\/\/soydeaqui.ddns.net\/pachuca\/index.php\/producto\/transceptor-mini-gbic-sfp-distancia-20-km-conector-lc-duplex-monomodo\/","title":{"rendered":"Transceptor Mini-GBIC SFP \/ Distancia 20 KM \/ Conector LC \/ Duplex \/ Monomodo"},"content":{"rendered":"<div style='width: 100%; max-width: 1200px; margin: 0 auto; font-family: sans-serif; line-height: 1.6; color: inherit; background-color: transparent;'>\n<p style='text-align: center; margin: 20px 0;'> <img style='width: 45%; height: auto; border: 1px solid rgba(150&comma;150&comma;150&comma;0.3); border-radius: 8px;' src='https:\/\/ftp3.syscom.mx\/usuarios\/jsosa\/HIKVISION\/imagenes\/logo\/hikvision%20see%20far.png' alt='Logo Hikvision'> <\/p>\n<p> <!-- Secci\u00f3n de caracter\u00edsticas --> <\/p>\n<div style='display: flex; flex-wrap: wrap; gap: 30px; margin-bottom: 30px;'>\n<div style='flex: 1 1 300px; min-width: 280px;'>\n<h3 style='font-size: 22px; border-bottom: 2px solid currentColor; padding-bottom: 5px; margin-top: 0; color: inherit; opacity: 0.8;'>Caracter\u00edsticas principales<\/h3>\n<ul style='padding-left: 20px; font-size: 15px; color: inherit;'>\n<li style='margin-bottom: 5px;'><strong>Fuente de alimentaci\u00f3n<\/strong> 3.3V<\/li>\n<li style='margin-bottom: 5px;'><strong>Compatible con<\/strong> MSA &#8216;Small Form Factor Pluggable&#8217; (SFP)<\/li>\n<li style='margin-bottom: 5px;'><strong>Conector<\/strong> LC d\u00faplex<\/li>\n<li style='margin-bottom: 5px;'><strong>Cumple con el est\u00e1ndar<\/strong> ROHS<\/li>\n<li style='margin-bottom: 5px;'><strong>Soluci\u00f3n SFP<\/strong> rentable&comma; permite mayores densidades de puertos y mayor ancho de banda<\/li>\n<li style='margin-bottom: 5px;'><strong>Soporta<\/strong> 1.25G Ethernet<\/li>\n<li style='margin-bottom: 5px;'><strong>Usar para<\/strong> switches Hikvision&comma; no se asegura compatibilidad con otras marcas.<\/li>\n<\/ul><\/div>\n<div style='flex: 1 1 300px; min-width: 280px;'>\n<h3 style='font-size: 22px; border-bottom: 2px solid currentColor; padding-bottom: 5px; margin-top: 0; color: inherit; opacity: 0.8;'>Caracter\u00edsticas F\u00edsicas y El\u00e9ctricas<\/h3>\n<ul style='padding-left: 20px; font-size: 15px; color: inherit;'>\n<li style='margin-bottom: 5px;'><strong>Tipo de Fibra:<\/strong> SMF&comma; duplex fiber&comma; 9\/125um<\/li>\n<li style='margin-bottom: 5px;'><strong>Tipo de Puerto:<\/strong> LC<\/li>\n<li style='margin-bottom: 5px;'><strong>Tasa de Dato:<\/strong> 1250 Mbps<\/li>\n<li style='margin-bottom: 5px;'><strong>Distancia de transmisi\u00f3n m\u00e1xima:<\/strong> 20 Km<\/li>\n<li style='margin-bottom: 5px;'><strong>Longitud de Onda:<\/strong> Tx1310nm \/ Rx1310nm<\/li>\n<li style='margin-bottom: 5px;'><strong>Temperatura de Operaci\u00f3n:<\/strong> 0\u00b0C a 70\u00b0C<\/li>\n<li style='margin-bottom: 5px;'><a href='https:\/\/www.syscom.mx\/principal\/promociones\/switches_de_hikvision_que_soportan_fibra-5409.html?ordenar=Relevancia&#038;pag=1' target='_blank' rel='noopener' style='color: inherit; text-decoration: underline;'>Lista de switches Hikvision que soportan fibra<\/a><\/li>\n<\/ul><\/div>\n<\/p><\/div>\n<p> <!-- Consideraciones --> <\/p>\n<div style='margin-bottom: 30px;'>\n<h3 style='font-size: 22px; border-bottom: 2px solid currentColor; padding-bottom: 5px; margin-top: 0; color: inherit; opacity: 0.8;'>Consideraciones<\/h3>\n<ul style='padding-left: 20px; font-size: 15px; color: inherit;'>\n<li style='margin-bottom: 5px;'>Este transceptor SFP est\u00e1 dise\u00f1ado espec\u00edficamente para equipos Hikvision<\/li>\n<li style='margin-bottom: 5px;'>Verificar compatibilidad con el modelo espec\u00edfico del switch antes de la instalaci\u00f3n<\/li>\n<li style='margin-bottom: 5px;'>Almacenar en ambiente seco y con temperatura controlada<\/li>\n<\/ul><\/div>\n<\/p><\/div>\n","protected":false},"excerpt":{"rendered":"<p>Transceptor Mini-GBIC SFP \/ Distancia 20 KM \/ Conector LC \/ Duplex \/ Monomodo<\/p>\n","protected":false},"featured_media":71040,"comment_status":"open","ping_status":"closed","template":"","meta":[],"product_brand":[],"product_cat":[663],"product_tag":[54,664,665],"class_list":{"0":"post-71041","1":"product","2":"type-product","3":"status-publish","4":"has-post-thumbnail","6":"product_cat-transceptores-de-fibra","7":"product_tag-hikvision","8":"product_tag-networking","9":"product_tag-transceptores-de-fibra","11":"first","12":"instock","13":"sale","14":"shipping-taxable","15":"purchasable","16":"product-type-simple"},"_links":{"self":[{"href":"https:\/\/soydeaqui.ddns.net\/pachuca\/index.php\/wp-json\/wp\/v2\/product\/71041","targetHints":{"allow":["GET"]}}],"collection":[{"href":"https:\/\/soydeaqui.ddns.net\/pachuca\/index.php\/wp-json\/wp\/v2\/product"}],"about":[{"href":"https:\/\/soydeaqui.ddns.net\/pachuca\/index.php\/wp-json\/wp\/v2\/types\/product"}],"replies":[{"embeddable":true,"href":"https:\/\/soydeaqui.ddns.net\/pachuca\/index.php\/wp-json\/wp\/v2\/comments?post=71041"}],"wp:featuredmedia":[{"embeddable":true,"href":"https:\/\/soydeaqui.ddns.net\/pachuca\/index.php\/wp-json\/wp\/v2\/media\/71040"}],"wp:attachment":[{"href":"https:\/\/soydeaqui.ddns.net\/pachuca\/index.php\/wp-json\/wp\/v2\/media?parent=71041"}],"wp:term":[{"taxonomy":"product_brand","embeddable":true,"href":"https:\/\/soydeaqui.ddns.net\/pachuca\/index.php\/wp-json\/wp\/v2\/product_brand?post=71041"},{"taxonomy":"product_cat","embeddable":true,"href":"https:\/\/soydeaqui.ddns.net\/pachuca\/index.php\/wp-json\/wp\/v2\/product_cat?post=71041"},{"taxonomy":"product_tag","embeddable":true,"href":"https:\/\/soydeaqui.ddns.net\/pachuca\/index.php\/wp-json\/wp\/v2\/product_tag?post=71041"}],"curies":[{"name":"wp","href":"https:\/\/api.w.org\/{rel}","templated":true}]}}