{"id":7099,"date":"2026-03-18T06:51:45","date_gmt":"2026-03-18T06:51:45","guid":{"rendered":"https:\/\/soydeaqui.ddns.net\/pachuca\/index.php\/producto\/estacion-inalambrica-de-armado-linea-force\/"},"modified":"2026-03-18T06:51:49","modified_gmt":"2026-03-18T06:51:49","slug":"estacion-inalambrica-de-armado-linea-force","status":"publish","type":"product","link":"https:\/\/soydeaqui.ddns.net\/pachuca\/index.php\/producto\/estacion-inalambrica-de-armado-linea-force\/","title":{"rendered":"ESTACI\u00d3N INALAMBRICA DE ARMADO LINEA FORCE"},"content":{"rendered":"<div style='width: 100%; max-width: 1200px; margin: 0 auto; font-family: sans-serif; line-height: 1.6; color: inherit; background-color: transparent;'>\n<div style='display: flex; flex-wrap: wrap; gap: 30px; margin-bottom: 30px;'>\n<div style='flex: 1 1 300px; min-width: 280px;'>\n<h3 style='font-size: 22px; border-bottom: 2px solid currentColor; padding-bottom: 5px; margin-top: 0; color: inherit; opacity: 0.8;'>Descripci\u00f3n<\/h3>\n<p style='font-size: 15px; color: inherit; margin-bottom: 15px;'>El KAS es un Teclado\/Estaci\u00f3n inal\u00e1mbrica de armado para instalaci\u00f3n en interiores&comma; basado en tecnolog\u00eda FastLink y dise\u00f1ado para los sistemas de alarma de la <strong><em>Serie FORCE<\/em><\/strong>. La comunicaci\u00f3n FastLink es encriptada utilizando un cifrado AES de 128 bits para brindar un alto nivel de seguridad.<\/p>\n<p style='font-size: 15px; color: inherit; margin-bottom: 15px;'><strong>Para usar el KAS se requiere la previa instalaci\u00f3n de un receptor inal\u00e1mbrico.<\/strong><\/p>\n<p style='font-size: 15px; color: inherit; margin-bottom: 15px;'>El KAS se utiliza principalmente para armar y desarmar el sistema. La estaci\u00f3n de armado con teclas de goma se adapta a m\u00faltiples decoraciones de interiores y cuenta con una cubierta abatible. Se pueden usar hasta 8 estaciones KAS en un solo sistema. El proceso de registro del KAS en el sistema de alarma es igual al del registro de cualquier otro perif\u00e9rico inal\u00e1mbrico.<\/p>\n<p style='font-size: 15px; color: inherit; margin-bottom: 15px;'>El KAS funciona con bater\u00edas. Tiene un interruptor contra sabotaje para detectar la apertura de su gabinete o si es retirado de su superficie de montaje. Para informaci\u00f3n sobre como registrar (enrolar) el dispositivo&comma; consulte la gu\u00eda de instalaci\u00f3n del sistema de alarma <strong><em>FORCE <\/em><\/strong>(P\/N: 4410459).<\/p>\n<p style='font-size: 15px; color: inherit; margin-bottom: 15px;'><strong>El uso del repetidor WRP no est\u00e1 disponible<\/strong><\/p>\n<\/p><\/div>\n<div style='flex: 1 1 300px; min-width: 280px;'> <img style='width: 100%; height: auto; border: 1px solid rgba(150&comma;150&comma;150&comma;0.3); border-radius: 8px;' src='http:\/\/ftp3.syscom.mx\/usuarios\/yhermosillo\/PIMA\/Cloud_PIMA.png' alt=''><\/div>\n<\/p><\/div>\n<div style='display: flex; flex-wrap: wrap; gap: 20px; margin-bottom: 30px;'>\n<div style='flex: 1 1 250px; border: 1px solid rgba(150&comma; 150&comma; 150&comma; 0.4); border-radius: 8px; overflow: hidden; display: flex; flex-direction: column;'>\n<div style='padding: 15px; border-bottom: 1px solid rgba(150&comma; 150&comma; 150&comma; 0.2); font-weight: bold; font-size: 18px; color: inherit;'>Especificaciones t\u00e9cnicas<\/div>\n<div style='padding: 15px; color: inherit;'>\n<ul style='padding-left: 20px; margin: 0; font-size: 14px; list-style-type: disc;'>\n<li style='margin-bottom: 5px;'><strong>Frecuencias (MHz):<\/strong><\/li>\n<li style='margin-bottom: 5px;'><strong>KAS143:<\/strong> 433.92<\/li>\n<li style='margin-bottom: 5px;'><strong>KAS187:<\/strong> 868.95<\/li>\n<li style='margin-bottom: 5px;'><strong>Voltaje de funcionamiento:<\/strong> 3VDC<\/li>\n<li style='margin-bottom: 5px;'><strong>Consumo de corriente:<\/strong> 8\u03bcA en espera&comma; 110mA activo<\/li>\n<li style='margin-bottom: 5px;'><strong>Bater\u00edas:<\/strong> 4x 1.5V&comma; AAA<\/li>\n<li style='margin-bottom: 5px;'><strong>Dimensiones (cm):<\/strong> 13.5 (23 con la cubierta extendida) x 7.5 x 3<\/li>\n<li style='margin-bottom: 5px;'><strong>Peso:<\/strong> 146gr<\/li>\n<li style='margin-bottom: 5px;'><strong>Normativa:<\/strong> CE<\/li>\n<li style='margin-bottom: 5px;'><strong>Temperaturas de operaci\u00f3n:<\/strong> de -10 a +55 \u00b0C<\/li>\n<li style='margin-bottom: 5px;'><strong>Humedad (M\u00e1x.):<\/strong> 93% R.H.&comma; Sin condensaci\u00f3n<\/li>\n<\/ul><\/div>\n<\/p><\/div>\n<div style='flex: 1 1 250px; border: 1px solid rgba(150&comma; 150&comma; 150&comma; 0.4); border-radius: 8px; overflow: hidden; display: flex; flex-direction: column;'>\n<div style='padding: 15px; border-bottom: 1px solid rgba(150&comma; 150&comma; 150&comma; 0.2); font-weight: bold; font-size: 18px; color: inherit;'>Contenido del paquete<\/div>\n<div style='padding: 15px; color: inherit;'>\n<ul style='padding-left: 20px; margin: 0; font-size: 14px; list-style-type: disc;'>\n<li style='margin-bottom: 5px;'>Estaci\u00f3n de Armado KAS<\/li>\n<li style='margin-bottom: 5px;'>Bater\u00edas<\/li>\n<li style='margin-bottom: 5px;'>Tornillos para montaje<\/li>\n<li style='margin-bottom: 5px;'>Esta gu\u00eda<\/li>\n<\/ul><\/div>\n<\/p><\/div>\n<\/p><\/div>\n<div style='display: flex; flex-wrap: wrap; gap: 30px; margin-bottom: 30px;'>\n<div style='flex: 1 1 300px; min-width: 280px;'> <img style='width: 100%; height: auto; border: 1px solid rgba(150&comma;150&comma;150&comma;0.3); border-radius: 8px;' src='http:\/\/ftp3.syscom.mx\/usuarios\/yhermosillo\/PIMA\/Nuevo_force_panel.jpg' alt=''><\/div>\n<\/p><\/div>\n<hr style='border: 0; border-top: 1px solid rgba(150&comma; 150&comma; 150&comma; 0.3); margin: 30px 0;'> <\/div>\n","protected":false},"excerpt":{"rendered":"<p>ESTACI\u00d3N INALAMBRICA DE ARMADO LINEA FORCE<\/p>\n","protected":false},"featured_media":7098,"comment_status":"open","ping_status":"closed","template":"","meta":[],"product_brand":[],"product_cat":[134],"product_tag":[496,135,62],"class_list":{"0":"post-7099","1":"product","2":"type-product","3":"status-publish","4":"has-post-thumbnail","6":"product_cat-todos-teclados","7":"product_tag-pima","8":"product_tag-teclados","9":"product_tag-todos","11":"first","12":"outofstock","13":"sale","14":"shipping-taxable","15":"purchasable","16":"product-type-simple"},"_links":{"self":[{"href":"https:\/\/soydeaqui.ddns.net\/pachuca\/index.php\/wp-json\/wp\/v2\/product\/7099","targetHints":{"allow":["GET"]}}],"collection":[{"href":"https:\/\/soydeaqui.ddns.net\/pachuca\/index.php\/wp-json\/wp\/v2\/product"}],"about":[{"href":"https:\/\/soydeaqui.ddns.net\/pachuca\/index.php\/wp-json\/wp\/v2\/types\/product"}],"replies":[{"embeddable":true,"href":"https:\/\/soydeaqui.ddns.net\/pachuca\/index.php\/wp-json\/wp\/v2\/comments?post=7099"}],"wp:featuredmedia":[{"embeddable":true,"href":"https:\/\/soydeaqui.ddns.net\/pachuca\/index.php\/wp-json\/wp\/v2\/media\/7098"}],"wp:attachment":[{"href":"https:\/\/soydeaqui.ddns.net\/pachuca\/index.php\/wp-json\/wp\/v2\/media?parent=7099"}],"wp:term":[{"taxonomy":"product_brand","embeddable":true,"href":"https:\/\/soydeaqui.ddns.net\/pachuca\/index.php\/wp-json\/wp\/v2\/product_brand?post=7099"},{"taxonomy":"product_cat","embeddable":true,"href":"https:\/\/soydeaqui.ddns.net\/pachuca\/index.php\/wp-json\/wp\/v2\/product_cat?post=7099"},{"taxonomy":"product_tag","embeddable":true,"href":"https:\/\/soydeaqui.ddns.net\/pachuca\/index.php\/wp-json\/wp\/v2\/product_tag?post=7099"}],"curies":[{"name":"wp","href":"https:\/\/api.w.org\/{rel}","templated":true}]}}