{"id":70988,"date":"2026-03-19T11:48:12","date_gmt":"2026-03-19T11:48:12","guid":{"rendered":"https:\/\/soydeaqui.ddns.net\/pachuca\/index.php\/producto\/hap-ac3-router-inalambrico-de-doble-banda-con-5-puertos-gigabit-ethernet-y-antenas-externas-de-alta-ganancia\/"},"modified":"2026-03-19T11:48:20","modified_gmt":"2026-03-19T11:48:20","slug":"hap-ac3-router-inalambrico-de-doble-banda-con-5-puertos-gigabit-ethernet-y-antenas-externas-de-alta-ganancia","status":"publish","type":"product","link":"https:\/\/soydeaqui.ddns.net\/pachuca\/index.php\/producto\/hap-ac3-router-inalambrico-de-doble-banda-con-5-puertos-gigabit-ethernet-y-antenas-externas-de-alta-ganancia\/","title":{"rendered":"(hAP ac3)  Router inal\u00e1mbrico de doble banda con 5 puertos Gigabit Ethernet y antenas externas de alta ganancia"},"content":{"rendered":"<div style='width: 100%; max-width: 1200px; margin: 0 auto; font-family: sans-serif; line-height: 1.6; color: inherit; background-color: transparent;'> <!-- Secci\u00f3n de descripci\u00f3n --> <\/p>\n<div style='margin-bottom: 30px;'>\n<p style='font-size: 15px; margin-bottom: 15px; color: inherit;'>Olv\u00eddate de la b\u00fasqueda sin fin para el router perfecto y el desplazamiento a trav\u00e9s de una eternidad de comentarios y especificaciones! Hemos creado un \u00fanico punto de acceso residencial asequible que tiene todas las caracter\u00edsticas que puede necesitar en los a\u00f1os venideros.<\/p>\n<p style='font-size: 15px; margin-bottom: 15px; color: inherit;'>\u00bfSu antiguo router est\u00e1 luchando para llegar a todos los rincones de su casa? \u00a1Olv\u00eddate de eso! Hemos incluido antenas inal\u00e1mbricas externas de alta ganancia con una cobertura excepcional. S\u00f3lo conexi\u00f3n inal\u00e1mbrica fuerte y estable en todas las habitaciones de ahora en adelante!<\/p>\n<p style='font-size: 15px; margin-bottom: 15px; color: inherit;'>Con 5 puertos Gigabit Ethernet&comma; 256 MB de RAM y CPU de cuatro n\u00facleos&comma; hAP ac3 puede satisfacer incluso a los hogares m\u00e1s grandes y exigentes. Con soporte PoE&comma; puede alimentar o ser alimentado por otros dispositivos. Hay un NAND de 128 MB y un puerto USB de tama\u00f1o completo que puede usar para agregar almacenamiento adicional. La nueva carcasa permite montar el dispositivo vertical u horizontalmente. Tambi\u00e9n incluye un juego de montaje en pared.<\/p>\n<\/p><\/div>\n<p> <!-- Secci\u00f3n de especificaciones --> <\/p>\n<div style='display: flex; flex-wrap: wrap; gap: 20px; margin-bottom: 30px;'>\n<div style='flex: 1 1 250px; border: 1px solid rgba(150&comma; 150&comma; 150&comma; 0.4); border-radius: 8px; overflow: hidden; display: flex; flex-direction: column;'>\n<div style='padding: 15px; border-bottom: 1px solid rgba(150&comma; 150&comma; 150&comma; 0.2); font-weight: bold; font-size: 18px; color: inherit;'>Especificaciones<\/div>\n<div style='padding: 15px; color: inherit;'>\n<ul style='padding-left: 20px; margin: 0; font-size: 14px; list-style-type: disc;'>\n<li style='margin-bottom: 5px;'><strong>C\u00f3digo del producto:<\/strong> RBD53iG-5HacD2HnD<\/li>\n<li style='margin-bottom: 5px;'><strong>Arquitectura:<\/strong> ARM 32bit<\/li>\n<li style='margin-bottom: 5px;'><strong>CPU:<\/strong> IPQ-4019<\/li>\n<li style='margin-bottom: 5px;'><strong>N\u00facleos de CPU:<\/strong> 4<\/li>\n<li style='margin-bottom: 5px;'><strong>Frecuencia CPU:<\/strong> 716 MHz<\/li>\n<li style='margin-bottom: 5px;'><strong>Dimensiones:<\/strong> 251 x 129 x 39 mm<\/li>\n<li style='margin-bottom: 5px;'><strong>Licencia RouterOS:<\/strong> 4<\/li>\n<li style='margin-bottom: 5px;'><strong>Sistema operativo:<\/strong> <a style='color: inherit; text-decoration: none;' href='https:\/\/wiki.mikrotik.com\/wiki\/Manual:TOC' target='_blank' rel='noopener'>RouterOS<\/a><\/li>\n<li style='margin-bottom: 5px;'><strong>RAM:<\/strong> 256 MB<\/li>\n<li style='margin-bottom: 5px;'><strong>Almacenamiento:<\/strong> 128 MB<\/li>\n<li style='margin-bottom: 5px;'><strong>Tipo de almacenamiento:<\/strong> NAND<\/li>\n<li style='margin-bottom: 5px;'><strong>Temperatura operativa:<\/strong> -40 oC a 70 oC<\/li>\n<li style='margin-bottom: 5px;'><strong>MTBF:<\/strong> Aproximadamente 100&#8217;000 horas a 25\u00b0C<\/li>\n<\/ul><\/div>\n<\/p><\/div>\n<div style='flex: 1 1 250px; border: 1px solid rgba(150&comma; 150&comma; 150&comma; 0.4); border-radius: 8px; overflow: hidden; display: flex; flex-direction: column;'>\n<div style='padding: 15px; border-bottom: 1px solid rgba(150&comma; 150&comma; 150&comma; 0.2); font-weight: bold; font-size: 18px; color: inherit;'>Capacidades inal\u00e1mbricas<\/div>\n<div style='padding: 15px; color: inherit;'>\n<ul style='padding-left: 20px; margin: 0; font-size: 14px; list-style-type: disc;'>\n<li style='margin-bottom: 5px;'><strong>2.4 GHz:<\/strong> 300 Mbit\/s (802.11b\/g\/n&comma; Wi-Fi 4)<\/li>\n<li style='margin-bottom: 5px;'><strong>5 GHz:<\/strong> 867 Mbit\/s (802.11a\/n\/ac&comma; Wi-Fi 5)<\/li>\n<li style='margin-bottom: 5px;'><strong>Velocidad total Wi-Fi:<\/strong> AC1200<\/li>\n<li style='margin-bottom: 5px;'><strong>Antenas 2.4 GHz:<\/strong> 3 dBi (2&#215;2)<\/li>\n<li style='margin-bottom: 5px;'><strong>Antenas 5 GHz:<\/strong> 5.5 dBi (2&#215;2)<\/li>\n<\/ul><\/div>\n<\/p><\/div>\n<div style='flex: 1 1 250px; border: 1px solid rgba(150&comma; 150&comma; 150&comma; 0.4); border-radius: 8px; overflow: hidden; display: flex; flex-direction: column;'>\n<div style='padding: 15px; border-bottom: 1px solid rgba(150&comma; 150&comma; 150&comma; 0.2); font-weight: bold; font-size: 18px; color: inherit;'>Conectividad<\/div>\n<div style='padding: 15px; color: inherit;'>\n<ul style='padding-left: 20px; margin: 0; font-size: 14px; list-style-type: disc;'>\n<li style='margin-bottom: 5px;'><strong>Ethernet:<\/strong> 5 puertos 10\/100\/1000<\/li>\n<li style='margin-bottom: 5px;'><strong>PoE-out:<\/strong> 1 puerto (Ether5)<\/li>\n<li style='margin-bottom: 5px;'><strong>USB:<\/strong> 1 puerto tipo A<\/li>\n<li style='margin-bottom: 5px;'><strong>Montaje:<\/strong> Vertical u horizontal<\/li>\n<\/ul><\/div>\n<\/p><\/div>\n<div style='flex: 1 1 250px; border: 1px solid rgba(150&comma; 150&comma; 150&comma; 0.4); border-radius: 8px; overflow: hidden; display: flex; flex-direction: column;'>\n<div style='padding: 15px; border-bottom: 1px solid rgba(150&comma; 150&comma; 150&comma; 0.2); font-weight: bold; font-size: 18px; color: inherit;'>Alimentaci\u00f3n<\/div>\n<div style='padding: 15px; color: inherit;'>\n<ul style='padding-left: 20px; margin: 0; font-size: 14px; list-style-type: disc;'>\n<li style='margin-bottom: 5px;'><strong>Tipo:<\/strong> PoE pasivo<\/li>\n<li style='margin-bottom: 5px;'><strong>Entrada:<\/strong> 18-28 V<\/li>\n<li style='margin-bottom: 5px;'><strong>Consumo:<\/strong> 30 W (m\u00e1x)<\/li>\n<li style='margin-bottom: 5px;'><strong>Consumo sin accesorios:<\/strong> 12 W<\/li>\n<li style='margin-bottom: 5px;'><strong>Refrigeraci\u00f3n:<\/strong> Pasiva<\/li>\n<\/ul><\/div>\n<\/p><\/div>\n<div style='flex: 1 1 250px; border: 1px solid rgba(150&comma; 150&comma; 150&comma; 0.4); border-radius: 8px; overflow: hidden; display: flex; flex-direction: column;'>\n<div style='padding: 15px; border-bottom: 1px solid rgba(150&comma; 150&comma; 150&comma; 0.2); font-weight: bold; font-size: 18px; color: inherit;'>Certificaciones<\/div>\n<div style='padding: 15px; color: inherit;'>\n<ul style='padding-left: 20px; margin: 0; font-size: 14px; list-style-type: disc;'>\n<li style='margin-bottom: 5px;'><strong>Est\u00e1ndares:<\/strong> CE&comma; FCC&comma; IC&comma; EAC&comma; ROHS<\/li>\n<\/ul><\/div>\n<\/p><\/div>\n<\/p><\/div>\n<p> <!-- Tabla de rendimiento Ethernet --> <\/p>\n<div style='margin-bottom: 30px;'>\n<h3 style='font-size: 22px; border-bottom: 2px solid currentColor; padding-bottom: 5px; margin-top: 0; margin-bottom: 15px; color: inherit; opacity: 0.8;'>Rendimiento Ethernet<\/h3>\n<div style='overflow-x: auto;'>\n<table style='width: 100%; border-collapse: collapse; margin-bottom: 15px; color: inherit;'>\n<thead style='background-color: rgba(150&comma; 150&comma; 150&comma; 0.1);'>\n<tr>\n<th style='padding: 10px; border: 1px solid rgba(150&comma; 150&comma; 150&comma; 0.3); text-align: left; font-weight: bold; background-color: rgba(150&comma; 150&comma; 150&comma; 0.1);'>Modo<\/th>\n<th style='padding: 10px; border: 1px solid rgba(150&comma; 150&comma; 150&comma; 0.3); text-align: left; font-weight: bold; background-color: rgba(150&comma; 150&comma; 150&comma; 0.1);'>Configuraci\u00f3n<\/th>\n<th style='padding: 10px; border: 1px solid rgba(150&comma; 150&comma; 150&comma; 0.3); text-align: center; font-weight: bold; background-color: rgba(150&comma; 150&comma; 150&comma; 0.1);' colspan='2'>1518 bytes<\/th>\n<th style='padding: 10px; border: 1px solid rgba(150&comma; 150&comma; 150&comma; 0.3); text-align: center; font-weight: bold; background-color: rgba(150&comma; 150&comma; 150&comma; 0.1);' colspan='2'>512 bytes<\/th>\n<th style='padding: 10px; border: 1px solid rgba(150&comma; 150&comma; 150&comma; 0.3); text-align: center; font-weight: bold; background-color: rgba(150&comma; 150&comma; 150&comma; 0.1);' colspan='2'>64 bytes<\/th>\n<\/tr>\n<tr>\n<th style='padding: 10px; border: 1px solid rgba(150&comma; 150&comma; 150&comma; 0.3); text-align: left; background-color: rgba(150&comma; 150&comma; 150&comma; 0.1);'><\/th>\n<th style='padding: 10px; border: 1px solid rgba(150&comma; 150&comma; 150&comma; 0.3); text-align: left; background-color: rgba(150&comma; 150&comma; 150&comma; 0.1);'><\/th>\n<th style='padding: 10px; border: 1px solid rgba(150&comma; 150&comma; 150&comma; 0.3); text-align: center; background-color: rgba(150&comma; 150&comma; 150&comma; 0.1);'>kpps<\/th>\n<th style='padding: 10px; border: 1px solid rgba(150&comma; 150&comma; 150&comma; 0.3); text-align: center; background-color: rgba(150&comma; 150&comma; 150&comma; 0.1);'>Mbps<\/th>\n<th style='padding: 10px; border: 1px solid rgba(150&comma; 150&comma; 150&comma; 0.3); text-align: center; background-color: rgba(150&comma; 150&comma; 150&comma; 0.1);'>kpps<\/th>\n<th style='padding: 10px; border: 1px solid rgba(150&comma; 150&comma; 150&comma; 0.3); text-align: center; background-color: rgba(150&comma; 150&comma; 150&comma; 0.1);'>Mbps<\/th>\n<th style='padding: 10px; border: 1px solid rgba(150&comma; 150&comma; 150&comma; 0.3); text-align: center; background-color: rgba(150&comma; 150&comma; 150&comma; 0.1);'>kpps<\/th>\n<th style='padding: 10px; border: 1px solid rgba(150&comma; 150&comma; 150&comma; 0.3); text-align: center; background-color: rgba(150&comma; 150&comma; 150&comma; 0.1);'>Mbps<\/th>\n<\/tr>\n<\/thead>\n<tbody>\n<tr style='background-color: rgba(150&comma; 150&comma; 150&comma; 0.05);'>\n<td style='padding: 8px; border: 1px solid rgba(150&comma; 150&comma; 150&comma; 0.3);'>Bridging<\/td>\n<td style='padding: 8px; border: 1px solid rgba(150&comma; 150&comma; 150&comma; 0.3);'>none (fast path)<\/td>\n<td style='padding: 8px; border: 1px solid rgba(150&comma; 150&comma; 150&comma; 0.3); text-align: center;'>162&comma;5<\/td>\n<td style='padding: 8px; border: 1px solid rgba(150&comma; 150&comma; 150&comma; 0.3); text-align: center;'>1973.4<\/td>\n<td style='padding: 8px; border: 1px solid rgba(150&comma; 150&comma; 150&comma; 0.3); text-align: center;'>469&comma;9<\/td>\n<td style='padding: 8px; border: 1px solid rgba(150&comma; 150&comma; 150&comma; 0.3); text-align: center;'>1924.7<\/td>\n<td style='padding: 8px; border: 1px solid rgba(150&comma; 150&comma; 150&comma; 0.3); text-align: center;'>1488&comma;4<\/td>\n<td style='padding: 8px; border: 1px solid rgba(150&comma; 150&comma; 150&comma; 0.3); text-align: center;'>762.1<\/td>\n<\/tr>\n<tr>\n<td style='padding: 8px; border: 1px solid rgba(150&comma; 150&comma; 150&comma; 0.3);'>Bridging<\/td>\n<td style='padding: 8px; border: 1px solid rgba(150&comma; 150&comma; 150&comma; 0.3);'>25 bridge filter rules<\/td>\n<td style='padding: 8px; border: 1px solid rgba(150&comma; 150&comma; 150&comma; 0.3); text-align: center;'>162&comma;5<\/td>\n<td style='padding: 8px; border: 1px solid rgba(150&comma; 150&comma; 150&comma; 0.3); text-align: center;'>1973.4<\/td>\n<td style='padding: 8px; border: 1px solid rgba(150&comma; 150&comma; 150&comma; 0.3); text-align: center;'>351&comma;2<\/td>\n<td style='padding: 8px; border: 1px solid rgba(150&comma; 150&comma; 150&comma; 0.3); text-align: center;'>1438.5<\/td>\n<td style='padding: 8px; border: 1px solid rgba(150&comma; 150&comma; 150&comma; 0.3); text-align: center;'>352&comma;1<\/td>\n<td style='padding: 8px; border: 1px solid rgba(150&comma; 150&comma; 150&comma; 0.3); text-align: center;'>180.3<\/td>\n<\/tr>\n<tr style='background-color: rgba(150&comma; 150&comma; 150&comma; 0.05);'>\n<td style='padding: 8px; border: 1px solid rgba(150&comma; 150&comma; 150&comma; 0.3);'>Routing<\/td>\n<td style='padding: 8px; border: 1px solid rgba(150&comma; 150&comma; 150&comma; 0.3);'>none (fast path)<\/td>\n<td style='padding: 8px; border: 1px solid rgba(150&comma; 150&comma; 150&comma; 0.3); text-align: center;'>162&comma;5<\/td>\n<td style='padding: 8px; border: 1px solid rgba(150&comma; 150&comma; 150&comma; 0.3); text-align: center;'>1973.4<\/td>\n<td style='padding: 8px; border: 1px solid rgba(150&comma; 150&comma; 150&comma; 0.3); text-align: center;'>469&comma;9<\/td>\n<td style='padding: 8px; border: 1px solid rgba(150&comma; 150&comma; 150&comma; 0.3); text-align: center;'>1924.7<\/td>\n<td style='padding: 8px; border: 1px solid rgba(150&comma; 150&comma; 150&comma; 0.3); text-align: center;'>1488&comma;4<\/td>\n<td style='padding: 8px; border: 1px solid rgba(150&comma; 150&comma; 150&comma; 0.3); text-align: center;'>762.1<\/td>\n<\/tr>\n<tr>\n<td style='padding: 8px; border: 1px solid rgba(150&comma; 150&comma; 150&comma; 0.3);'>Routing<\/td>\n<td style='padding: 8px; border: 1px solid rgba(150&comma; 150&comma; 150&comma; 0.3);'>25 simple queues<\/td>\n<td style='padding: 8px; border: 1px solid rgba(150&comma; 150&comma; 150&comma; 0.3); text-align: center;'>162&comma;5<\/td>\n<td style='padding: 8px; border: 1px solid rgba(150&comma; 150&comma; 150&comma; 0.3); text-align: center;'>1973.4<\/td>\n<td style='padding: 8px; border: 1px solid rgba(150&comma; 150&comma; 150&comma; 0.3); text-align: center;'>468&comma;6<\/td>\n<td style='padding: 8px; border: 1px solid rgba(150&comma; 150&comma; 150&comma; 0.3); text-align: center;'>1919.4<\/td>\n<td style='padding: 8px; border: 1px solid rgba(150&comma; 150&comma; 150&comma; 0.3); text-align: center;'>493&comma;4<\/td>\n<td style='padding: 8px; border: 1px solid rgba(150&comma; 150&comma; 150&comma; 0.3); text-align: center;'>252.6<\/td>\n<\/tr>\n<tr style='background-color: rgba(150&comma; 150&comma; 150&comma; 0.05);'>\n<td style='padding: 8px; border: 1px solid rgba(150&comma; 150&comma; 150&comma; 0.3);'>Routing<\/td>\n<td style='padding: 8px; border: 1px solid rgba(150&comma; 150&comma; 150&comma; 0.3);'>25 ip filter rules<\/td>\n<td style='padding: 8px; border: 1px solid rgba(150&comma; 150&comma; 150&comma; 0.3); text-align: center;'>162&comma;5<\/td>\n<td style='padding: 8px; border: 1px solid rgba(150&comma; 150&comma; 150&comma; 0.3); text-align: center;'>1973.4<\/td>\n<td style='padding: 8px; border: 1px solid rgba(150&comma; 150&comma; 150&comma; 0.3); text-align: center;'>222&comma;8<\/td>\n<td style='padding: 8px; border: 1px solid rgba(150&comma; 150&comma; 150&comma; 0.3); text-align: center;'>912.6<\/td>\n<td style='padding: 8px; border: 1px solid rgba(150&comma; 150&comma; 150&comma; 0.3); text-align: center;'>227&comma;4<\/td>\n<td style='padding: 8px; border: 1px solid rgba(150&comma; 150&comma; 150&comma; 0.3); text-align: center;'>116.4<\/td>\n<\/tr>\n<\/tbody>\n<\/table><\/div>\n<\/p><\/div>\n<p> <!-- Notas de prueba --> <\/p>\n<div style='margin-bottom: 30px;'>\n<h3 style='font-size: 18px; margin-top: 0; margin-bottom: 10px; color: inherit; opacity: 0.8;'>Notas de prueba<\/h3>\n<ul style='padding-left: 20px; font-size: 13px; color: inherit;'>\n<li style='margin-bottom: 5px;'>Todas las pruebas se realizaron con equipo especializado Xena Networks (XenaBay)&comma; y seg\u00fan RFC2544 (Xena2544)<\/li>\n<li style='margin-bottom: 5px;'>El rendimiento m\u00e1ximo se determin\u00f3 con intentos de 30+ segundos con tolerancia de p\u00e9rdida de paquetes del 0&comma;1% en tama\u00f1os de paquetes de 64&comma; 512&comma; 1518 bytes<\/li>\n<li style='margin-bottom: 5px;'>Los resultados muestran el rendimiento m\u00e1ximo del dispositivo&comma; y se lograron con la configuraci\u00f3n de hardware y software mencionada&comma; diferentes configuraciones probablemente dar\u00e1n resultados m\u00e1s bajos<\/li>\n<\/ul><\/div>\n<p> <!-- Secci\u00f3n de especificaciones inal\u00e1mbricas --> <\/p>\n<div style='display: flex; flex-wrap: wrap; gap: 20px; margin-bottom: 30px;'>\n<div style='flex: 1 1 250px; min-width: 200px;'>\n<h3 style='font-size: 18px; border-bottom: 1px solid currentColor; padding-bottom: 5px; margin-top: 0; margin-bottom: 15px; color: inherit; opacity: 0.8;'>Especificaciones inal\u00e1mbricas 2.4GHz<\/h3>\n<ul style='padding-left: 20px; font-size: 14px; color: inherit;'>\n<li style='margin-bottom: 5px;'><strong>1MBit\/s:<\/strong> Transmisi\u00f3n 25dBm&comma; Sensibilidad -100<\/li>\n<\/ul><\/div>\n<\/p><\/div>\n<p> <!-- Separador --> <\/p>\n<hr style='border: 0; border-top: 1px solid rgba(150&comma; 150&comma; 150&comma; 0.3); margin: 30px 0;'> <\/div>\n","protected":false},"excerpt":{"rendered":"<p>(hAP ac3)  Router inal\u00e1mbrico de doble banda con 5 puertos Gigabit Ethernet y antenas externas de alta ganancia<\/p>\n","protected":false},"featured_media":70987,"comment_status":"open","ping_status":"closed","template":"","meta":[],"product_brand":[],"product_cat":[2024],"product_tag":[643,1479,2025],"class_list":{"0":"post-70988","1":"product","2":"type-product","3":"status-publish","4":"has-post-thumbnail","6":"product_cat-routers-inalambricos","7":"product_tag-mikrotik","8":"product_tag-redes-wifi","9":"product_tag-routers-inalambricos","11":"first","12":"instock","13":"sale","14":"shipping-taxable","15":"purchasable","16":"product-type-simple"},"_links":{"self":[{"href":"https:\/\/soydeaqui.ddns.net\/pachuca\/index.php\/wp-json\/wp\/v2\/product\/70988","targetHints":{"allow":["GET"]}}],"collection":[{"href":"https:\/\/soydeaqui.ddns.net\/pachuca\/index.php\/wp-json\/wp\/v2\/product"}],"about":[{"href":"https:\/\/soydeaqui.ddns.net\/pachuca\/index.php\/wp-json\/wp\/v2\/types\/product"}],"replies":[{"embeddable":true,"href":"https:\/\/soydeaqui.ddns.net\/pachuca\/index.php\/wp-json\/wp\/v2\/comments?post=70988"}],"wp:featuredmedia":[{"embeddable":true,"href":"https:\/\/soydeaqui.ddns.net\/pachuca\/index.php\/wp-json\/wp\/v2\/media\/70987"}],"wp:attachment":[{"href":"https:\/\/soydeaqui.ddns.net\/pachuca\/index.php\/wp-json\/wp\/v2\/media?parent=70988"}],"wp:term":[{"taxonomy":"product_brand","embeddable":true,"href":"https:\/\/soydeaqui.ddns.net\/pachuca\/index.php\/wp-json\/wp\/v2\/product_brand?post=70988"},{"taxonomy":"product_cat","embeddable":true,"href":"https:\/\/soydeaqui.ddns.net\/pachuca\/index.php\/wp-json\/wp\/v2\/product_cat?post=70988"},{"taxonomy":"product_tag","embeddable":true,"href":"https:\/\/soydeaqui.ddns.net\/pachuca\/index.php\/wp-json\/wp\/v2\/product_tag?post=70988"}],"curies":[{"name":"wp","href":"https:\/\/api.w.org\/{rel}","templated":true}]}}