{"id":70983,"date":"2026-03-19T11:48:01","date_gmt":"2026-03-19T11:48:01","guid":{"rendered":"https:\/\/soydeaqui.ddns.net\/pachuca\/index.php\/producto\/panel-de-distribucin-de-fibra-ptica-acepta-8-placas-fap-o-fmp-bandeja-deslizable-hasta-96-fibras-color-negro-2-ur\/"},"modified":"2026-03-19T11:48:10","modified_gmt":"2026-03-19T11:48:10","slug":"panel-de-distribucin-de-fibra-ptica-acepta-8-placas-fap-o-fmp-bandeja-deslizable-hasta-96-fibras-color-negro-2-ur","status":"publish","type":"product","link":"https:\/\/soydeaqui.ddns.net\/pachuca\/index.php\/producto\/panel-de-distribucin-de-fibra-ptica-acepta-8-placas-fap-o-fmp-bandeja-deslizable-hasta-96-fibras-color-negro-2-ur\/","title":{"rendered":"Panel de Distribuci?n de Fibra ?ptica, Acepta 8 Placas FAP o FMP, Bandeja Deslizable, Hasta 96 Fibras, Color Negro, 2 UR"},"content":{"rendered":"<div style='width: 100%; max-width: 1200px; margin: 0 auto; font-family: sans-serif; line-height: 1.6; color: inherit; background-color: transparent;'>\n<div style='display: flex; flex-wrap: wrap; gap: 30px; margin-bottom: 30px;'>\n<div style='flex: 1 1 300px; min-width: 280px;'>\n<h3 style='font-size: 22px; border-bottom: 2px solid currentColor; padding-bottom: 5px; margin-top: 0; color: inherit; opacity: 0.8;'>Descripci\u00f3n<\/h3>\n<p style='margin: 0 0 15px; color: inherit;'>El panel de distribuci\u00f3n Panduit\u00ae Opticom\u00ae est\u00e1 dise\u00f1ado para organizar la distribuci\u00f3n de fibra cuando el espacio es limitado. El vers\u00e1til panel es completamente modular y admite hasta 8 cassettes QuickNet&comma; paneles adaptadores FAP y FMP&comma; as\u00ed como 96 hilos de fibra \u00f3ptica. Adem\u00e1s&comma; los usuarios pueden elegir c\u00f3mo pasar los cables a trav\u00e9s de la entrada lateral o posterior&comma; e incluso acceder f\u00e1cilmente a los cables a trav\u00e9s de una cubierta superior extra\u00edble.<\/p>\n<\/p><\/div>\n<\/p><\/div>\n<div style='display: flex; flex-wrap: wrap; gap: 20px; margin-bottom: 30px;'>\n<div style='flex: 1 1 250px; border: 1px solid rgba(150&comma; 150&comma; 150&comma; 0.4); border-radius: 8px; overflow: hidden; display: flex; flex-direction: column;'>\n<div style='padding: 15px; border-bottom: 1px solid rgba(150&comma; 150&comma; 150&comma; 0.2); font-weight: bold; font-size: 18px; color: inherit;'>Especificaciones T\u00e9cnicas<\/div>\n<div style='padding: 15px; color: inherit;'>\n<ul style='padding-left: 20px; margin: 0; font-size: 14px; list-style-type: disc;'>\n<li style='margin-bottom: 5px; color: inherit;'>Funciona con todos los paneles y casetes adaptadores de fibra Panduit LC&comma; SC&comma; ST&comma; MT-RJ y MTP<\/li>\n<li style='margin-bottom: 5px; color: inherit;'>Montaje: instalaci\u00f3n est\u00e1ndar EIA 19in<\/li>\n<li style='margin-bottom: 5px; color: inherit;'>N\u00famero de unidades de rack: 8<\/li>\n<li style='margin-bottom: 5px; color: inherit;'>Ancho total (pulg.): 19.85<\/li>\n<li style='margin-bottom: 5px; color: inherit;'>Ancho total (mm): 504 mm<\/li>\n<li style='margin-bottom: 5px; color: inherit;'>Profundidad total (pulg.): 15.33<\/li>\n<li style='margin-bottom: 5px; color: inherit;'>Profundidad total (mm): 389.5<\/li>\n<li style='margin-bottom: 5px; color: inherit;'>Altura total (pulg.): 3.48<\/li>\n<li style='margin-bottom: 5px; color: inherit;'>Altura total (mm): 88.3<\/li>\n<\/ul><\/div>\n<\/p><\/div>\n<\/p><\/div>\n<hr style='border: 0; border-top: 1px solid rgba(150&comma; 150&comma; 150&comma; 0.3); margin: 30px 0;'> <\/div>\n","protected":false},"excerpt":{"rendered":"<p>Panel de Distribuci?n de Fibra ?ptica, Acepta 8 Placas FAP o FMP, Bandeja Deslizable, Hasta 96 Fibras, Color Negro, 2 UR<\/p>\n","protected":false},"featured_media":70982,"comment_status":"open","ping_status":"closed","template":"","meta":[],"product_brand":[],"product_cat":[621],"product_tag":[622,611,445],"class_list":{"0":"post-70983","1":"product","2":"type-product","3":"status-publish","4":"has-post-thumbnail","6":"product_cat-distribuidores-de-fibra-optica","7":"product_tag-distribuidores-de-fibra-optica","8":"product_tag-fibra-optica","9":"product_tag-panduit","11":"first","12":"outofstock","13":"sale","14":"shipping-taxable","15":"purchasable","16":"product-type-simple"},"_links":{"self":[{"href":"https:\/\/soydeaqui.ddns.net\/pachuca\/index.php\/wp-json\/wp\/v2\/product\/70983","targetHints":{"allow":["GET"]}}],"collection":[{"href":"https:\/\/soydeaqui.ddns.net\/pachuca\/index.php\/wp-json\/wp\/v2\/product"}],"about":[{"href":"https:\/\/soydeaqui.ddns.net\/pachuca\/index.php\/wp-json\/wp\/v2\/types\/product"}],"replies":[{"embeddable":true,"href":"https:\/\/soydeaqui.ddns.net\/pachuca\/index.php\/wp-json\/wp\/v2\/comments?post=70983"}],"wp:featuredmedia":[{"embeddable":true,"href":"https:\/\/soydeaqui.ddns.net\/pachuca\/index.php\/wp-json\/wp\/v2\/media\/70982"}],"wp:attachment":[{"href":"https:\/\/soydeaqui.ddns.net\/pachuca\/index.php\/wp-json\/wp\/v2\/media?parent=70983"}],"wp:term":[{"taxonomy":"product_brand","embeddable":true,"href":"https:\/\/soydeaqui.ddns.net\/pachuca\/index.php\/wp-json\/wp\/v2\/product_brand?post=70983"},{"taxonomy":"product_cat","embeddable":true,"href":"https:\/\/soydeaqui.ddns.net\/pachuca\/index.php\/wp-json\/wp\/v2\/product_cat?post=70983"},{"taxonomy":"product_tag","embeddable":true,"href":"https:\/\/soydeaqui.ddns.net\/pachuca\/index.php\/wp-json\/wp\/v2\/product_tag?post=70983"}],"curies":[{"name":"wp","href":"https:\/\/api.w.org\/{rel}","templated":true}]}}