{"id":70976,"date":"2026-03-19T11:47:42","date_gmt":"2026-03-19T11:47:42","guid":{"rendered":"https:\/\/soydeaqui.ddns.net\/pachuca\/index.php\/producto\/cierre-de-empalme-para-20-fusiones-de-fibra-ptica-exterior-8-acopladores-sc-apc-incluye-splitter-1x8-ip65-versin-cargada\/"},"modified":"2026-03-19T11:47:56","modified_gmt":"2026-03-19T11:47:56","slug":"cierre-de-empalme-para-20-fusiones-de-fibra-ptica-exterior-8-acopladores-sc-apc-incluye-splitter-1x8-ip65-versin-cargada","status":"publish","type":"product","link":"https:\/\/soydeaqui.ddns.net\/pachuca\/index.php\/producto\/cierre-de-empalme-para-20-fusiones-de-fibra-ptica-exterior-8-acopladores-sc-apc-incluye-splitter-1x8-ip65-versin-cargada\/","title":{"rendered":"Cierre de Empalme para 20 Fusiones de Fibra ?ptica, Exterior, 8 Acopladores SC\/APC, Incluye Splitter 1&#215;8, IP65 Versi?n Cargada"},"content":{"rendered":"<div style='width: 100%; max-width: 1200px; margin: 0 auto; font-family: sans-serif; line-height: 1.6; color: inherit; background-color: transparent;'> <!-- Logo --> <\/p>\n<div style='text-align: center; margin-bottom: 30px;'> <img style='width: 100%; max-width: 472px; height: auto; border: 1px solid rgba(150&comma;150&comma;150&comma;0.3); border-radius: 8px;' src='https:\/\/ftp3.syscom.mx\/usuarios\/orobles\/FiberHome\/GPON\/fiberhome_logo.png' alt='Logo FiberHome'> <\/div>\n<p> <!-- Descripci\u00f3n general --> <\/p>\n<div style='margin-bottom: 30px;'>\n<p style='font-size: 15px; color: inherit; margin: 0 0 15px 0;'>El Cierre de Empame FDP-420A es una caja de acceso de fibra \u00f3ptica para suscriptores que se utiliza como uno de los elementos en la construcci\u00f3n de una red FTTH. Est\u00e1 dise\u00f1ado para proporcionar un punto de acceso protegido entre el cable de distribuci\u00f3n y el cable drop. Este producto puede mantener los componentes internos alejados de da\u00f1os ambientales externos. La se\u00f1al de entrada de distribuci\u00f3n se empalma a la entrada del splitter y las salidas se conectan a la fibra \u00f3ptica drop por medio de los acopladores. La serie FDP-420 es adecuada para la aplicaci\u00f3n tanto en LCP como en NAP en la arquitectura PON.<\/p>\n<\/p><\/div>\n<p> <!-- Caracter\u00edsticas --> <\/p>\n<div style='display: flex; flex-wrap: wrap; gap: 30px; margin-bottom: 30px;'>\n<div style='flex: 1 1 300px; min-width: 280px;'>\n<h3 style='font-size: 22px; border-bottom: 2px solid currentColor; padding-bottom: 5px; margin-top: 0; color: inherit; opacity: 0.8;'>Caracter\u00edsticas<\/h3>\n<ul style='padding-left: 20px; font-size: 15px; color: inherit; list-style-type: disc;'>\n<li style='margin-bottom: 5px;'>Aplicaci\u00f3n: Exterior<\/li>\n<li style='margin-bottom: 5px;'>Buena resistencia a los rayos UV<\/li>\n<li style='margin-bottom: 5px;'>Numerosas aplicaciones&comma; como empalmes directos&comma; ramificados y de medio tramo<\/li>\n<li style='margin-bottom: 5px;'>Material de alta resistencia con buena adaptabilidad al clima<\/li>\n<li style='margin-bottom: 5px;'>Nivel de protecci\u00f3n: IP65<\/li>\n<li style='margin-bottom: 5px;'>Montaje en poste (incluye accesorio)<\/li>\n<li style='margin-bottom: 5px;'>Admite la instalaci\u00f3n de splitters <strong>Incluye 1 splitter 1&#215;8<\/strong><\/li>\n<li style='margin-bottom: 5px;'>Excelente rendimiento de sellado. Es compatible con diferentes tipos de cables de fibra \u00f3ptica<\/li>\n<li style='margin-bottom: 5px;'>Dimensiones (mm): 305 x 248.5 x 120 (Alto x Ancho x Profundidad)<\/li>\n<li style='margin-bottom: 5px;'>16 puertos de salida para fibra drop<\/li>\n<li style='margin-bottom: 5px;'>4 puertos para cable de distribuci\u00f3n (\u03a6 5-16 mm)<\/li>\n<li style='margin-bottom: 5px;'>Color negro<\/li>\n<li style='margin-bottom: 5px;'>Temperatura de Operaci\u00f3n (\u00b0 C): -40\u00baC \u00ef\u00bd\u017e + 65\u00baC<\/li>\n<li style='margin-bottom: 5px;'>Incluye splitter 1&#215;8 con conectores de salida SC\/APC y 8 acopladores SC\/APC<\/li>\n<\/ul><\/div>\n<\/p><\/div>\n<p> <!-- Imagen del producto --> <\/p>\n<div style='margin-bottom: 30px;'> <img style='width: 100%; height: auto; border: 1px solid rgba(150&comma;150&comma;150&comma;0.3); border-radius: 8px;' src='https:\/\/ftp3.syscom.mx\/usuarios\/orobles\/FiberHome\/ODN\/FDP-420A_size.JPG' alt='Cierre de Empalme FDP420A'> <\/div>\n<\/p><\/div>\n","protected":false},"excerpt":{"rendered":"<p>Cierre de Empalme para 20 Fusiones de Fibra ?ptica, Exterior, 8 Acopladores SC\/APC, Incluye Splitter 1&#215;8, IP65 Versi?n Cargada<\/p>\n","protected":false},"featured_media":70975,"comment_status":"open","ping_status":"closed","template":"","meta":[],"product_brand":[],"product_cat":[621],"product_tag":[622,639,611],"class_list":{"0":"post-70976","1":"product","2":"type-product","3":"status-publish","4":"has-post-thumbnail","6":"product_cat-distribuidores-de-fibra-optica","7":"product_tag-distribuidores-de-fibra-optica","8":"product_tag-fiberhome","9":"product_tag-fibra-optica","11":"first","12":"instock","13":"sale","14":"shipping-taxable","15":"purchasable","16":"product-type-simple"},"_links":{"self":[{"href":"https:\/\/soydeaqui.ddns.net\/pachuca\/index.php\/wp-json\/wp\/v2\/product\/70976","targetHints":{"allow":["GET"]}}],"collection":[{"href":"https:\/\/soydeaqui.ddns.net\/pachuca\/index.php\/wp-json\/wp\/v2\/product"}],"about":[{"href":"https:\/\/soydeaqui.ddns.net\/pachuca\/index.php\/wp-json\/wp\/v2\/types\/product"}],"replies":[{"embeddable":true,"href":"https:\/\/soydeaqui.ddns.net\/pachuca\/index.php\/wp-json\/wp\/v2\/comments?post=70976"}],"wp:featuredmedia":[{"embeddable":true,"href":"https:\/\/soydeaqui.ddns.net\/pachuca\/index.php\/wp-json\/wp\/v2\/media\/70975"}],"wp:attachment":[{"href":"https:\/\/soydeaqui.ddns.net\/pachuca\/index.php\/wp-json\/wp\/v2\/media?parent=70976"}],"wp:term":[{"taxonomy":"product_brand","embeddable":true,"href":"https:\/\/soydeaqui.ddns.net\/pachuca\/index.php\/wp-json\/wp\/v2\/product_brand?post=70976"},{"taxonomy":"product_cat","embeddable":true,"href":"https:\/\/soydeaqui.ddns.net\/pachuca\/index.php\/wp-json\/wp\/v2\/product_cat?post=70976"},{"taxonomy":"product_tag","embeddable":true,"href":"https:\/\/soydeaqui.ddns.net\/pachuca\/index.php\/wp-json\/wp\/v2\/product_tag?post=70976"}],"curies":[{"name":"wp","href":"https:\/\/api.w.org\/{rel}","templated":true}]}}