{"id":70966,"date":"2026-03-19T11:47:21","date_gmt":"2026-03-19T11:47:21","guid":{"rendered":"https:\/\/soydeaqui.ddns.net\/pachuca\/index.php\/producto\/disco-duro-gold-de-10-tb-7200-rpm-optimizado-para-nas-raid-data-center-y-nvrs-de-gran-capacidad-uso-24-7-proteccion-antivibracion-5-anos-de-garantia-helioseal\/"},"modified":"2026-03-19T11:47:32","modified_gmt":"2026-03-19T11:47:32","slug":"disco-duro-gold-de-10-tb-7200-rpm-optimizado-para-nas-raid-data-center-y-nvrs-de-gran-capacidad-uso-24-7-proteccion-antivibracion-5-anos-de-garantia-helioseal","status":"publish","type":"product","link":"https:\/\/soydeaqui.ddns.net\/pachuca\/index.php\/producto\/disco-duro-gold-de-10-tb-7200-rpm-optimizado-para-nas-raid-data-center-y-nvrs-de-gran-capacidad-uso-24-7-proteccion-antivibracion-5-anos-de-garantia-helioseal\/","title":{"rendered":"Disco Duro Gold de 10 TB \/ 7200 RPM \/ Optimizado para NAS, RAID, Data Center y NVRs de Gran Capacidad \/ Uso 24-7 \/ Proteccion Antivibraci\u00f3n \/ 5 A\u00f1os de Garantia \/ HelioSeal"},"content":{"rendered":"<div style='width: 100%; max-width: 1200px; margin: 0 auto; font-family: sans-serif; line-height: 1.6; color: inherit; background-color: transparent;'> <!-- Secci\u00f3n de contenido con flex\/grid --> <\/p>\n<div style='display: flex; flex-wrap: wrap; gap: 30px; margin-bottom: 30px;'>\n<div style='flex: 1 1 300px; min-width: 280px;'>\n<h3 style='font-size: 22px; border-bottom: 2px solid currentColor; padding-bottom: 5px; margin-top: 0; color: inherit; opacity: 0.8;'>INVIERTA EN GOLD<\/h3>\n<p style='font-size: 15px; color: inherit;'>Con hasta diez veces la capacidad de carga de trabajo de los discos para ordenadores de sobremesa&comma; los discos duros WD Gold\u2122 est\u00e1n dise\u00f1ados para proporcionar caracter\u00edsticas de fiabilidad&comma; capacidad&comma; ahorro de energ\u00eda y rendimiento de clase empresarial.<\/p>\n<p> <img style='width: 100%; height: auto; border: 1px solid rgba(150&comma;150&comma;150&comma;0.3); border-radius: 8px;' src='http:\/\/ftp3.syscom.mx\/usuarios\/jdelafuente\/HIKVISION\/HDD\/Yellow%20RE\/DATACENTER.png' alt=''><\/div>\n<div style='flex: 1 1 300px; min-width: 280px;'>\n<ul style='padding-left: 20px; font-size: 15px; color: inherit;'>\n<li style='margin-bottom: 5px;'><strong>Alta carga de trabajo:<\/strong> Los discos duros WD Gold est\u00e1n dise\u00f1ados para aceptar cargas de trabajo de hasta 550 TB anuales*&comma; lo que significa una de las mayores capacidades para un disco duro de 3&comma;5 pulgadas y proporciona un rendimiento fiable en cualquier entorno de almacenamiento.<\/li>\n<li style='margin-bottom: 5px;'><strong>Almacenamiento de clase empresarial de confianza:<\/strong> Con un tiempo medio entre fallos (MTBF) de 2&comma;5 millones de horas&comma; los discos duros WD Gold proporcionan fiabilidad y durabilidad para un funcionamiento ininterrumpido (las 24 horas&comma; todos los d\u00edas) en los entornos de almacenamiento m\u00e1s exigentes y est\u00e1n respaldados por una garant\u00eda limitada de 5 a\u00f1os.<\/li>\n<li style='margin-bottom: 5px;'><strong>Tecnolog\u00eda HelioSeal\u2122:<\/strong> Presente en m\u00e1s de 15 millones de discos duros Western Digital\u2122 comercializados&comma; la tecnolog\u00eda HelioSeal\u2122 permite grandes configuraciones de almacenamiento con mayores capacidades y menos turbulencias. Y ahora&comma; con su dise\u00f1o de cuarta generaci\u00f3n&comma; la tecnolog\u00eda HelioSeal est\u00e1 probada y demostrada para proporcionar una alta capacidad&comma; fiabilidad y eficiencia energ\u00e9tica en las que puede confiar.<\/li>\n<\/ul><\/div>\n<\/p><\/div>\n<p> <!-- Secci\u00f3n de cards con especificaciones --> <\/p>\n<div style='display: flex; flex-wrap: wrap; gap: 20px; margin-bottom: 30px;'>\n<div style='flex: 1 1 250px; border: 1px solid rgba(150&comma; 150&comma; 150&comma; 0.4); border-radius: 8px; overflow: hidden; display: flex; flex-direction: column;'>\n<div style='padding: 15px; border-bottom: 1px solid rgba(150&comma; 150&comma; 150&comma; 0.2); font-weight: bold; font-size: 18px; color: inherit;'>PROTECCI\u00d3N CONTRA VIBRACIONES<\/div>\n<div style='padding: 15px; color: inherit;'>\n<ul style='padding-left: 20px; margin: 0; font-size: 14px; list-style-type: disc;'>\n<li style='margin-bottom: 5px;'>La tecnolog\u00eda RAFF\u2122 mejorada incluye componentes electr\u00f3nicos sofisticados para supervisar el disco y corregir la vibraci\u00f3n lineal y rotativa en tiempo real con el fin de obtener un rendimiento mejorado frente a los discos WD para ordenadores de sobremesa en los entornos con muchas vibraciones.<\/li>\n<\/ul><\/div>\n<\/p><\/div>\n<div style='flex: 1 1 250px; border: 1px solid rgba(150&comma; 150&comma; 150&comma; 0.4); border-radius: 8px; overflow: hidden; display: flex; flex-direction: column;'>\n<div style='padding: 15px; border-bottom: 1px solid rgba(150&comma; 150&comma; 150&comma; 0.2); font-weight: bold; font-size: 18px; color: inherit;'>RECUPERACI\u00d3N DE ERRORES EN TIEMPO LIMITADO (TLER) ESPEC\u00cdFICA PARA RAID<\/div>\n<div style='padding: 15px; color: inherit;'>\n<ul style='padding-left: 20px; margin: 0; font-size: 14px; list-style-type: disc;'>\n<li style='margin-bottom: 5px;'>Recuperaci\u00f3n de errores en tiempo limitado para reducir las posibilidades de que el disco deje de funcionar a causa de los extensos procesos de recuperaci\u00f3n de errores que son comunes en los discos para ordenadores de sobremesa.<\/li>\n<\/ul><\/div>\n<\/p><\/div>\n<div style='flex: 1 1 250px; border: 1px solid rgba(150&comma; 150&comma; 150&comma; 0.4); border-radius: 8px; overflow: hidden; display: flex; flex-direction: column;'>\n<div style='padding: 15px; border-bottom: 1px solid rgba(150&comma; 150&comma; 150&comma; 0.2); font-weight: bold; font-size: 18px; color: inherit;'>TECNOLOG\u00cdA DE ALTURA DE VUELO DIN\u00c1MICA<\/div>\n<div style='padding: 15px; color: inherit;'>\n<ul style='padding-left: 20px; margin: 0; font-size: 14px; list-style-type: disc;'>\n<li style='margin-bottom: 5px;'>La altura de vuelo del cabezal de lectura-escritura se ajusta en tiempo real para garantizar un rendimiento uniforme que reduzca los errores y optimice la fiabilidad.<\/li>\n<\/ul><\/div>\n<\/p><\/div>\n<div style='flex: 1 1 250px; border: 1px solid rgba(150&comma; 150&comma; 150&comma; 0.4); border-radius: 8px; overflow: hidden; display: flex; flex-direction: column;'>\n<div style='padding: 15px; border-bottom: 1px solid rgba(150&comma; 150&comma; 150&comma; 0.2); font-weight: bold; font-size: 18px; color: inherit;'>COMPATIBILIDAD GARANTIZADA<\/div>\n<div style='padding: 15px; color: inherit;'>\n<ul style='padding-left: 20px; margin: 0; font-size: 14px; list-style-type: disc;'>\n<li style='margin-bottom: 5px;'>Todos los discos duros WD Gold se someten a pruebas exhaustivas en diversos sistemas de almacenamiento OEM&comma; controladores SATA y adaptadores de bus hu\u00e9sped para garantizar la facilidad de integraci\u00f3n y una conexi\u00f3n sencilla.<\/li>\n<\/ul><\/div>\n<\/p><\/div>\n<\/p><\/div>\n<p> <!-- Separador --> <\/p>\n<hr style='border: 0; border-top: 1px solid rgba(150&comma; 150&comma; 150&comma; 0.3); margin: 30px 0;'> <!-- Secci\u00f3n de especificaciones t\u00e9cnicas --> <\/p>\n<div style='display: flex; flex-wrap: wrap; gap: 30px;'>\n<div style='flex: 1 1 300px; min-width: 280px;'>\n<h3 style='font-size: 22px; border-bottom: 2px solid currentColor; padding-bottom: 5px; margin-top: 0; color: inherit; opacity: 0.8;'>Especificaciones T\u00e9cnicas<\/h3>\n<ul style='padding-left: 20px; font-size: 15px; color: inherit;'>\n<li style='margin-bottom: 5px;'><strong>Capacidad:<\/strong> 10 TB<\/li>\n<li style='margin-bottom: 5px;'><strong>Factor de forma:<\/strong> 3.5 pulgadas<\/li>\n<li style='margin-bottom: 5px;'><strong>Velocidad de Transferencia de datos:<\/strong><\/li>\n<ul style='padding-left: 30px; margin-top: 5px; margin-bottom: 5px;'>\n<li style='margin-bottom: 5px;'>B\u00fafer a host: 6Gb\/s<\/li>\n<li style='margin-bottom: 5px;'>Host a\/desde disco (sostenido): 249MB\/s<\/li>\n<\/ul>\n<li style='margin-bottom: 5px;'><strong>Cache:<\/strong> 256 MB<\/li>\n<li style='margin-bottom: 5px;'><strong>Velocidad de rotaci\u00f3n:<\/strong> 7200 RPM<\/li>\n<li style='margin-bottom: 5px;'><strong>Interfaz:<\/strong> SATA III&comma; 6.0 Gb\/s<\/li>\n<\/ul><\/div>\n<div style='flex: 1 1 300px; min-width: 280px;'>\n<h3 style='font-size: 22px; border-bottom: 2px solid currentColor; padding-bottom: 5px; margin-top: 0; color: inherit; opacity: 0.8;'>Caracter\u00edsticas f\u00edsicas y el\u00e9ctricas<\/h3>\n<ul style='padding-left: 20px; font-size: 15px; color: inherit;'>\n<li style='margin-bottom: 5px;'><strong>Aplicaci\u00f3n:<\/strong> Optimizado para Aplicaciones de Video Vigilancia (Software NVR&comma; NAS&comma; DataCenter)<\/li>\n<li style='margin-bottom: 5px;'><strong>Cantidad de bah\u00edas:<\/strong> Sin l\u00edmite<\/li>\n<li style='margin-bottom: 5px;'><strong>Cantidad de c\u00e1maras:<\/strong> Sin l\u00edmite<\/li>\n<li style='margin-bottom: 5px;'><strong>Temperatura de Operaci\u00f3n:<\/strong><\/li>\n<ul style='padding-left: 30px; margin-top: 5px; margin-bottom: 5px;'>\n<li style='margin-bottom: 5px;'>En funcionamiento: 5 &#8211; 60 \u00baC<\/li>\n<li style='margin-bottom: 5px;'>Inactivo: -40 &#8211; 70 \u00baC<\/li>\n<\/ul>\n<li style='margin-bottom: 5px;'><strong>Consumo el\u00e9ctrico:<\/strong><\/li>\n<ul style='padding-left: 30px; margin-top: 5px; margin-bottom: 5px;'>\n<li style='margin-bottom: 5px;'>Lectura \/ escritura: 6.8W<\/li>\n<li style='margin-bottom: 5px;'>Inactivo: 5.0W<\/li>\n<li style='margin-bottom: 5px;'>Espera y suspensi\u00f3n: 0.40W<\/li>\n<\/ul>\n<li style='margin-bottom: 5px;'><strong>Dimensiones:<\/strong> 26.1 x 147 x 101.6mm<\/li>\n<li style='margin-bottom: 5px;'><strong>Peso:<\/strong> 660g<\/li>\n<li style='margin-bottom: 5px;'><strong>Garant\u00eda:<\/strong> 5 A\u00f1os. SYSCOM \u00fanico distribuidor autorizado para ofrecer garant\u00eda de discos duros SIN COMPLICACIONES<\/li>\n<\/ul><\/div>\n<\/p><\/div>\n<\/p><\/div>\n","protected":false},"excerpt":{"rendered":"<p>Disco Duro Gold de 10 TB \/ 7200 RPM \/ Optimizado para NAS, RAID, Data Center y NVRs de Gran Capacidad \/ Uso 24-7 \/ Proteccion Antivibraci\u00f3n \/ 5 A\u00f1os de Garantia \/ HelioSeal<\/p>\n","protected":false},"featured_media":70965,"comment_status":"open","ping_status":"closed","template":"","meta":[],"product_brand":[],"product_cat":[2021],"product_tag":[1974,2022,2023],"class_list":{"0":"post-70966","1":"product","2":"type-product","3":"status-publish","4":"has-post-thumbnail","6":"product_cat-discos-duros-mecanicos-hdd","7":"product_tag-almacenamiento","8":"product_tag-discos-duros-mecanicos-hdd","9":"product_tag-western-digital-wd","11":"first","12":"outofstock","13":"sale","14":"shipping-taxable","15":"purchasable","16":"product-type-simple"},"_links":{"self":[{"href":"https:\/\/soydeaqui.ddns.net\/pachuca\/index.php\/wp-json\/wp\/v2\/product\/70966","targetHints":{"allow":["GET"]}}],"collection":[{"href":"https:\/\/soydeaqui.ddns.net\/pachuca\/index.php\/wp-json\/wp\/v2\/product"}],"about":[{"href":"https:\/\/soydeaqui.ddns.net\/pachuca\/index.php\/wp-json\/wp\/v2\/types\/product"}],"replies":[{"embeddable":true,"href":"https:\/\/soydeaqui.ddns.net\/pachuca\/index.php\/wp-json\/wp\/v2\/comments?post=70966"}],"wp:featuredmedia":[{"embeddable":true,"href":"https:\/\/soydeaqui.ddns.net\/pachuca\/index.php\/wp-json\/wp\/v2\/media\/70965"}],"wp:attachment":[{"href":"https:\/\/soydeaqui.ddns.net\/pachuca\/index.php\/wp-json\/wp\/v2\/media?parent=70966"}],"wp:term":[{"taxonomy":"product_brand","embeddable":true,"href":"https:\/\/soydeaqui.ddns.net\/pachuca\/index.php\/wp-json\/wp\/v2\/product_brand?post=70966"},{"taxonomy":"product_cat","embeddable":true,"href":"https:\/\/soydeaqui.ddns.net\/pachuca\/index.php\/wp-json\/wp\/v2\/product_cat?post=70966"},{"taxonomy":"product_tag","embeddable":true,"href":"https:\/\/soydeaqui.ddns.net\/pachuca\/index.php\/wp-json\/wp\/v2\/product_tag?post=70966"}],"curies":[{"name":"wp","href":"https:\/\/api.w.org\/{rel}","templated":true}]}}