{"id":7094,"date":"2026-03-18T06:51:41","date_gmt":"2026-03-18T06:51:41","guid":{"rendered":"https:\/\/soydeaqui.ddns.net\/pachuca\/index.php\/producto\/mini-amplificador-de-audio-mezclador-120w-rms-sistema-70-100v-mp3-tuner-bluetooth-musica-ambiental-y-voceo\/"},"modified":"2026-03-18T06:51:44","modified_gmt":"2026-03-18T06:51:44","slug":"mini-amplificador-de-audio-mezclador-120w-rms-sistema-70-100v-mp3-tuner-bluetooth-musica-ambiental-y-voceo","status":"publish","type":"product","link":"https:\/\/soydeaqui.ddns.net\/pachuca\/index.php\/producto\/mini-amplificador-de-audio-mezclador-120w-rms-sistema-70-100v-mp3-tuner-bluetooth-musica-ambiental-y-voceo\/","title":{"rendered":"Mini Amplificador de Audio Mezclador | 120W RMS | Sistema 70\/100V | MP3 | Tuner | Bluetooth | Musica ambiental y Voceo"},"content":{"rendered":"<div style='width: 100%; max-width: 1200px; margin: 0 auto; font-family: sans-serif; line-height: 1.6; color: inherit; background-color: transparent;'> <!-- Im\u00e1genes principales --> <\/p>\n<div style='display: flex; flex-direction: column; align-items: center; gap: 20px; margin-bottom: 30px;'> <img style='width: 100%; max-width: 400px; height: auto; border: 1px solid rgba(150&comma;150&comma;150&comma;0.3); border-radius: 8px;' src='https:\/\/ftp3.syscom.mx\/usuarios\/luis.vargas\/EpcomProAudio\/epcom_proaudio.png' alt='Logo Epcom Proaudio'> <img style='width: 100%; max-width: 900px; height: auto; border: 1px solid rgba(150&comma;150&comma;150&comma;0.3); border-radius: 8px;' src='http:\/\/ftp3.syscom.mx\/usuarios\/ftp\/single_page\/epcom_proaudio\/mini-amplificador.jpg' alt='Mini Amplificador SFB120'> <\/div>\n<p> <!-- Iconos de funciones --> <\/p>\n<div style='display: grid; grid-template-columns: repeat(auto-fill&comma; minmax(120px&comma; 1fr)); gap: 15px; margin-bottom: 30px;'>\n<div style='text-align: center;'> <img style='max-height: 100px; width: auto; height: auto; border: 1px solid rgba(150&comma;150&comma;150&comma;0.3); border-radius: 8px;' src='http:\/\/ftp3.syscom.mx\/usuarios\/ftp\/single_page\/epcom_proaudio\/icon_volt.jpg' alt='Sistema 70\/100V'> <\/p>\n<p style='margin-top: 8px; font-size: 14px; color: inherit;'><strong>Sistema 70\/100V<\/strong><\/p>\n<\/p><\/div>\n<div style='text-align: center;'> <img style='max-height: 100px; width: auto; height: auto; border: 1px solid rgba(150&comma;150&comma;150&comma;0.3); border-radius: 8px;' src='http:\/\/ftp3.syscom.mx\/usuarios\/ftp\/single_page\/epcom_proaudio\/icon_voceo.jpg' alt='Voceo'> <\/p>\n<p style='margin-top: 8px; font-size: 14px; color: inherit;'><strong>Voceo<\/strong><\/p>\n<\/p><\/div>\n<div style='text-align: center;'> <img style='max-height: 100px; width: auto; height: auto; border: 1px solid rgba(150&comma;150&comma;150&comma;0.3); border-radius: 8px;' src='http:\/\/ftp3.syscom.mx\/usuarios\/ftp\/single_page\/epcom_proaudio\/icon_musica.jpg' alt='M\u00fasica ambiental'> <\/p>\n<p style='margin-top: 8px; font-size: 14px; color: inherit;'><strong>M\u00fasica ambiental<\/strong><\/p>\n<\/p><\/div>\n<div style='text-align: center;'> <img style='max-height: 100px; width: auto; height: auto; border: 1px solid rgba(150&comma;150&comma;150&comma;0.3); border-radius: 8px;' src='http:\/\/ftp3.syscom.mx\/usuarios\/ftp\/single_page\/epcom_proaudio\/icon_conectividad.jpg' alt='Bluetooth\/MP3'> <\/p>\n<p style='margin-top: 8px; font-size: 14px; color: inherit;'><strong>Bluetooth\/MP3<\/strong><\/p>\n<\/p><\/div>\n<div style='text-align: center;'> <img style='max-height: 100px; width: auto; height: auto; border: 1px solid rgba(150&comma;150&comma;150&comma;0.3); border-radius: 8px;' src='http:\/\/ftp3.syscom.mx\/usuarios\/ftp\/single_page\/epcom_proaudio\/icon_memoriasd.jpg' alt='Memoria SD'> <\/p>\n<p style='margin-top: 8px; font-size: 14px; color: inherit;'><strong>Memoria SD<\/strong><\/p>\n<\/p><\/div>\n<div style='text-align: center;'> <img style='max-height: 100px; width: auto; height: auto; border: 1px solid rgba(150&comma;150&comma;150&comma;0.3); border-radius: 8px;' src='http:\/\/ftp3.syscom.mx\/usuarios\/ftp\/single_page\/epcom_proaudio\/icon_tune.jpg' alt='Tuner'> <\/p>\n<p style='margin-top: 8px; font-size: 14px; color: inherit;'><strong>Tuner<\/strong><\/p>\n<\/p><\/div>\n<\/p><\/div>\n<p> <!-- Secci\u00f3n de caracter\u00edsticas generales --> <\/p>\n<div style='display: flex; flex-wrap: wrap; gap: 30px; margin-bottom: 30px;'>\n<div style='flex: 1 1 300px; min-width: 280px;'>\n<h3 style='font-size: 22px; border-bottom: 2px solid currentColor; padding-bottom: 5px; margin-top: 0; color: inherit; opacity: 0.8;'>Caracter\u00edsticas Generales<\/h3>\n<ul style='padding-left: 20px; font-size: 15px; color: inherit;'>\n<li style='margin-bottom: 5px;'>Dise\u00f1o de escritorio&comma; aspecto elegante&comma; ligero y f\u00e1cil de transportar.<\/li>\n<li style='margin-bottom: 5px;'>1 Entrada de micr\u00f3fono con volumen independiente de control.<\/li>\n<li style='margin-bottom: 5px;'>Auto reproducci\u00f3n de MP3 y memoria microSD.<\/li>\n<li style='margin-bottom: 5px;'>Funci\u00f3n de prioridad sobre micr\u00f3fono&comma; cuando el micr\u00f3fono 1 se activa el audio se desconecta.<\/li>\n<li style='margin-bottom: 5px;'>Protecci\u00f3n de corto circuito&comma; sobre carga y alta temperatura.<\/li>\n<li style='margin-bottom: 5px;'>Lectura de USB para formatos MP3&comma; tarjeta microSD&comma; sintonizador y Bluetooth.<\/li>\n<li style='margin-bottom: 5px;'>Control individual de audio y voceo.<\/li>\n<\/ul><\/div>\n<div style='flex: 1 1 300px; min-width: 280px;'>\n<h3 style='font-size: 22px; border-bottom: 2px solid currentColor; padding-bottom: 5px; margin-top: 0; color: inherit; opacity: 0.8;'>Caracter\u00edsticas de audio<\/h3>\n<ul style='padding-left: 20px; font-size: 15px; color: inherit;'>\n<li style='margin-bottom: 5px;'><strong>Salida de altavoz:<\/strong> 70v \/ 100v<\/li>\n<li style='margin-bottom: 5px;'><strong>Sensibilidad y fuente de entrada:<\/strong> entrada MIC: + 5mV&comma; desequilibrio 6.3 conector. Entrada auxiliar: 350mV&comma; conector RCA desequilibrado<\/li>\n<li style='margin-bottom: 5px;'><strong>Respuesta de frecuencia:<\/strong> 80Hz -16KHz (-3db)<\/li>\n<li style='margin-bottom: 5px;'><strong>T.H.D:<\/strong> potencia de salida relacionada&comma; tasas de distorsi\u00f3n del 1%<\/li>\n<\/ul><\/div>\n<div style='flex: 1 1 300px; min-width: 280px;'>\n<h3 style='font-size: 22px; border-bottom: 2px solid currentColor; padding-bottom: 5px; margin-top: 0; color: inherit; opacity: 0.8;'>Caracter\u00edsticas f\u00edsicas y el\u00e9ctricas<\/h3>\n<ul style='padding-left: 20px; font-size: 15px; color: inherit;'>\n<li style='margin-bottom: 5px;'><strong>Potencia de salida nominal:<\/strong> 120 W<\/li>\n<li style='margin-bottom: 5px;'><strong>Potencia de entrada:<\/strong> 110VAC 50\/60 Hz<\/li>\n<li style='margin-bottom: 5px;'><strong>Consumo de energ\u00eda:<\/strong> 180 W<\/li>\n<li style='margin-bottom: 5px;'><strong>Dimensi\u00f3n:<\/strong> 300 x 88 x 250 mm<\/li>\n<li style='margin-bottom: 5px;'><strong>Protecci\u00f3n:<\/strong> contra sobrecalentamiento&comma; cortocircuitos y sobrecarga<\/li>\n<li style='margin-bottom: 5px;'><strong>Peso:<\/strong> 3.9 Kg.<\/li>\n<\/ul><\/div>\n<\/p><\/div>\n<p> <!-- Notas importantes --> <\/p>\n<div style='margin: 30px 0; padding: 20px; border-left: 4px solid rgba(255&comma; 165&comma; 0&comma; 0.5); background-color: rgba(255&comma; 255&comma; 255&comma; 0.03);'>\n<h3 style='font-size: 18px; margin-top: 0; color: inherit; opacity: 0.8;'>Nota:<\/h3>\n<ul style='padding-left: 20px; font-size: 14px; color: inherit;'>\n<li style='margin-bottom: 8px;'>Es necesario utilizar reguladores de voltaje en la instalaci\u00f3n del amplificador en caso de que la toma sea mayor a 127Vac.<\/li>\n<li style='margin-bottom: 8px;'>No conectar m\u00e1s del 80% de la carga al amplificador p.e. Si la potencia del amplificador es de 120W solo conectar m\u00e1ximo 96W (20% de seguridad).<\/li>\n<\/ul><\/div>\n<p> <!-- Im\u00e1genes adicionales --> <\/p>\n<div style='display: flex; flex-wrap: wrap; gap: 30px; justify-content: center; margin: 30px 0;'> <img style='width: 100%; max-width: 500px; height: auto; border: 1px solid rgba(150&comma;150&comma;150&comma;0.3); border-radius: 8px;' src='https:\/\/ftp3.syscom.mx\/usuarios\/luis.vargas\/EpcomProAudio\/SFB\/SFB_Frontal.png' alt='Panel frontal SFB120'> <img style='width: 100%; max-width: 500px; height: auto; border: 1px solid rgba(150&comma;150&comma;150&comma;0.3); border-radius: 8px;' src='https:\/\/ftp3.syscom.mx\/usuarios\/luis.vargas\/EpcomProAudio\/SFB\/SFB_Posterior2.png' alt='Panel posterior SFB120'> <\/div>\n<p> <!-- Diagrama de conexi\u00f3n --> <\/p>\n<div style='margin: 30px 0; text-align: center;'>\n<h3 style='font-size: 22px; margin-bottom: 15px; color: inherit; opacity: 0.8;'>Diagrama de conexi\u00f3n<\/h3>\n<p> <img style='width: 100%; max-width: 800px; height: auto; border: 1px solid rgba(150&comma;150&comma;150&comma;0.3); border-radius: 8px;' src='https:\/\/ftp3.syscom.mx\/usuarios\/luis.vargas\/EpcomProAudio\/SFB\/Diagrama.png' alt='Diagrama de conexi\u00f3n SFB120'> <\/div>\n<p> <!-- Videos de YouTube --> <\/p>\n<div style='margin: 30px 0;'>\n<h3 style='font-size: 22px; margin-bottom: 20px; color: inherit; opacity: 0.8;'>Videos<\/h3>\n<div style='display: grid; grid-template-columns: repeat(auto-fill&comma; minmax(300px&comma; 1fr)); gap: 20px;'> <!-- Video 1 --> <\/p>\n<div style='position: relative; padding-bottom: 56.25%; height: 0; overflow: hidden;'>   <\/div>\n<p> <!-- Video 2 --> <\/p>\n<div style='position: relative; padding-bottom: 56.25%; height: 0; overflow: hidden;'>   <\/div>\n<p> <!-- Video 3 --> <\/p>\n<div style='position: relative; padding-bottom: 56.25%; height: 0; overflow: hidden;'>   <\/div>\n<\/p><\/div>\n<\/p><\/div>\n<\/p><\/div>\n","protected":false},"excerpt":{"rendered":"<p>Mini Amplificador de Audio Mezclador | 120W RMS | Sistema 70\/100V | MP3 | Tuner | Bluetooth | Musica ambiental y Voceo<\/p>\n","protected":false},"featured_media":7093,"comment_status":"open","ping_status":"closed","template":"","meta":[],"product_brand":[],"product_cat":[108],"product_tag":[110,109],"class_list":{"0":"post-7094","1":"product","2":"type-product","3":"status-publish","4":"has-post-thumbnail","6":"product_cat-epcom-proaudio","7":"product_tag-epcom-proaudio","8":"product_tag-megafonia-y-audioevacuacion","10":"first","11":"instock","12":"sale","13":"shipping-taxable","14":"purchasable","15":"product-type-simple"},"_links":{"self":[{"href":"https:\/\/soydeaqui.ddns.net\/pachuca\/index.php\/wp-json\/wp\/v2\/product\/7094","targetHints":{"allow":["GET"]}}],"collection":[{"href":"https:\/\/soydeaqui.ddns.net\/pachuca\/index.php\/wp-json\/wp\/v2\/product"}],"about":[{"href":"https:\/\/soydeaqui.ddns.net\/pachuca\/index.php\/wp-json\/wp\/v2\/types\/product"}],"replies":[{"embeddable":true,"href":"https:\/\/soydeaqui.ddns.net\/pachuca\/index.php\/wp-json\/wp\/v2\/comments?post=7094"}],"wp:featuredmedia":[{"embeddable":true,"href":"https:\/\/soydeaqui.ddns.net\/pachuca\/index.php\/wp-json\/wp\/v2\/media\/7093"}],"wp:attachment":[{"href":"https:\/\/soydeaqui.ddns.net\/pachuca\/index.php\/wp-json\/wp\/v2\/media?parent=7094"}],"wp:term":[{"taxonomy":"product_brand","embeddable":true,"href":"https:\/\/soydeaqui.ddns.net\/pachuca\/index.php\/wp-json\/wp\/v2\/product_brand?post=7094"},{"taxonomy":"product_cat","embeddable":true,"href":"https:\/\/soydeaqui.ddns.net\/pachuca\/index.php\/wp-json\/wp\/v2\/product_cat?post=7094"},{"taxonomy":"product_tag","embeddable":true,"href":"https:\/\/soydeaqui.ddns.net\/pachuca\/index.php\/wp-json\/wp\/v2\/product_tag?post=7094"}],"curies":[{"name":"wp","href":"https:\/\/api.w.org\/{rel}","templated":true}]}}