{"id":70938,"date":"2026-03-19T11:46:17","date_gmt":"2026-03-19T11:46:17","guid":{"rendered":"https:\/\/soydeaqui.ddns.net\/pachuca\/index.php\/producto\/olt-de-8-puertos-epon-con-16-puertos-uplink-8-puertos-gigabit-ethernet-4-puertos-sfp-4-puertos-sfp-hasta-512-onus\/"},"modified":"2026-03-19T11:46:32","modified_gmt":"2026-03-19T11:46:32","slug":"olt-de-8-puertos-epon-con-16-puertos-uplink-8-puertos-gigabit-ethernet-4-puertos-sfp-4-puertos-sfp-hasta-512-onus","status":"publish","type":"product","link":"https:\/\/soydeaqui.ddns.net\/pachuca\/index.php\/producto\/olt-de-8-puertos-epon-con-16-puertos-uplink-8-puertos-gigabit-ethernet-4-puertos-sfp-4-puertos-sfp-hasta-512-onus\/","title":{"rendered":"OLT de 8 puertos EPON con 16 puertos Uplink (8 puertos Gigabit Ethernet + 4 puertos SFP + 4 puertos SFP+), hasta 512 ONUs"},"content":{"rendered":"<div style='width: 100%; max-width: 1200px; margin: 0 auto; font-family: sans-serif; line-height: 1.6; color: inherit; background-color: transparent;'>\n<div style='display: flex; flex-wrap: wrap; gap: 30px; margin-bottom: 30px;'>\n<div style='flex: 1 1 300px; min-width: 280px;'>\n<h3 style='font-size: 22px; border-bottom: 2px solid currentColor; padding-bottom: 5px; margin-top: 0; color: inherit; opacity: 0.8;'>Caracter\u00edsticas principales<\/h3>\n<ul style='padding-left: 20px; font-size: 15px; color: inherit;'>\n<li style='margin-bottom: 5px;'>Dimensiones: 442 \u00d7 320 \u00d7 43.6 mm (largo \u00d7 ancho \u00d7 alto)<\/li>\n<li style='margin-bottom: 5px;'>Aplicaciones: <strong>Datos&comma; Videovigilancia&comma; Telefon\u00eda IP&comma; CATV<\/strong><\/li>\n<li style='margin-bottom: 5px;'>Configuraci\u00f3n y gesti\u00f3n de ONU en l\u00ednea<\/li>\n<li style='margin-bottom: 5px;'>Montaje en rack<\/li>\n<li style='margin-bottom: 5px;'>Ancho de banda por puerto PON: Upstream 1.244Gbps&comma; Downstream 1.244Gbps<\/li>\n<li style='margin-bottom: 5px;'>Gesti\u00f3n amigable desde: EMS \/ Web \/ Telnet \/ CLI \/ SSH<\/li>\n<\/ul><\/div>\n<div style='flex: 1 1 300px; min-width: 280px;'>\n<h3 style='font-size: 22px; border-bottom: 2px solid currentColor; padding-bottom: 5px; margin-top: 0; color: inherit; opacity: 0.8;'>Caracter\u00edsticas F\u00edsicas y El\u00e9ctricas<\/h3>\n<ul style='padding-left: 20px; font-size: 15px; color: inherit;'>\n<li style='margin-bottom: 5px;'>Incluye una fuente CA<\/li>\n<li style='margin-bottom: 5px;'>CA: 100-240 Vca&comma; 47\/63 Hz<\/li>\n<li style='margin-bottom: 5px;'>Consumo m\u00e1ximo: 45W<\/li>\n<li style='margin-bottom: 5px;'>Peso: 4.3 Kg<\/li>\n<li style='margin-bottom: 5px;'>Temperatura de operaci\u00f3n: -10 a 55\u00b0 C<\/li>\n<\/ul>\n<h4 style='font-size: 18px; margin-top: 25px; margin-bottom: 15px; color: inherit;'>Accesorios<\/h4>\n<ul style='padding-left: 20px; font-size: 15px; color: inherit;'>\n<li style='margin-bottom: 5px;'>Montaje en rack<\/li>\n<li style='margin-bottom: 5px;'>Cable de consola (No incluye adaptador USB)<\/li>\n<li style='margin-bottom: 5px;'>Gomas antiderrape<\/li>\n<li style='margin-bottom: 5px;'>No incluye m\u00f3dulos PON (Agregar el modelo: <a style='color: inherit; text-decoration: none;' href='https:\/\/www.syscom.mx\/producto\/EPON-SFP-PX20-4+-V-SOL-225542.html' target='_blank' rel='noopener'>EPON-SFP-PX20-4+<\/a>)<\/li>\n<li style='margin-bottom: 5px;'>Cable para aterrizar la OLT<\/li>\n<li style='margin-bottom: 5px;'>1 A\u00f1o de garant\u00eda<\/li>\n<\/ul><\/div>\n<div style='flex: 1 1 300px; min-width: 280px;'>\n<h3 style='font-size: 22px; border-bottom: 2px solid currentColor; padding-bottom: 5px; margin-top: 0; color: inherit; opacity: 0.8;'>Caracter\u00edsticas de Red<\/h3>\n<ul style='padding-left: 20px; font-size: 15px; color: inherit;'>\n<li style='margin-bottom: 5px;'>Hasta 512 ONUs<\/li>\n<li style='margin-bottom: 5px;'>8 puertos Uplink RJ45 Gigabit<\/li>\n<li style='margin-bottom: 5px;'>4 puertos Uplink SFP Gigabit<\/li>\n<li style='margin-bottom: 5px;'>4 puertos Uplink SFP+ 10 Gbps<\/li>\n<li style='margin-bottom: 5px;'>Distancia m\u00e1xima 20 Km en cada puerto PON<\/li>\n<li style='margin-bottom: 5px;'>Funciones Capa 3 b\u00e1sica y Capa 2<\/li>\n<li style='margin-bottom: 5px;'>1 Puerto Auxiliar (Gesti\u00f3n Out-Band)<\/li>\n<li style='margin-bottom: 5px;'>1 Puerto de Consola (L\u00ednea de comando)<\/li>\n<li style='margin-bottom: 5px;'>4 puertos EPON<\/li>\n<li style='margin-bottom: 5px;'>Relaci\u00f3n de splitteo por puerto PON: 1:64<\/li>\n<\/ul><\/div>\n<\/p><\/div>\n<div style='display: flex; flex-direction: column; gap: 30px; margin-bottom: 30px;'>\n<h2 style='font-size: 24px; margin-top: 0; margin-bottom: 20px; color: inherit;'>Preguntas Frecuentes (FAQ)<\/h2>\n<div style='border: 1px solid rgba(150&comma;150&comma;150&comma;0.3); border-radius: 8px; padding: 15px;'>\n<h4 style='margin-top: 0; margin-bottom: 10px; color: inherit;'>\u00bfC\u00f3mo configuro la OLT de V-SOL para dar internet a mis clientes?<\/h4>\n<p style='margin: 0 0 0 0; color: inherit; font-size: 15px;'>S\u00f3lo debes seguir nuestra <a style='color: inherit; text-decoration: none;' href='https:\/\/soporte.syscom.mx\/es\/collections\/4668378-configuraciones-epon' target='_blank' rel='noopener'>Gu\u00eda de Configuraci\u00f3n Paso a Paso para OLTs V-SOL<\/a> para tener desde la configuraci\u00f3n inicial b\u00e1sica hasta tener las ONUs con servicio para tus clientes.<\/p>\n<\/p><\/div>\n<div style='border: 1px solid rgba(150&comma;150&comma;150&comma;0.3); border-radius: 8px; padding: 15px;'>\n<h4 style='margin-top: 0; margin-bottom: 10px; color: inherit;'>\u00bfPuedo utilizar ONUs de otros fabricantes con una OLT V-SOL?<\/h4>\n<p style='margin: 0 0 0 0; color: inherit; font-size: 15px;'>S\u00ed&comma; aunque las OLTs V-SOL suelen ser compatibles con ONUs de diferentes fabricantes debido a los est\u00e1ndares EPON&comma; no podemos garantizar la compatibilidad total con todos los modelos disponibles en el mercado. Recomendamos realizar pruebas con una unidad antes de implementar en producci\u00f3n para asegurar el funcionamiento correcto y evitar inconvenientes.<\/p>\n<\/p><\/div>\n<div style='border: 1px solid rgba(150&comma;150&comma;150&comma;0.3); border-radius: 8px; padding: 15px;'>\n<h4 style='margin-top: 0; margin-bottom: 10px; color: inherit;'>\u00bfCu\u00e1les son las credenciales de Default de la OLT V-SOL?<\/h4>\n<p style='margin: 0 0 0 0; color: inherit; font-size: 15px;'>Las credenciales de f\u00e1brica&comma; tanto de las OLTs como de las ONUs de V-SOL&comma; las pueden encontrar en este enlace: <a style='color: inherit; text-decoration: none;' href='https:\/\/soporte.syscom.mx\/es\/articles\/7203161-v-sol-conoce-cuales-son-el-usuario-y-contrasena-de-tus-equipos-olt-onu' target='_blank' rel='noopener'>Conoce cuales son el usuario y contrase\u00f1a de tus equipos OLT\/ONU<\/a><\/p>\n<\/p><\/div>\n<\/p><\/div>\n<div style='display: flex; flex-wrap: wrap; justify-content: center; gap: 30px; margin-bottom: 30px;'>\n<div style='flex: 1 1 300px; min-width: 280px; max-width: 600px;'> <img style='width: 100%; height: auto; border: 1px solid rgba(150&comma;150&comma;150&comma;0.3); border-radius: 8px;' src='https:\/\/www.vsolcn.com\/wp-content\/uploads\/2023\/06\/V-SOL-EPON-OLT-1.jpg' alt='OLT EPON'> <\/div>\n<div style='flex: 1 1 300px; min-width: 280px; max-width: 600px;'> <img style='width: 100%; height: auto; border: 1px solid rgba(150&comma;150&comma;150&comma;0.3); border-radius: 8px;' src='https:\/\/es.vsolcn.com\/wp-content\/uploads\/2023\/06\/V-SOL-GPON-OLT-2-1.jpg' alt='Escenarios de Aplicaci\u00f3n'> <\/div>\n<div style='flex: 1 1 300px; min-width: 280px; max-width: 600px;'> <img style='width: 100%; height: auto; border: 1px solid rgba(150&comma;150&comma;150&comma;0.3); border-radius: 8px;' src='https:\/\/es.vsolcn.com\/wp-content\/uploads\/2023\/06\/V-SOL-GPON-OLT-3-1.jpg' alt='OLT Capa 2 y Capa 3 B\u00e1sica'> <\/div>\n<div style='flex: 1 1 300px; min-width: 280px; max-width: 600px;'> <img style='width: 100%; height: auto; border: 1px solid rgba(150&comma;150&comma;150&comma;0.3); border-radius: 8px;' src='https:\/\/es.vsolcn.com\/wp-content\/uploads\/2023\/06\/V-SOL-GPON-OLT-4-1.jpg' alt='Configuraciones Plug and Play'> <\/div>\n<div style='flex: 1 1 300px; min-width: 280px; max-width: 600px;'> <img style='width: 100%; height: auto; border: 1px solid rgba(150&comma;150&comma;150&comma;0.3); border-radius: 8px;' src='https:\/\/www.vsolcn.com\/wp-content\/uploads\/2023\/06\/V-SOL-EPON-OLT-5.jpg' alt='Protecci\u00f3n de Seguridad'> <\/div>\n<div style='flex: 1 1 300px; min-width: 280px; max-width: 600px;'> <img style='width: 100%; height: auto; border: 1px solid rgba(150&comma;150&comma;150&comma;0.3); border-radius: 8px;' src='https:\/\/www.vsolcn.com\/wp-content\/uploads\/2023\/06\/V-SOL-EPON-OLT-7-1.jpg' alt='Gesti\u00f3n de Servicios Completos'> <\/div>\n<div style='flex: 1 1 300px; min-width: 280px; max-width: 600px;'> <img style='width: 100%; height: auto; border: 1px solid rgba(150&comma;150&comma;150&comma;0.3); border-radius: 8px;' src='https:\/\/es.vsolcn.com\/wp-content\/uploads\/2023\/06\/V-SOL-GPON-OLT-7-1.jpg' alt='Aplicaci\u00f3n FTTH V-SOL EPON'> <\/div>\n<\/p><\/div>\n<\/p><\/div>\n","protected":false},"excerpt":{"rendered":"<p>OLT de 8 puertos EPON con 16 puertos Uplink (8 puertos Gigabit Ethernet + 4 puertos SFP + 4 puertos SFP+), hasta 512 ONUs<\/p>\n","protected":false},"featured_media":70937,"comment_status":"open","ping_status":"closed","template":"","meta":[],"product_brand":[],"product_cat":[2018],"product_tag":[2019,2011,2013],"class_list":{"0":"post-70938","1":"product","2":"type-product","3":"status-publish","4":"has-post-thumbnail","6":"product_cat-olts","7":"product_tag-olts","8":"product_tag-redes-ftth-pon","9":"product_tag-v-sol","11":"first","12":"instock","13":"sale","14":"shipping-taxable","15":"purchasable","16":"product-type-simple"},"_links":{"self":[{"href":"https:\/\/soydeaqui.ddns.net\/pachuca\/index.php\/wp-json\/wp\/v2\/product\/70938","targetHints":{"allow":["GET"]}}],"collection":[{"href":"https:\/\/soydeaqui.ddns.net\/pachuca\/index.php\/wp-json\/wp\/v2\/product"}],"about":[{"href":"https:\/\/soydeaqui.ddns.net\/pachuca\/index.php\/wp-json\/wp\/v2\/types\/product"}],"replies":[{"embeddable":true,"href":"https:\/\/soydeaqui.ddns.net\/pachuca\/index.php\/wp-json\/wp\/v2\/comments?post=70938"}],"wp:featuredmedia":[{"embeddable":true,"href":"https:\/\/soydeaqui.ddns.net\/pachuca\/index.php\/wp-json\/wp\/v2\/media\/70937"}],"wp:attachment":[{"href":"https:\/\/soydeaqui.ddns.net\/pachuca\/index.php\/wp-json\/wp\/v2\/media?parent=70938"}],"wp:term":[{"taxonomy":"product_brand","embeddable":true,"href":"https:\/\/soydeaqui.ddns.net\/pachuca\/index.php\/wp-json\/wp\/v2\/product_brand?post=70938"},{"taxonomy":"product_cat","embeddable":true,"href":"https:\/\/soydeaqui.ddns.net\/pachuca\/index.php\/wp-json\/wp\/v2\/product_cat?post=70938"},{"taxonomy":"product_tag","embeddable":true,"href":"https:\/\/soydeaqui.ddns.net\/pachuca\/index.php\/wp-json\/wp\/v2\/product_tag?post=70938"}],"curies":[{"name":"wp","href":"https:\/\/api.w.org\/{rel}","templated":true}]}}