{"id":70915,"date":"2026-03-19T11:45:26","date_gmt":"2026-03-19T11:45:26","guid":{"rendered":"https:\/\/soydeaqui.ddns.net\/pachuca\/index.php\/producto\/switch-unifi-lite-administrable-poe-de-16-puertos-10-100-1000-mbps-8-puertos-802-3af-at-45-w\/"},"modified":"2026-03-19T11:45:41","modified_gmt":"2026-03-19T11:45:41","slug":"switch-unifi-lite-administrable-poe-de-16-puertos-10-100-1000-mbps-8-puertos-802-3af-at-45-w","status":"publish","type":"product","link":"https:\/\/soydeaqui.ddns.net\/pachuca\/index.php\/producto\/switch-unifi-lite-administrable-poe-de-16-puertos-10-100-1000-mbps-8-puertos-802-3af-at-45-w\/","title":{"rendered":"Switch UniFi Lite Administrable PoE de 16 Puertos 10\/100\/1000 Mbps (8 puertos 802.3af\/at), 45 W"},"content":{"rendered":"<div style='width: 100%; max-width: 1200px; margin: 0 auto; font-family: sans-serif; line-height: 1.6; color: inherit; background-color: transparent;'>\n<div style='display: flex; flex-wrap: wrap; gap: 30px; margin-bottom: 30px;'>\n<div style='flex: 1 1 300px; min-width: 280px;'>\n<h3 style='font-size: 22px; border-bottom: 2px solid currentColor; padding-bottom: 5px; margin-top: 0; color: inherit; opacity: 0.8;'>Descripci\u00f3n<\/h3>\n<p style='font-size: 15px; color: inherit; margin-bottom: 15px;'>USW-Lite-16-POE<\/p>\n<hr style='border: 0; border-top: 2px solid #00a0df; width: 40px; margin: 20px 0;'>\n<p style='font-size: 15px; color: inherit; margin-bottom: 15px;'>El UniFi Switch Lite 16 PoE es un switch de Capa 2 totalmente administrado con 16 puertos Gigabit Ethernet para sus dispositivos Ethernet RJ45. 8 puertos tambi\u00e9n ofrecen PoE + 802.3af\/at de detecci\u00f3n autom\u00e1tica que proporcionan un total de 45 W&comma; para puntos de acceso UniFi u otros dispositivos PoE. Administrado y configurado por el controlador de red UniFi con soporte de la aplicaci\u00f3n m\u00f3vil UniFi&comma; el UniFi Switch Lite 16 PoE ofrece protocolos y funciones de conmutaci\u00f3n de capa 2. El controlador de red UniFi y la aplicaci\u00f3n m\u00f3vil permiten a los administradores configurar y monitorear pr\u00e1cticamente todas las funciones del switch en una interfaz gr\u00e1fica de usuario desde cualquier lugar.<\/p>\n<\/p><\/div>\n<div style='flex: 1 1 300px; min-width: 280px;'>\n<h3 style='font-size: 22px; border-bottom: 2px solid currentColor; padding-bottom: 5px; margin-top: 0; color: inherit; opacity: 0.8;'>Caracter\u00edsticas<\/h3>\n<div style='display: flex; flex-wrap: wrap; gap: 15px; margin-top: 15px;'>\n<div style='flex: 1 1 100%; min-width: 200px;'> <img style='width: 100%; height: auto; border: 1px solid rgba(150&comma;150&comma;150&comma;0.3); border-radius: 8px;' src='https:\/\/ftp3.syscom.mx\/usuarios\/adiaz\/UBNT\/USWLITE\/USW-Lite-16-PoE_1.png' alt=''> <\/div>\n<div style='flex: 1 1 100%; min-width: 200px;'> <img style='width: 100%; height: auto; border: 1px solid rgba(150&comma;150&comma;150&comma;0.3); border-radius: 8px;' src='https:\/\/ftp3.syscom.mx\/usuarios\/adiaz\/UBNT\/USWLITE\/USW-Lite-16-PoE_2.png' alt=''> <\/div>\n<div style='flex: 1 1 100%; min-width: 200px;'> <img style='width: 100%; height: auto; border: 1px solid rgba(150&comma;150&comma;150&comma;0.3); border-radius: 8px;' src='https:\/\/ftp3.syscom.mx\/usuarios\/adiaz\/UBNT\/USWLITE\/USW-Lite-16-PoE_3.png' alt=''> <\/div>\n<\/p><\/div>\n<\/p><\/div>\n<\/p><\/div>\n<div style='display: flex; flex-wrap: wrap; gap: 20px; margin-bottom: 30px;'>\n<div style='flex: 1 1 250px; border: 1px solid rgba(150&comma; 150&comma; 150&comma; 0.4); border-radius: 8px; overflow: hidden; display: flex; flex-direction: column;'>\n<div style='padding: 15px; border-bottom: 1px solid rgba(150&comma; 150&comma; 150&comma; 0.2); font-weight: bold; font-size: 18px; color: inherit;'>Especificaciones del producto<\/div>\n<div style='padding: 15px; color: inherit;'>\n<ul style='padding-left: 20px; margin: 0; font-size: 14px; list-style-type: disc;'>\n<li style='margin-bottom: 5px;'><strong>Dimensiones:<\/strong> 191.7 x 185 x 43.7 mm (7.55 x 7.28 x 1.72&#8242;)<\/li>\n<li style='margin-bottom: 5px;'><strong>Peso:<\/strong> 1.2 kg (2.65 lb)<\/li>\n<\/ul><\/div>\n<\/p><\/div>\n<div style='flex: 1 1 250px; border: 1px solid rgba(150&comma; 150&comma; 150&comma; 0.4); border-radius: 8px; overflow: hidden; display: flex; flex-direction: column;'>\n<div style='padding: 15px; border-bottom: 1px solid rgba(150&comma; 150&comma; 150&comma; 0.2); font-weight: bold; font-size: 18px; color: inherit;'>Hardware<\/div>\n<div style='padding: 15px; color: inherit;'>\n<ul style='padding-left: 20px; margin: 0; font-size: 14px; list-style-type: disc;'>\n<li style='margin-bottom: 5px;'><strong>Total Non-Blocking Line Rate:<\/strong> 16 Gbps<\/li>\n<li style='margin-bottom: 5px;'><strong>Consumo M\u00e1x.:<\/strong> 15 W<\/li>\n<li style='margin-bottom: 5px;'><strong>M\u00e9todo de alimentaci\u00f3n:<\/strong> Entrada Universal: 100-240 Vac 50\/60 Hz<\/li>\n<li style='margin-bottom: 5px;'><strong>Fuente de alimentaci\u00f3n:<\/strong> Interna de 60W<\/li>\n<li style='margin-bottom: 5px;'><strong>Interfaces de Red:<\/strong> (16) 10\/100\/1000 Mbps Ethernet RJ45<\/li>\n<li style='margin-bottom: 5px;'><strong>Interfaces PoE:<\/strong> (8) PoE+ IEEE 802.3af\/at (Pins 1&comma; 2+; 3&comma; 6-)<\/li>\n<li style='margin-bottom: 5px;'><strong>Management Interface:<\/strong> Ethernet In-Band<\/li>\n<li style='margin-bottom: 5px;'><strong>Max PoE+ Wattage per Port by PSE:<\/strong> 30 W<\/li>\n<\/ul><\/div>\n<\/p><\/div>\n<div style='flex: 1 1 250px; border: 1px solid rgba(150&comma; 150&comma; 150&comma; 0.4); border-radius: 8px; overflow: hidden; display: flex; flex-direction: column;'>\n<div style='padding: 15px; border-bottom: 1px solid rgba(150&comma; 150&comma; 150&comma; 0.2); font-weight: bold; font-size: 18px; color: inherit;'>Condiciones de Operaci\u00f3n<\/div>\n<div style='padding: 15px; color: inherit;'>\n<ul style='padding-left: 20px; margin: 0; font-size: 14px; list-style-type: disc;'>\n<li style='margin-bottom: 5px;'><strong>Temperatura de Operaci\u00f3n:<\/strong> -15 to 40\u00b0 C (5 to 104\u00b0 F)<\/li>\n<li style='margin-bottom: 5px;'><strong>Humedad:<\/strong> 10 &#8211; 90% Sin condensaci\u00f3n<\/li>\n<\/ul><\/div>\n<\/p><\/div>\n<div style='flex: 1 1 250px; border: 1px solid rgba(150&comma; 150&comma; 150&comma; 0.4); border-radius: 8px; overflow: hidden; display: flex; flex-direction: column;'>\n<div style='padding: 15px; border-bottom: 1px solid rgba(150&comma; 150&comma; 150&comma; 0.2); font-weight: bold; font-size: 18px; color: inherit;'>Certificaciones<\/div>\n<div style='padding: 15px; color: inherit;'>\n<ul style='padding-left: 20px; margin: 0; font-size: 14px; list-style-type: disc;'>\n<li style='margin-bottom: 5px;'><strong>Certificaciones:<\/strong> CE&comma; FCC&comma; IC<\/li>\n<\/ul><\/div>\n<\/p><\/div>\n<div style='flex: 1 1 250px; border: 1px solid rgba(150&comma; 150&comma; 150&comma; 0.4); border-radius: 8px; overflow: hidden; display: flex; flex-direction: column;'>\n<div style='padding: 15px; border-bottom: 1px solid rgba(150&comma; 150&comma; 150&comma; 0.2); font-weight: bold; font-size: 18px; color: inherit;'>LED<\/div>\n<div style='padding: 15px; color: inherit;'>\n<ul style='padding-left: 20px; margin: 0; font-size: 14px; list-style-type: disc;'>\n<li style='margin-bottom: 5px;'><strong>Sistema:<\/strong> (1) Power&comma; Azul\/Blanco. Blanco intermitente: Bootup en curso. Azul intermitente: Actualizaci\u00f3n de Firmware. Blanco Fijo: Valores de f\u00e1brica&comma; En espera de adopci\u00f3n. Azul fijo: el dispositivo est\u00e1 adoptado<\/li>\n<li style='margin-bottom: 5px;'><strong>Ethernet:<\/strong> Verde: 1G&comma; \u00c1mbar: 10\/100 Mbps<\/li>\n<li style='margin-bottom: 5px;'><strong>PoE:<\/strong> \u00c1mbar: IEEE 802.3af\/at<\/li>\n<\/ul><\/div>\n<\/p><\/div>\n<\/p><\/div>\n<\/p><\/div>\n","protected":false},"excerpt":{"rendered":"<p>Switch UniFi Lite Administrable PoE de 16 Puertos 10\/100\/1000 Mbps (8 puertos 802.3af\/at), 45 W<\/p>\n","protected":false},"featured_media":70914,"comment_status":"open","ping_status":"closed","template":"","meta":[],"product_brand":[],"product_cat":[1986],"product_tag":[664,1987,166],"class_list":{"0":"post-70915","1":"product","2":"type-product","3":"status-publish","4":"has-post-thumbnail","6":"product_cat-switches-poe","7":"product_tag-networking","8":"product_tag-switches-poe","9":"product_tag-ubiquiti","11":"first","12":"instock","13":"sale","14":"shipping-taxable","15":"purchasable","16":"product-type-simple"},"_links":{"self":[{"href":"https:\/\/soydeaqui.ddns.net\/pachuca\/index.php\/wp-json\/wp\/v2\/product\/70915","targetHints":{"allow":["GET"]}}],"collection":[{"href":"https:\/\/soydeaqui.ddns.net\/pachuca\/index.php\/wp-json\/wp\/v2\/product"}],"about":[{"href":"https:\/\/soydeaqui.ddns.net\/pachuca\/index.php\/wp-json\/wp\/v2\/types\/product"}],"replies":[{"embeddable":true,"href":"https:\/\/soydeaqui.ddns.net\/pachuca\/index.php\/wp-json\/wp\/v2\/comments?post=70915"}],"wp:featuredmedia":[{"embeddable":true,"href":"https:\/\/soydeaqui.ddns.net\/pachuca\/index.php\/wp-json\/wp\/v2\/media\/70914"}],"wp:attachment":[{"href":"https:\/\/soydeaqui.ddns.net\/pachuca\/index.php\/wp-json\/wp\/v2\/media?parent=70915"}],"wp:term":[{"taxonomy":"product_brand","embeddable":true,"href":"https:\/\/soydeaqui.ddns.net\/pachuca\/index.php\/wp-json\/wp\/v2\/product_brand?post=70915"},{"taxonomy":"product_cat","embeddable":true,"href":"https:\/\/soydeaqui.ddns.net\/pachuca\/index.php\/wp-json\/wp\/v2\/product_cat?post=70915"},{"taxonomy":"product_tag","embeddable":true,"href":"https:\/\/soydeaqui.ddns.net\/pachuca\/index.php\/wp-json\/wp\/v2\/product_tag?post=70915"}],"curies":[{"name":"wp","href":"https:\/\/api.w.org\/{rel}","templated":true}]}}