{"id":70893,"date":"2026-03-19T11:44:38","date_gmt":"2026-03-19T11:44:38","guid":{"rendered":"https:\/\/soydeaqui.ddns.net\/pachuca\/index.php\/producto\/cloud-router-switch-sistema-operativo-dual-24-puertos-10g-sfp-2-puertos-40g-qsfp\/"},"modified":"2026-03-19T11:44:40","modified_gmt":"2026-03-19T11:44:40","slug":"cloud-router-switch-sistema-operativo-dual-24-puertos-10g-sfp-2-puertos-40g-qsfp","status":"publish","type":"product","link":"https:\/\/soydeaqui.ddns.net\/pachuca\/index.php\/producto\/cloud-router-switch-sistema-operativo-dual-24-puertos-10g-sfp-2-puertos-40g-qsfp\/","title":{"rendered":"Cloud Router Switch, Sistema Operativo Dual 24 Puertos 10G SFP+, 2 Puertos 40G QSFP+"},"content":{"rendered":"<div style='width: 100%; max-width: 1200px; margin: 0 auto; font-family: sans-serif; line-height: 1.6; color: inherit; background-color: transparent;'> <!-- Imagen principal --> <\/p>\n<div style='margin-bottom: 30px;'> <img style='width: 100%; height: auto; border: 1px solid rgba(150&comma;150&comma;150&comma;0.3); border-radius: 8px;' src='https:\/\/ftp3.syscom.mx\/usuarios\/fotos\/CRS32624S+2Q+RM\/191872-crs326-24s+2q+rm_banner.png' alt=''> <\/div>\n<p> <!-- Descripci\u00f3n general --> <\/p>\n<div style='margin-bottom: 30px; font-size: 15px;'>\n<p style='margin: 0 0 15px 0;'>Si est\u00e1 trabajando con una cantidad considerable de datos&comma; como proporcionar acceso a Internet o mantener un centro de datos enorme&comma; esta es la actualizaci\u00f3n perfecta para su configuraci\u00f3n. CRS326-24S+2Q+RM es nuestro primer producto con puertos QSFP+ de 40 Gbps para una conexi\u00f3n de fibra notablemente r\u00e1pida y estable.<\/p>\n<p style='margin: 0 0 15px 0;'>En general&comma; tiene dos puertos QSFP+ de 40 Gbps y veinticuatro puertos SFP+ de 10 Gbps&comma; lo que proporciona un rendimiento total sin bloqueo de 320 Gbps y una capacidad de conmutaci\u00f3n de 640 Gbps con una velocidad de reenv\u00edo de 252 Mpps con los paquetes m\u00e1s comunes.<\/p>\n<p style='margin: 0 0 15px 0;'>CRS326-24S+2Q+RM es f\u00e1cil de administrar: tiene un puerto USB de tama\u00f1o completo para la configuraci\u00f3n y una fuente de alimentaci\u00f3n dual para la redundancia&comma; sin tiempo de inactividad inesperado&comma; \u00a1sus clientes y colegas estar\u00e1n agradecidos!<\/p>\n<p style='margin: 0;'>Puede elegir entre nuestro legendario RouterOS repleto de funciones para arrancar o un SwOS m\u00e1s simple pero potente. Si desea tener la capacidad de usar enrutamiento y otras funciones de Capa 3 en su CRS&comma; use RouterOS<\/p>\n<\/p><\/div>\n<p> <!-- Secci\u00f3n de especificaciones --> <\/p>\n<div style='display: flex; flex-wrap: wrap; gap: 20px; margin-bottom: 30px;'>\n<div style='flex: 1 1 250px; border: 1px solid rgba(150&comma; 150&comma; 150&comma; 0.4); border-radius: 8px; overflow: hidden; display: flex; flex-direction: column;'>\n<div style='padding: 15px; border-bottom: 1px solid rgba(150&comma; 150&comma; 150&comma; 0.2); font-weight: bold; font-size: 18px; color: inherit;'>Especificaciones<\/div>\n<div style='padding: 15px; color: inherit;'>\n<ul style='padding-left: 20px; margin: 0; font-size: 14px; list-style-type: disc;'>\n<li style='margin-bottom: 5px;'><strong>C\u00f3digo de producto:<\/strong> CRS326-24S+2Q+RM<\/li>\n<li style='margin-bottom: 5px;'><strong>Arquitectura:<\/strong> MIPSBE<\/li>\n<li style='margin-bottom: 5px;'><strong>CPU:<\/strong> QCA9531<\/li>\n<li style='margin-bottom: 5px;'><strong>Recuento de n\u00facleos de CPU:<\/strong> 1<\/li>\n<li style='margin-bottom: 5px;'><strong>Frecuencia nominal de la CPU:<\/strong> 650 MHz<\/li>\n<li style='margin-bottom: 5px;'><strong>Dimensiones:<\/strong> 443 x 200 x 44 mm<\/li>\n<li style='margin-bottom: 5px;'><strong>Licencia de RouterOS:<\/strong> 5<\/li>\n<li style='margin-bottom: 5px;'><strong>Sistema operativo:<\/strong> RouterOS o SwitchOS<\/li>\n<li style='margin-bottom: 5px;'><strong>Tama\u00f1o de RAM:<\/strong> 64 MB<\/li>\n<li style='margin-bottom: 5px;'><strong>Tama\u00f1o de almacenamiento:<\/strong> 16 MB<\/li>\n<li style='margin-bottom: 5px;'><strong>Tipo de almacenamiento:<\/strong> FLASH<\/li>\n<li style='margin-bottom: 5px;'><strong>Temperatura ambiente probada:<\/strong> -20 \u00b0C hasta 60 \u00b0C<\/li>\n<li style='margin-bottom: 5px;'><strong>MTBF:<\/strong> Aproximadamente 200.000 horas a 25 \u00b0C<\/li>\n<\/ul><\/div>\n<\/p><\/div>\n<div style='flex: 1 1 250px; border: 1px solid rgba(150&comma; 150&comma; 150&comma; 0.4); border-radius: 8px; overflow: hidden; display: flex; flex-direction: column;'>\n<div style='padding: 15px; border-bottom: 1px solid rgba(150&comma; 150&comma; 150&comma; 0.2); font-weight: bold; font-size: 18px; color: inherit;'>Alimentaci\u00f3n<\/div>\n<div style='padding: 15px; color: inherit;'>\n<ul style='padding-left: 20px; margin: 0; font-size: 14px; list-style-type: disc;'>\n<li style='margin-bottom: 5px;'><strong>N\u00famero de entradas de CA:<\/strong> 2<\/li>\n<li style='margin-bottom: 5px;'><strong>Rango de entrada de CA:<\/strong> 100-240<\/li>\n<li style='margin-bottom: 5px;'><strong>Consumo m\u00e1ximo de energ\u00eda:<\/strong> 69 W<\/li>\n<li style='margin-bottom: 5px;'><strong>Consumo m\u00e1ximo de energ\u00eda sin accesorios:<\/strong> 42 W<\/li>\n<li style='margin-bottom: 5px;'><strong>Recuento de ventiladores:<\/strong> 3<\/li>\n<\/ul><\/div>\n<\/p><\/div>\n<div style='flex: 1 1 250px; border: 1px solid rgba(150&comma; 150&comma; 150&comma; 0.4); border-radius: 8px; overflow: hidden; display: flex; flex-direction: column;'>\n<div style='padding: 15px; border-bottom: 1px solid rgba(150&comma; 150&comma; 150&comma; 0.2); font-weight: bold; font-size: 18px; color: inherit;'>Red<\/div>\n<div style='padding: 15px; color: inherit;'>\n<ul style='padding-left: 20px; margin: 0; font-size: 14px; list-style-type: disc;'>\n<li style='margin-bottom: 5px;'><strong>Puertos Ethernet 10\/100:<\/strong> 1<\/li>\n<\/ul><\/div>\n<\/p><\/div>\n<div style='flex: 1 1 250px; border: 1px solid rgba(150&comma; 150&comma; 150&comma; 0.4); border-radius: 8px; overflow: hidden; display: flex; flex-direction: column;'>\n<div style='padding: 15px; border-bottom: 1px solid rgba(150&comma; 150&comma; 150&comma; 0.2); font-weight: bold; font-size: 18px; color: inherit;'>Fibra<\/div>\n<div style='padding: 15px; color: inherit;'>\n<ul style='padding-left: 20px; margin: 0; font-size: 14px; list-style-type: disc;'>\n<li style='margin-bottom: 5px;'><strong>Puertos SFP+:<\/strong> 24<\/li>\n<li style='margin-bottom: 5px;'><strong>N\u00famero de puertos 40G QSFP+:<\/strong> 2<\/li>\n<\/ul><\/div>\n<\/p><\/div>\n<div style='flex: 1 1 250px; border: 1px solid rgba(150&comma; 150&comma; 150&comma; 0.4); border-radius: 8px; overflow: hidden; display: flex; flex-direction: column;'>\n<div style='padding: 15px; border-bottom: 1px solid rgba(150&comma; 150&comma; 150&comma; 0.2); font-weight: bold; font-size: 18px; color: inherit;'>Perif\u00e9ricos<\/div>\n<div style='padding: 15px; color: inherit;'>\n<ul style='padding-left: 20px; margin: 0; font-size: 14px; list-style-type: disc;'>\n<li style='margin-bottom: 5px;'><strong>Puerto serial:<\/strong> RJ45<\/li>\n<li style='margin-bottom: 5px;'><strong>N\u00famero de puertos USB:<\/strong> 1<\/li>\n<li style='margin-bottom: 5px;'><strong>Reinicio de energ\u00eda USB:<\/strong> S\u00ed<\/li>\n<li style='margin-bottom: 5px;'><strong>Tipo de ranura USB:<\/strong> USB tipo A<\/li>\n<li style='margin-bottom: 5px;'><strong>Corriente USB m\u00e1xima:<\/strong> 1 A<\/li>\n<\/ul><\/div>\n<\/p><\/div>\n<div style='flex: 1 1 250px; border: 1px solid rgba(150&comma; 150&comma; 150&comma; 0.4); border-radius: 8px; overflow: hidden; display: flex; flex-direction: column;'>\n<div style='padding: 15px; border-bottom: 1px solid rgba(150&comma; 150&comma; 150&comma; 0.2); font-weight: bold; font-size: 18px; color: inherit;'>Certificaciones<\/div>\n<div style='padding: 15px; color: inherit;'>\n<ul style='padding-left: 20px; margin: 0; font-size: 14px; list-style-type: disc;'>\n<li style='margin-bottom: 5px;'><strong>Certificaci\u00f3n:<\/strong> CE&comma; EAC&comma; ROHS<\/li>\n<\/ul><\/div>\n<\/p><\/div>\n<\/p><\/div>\n<p> <!-- Separador --> <\/p>\n<hr style='border: 0; border-top: 1px solid rgba(150&comma; 150&comma; 150&comma; 0.3); margin: 30px 0;'> <!-- Partes incluidas --> <\/p>\n<div style='margin-bottom: 30px;'>\n<h3 style='font-size: 22px; border-bottom: 2px solid currentColor; padding-bottom: 5px; margin-top: 0; margin-bottom: 20px; color: inherit; opacity: 0.8;'>Partes incluidas<\/h3>\n<div style='display: grid; grid-template-columns: repeat(auto-fill&comma; minmax(140px&comma; 1fr)); gap: 20px;'>\n<div style='text-align: center;'> <a href='https:\/\/i.mt.lv\/cdn\/rb_images\/part191436523368m.jpg' style='color: inherit; text-decoration: none;'> <img style='width: 100%; height: auto; border: 1px solid rgba(150&comma;150&comma;150&comma;0.3); border-radius: 8px; max-width: 80px; margin-bottom: 10px;' src='https:\/\/i.mt.lv\/cdn\/rb_images\/part191436523368s.jpg' alt=''> <\/p>\n<p style='font-size: 14px; margin: 0;'>Kit de tornillos y pies (K10)<\/p>\n<p> <\/a> <\/div>\n<div style='text-align: center;'> <a href='https:\/\/i.mt.lv\/cdn\/rb_images\/part741522226845m.jpg' style='color: inherit; text-decoration: none;'> <img style='width: 100%; height: auto; border: 1px solid rgba(150&comma;150&comma;150&comma;0.3); border-radius: 8px; max-width: 80px; margin-bottom: 10px;' src='https:\/\/i.mt.lv\/cdn\/rb_images\/part741522226845s.jpg' alt=''> <\/p>\n<p style='font-size: 14px; margin: 0;'>2x cables IEC<\/p>\n<p> <\/a> <\/div>\n<div style='text-align: center;'> <a href='https:\/\/i.mt.lv\/cdn\/rb_images\/part381398168452m.jpg' style='color: inherit; text-decoration: none;'> <img style='width: 100%; height: auto; border: 1px solid rgba(150&comma;150&comma;150&comma;0.3); border-radius: 8px; max-width: 80px; margin-bottom: 10px;' src='https:\/\/i.mt.lv\/cdn\/rb_images\/part381398168452s.jpg' alt=''> <\/p>\n<p style='font-size: 14px; margin: 0;'>Orejas de rack<\/p>\n<p> <\/a> <\/div>\n<\/p><\/div>\n<\/p><\/div>\n<p> <!-- Imagen de garant\u00eda --> <\/p>\n<div style='margin-bottom: 30px;'> <img style='width: 100%; height: auto; border: 1px solid rgba(150&comma;150&comma;150&comma;0.3); border-radius: 8px;' src='https:\/\/ftp3.syscom.mx\/usuarios\/fotos\/CRS32624S+2Q+RM\/191872-84911-garantia1.png' alt=''> <\/div>\n<\/p><\/div>\n","protected":false},"excerpt":{"rendered":"<p>Cloud Router Switch, Sistema Operativo Dual 24 Puertos 10G SFP+, 2 Puertos 40G QSFP+<\/p>\n","protected":false},"featured_media":70892,"comment_status":"open","ping_status":"closed","template":"","meta":[],"product_brand":[],"product_cat":[1970],"product_tag":[643,664,1971],"class_list":{"0":"post-70893","1":"product","2":"type-product","3":"status-publish","4":"has-post-thumbnail","6":"product_cat-switches","7":"product_tag-mikrotik","8":"product_tag-networking","9":"product_tag-switches","11":"first","12":"instock","13":"sale","14":"shipping-taxable","15":"purchasable","16":"product-type-simple"},"_links":{"self":[{"href":"https:\/\/soydeaqui.ddns.net\/pachuca\/index.php\/wp-json\/wp\/v2\/product\/70893","targetHints":{"allow":["GET"]}}],"collection":[{"href":"https:\/\/soydeaqui.ddns.net\/pachuca\/index.php\/wp-json\/wp\/v2\/product"}],"about":[{"href":"https:\/\/soydeaqui.ddns.net\/pachuca\/index.php\/wp-json\/wp\/v2\/types\/product"}],"replies":[{"embeddable":true,"href":"https:\/\/soydeaqui.ddns.net\/pachuca\/index.php\/wp-json\/wp\/v2\/comments?post=70893"}],"wp:featuredmedia":[{"embeddable":true,"href":"https:\/\/soydeaqui.ddns.net\/pachuca\/index.php\/wp-json\/wp\/v2\/media\/70892"}],"wp:attachment":[{"href":"https:\/\/soydeaqui.ddns.net\/pachuca\/index.php\/wp-json\/wp\/v2\/media?parent=70893"}],"wp:term":[{"taxonomy":"product_brand","embeddable":true,"href":"https:\/\/soydeaqui.ddns.net\/pachuca\/index.php\/wp-json\/wp\/v2\/product_brand?post=70893"},{"taxonomy":"product_cat","embeddable":true,"href":"https:\/\/soydeaqui.ddns.net\/pachuca\/index.php\/wp-json\/wp\/v2\/product_cat?post=70893"},{"taxonomy":"product_tag","embeddable":true,"href":"https:\/\/soydeaqui.ddns.net\/pachuca\/index.php\/wp-json\/wp\/v2\/product_tag?post=70893"}],"curies":[{"name":"wp","href":"https:\/\/api.w.org\/{rel}","templated":true}]}}