{"id":70817,"date":"2026-03-19T11:41:51","date_gmt":"2026-03-19T11:41:51","guid":{"rendered":"https:\/\/soydeaqui.ddns.net\/pachuca\/index.php\/producto\/wireless-wire-nray-enlace-completo-de-60ghz-hasta-2gbps-listos-para-conectarse\/"},"modified":"2026-03-19T11:41:52","modified_gmt":"2026-03-19T11:41:52","slug":"wireless-wire-nray-enlace-completo-de-60ghz-hasta-2gbps-listos-para-conectarse","status":"publish","type":"product","link":"https:\/\/soydeaqui.ddns.net\/pachuca\/index.php\/producto\/wireless-wire-nray-enlace-completo-de-60ghz-hasta-2gbps-listos-para-conectarse\/","title":{"rendered":"(Wireless Wire nRAY) Enlace completo de 60GHz, Hasta 2Gbps, &#8220;Listos para Conectarse&#8221;"},"content":{"rendered":"<div style='width: 100%; max-width: 1200px; margin: 0 auto; font-family: sans-serif; line-height: 1.6; color: inherit; background-color: transparent;'> <!-- Imagen principal --> <\/p>\n<div style='margin-bottom: 30px;'> <img style='width: 100%; height: auto; border: 1px solid rgba(150&comma;150&comma;150&comma;0.3); border-radius: 8px;' src='https:\/\/ftp3.syscom.mx\/usuarios\/fotos\/RBLHGG60ADKITR2\/155920-banner_rblhgg-60adkit.png' alt=''> <\/div>\n<p> <!-- Descripci\u00f3n principal --> <\/p>\n<div style='margin-bottom: 30px; font-size: 15px;'>\n<p style='margin: 0 0 15px 0;'>Nuestro equipo ha reunido y tenido en cuenta sus comentarios para hacer un digno sucesor de nuestro popular plato de alambre inal\u00e1mbrico. Ahora estamos orgullosos de presentar la mejor soluci\u00f3n de enlace punto a punto plug-and-play de 60 GHz hasta la fecha: el Wireless Wire nRAY. Es un kit de dos dispositivos pre-emparejados que hacen una conexi\u00f3n inal\u00e1mbrica segura encriptada AES.<\/p>\n<p style='margin: 0 0 15px 0;'>Puede cubrir f\u00e1cilmente una distancia de 1500 metros y alcanzar una velocidad similar a la fibra&comma; y hemos hecho algunas mejoras estructurales serias. Con las \u00faltimas tecnolog\u00edas de antena&comma; este dispositivo es muy compacto&comma; pero a\u00fan m\u00e1s duradero que sus predecesores.<\/p>\n<p style='margin: 0 0 15px 0;'>El nuevo factor de forma ha sido dise\u00f1ado teniendo en cuenta las \u00e1reas nevadas: no tendr\u00e1 que preocuparse de que enormes trozos de nieve se atasque y se metan con la se\u00f1al. Debido a su tama\u00f1o y forma&comma; el nRAY tambi\u00e9n atrae menos atenci\u00f3n no deseada. Utilizando los tornillos de ajuste especiales&comma; se puede lograr una alineaci\u00f3n perfecta.<\/p>\n<p style='margin: 0 0 15px 0;'>La frecuencia de 60 GHz no se ve afectada por el espectro inal\u00e1mbrico lleno de gente&comma; por lo que puede disfrutar de una conexi\u00f3n fluida incluso en un entorno urbano ocupado. Una potente CPU de doble n\u00facleo arm64 que funciona a 1 GHz garantiza el rendimiento de la velocidad del cable en casi todos los tama\u00f1os de paquetes. Los dispositivos incluidos est\u00e1n preconfigurados para conectarse autom\u00e1ticamente&comma; \u00a1simplemente apuntenlos unos a otros y enci\u00e9ndalos! Hemos incluido las fuentes de alimentaci\u00f3n&comma; los inyectores PoE y un pr\u00e1ctico montaje de precisi\u00f3n para facilitar la alineaci\u00f3n: el solidMOUNT. Es un adaptador de metal avanzado de montaje en poste que permite el ajuste tanto vertical como horizontalmente.<\/p>\n<\/p><\/div>\n<p> <!-- Secci\u00f3n de especificaciones --> <\/p>\n<div style='margin-bottom: 30px;'>\n<h3 style='font-size: 22px; border-bottom: 2px solid currentColor; padding-bottom: 5px; margin-top: 0; color: inherit; opacity: 0.8;'>Especificaciones<\/h3>\n<div style='display: flex; flex-wrap: wrap; gap: 20px; margin-top: 20px;'>\n<div style='flex: 1 1 250px; border: 1px solid rgba(150&comma; 150&comma; 150&comma; 0.4); border-radius: 8px; overflow: hidden; display: flex; flex-direction: column;'>\n<div style='padding: 15px; border-bottom: 1px solid rgba(150&comma; 150&comma; 150&comma; 0.2); font-weight: bold; font-size: 18px; color: inherit;'>Caracter\u00edsticas generales<\/div>\n<div style='padding: 15px; color: inherit;'>\n<ul style='padding-left: 20px; margin: 0; font-size: 14px; list-style-type: disc;'>\n<li style='margin-bottom: 5px;'><strong>C\u00f3digo del producto:<\/strong> nRAYG-60adpair<\/li>\n<li style='margin-bottom: 5px;'><strong>Arquitectura:<\/strong> ARM 64 bits<\/li>\n<li style='margin-bottom: 5px;'><strong>CPU:<\/strong> 88F3720<\/li>\n<li style='margin-bottom: 5px;'><strong>N\u00facleos:<\/strong> 2<\/li>\n<li style='margin-bottom: 5px;'><strong>Frecuencia CPU:<\/strong> 1 GHz<\/li>\n<li style='margin-bottom: 5px;'><strong>Dimensiones:<\/strong> 261 x 166 mm<\/li>\n<\/ul><\/div>\n<\/p><\/div>\n<div style='flex: 1 1 250px; border: 1px solid rgba(150&comma; 150&comma; 150&comma; 0.4); border-radius: 8px; overflow: hidden; display: flex; flex-direction: column;'>\n<div style='padding: 15px; border-bottom: 1px solid rgba(150&comma; 150&comma; 150&comma; 0.2); font-weight: bold; font-size: 18px; color: inherit;'>Memoria y Almacenamiento<\/div>\n<div style='padding: 15px; color: inherit;'>\n<ul style='padding-left: 20px; margin: 0; font-size: 14px; list-style-type: disc;'>\n<li style='margin-bottom: 5px;'><strong>Licencia RouterOS:<\/strong> 3<\/li>\n<li style='margin-bottom: 5px;'><strong>Sistema operativo:<\/strong> <a style='color: inherit; text-decoration: underline;' href='https:\/\/wiki.mikrotik.com\/wiki\/Manual:TOC' target='_blank' rel='noopener'>RouterOS<\/a><\/li>\n<li style='margin-bottom: 5px;'><strong>RAM:<\/strong> 256 MB<\/li>\n<li style='margin-bottom: 5px;'><strong>Almacenamiento:<\/strong> 16 MB FLASH<\/li>\n<\/ul><\/div>\n<\/p><\/div>\n<div style='flex: 1 1 250px; border: 1px solid rgba(150&comma; 150&comma; 150&comma; 0.4); border-radius: 8px; overflow: hidden; display: flex; flex-direction: column;'>\n<div style='padding: 15px; border-bottom: 1px solid rgba(150&comma; 150&comma; 150&comma; 0.2); font-weight: bold; font-size: 18px; color: inherit;'>Condiciones de operaci\u00f3n<\/div>\n<div style='padding: 15px; color: inherit;'>\n<ul style='padding-left: 20px; margin: 0; font-size: 14px; list-style-type: disc;'>\n<li style='margin-bottom: 5px;'><strong>MTBF:<\/strong> Aproximadamente 200&#8217;000 horas a 25\u00b0C<\/li>\n<li style='margin-bottom: 5px;'><strong>Temperatura operativa:<\/strong> -30 \u00b0C a 70 \u00b0C<\/li>\n<\/ul><\/div>\n<\/p><\/div>\n<\/p><\/div>\n<\/p><\/div>\n<p> <!-- Secci\u00f3n de alimentaci\u00f3n --> <\/p>\n<div style='margin-bottom: 30px;'>\n<h3 style='font-size: 22px; border-bottom: 2px solid currentColor; padding-bottom: 5px; margin-top: 0; color: inherit; opacity: 0.8;'>Alimentaci\u00f3n<\/h3>\n<div style='margin-top: 20px;'>\n<ul style='padding-left: 20px; font-size: 14px; color: inherit;'>\n<li style='margin-bottom: 5px;'><strong>N\u00famero de entradas de CC:<\/strong> 1 (PoE-IN)<\/li>\n<li style='margin-bottom: 5px;'><strong>Consumo m\u00e1ximo de energ\u00eda:<\/strong> 6 W<\/li>\n<li style='margin-bottom: 15px;'><strong>Recuento de ventiladores:<\/strong> Pasivo<\/li>\n<li style='margin-bottom: 5px;'><strong>PoE in:<\/strong> 802.3af\/at<\/li>\n<li style='margin-bottom: 5px;'><strong>Voltaje de entrada PoE:<\/strong> 12-57 V<\/li>\n<\/ul><\/div>\n<\/p><\/div>\n<p> <!-- Secci\u00f3n de red --> <\/p>\n<div style='margin-bottom: 30px;'>\n<h3 style='font-size: 22px; border-bottom: 2px solid currentColor; padding-bottom: 5px; margin-top: 0; color: inherit; opacity: 0.8;'>Ethernet<\/h3>\n<div style='margin-top: 20px;'>\n<ul style='padding-left: 20px; font-size: 14px; color: inherit;'>\n<li style='margin-bottom: 5px;'><strong>Puertos Ethernet:<\/strong> 1 x 10\/100\/1000<\/li>\n<\/ul><\/div>\n<\/p><\/div>\n<p> <!-- Secci\u00f3n de certificaciones --> <\/p>\n<div style='margin-bottom: 30px;'>\n<h3 style='font-size: 22px; border-bottom: 2px solid currentColor; padding-bottom: 5px; margin-top: 0; color: inherit; opacity: 0.8;'>Certificaci\u00f3n y aprobaciones<\/h3>\n<div style='margin-top: 20px;'>\n<ul style='padding-left: 20px; font-size: 14px; color: inherit;'>\n<li style='margin-bottom: 5px;'><strong>Certificaciones:<\/strong> CE&comma; FCC&comma; IC&comma; EAC&comma; ROHS<\/li>\n<\/ul><\/div>\n<\/p><\/div>\n<p> <!-- Piezas incluidas --> <\/p>\n<div style='margin-bottom: 30px;'>\n<h3 style='font-size: 22px; border-bottom: 2px solid currentColor; padding-bottom: 5px; margin-top: 0; color: inherit; opacity: 0.8;'>Piezas incluidas<\/h3>\n<div style='display: grid; grid-template-columns: repeat(auto-fill&comma; minmax(180px&comma; 1fr)); gap: 20px; margin-top: 20px;'>\n<div style='border: 1px solid rgba(150&comma;150&comma;150&comma;0.3); border-radius: 8px; padding: 15px; text-align: center;'> <a style='text-decoration: none; color: inherit; display: block;' href='https:\/\/i.mt.lv\/cdn\/rb_images\/part171391162306m.jpg' target='_blank'> <img style='width: 80px; height: auto; margin-bottom: 10px; border: none;' src='https:\/\/i.mt.lv\/cdn\/rb_images\/part171391162306s.jpg' alt='Adaptador de corriente'> <\/p>\n<div style='font-size: 14px;'>Adaptador de corriente de 24V 0.38A<\/div>\n<p> <\/a> <\/div>\n<div style='border: 1px solid rgba(150&comma;150&comma;150&comma;0.3); border-radius: 8px; padding: 15px; text-align: center;'> <a style='text-decoration: none; color: inherit; display: block;' href='https:\/\/i.mt.lv\/cdn\/rb_images\/part1091590663011m.jpg' target='_blank'> <img style='width: 80px; height: auto; margin-bottom: 10px; border: none;' src='https:\/\/i.mt.lv\/cdn\/rb_images\/part1091590663011s.jpg' alt='nRAY solidMOUNT'> <\/p>\n<div style='font-size: 14px;'>nRAY solidMOUNT<\/div>\n<p> <\/a> <\/div>\n<div style='border: 1px solid rgba(150&comma;150&comma;150&comma;0.3); border-radius: 8px; padding: 15px; text-align: center;'> <a style='text-decoration: none; color: inherit; display: block;' href='https:\/\/i.mt.lv\/cdn\/rb_images\/part1141600237409m.jpg' target='_blank'> <img style='width: 80px; height: auto; margin-bottom: 10px; border: none;' src='https:\/\/i.mt.lv\/cdn\/rb_images\/part1141600237409s.jpg' alt='Inyector Gigabit PoE'> <\/p>\n<div style='font-size: 14px;'>Inyector Gigabit PoE<\/div>\n<p> <\/a> <\/div>\n<\/p><\/div>\n<\/p><\/div>\n<p> <!-- Informaci\u00f3n adicional --> <\/p>\n<div style='margin-bottom: 30px; font-size: 14px;'>\n<p style='margin: 0;'><em>El dispositivo tiene un sistema operativo preinstalado y licenciado. No es necesaria ninguna compra separada y el producto est\u00e1 listo para usar. El dispositivo incluye actualizaciones de software gratuitas durante la vida \u00fatil del producto o un m\u00ednimo de 5 a\u00f1os a partir de la fecha de compra.<\/em><\/p>\n<\/p><\/div>\n<p> <!-- Garant\u00eda --> <\/p>\n<div style='margin-bottom: 30px;'> <img style='width: 302px; height: auto; border: 1px solid rgba(150&comma;150&comma;150&comma;0.3); border-radius: 8px;' src='https:\/\/ftp3.syscom.mx\/usuarios\/fotos\/CCR10097G1C1S+PC\/137052-garantia1.png' alt='Garant\u00eda'> <\/div>\n<\/p><\/div>\n","protected":false},"excerpt":{"rendered":"<p>(Wireless Wire nRAY) Enlace completo de 60GHz, Hasta 2Gbps, &#8220;Listos para Conectarse&#8221;<\/p>\n","protected":false},"featured_media":70816,"comment_status":"open","ping_status":"closed","template":"","meta":[],"product_brand":[],"product_cat":[1978,1979],"product_tag":[1981,1982,1980,643],"class_list":{"0":"post-70817","1":"product","2":"type-product","3":"status-publish","4":"has-post-thumbnail","6":"product_cat-1978","7":"product_cat-70-y-80-ghz","8":"product_tag-1981","9":"product_tag-70-y-80-ghz","10":"product_tag-enlaces-ptp-y-ptmp","11":"product_tag-mikrotik","13":"first","14":"outofstock","15":"sale","16":"shipping-taxable","17":"purchasable","18":"product-type-simple"},"_links":{"self":[{"href":"https:\/\/soydeaqui.ddns.net\/pachuca\/index.php\/wp-json\/wp\/v2\/product\/70817","targetHints":{"allow":["GET"]}}],"collection":[{"href":"https:\/\/soydeaqui.ddns.net\/pachuca\/index.php\/wp-json\/wp\/v2\/product"}],"about":[{"href":"https:\/\/soydeaqui.ddns.net\/pachuca\/index.php\/wp-json\/wp\/v2\/types\/product"}],"replies":[{"embeddable":true,"href":"https:\/\/soydeaqui.ddns.net\/pachuca\/index.php\/wp-json\/wp\/v2\/comments?post=70817"}],"wp:featuredmedia":[{"embeddable":true,"href":"https:\/\/soydeaqui.ddns.net\/pachuca\/index.php\/wp-json\/wp\/v2\/media\/70816"}],"wp:attachment":[{"href":"https:\/\/soydeaqui.ddns.net\/pachuca\/index.php\/wp-json\/wp\/v2\/media?parent=70817"}],"wp:term":[{"taxonomy":"product_brand","embeddable":true,"href":"https:\/\/soydeaqui.ddns.net\/pachuca\/index.php\/wp-json\/wp\/v2\/product_brand?post=70817"},{"taxonomy":"product_cat","embeddable":true,"href":"https:\/\/soydeaqui.ddns.net\/pachuca\/index.php\/wp-json\/wp\/v2\/product_cat?post=70817"},{"taxonomy":"product_tag","embeddable":true,"href":"https:\/\/soydeaqui.ddns.net\/pachuca\/index.php\/wp-json\/wp\/v2\/product_tag?post=70817"}],"curies":[{"name":"wp","href":"https:\/\/api.w.org\/{rel}","templated":true}]}}