{"id":70791,"date":"2026-03-19T11:40:49","date_gmt":"2026-03-19T11:40:49","guid":{"rendered":"https:\/\/soydeaqui.ddns.net\/pachuca\/index.php\/producto\/telefono-ip-android-9-0-empresarial-para-20-lineas-sip-pantalla-tactil-wi-fi-y-bluetooth-poe-hasta-112-botones-dss-puertos-gigabit-soporta-recepcion-de-video\/"},"modified":"2026-03-19T11:40:57","modified_gmt":"2026-03-19T11:40:57","slug":"telefono-ip-android-9-0-empresarial-para-20-lineas-sip-pantalla-tactil-wi-fi-y-bluetooth-poe-hasta-112-botones-dss-puertos-gigabit-soporta-recepcion-de-video","status":"publish","type":"product","link":"https:\/\/soydeaqui.ddns.net\/pachuca\/index.php\/producto\/telefono-ip-android-9-0-empresarial-para-20-lineas-sip-pantalla-tactil-wi-fi-y-bluetooth-poe-hasta-112-botones-dss-puertos-gigabit-soporta-recepcion-de-video\/","title":{"rendered":"Tel\u00e9fono IP  Android 9.0 Empresarial para 20 l\u00edneas SIP, pantalla t\u00e1ctil, Wi-Fi y Bluetooth, PoE, hasta 112 botones DSS, puertos Gigabit, soporta recepci\u00f3n de video."},"content":{"rendered":"<div style='width: 100%; max-width: 1200px; margin: 0 auto; font-family: sans-serif; line-height: 1.6; color: inherit; background-color: transparent;'> <!-- Secci\u00f3n de imagen y descripci\u00f3n --> <\/p>\n<div style='display: flex; flex-wrap: wrap; gap: 30px; margin-bottom: 30px;'>\n<div style='flex: 1 1 300px; min-width: 280px;'> <img style='width: 100%; height: auto; border: 1px solid rgba(150&comma;150&comma;150&comma;0.3); border-radius: 8px;' src='https:\/\/ftp3.syscom.mx\/usuarios\/fotos\/A32I\/194774-principal.png' alt='Tel\u00e9fono IP Android 9.0'> <\/div>\n<div style='flex: 1 1 300px; min-width: 280px;'>\n<h2 style='font-size: 24px; margin-top: 0; color: inherit;'>Tel\u00e9fono IP Android 9.0<\/h2>\n<p style='color: inherit;'>El tel\u00e9fono IP con funciones avanzadas Empresarial<\/p>\n<ul style='padding-left: 20px; font-size: 15px; color: inherit;'>\n<li style='margin-bottom: 5px;'>Android 9.0.<\/li>\n<li style='margin-bottom: 5px;'>20 l\u00edneas SIP.<\/li>\n<li style='margin-bottom: 5px;'>Pantalla t\u00e1ctil a color de 10.1 pulgadas (1280&#215;800).<\/li>\n<li style='margin-bottom: 5px;'>112 teclas DSS de un toque en una pantalla t\u00e1ctil.<\/li>\n<li style='margin-bottom: 5px;'>Conferencia de audio de 3 v\u00edas.<\/li>\n<li style='margin-bottom: 5px;'>Soporta diademas inal\u00e1mbricas EHS.<\/li>\n<li style='margin-bottom: 5px;'><strong>Bluetooth integrado.<\/strong><\/li>\n<li style='margin-bottom: 5px;'>Wi-Fi incorporado 2.4GHz Y 5GHz.<\/li>\n<li style='margin-bottom: 5px;'>Soporta protocolo IPv4 e IPv6.<\/li>\n<li style='margin-bottom: 5px;'>Hasta 2000 contactos en agenda telef\u00f3nica.<\/li>\n<li style='margin-bottom: 5px;'>Soporta recepci\u00f3n de video (<a href='https:\/\/www.syscom.mx\/principal\/listadoproductosazul\/redes-voip---telefonia-ip---videoconferencia-audio-video-porteros-ip-66033.html?ordenar=Precio_de_Menor_a_Mayor&#038;marca=-fanvil&#038;pag=1' target='_blank' rel='noopener' style='color: inherit; text-decoration: underline;'><strong>para integraci\u00f3n con videoporteros SIP<\/strong><\/a>)<\/li>\n<li style='margin-bottom: 5px;'><strong>OpenVPN<\/strong>.<\/li>\n<\/ul><\/div>\n<\/p><\/div>\n<p> <!-- Secci\u00f3n de caracter\u00edsticas --> <\/p>\n<div style='display: flex; flex-wrap: wrap; gap: 20px; margin-bottom: 30px;'>\n<div style='flex: 1 1 250px; border: 1px solid rgba(150&comma; 150&comma; 150&comma; 0.4); border-radius: 8px; overflow: hidden; display: flex; flex-direction: column;'>\n<div style='padding: 15px; border-bottom: 1px solid rgba(150&comma; 150&comma; 150&comma; 0.2); font-weight: bold; font-size: 18px; color: inherit;'>Caracter\u00edsticas principales:<\/div>\n<div style='padding: 15px; color: inherit;'>\n<ul style='padding-left: 20px; margin: 0; font-size: 14px; list-style-type: disc;'>\n<li style='margin-bottom: 5px;'>20 l\u00edneas SIP.<\/li>\n<li style='margin-bottom: 5px;'>Sistema operativo Android 9.0.<\/li>\n<li style='margin-bottom: 5px;'>Soporta diademas Bluetooth.<\/li>\n<li style='margin-bottom: 5px;'>Soporta recepci\u00f3n de video H264.<\/li>\n<li style='margin-bottom: 5px;'>Soporta conectividad Wi-Fi en 2.4GHz y 5GHz.<\/li>\n<li style='margin-bottom: 5px;'>Pantalla t\u00e1ctil de 10.1 pulgadas.<\/li>\n<li style='margin-bottom: 5px;'>Soporta EHS. (Compatible con Jabra).<\/li>\n<li style='margin-bottom: 5px;'>Doble puerto Gigabit (PoE integrado).<\/li>\n<li style='margin-bottom: 5px;'>Hasta 112 teclas DSS.<\/li>\n<li style='margin-bottom: 5px;'>Soporta Opus.<\/li>\n<li style='margin-bottom: 5px;'>Compatible con las principales plataformas: Asterisk&comma; Broadsoft&comma; 3CX&comma; Metaswitch&comma; Elastix&comma; Avaya etc.<\/li>\n<li style='margin-bottom: 5px;'><strong>Garant\u00eda: 2 a\u00f1os.<\/strong><\/li>\n<\/ul><\/div>\n<\/p><\/div>\n<div style='flex: 1 1 250px; border: 1px solid rgba(150&comma; 150&comma; 150&comma; 0.4); border-radius: 8px; overflow: hidden; display: flex; flex-direction: column;'>\n<div style='padding: 15px; border-bottom: 1px solid rgba(150&comma; 150&comma; 150&comma; 0.2); font-weight: bold; font-size: 18px; color: inherit;'>Caracter\u00edsticas F\u00edsicas y El\u00e9ctricas:<\/div>\n<div style='padding: 15px; color: inherit;'>\n<ul style='padding-left: 20px; margin: 0; font-size: 14px; list-style-type: disc;'>\n<li style='margin-bottom: 5px;'>Alimentaci\u00f3n v\u00eda PoE 802.3af o 5Vcc y 2.0 A (<strong>fuente no incluida<\/strong>).<\/li>\n<li style='margin-bottom: 5px;'>2 puertos RJ45.<\/li>\n<li style='margin-bottom: 5px;'>2 puertos RJ9.<\/li>\n<li style='margin-bottom: 5px;'>Material: pl\u00e1stico.<\/li>\n<li style='margin-bottom: 5px;'>Temperatura de operaci\u00f3n: 0\u00ba ~ 45\u00ba C.<\/li>\n<\/ul><\/div>\n<\/p><\/div>\n<div style='flex: 1 1 250px; border: 1px solid rgba(150&comma; 150&comma; 150&comma; 0.4); border-radius: 8px; overflow: hidden; display: flex; flex-direction: column;'>\n<div style='padding: 15px; border-bottom: 1px solid rgba(150&comma; 150&comma; 150&comma; 0.2); font-weight: bold; font-size: 18px; color: inherit;'>Caracter\u00edsticas de Red:<\/div>\n<div style='padding: 15px; color: inherit;'>\n<ul style='padding-left: 20px; margin: 0; font-size: 14px; list-style-type: disc;'>\n<li style='margin-bottom: 5px;'>Doble puerto de red 10\/100\/1000Mbps.<\/li>\n<li style='margin-bottom: 5px;'>VPN: L2TP \/ OpenVPN.<\/li>\n<li style='margin-bottom: 5px;'>VLAN.<\/li>\n<li style='margin-bottom: 5px;'>LLDP.<\/li>\n<li style='margin-bottom: 5px;'>IPv4\/IPv6\/IPv4&#038;IPv6.<\/li>\n<li style='margin-bottom: 5px;'>SIP 2.0 sobre UDP\/TCP\/TLS.<\/li>\n<li style='margin-bottom: 5px;'>PPPoE.<\/li>\n<li style='margin-bottom: 5px;'>QoS.<\/li>\n<\/ul><\/div>\n<\/p><\/div>\n<\/p><\/div>\n<p> <!-- Separador --> <\/p>\n<hr style='border: 0; border-top: 1px solid rgba(150&comma; 150&comma; 150&comma; 0.3); margin: 30px 0;'> <!-- Secci\u00f3n de compatibilidad --> <\/p>\n<div style='display: flex; flex-wrap: wrap; gap: 30px; margin-bottom: 30px;'>\n<div style='flex: 1 1 300px; min-width: 280px;'>\n<h3 style='font-size: 22px; border-bottom: 2px solid currentColor; padding-bottom: 5px; margin-top: 0; color: inherit; opacity: 0.8;'>Compatibilidad con las marcas l\u00edderes en el mercado de Comunicaciones Unificadas<\/h3>\n<div style='display: flex; flex-wrap: wrap; gap: 20px; margin-top: 20px;'>\n<div style='flex: 1 1 200px; min-width: 200px;'> <img style='width: 100%; height: auto; border: 1px solid rgba(150&comma;150&comma;150&comma;0.3); border-radius: 8px;' src='https:\/\/ftp3.syscom.mx\/usuarios\/fotos\/X3U\/174449-marcas.png' alt='Marcas compatibles'> <\/div>\n<div style='flex: 1 1 200px; min-width: 200px;'>\n<p style='color: inherit;'>Compatibilidad con IP-PBX como:<\/p>\n<ul style='padding-left: 20px; font-size: 14px; color: inherit;'>\n<li style='margin-bottom: 5px;'><strong>3CX.<\/strong><\/li>\n<li style='margin-bottom: 5px;'><strong>Grandstream<\/strong> (compatibilidad total).<\/li>\n<li style='margin-bottom: 5px;'>Avaya.<\/li>\n<li style='margin-bottom: 5px;'>Yeastar.<\/li>\n<li style='margin-bottom: 5px;'>Asterisk.<\/li>\n<\/ul>\n<p style='color: inherit; margin-top: 15px;'>Compatibilidad con Auriculares como:<\/p>\n<ul style='padding-left: 20px; font-size: 14px; color: inherit;'>\n<li style='margin-bottom: 5px;'><strong>Jabra<\/strong>.<\/li>\n<li style='margin-bottom: 5px;'>Plantronics.<\/li>\n<li style='margin-bottom: 5px;'>Axtel Headset.<\/li>\n<li style='margin-bottom: 5px;'>Sennheiser.<\/li>\n<\/ul><\/div>\n<\/p><\/div>\n<\/p><\/div>\n<\/p><\/div>\n<\/p><\/div>\n","protected":false},"excerpt":{"rendered":"<p>Tel\u00e9fono IP  Android 9.0 Empresarial para 20 l\u00edneas SIP, pantalla t\u00e1ctil, Wi-Fi y Bluetooth, PoE, hasta 112 botones DSS, puertos Gigabit, soporta recepci\u00f3n de video.<\/p>\n","protected":false},"featured_media":70790,"comment_status":"open","ping_status":"closed","template":"","meta":[],"product_brand":[],"product_cat":[2003],"product_tag":[859,2005,2004],"class_list":{"0":"post-70791","1":"product","2":"type-product","3":"status-publish","4":"has-post-thumbnail","6":"product_cat-telefonos-ip","7":"product_tag-fanvil","8":"product_tag-telefonos-ip","9":"product_tag-voip-telefonia-ip-videoconferencia","11":"first","12":"outofstock","13":"sale","14":"shipping-taxable","15":"purchasable","16":"product-type-simple"},"_links":{"self":[{"href":"https:\/\/soydeaqui.ddns.net\/pachuca\/index.php\/wp-json\/wp\/v2\/product\/70791","targetHints":{"allow":["GET"]}}],"collection":[{"href":"https:\/\/soydeaqui.ddns.net\/pachuca\/index.php\/wp-json\/wp\/v2\/product"}],"about":[{"href":"https:\/\/soydeaqui.ddns.net\/pachuca\/index.php\/wp-json\/wp\/v2\/types\/product"}],"replies":[{"embeddable":true,"href":"https:\/\/soydeaqui.ddns.net\/pachuca\/index.php\/wp-json\/wp\/v2\/comments?post=70791"}],"wp:featuredmedia":[{"embeddable":true,"href":"https:\/\/soydeaqui.ddns.net\/pachuca\/index.php\/wp-json\/wp\/v2\/media\/70790"}],"wp:attachment":[{"href":"https:\/\/soydeaqui.ddns.net\/pachuca\/index.php\/wp-json\/wp\/v2\/media?parent=70791"}],"wp:term":[{"taxonomy":"product_brand","embeddable":true,"href":"https:\/\/soydeaqui.ddns.net\/pachuca\/index.php\/wp-json\/wp\/v2\/product_brand?post=70791"},{"taxonomy":"product_cat","embeddable":true,"href":"https:\/\/soydeaqui.ddns.net\/pachuca\/index.php\/wp-json\/wp\/v2\/product_cat?post=70791"},{"taxonomy":"product_tag","embeddable":true,"href":"https:\/\/soydeaqui.ddns.net\/pachuca\/index.php\/wp-json\/wp\/v2\/product_tag?post=70791"}],"curies":[{"name":"wp","href":"https:\/\/api.w.org\/{rel}","templated":true}]}}