{"id":70788,"date":"2026-03-19T11:40:43","date_gmt":"2026-03-19T11:40:43","guid":{"rendered":"https:\/\/soydeaqui.ddns.net\/pachuca\/index.php\/producto\/adaptador-ethernet-25-gigabit-sfp\/"},"modified":"2026-03-19T11:40:46","modified_gmt":"2026-03-19T11:40:46","slug":"adaptador-ethernet-25-gigabit-sfp","status":"publish","type":"product","link":"https:\/\/soydeaqui.ddns.net\/pachuca\/index.php\/producto\/adaptador-ethernet-25-gigabit-sfp\/","title":{"rendered":"Adaptador ethernet 25 gigabit SFP+"},"content":{"rendered":"<div style='width: 100%; max-width: 1200px; margin: 0 auto; font-family: sans-serif; line-height: 1.6; color: inherit; background-color: transparent;'>\n<div style='width: 100%; display: flex; justify-content: center; margin-bottom: 30px;'> <a href='https:\/\/ftp3.syscom.mx\/usuarios\/ftp\/2018\/10\/17\/be9cb\/PROCEDIMIENTO%20GARANTIA%20SYNOLOGY.pdf'> <img style='width: 100%; max-width: 900px; height: auto; border: 1px solid rgba(150&comma;150&comma;150&comma;0.3); border-radius: 8px;' src='https:\/\/ftp3.syscom.mx\/usuarios\/nortega\/synology\/imagenes\/cintillo%20garantia.jpg' alt='' \/> <\/a> <\/div>\n<div style='display: flex; flex-wrap: wrap; gap: 30px; margin-bottom: 30px;'>\n<div style='flex: 1 1 300px; min-width: 280px;'>\n<h3 style='font-size: 22px; border-bottom: 2px solid currentColor; padding-bottom: 5px; margin-top: 0; color: inherit; opacity: 0.8;'>Descripci\u00f3n<\/h3>\n<p style='font-size: 15px; color: inherit;'> El E25G21-F2 es un adaptador de Ethernet de 25 Gigabit SFP+ PCIe 3.0 x8 de doble puerto espec\u00edficamente dise\u00f1ado para los servidores NAS de la serie FS\/XS(+) de Synology. Con descarga de CPU (RDMA sobre Ethernet) soporte&comma; E25G21-F2 satisface las demandas inform\u00e1ticas de alto rendimiento. <\/p>\n<p style='font-size: 15px; color: inherit; margin-top: 20px;'> <strong>Exclusivo para los servidores NAS de la serie FS\/XS(+)<\/strong><br \/> Con empresas que se ocupan cada vez m\u00e1s tareas intensivas de datos&comma; una red de 25 GbE es una buena soluci\u00f3n para las organizaciones que necesitan un gran ancho de banda de red y un alto rendimiento en el funcionamiento diario&comma; como el acceso a los datos o copias de seguridad. Con el adaptador de Ethernet E25G21-F2 de Synology&comma; los servidores NAS de la serie FS\/XS(+) de Synology obtienen una opci\u00f3n flexible para la actualizaci\u00f3n de la especificaci\u00f3n del sistema y la optimizaci\u00f3n de la transmisi\u00f3n de datos. <\/p>\n<\/p><\/div>\n<\/p><\/div>\n<div style='display: flex; flex-wrap: wrap; gap: 20px; margin-bottom: 30px;'>\n<div style='flex: 1 1 250px; border: 1px solid rgba(150&comma; 150&comma; 150&comma; 0.4); border-radius: 8px; overflow: hidden; display: flex; flex-direction: column;'>\n<div style='padding: 15px; border-bottom: 1px solid rgba(150&comma; 150&comma; 150&comma; 0.2); font-weight: bold; font-size: 18px; color: inherit;'>Equipos compatibles<\/div>\n<div style='padding: 15px; color: inherit;'>\n<ul style='padding-left: 20px; margin: 0; font-size: 14px; list-style-type: disc;'>\n<li style='margin-bottom: 5px;'>FS6400&comma; FS3600&comma; FS3400&comma; FS2017&comma; FS1018<\/li>\n<li style='margin-bottom: 5px;'>SA3600&comma; SA3400&comma; SA3200D<\/li>\n<li style='margin-bottom: 5px;'>UC3200<\/li>\n<li style='margin-bottom: 5px;'>RS4021XSPLUS&comma; RS3621XSPLUS&comma; RS1221RPPLUS&comma; RS1221PLUS&comma; DS1821PLUS&comma; DS1621XSPLUS&comma; DS1621PLUS<\/li>\n<li style='margin-bottom: 5px;'>RS1619XSPLUS<\/li>\n<li style='margin-bottom: 5px;'>RS3618XS&comma; DS3018XS<\/li>\n<li style='margin-bottom: 5px;'>RS10817XSPLUS&comma; RS4017XSPLUS&comma; RS3617XSPLUS&comma; RS3617XS&comma; RS3617RPXS&comma; DS3617XS<\/li>\n<\/ul><\/div>\n<\/p><\/div>\n<\/p><\/div>\n<hr style='border: 0; border-top: 1px solid rgba(150&comma; 150&comma; 150&comma; 0.3); margin: 30px 0;'> <\/div>\n","protected":false},"excerpt":{"rendered":"<p>Adaptador ethernet 25 gigabit SFP+<\/p>\n","protected":false},"featured_media":70787,"comment_status":"open","ping_status":"closed","template":"","meta":[],"product_brand":[],"product_cat":[1973],"product_tag":[1974,1975,1976],"class_list":{"0":"post-70788","1":"product","2":"type-product","3":"status-publish","4":"has-post-thumbnail","6":"product_cat-memorias-ram","7":"product_tag-almacenamiento","8":"product_tag-memorias-ram","9":"product_tag-synology","11":"first","12":"outofstock","13":"sale","14":"shipping-taxable","15":"purchasable","16":"product-type-simple"},"_links":{"self":[{"href":"https:\/\/soydeaqui.ddns.net\/pachuca\/index.php\/wp-json\/wp\/v2\/product\/70788","targetHints":{"allow":["GET"]}}],"collection":[{"href":"https:\/\/soydeaqui.ddns.net\/pachuca\/index.php\/wp-json\/wp\/v2\/product"}],"about":[{"href":"https:\/\/soydeaqui.ddns.net\/pachuca\/index.php\/wp-json\/wp\/v2\/types\/product"}],"replies":[{"embeddable":true,"href":"https:\/\/soydeaqui.ddns.net\/pachuca\/index.php\/wp-json\/wp\/v2\/comments?post=70788"}],"wp:featuredmedia":[{"embeddable":true,"href":"https:\/\/soydeaqui.ddns.net\/pachuca\/index.php\/wp-json\/wp\/v2\/media\/70787"}],"wp:attachment":[{"href":"https:\/\/soydeaqui.ddns.net\/pachuca\/index.php\/wp-json\/wp\/v2\/media?parent=70788"}],"wp:term":[{"taxonomy":"product_brand","embeddable":true,"href":"https:\/\/soydeaqui.ddns.net\/pachuca\/index.php\/wp-json\/wp\/v2\/product_brand?post=70788"},{"taxonomy":"product_cat","embeddable":true,"href":"https:\/\/soydeaqui.ddns.net\/pachuca\/index.php\/wp-json\/wp\/v2\/product_cat?post=70788"},{"taxonomy":"product_tag","embeddable":true,"href":"https:\/\/soydeaqui.ddns.net\/pachuca\/index.php\/wp-json\/wp\/v2\/product_tag?post=70788"}],"curies":[{"name":"wp","href":"https:\/\/api.w.org\/{rel}","templated":true}]}}