{"id":70776,"date":"2026-03-19T11:40:18","date_gmt":"2026-03-19T11:40:18","guid":{"rendered":"https:\/\/soydeaqui.ddns.net\/pachuca\/index.php\/producto\/switch-omada-sdn-administrable-16-puertos-gigabit-y-2-puertos-sfp-funciones-sflow-qinq-y-qos-administracion-centralizada-omada\/"},"modified":"2026-03-19T11:40:32","modified_gmt":"2026-03-19T11:40:32","slug":"switch-omada-sdn-administrable-16-puertos-gigabit-y-2-puertos-sfp-funciones-sflow-qinq-y-qos-administracion-centralizada-omada","status":"publish","type":"product","link":"https:\/\/soydeaqui.ddns.net\/pachuca\/index.php\/producto\/switch-omada-sdn-administrable-16-puertos-gigabit-y-2-puertos-sfp-funciones-sflow-qinq-y-qos-administracion-centralizada-omada\/","title":{"rendered":"Switch Omada SDN Administrable \/ 16 puertos Gigabit y 2 puertos SFP \/ Funciones sFlow, QinQ y QoS \/ Administraci\u00f3n centralizada OMADA"},"content":{"rendered":"<div style='width: 100%; max-width: 1200px; margin: 0 auto; font-family: sans-serif; line-height: 1.6; color: inherit; background-color: transparent;'> <!-- Secci\u00f3n de enlace Omada --> <\/p>\n<div style='text-align: center; margin: 30px 0;'>\n<h2 style='margin: 0; font-size: 22px;'><a href='https:\/\/www.tp-link.com\/es\/omada-sdn\/' style='color: inherit; text-decoration: none; font-weight: bold;'>Aprende m\u00e1s sobre Omada<\/a><\/h2>\n<\/p><\/div>\n<p> <!-- Imagen principal --> <\/p>\n<div style='margin: 30px 0;'> <img style='width: 100%; height: auto; border: 1px solid rgba(150&comma;150&comma;150&comma;0.3); border-radius: 8px;' src='https:\/\/ftp3.syscom.mx\/usuarios\/fotos\/TLSG2218\/194452-captura_de_pantalla_2021-02-18_a_la(s)_9.55.26.png' alt=''> <\/div>\n<p> <!-- Secci\u00f3n administraci\u00f3n Omada --> <\/p>\n<div style='margin: 30px 0;'>\n<div style='text-align: center;'>\n<h2 style='font-size: 22px; margin: 0 0 15px 0; color: inherit; opacity: 0.85;'>Administraci\u00f3n con el controlador Omada&comma; generando una red unificada<\/h2>\n<p> <img style='width: 100%; height: auto; border: 1px solid rgba(150&comma;150&comma;150&comma;0.3); border-radius: 8px; margin: 15px 0;' src='https:\/\/ftp3.syscom.mx\/usuarios\/fotos\/TLSX3008F\/208029-image_-_2023-02-27t093757.672.png' alt=''> <\/div>\n<\/p><\/div>\n<p> <!-- Secci\u00f3n funciones avanzadas --> <\/p>\n<div style='margin: 30px 0;'>\n<div style='text-align: center;'>\n<h2 style='font-size: 22px; margin: 0 0 15px 0; color: inherit; opacity: 0.85;'>Funciones avanzadas para la administraci\u00f3n de la red empresarial.<\/h2>\n<p> <img style='width: 100%; height: auto; border: 1px solid rgba(150&comma;150&comma;150&comma;0.3); border-radius: 8px; margin: 15px 0;' src='https:\/\/ftp3.syscom.mx\/usuarios\/fotos\/TLSX3008F\/208029-image_-_2023-02-27t093748.969.png' alt=''> <\/div>\n<\/p><\/div>\n<p> <!-- Secci\u00f3n alto rendimiento --> <\/p>\n<div style='margin: 30px 0;'>\n<div style='text-align: center;'>\n<h2 style='font-size: 22px; margin: 0 0 15px 0; color: inherit; opacity: 0.85;'>Alto rendimiento para una red empresarial.<\/h2>\n<p> <img style='width: 100%; height: auto; border: 1px solid rgba(150&comma;150&comma;150&comma;0.3); border-radius: 8px; margin: 15px 0;' src='https:\/\/ftp3.syscom.mx\/usuarios\/fotos\/TLSG2218\/194452-image_-_2023-02-27t151626.485.png' alt=''> <\/div>\n<\/p><\/div>\n<p> <!-- Secci\u00f3n de especificaciones --> <\/p>\n<div style='margin: 30px 0;'>\n<div style='display: flex; flex-wrap: wrap; gap: 20px;'>\n<div style='flex: 1 1 250px; border: 1px solid rgba(150&comma; 150&comma; 150&comma; 0.4); border-radius: 8px; overflow: hidden; display: flex; flex-direction: column;'>\n<div style='padding: 15px; border-bottom: 1px solid rgba(150&comma; 150&comma; 150&comma; 0.2); font-weight: bold; font-size: 18px; color: inherit;'>Especificaciones<\/div>\n<div style='padding: 15px; color: inherit;'>\n<ul style='padding-left: 20px; margin: 0; font-size: 14px; list-style-type: disc;'>\n<li style='margin-bottom: 5px;'><strong>Dimensiones:<\/strong> 440 x 180 x 44 mm<\/li>\n<li style='margin-bottom: 5px;'><strong>Puertos:<\/strong> 16 puertos RJ45 Gigabit&comma; 2 puertos 1G SFP<\/li>\n<li style='margin-bottom: 5px;'><strong>Ventilador:<\/strong> Sin ventilador<\/li>\n<li style='margin-bottom: 5px;'><strong>Alimentaci\u00f3n:<\/strong> 100-240 Vca&comma; 50\/60Hz<\/li>\n<li style='margin-bottom: 5px;'><strong>Rendimiento:<\/strong> 36 Gbps<\/li>\n<li style='margin-bottom: 5px;'><strong>Reenv\u00edo de paquetes:<\/strong> 26.8 Mpps<\/li>\n<li style='margin-bottom: 5px;'><strong>Tabla de MAC:<\/strong> 8 K<\/li>\n<li style='margin-bottom: 5px;'><strong>Jumbo frame:<\/strong> 9 KB<\/li>\n<li style='margin-bottom: 5px;'><strong>Consumo M\u00e1ximo:<\/strong> 12.3 W<\/li>\n<\/ul><\/div>\n<\/p><\/div>\n<p> <!-- Secci\u00f3n de gesti\u00f3n centralizada --> <\/p>\n<div style='flex: 1 1 250px; border: 1px solid rgba(150&comma; 150&comma; 150&comma; 0.4); border-radius: 8px; overflow: hidden; display: flex; flex-direction: column;'>\n<div style='padding: 15px; border-bottom: 1px solid rgba(150&comma; 150&comma; 150&comma; 0.2); font-weight: bold; font-size: 18px; color: inherit;'>Gesti\u00f3n centralizada<\/div>\n<div style='padding: 15px; color: inherit;'>\n<ul style='padding-left: 20px; margin: 0; font-size: 14px; list-style-type: disc;'>\n<li style='margin-bottom: 5px;'>Controladora basada en la nube<\/li>\n<li style='margin-bottom: 5px;'>OC300<\/li>\n<li style='margin-bottom: 5px;'>OC200<\/li>\n<li style='margin-bottom: 5px;'>Controlador software Omada<\/li>\n<\/ul><\/div>\n<\/p><\/div>\n<p> <!-- Secci\u00f3n de calidad de servicio --> <\/p>\n<div style='flex: 1 1 250px; border: 1px solid rgba(150&comma; 150&comma; 150&comma; 0.4); border-radius: 8px; overflow: hidden; display: flex; flex-direction: column;'>\n<div style='padding: 15px; border-bottom: 1px solid rgba(150&comma; 150&comma; 150&comma; 0.2); font-weight: bold; font-size: 18px; color: inherit;'>Calidad de Servicio<\/div>\n<div style='padding: 15px; color: inherit;'>\n<ul style='padding-left: 20px; margin: 0; font-size: 14px; list-style-type: disc;'>\n<li style='margin-bottom: 5px;'>8 colas de prioridad<\/li>\n<li style='margin-bottom: 5px;'>Control de ancho de banda<\/li>\n<li style='margin-bottom: 5px;'>Mirror<\/li>\n<li style='margin-bottom: 5px;'>Prioridad 802.1p CoS\/DSCP<\/li>\n<li style='margin-bottom: 5px;'>Rendimiento m\u00e1s fluido<\/li>\n<\/ul><\/div>\n<\/p><\/div>\n<p> <!-- Secci\u00f3n caracter\u00edsticas L2 y L2+ --> <\/p>\n<div style='flex: 1 1 250px; border: 1px solid rgba(150&comma; 150&comma; 150&comma; 0.4); border-radius: 8px; overflow: hidden; display: flex; flex-direction: column;'>\n<div style='padding: 15px; border-bottom: 1px solid rgba(150&comma; 150&comma; 150&comma; 0.2); font-weight: bold; font-size: 18px; color: inherit;'>Caracter\u00edsticas L2 y L2+<\/div>\n<div style='padding: 15px; color: inherit;'>\n<ul style='padding-left: 20px; margin: 0; font-size: 14px; list-style-type: disc;'>\n<li style='margin-bottom: 5px;'>Link Agregation<\/li>\n<li style='margin-bottom: 5px;'>LACP 802.3ad<\/li>\n<li style='margin-bottom: 5px;'>STP<\/li>\n<li style='margin-bottom: 5px;'>Control de flujo<\/li>\n<li style='margin-bottom: 5px;'>Reflejo<\/li>\n<\/ul><\/div>\n<\/p><\/div>\n<p> <!-- Secci\u00f3n caracter\u00edsticas L3 --> <\/p>\n<div style='flex: 1 1 250px; border: 1px solid rgba(150&comma; 150&comma; 150&comma; 0.4); border-radius: 8px; overflow: hidden; display: flex; flex-direction: column;'>\n<div style='padding: 15px; border-bottom: 1px solid rgba(150&comma; 150&comma; 150&comma; 0.2); font-weight: bold; font-size: 18px; color: inherit;'>Caracter\u00edsticas L3<\/div>\n<div style='padding: 15px; color: inherit;'>\n<ul style='padding-left: 20px; margin: 0; font-size: 14px; list-style-type: disc;'>\n<li style='margin-bottom: 5px;'>IGMP v2\/v3 proxy<\/li>\n<li style='margin-bottom: 5px;'>16 interfaces IPv4 \/ IPv6<\/li>\n<li style='margin-bottom: 5px;'>Enrutamiento est\u00e1tico (48)<\/li>\n<li style='margin-bottom: 5px;'>ARP est\u00e1tico (128)<\/li>\n<li style='margin-bottom: 5px;'>Servidor DHCP<\/li>\n<li style='margin-bottom: 5px;'>ARP proxy<\/li>\n<\/ul><\/div>\n<\/p><\/div>\n<p> <!-- Secci\u00f3n caracter\u00edsticas avanzadas --> <\/p>\n<div style='flex: 1 1 250px; border: 1px solid rgba(150&comma; 150&comma; 150&comma; 0.4); border-radius: 8px; overflow: hidden; display: flex; flex-direction: column;'>\n<div style='padding: 15px; border-bottom: 1px solid rgba(150&comma; 150&comma; 150&comma; 0.2); font-weight: bold; font-size: 18px; color: inherit;'>Caracter\u00edsticas avanzadas<\/div>\n<div style='padding: 15px; color: inherit;'>\n<ul style='padding-left: 20px; margin: 0; font-size: 14px; list-style-type: disc;'>\n<li style='margin-bottom: 5px;'>Detecci\u00f3n autom\u00e1tica de dispositivos<\/li>\n<li style='margin-bottom: 5px;'>Configuraci\u00f3n unificada<\/li>\n<li style='margin-bottom: 5px;'>Actualizaci\u00f3n por lotes<\/li>\n<li style='margin-bottom: 5px;'>Advertencia de eventos anormales<\/li>\n<\/ul><\/div>\n<\/p><\/div>\n<p> <!-- Secci\u00f3n seguridad --> <\/p>\n<div style='flex: 1 1 250px; border: 1px solid rgba(150&comma; 150&comma; 150&comma; 0.4); border-radius: 8px; overflow: hidden; display: flex; flex-direction: column;'>\n<div style='padding: 15px; border-bottom: 1px solid rgba(150&comma; 150&comma; 150&comma; 0.2); font-weight: bold; font-size: 18px; color: inherit;'>Seguridad<\/div>\n<div style='padding: 15px; color: inherit;'>\n<ul style='padding-left: 20px; margin: 0; font-size: 14px; list-style-type: disc;'>\n<li style='margin-bottom: 5px;'>Enlace de puerto IP-MAC<\/li>\n<li style='margin-bottom: 5px;'>Enlace IPv6-MAC-Puerto<\/li>\n<li style='margin-bottom: 5px;'>Defensa DoS<\/li>\n<li style='margin-bottom: 5px;'>Hasta 64 direcciones MAC por puerto<\/li>\n<li style='margin-bottom: 5px;'>Aislamiento de puertos<\/li>\n<\/ul><\/div>\n<\/p><\/div>\n<p> <!-- Secci\u00f3n IPv4\/IPv6 --> <\/p>\n<div style='flex: 1 1 250px; border: 1px solid rgba(150&comma; 150&comma; 150&comma; 0.4); border-radius: 8px; overflow: hidden; display: flex; flex-direction: column;'>\n<div style='padding: 15px; border-bottom: 1px solid rgba(150&comma; 150&comma; 150&comma; 0.2); font-weight: bold; font-size: 18px; color: inherit;'>IPv4 \/ IPv6<\/div>\n<div style='padding: 15px; color: inherit;'>\n<ul style='padding-left: 20px; margin: 0; font-size: 14px; list-style-type: disc;'>\n<li style='margin-bottom: 5px;'>Soporte para IPv4 e IPv6<\/li>\n<\/ul><\/div>\n<\/p><\/div>\n<p> <!-- Secci\u00f3n aprovisionamiento --> <\/p>\n<div style='flex: 1 1 250px; border: 1px solid rgba(150&comma; 150&comma; 150&comma; 0.4); border-radius: 8px; overflow: hidden; display: flex; flex-direction: column;'>\n<div style='padding: 15px; border-bottom: 1px solid rgba(150&comma; 150&comma; 150&comma; 0.2); font-weight: bold; font-size: 18px; color: inherit;'>Aprovisionamiento<\/div>\n<div style='padding: 15px; color: inherit;'>\n<ul style='padding-left: 20px; margin: 0; font-size: 14px; list-style-type: disc;'>\n<li style='margin-bottom: 5px;'>Es necesario el controlador<\/li>\n<\/ul><\/div>\n<\/p><\/div>\n<p> <!-- Secci\u00f3n otros --> <\/p>\n<div style='flex: 1 1 250px; border: 1px solid rgba(150&comma; 150&comma; 150&comma; 0.4); border-radius: 8px; overflow: hidden; display: flex; flex-direction: column;'>\n<div style='padding: 15px; border-bottom: 1px solid rgba(150&comma; 150&comma; 150&comma; 0.2); font-weight: bold; font-size: 18px; color: inherit;'>Otros<\/div>\n<div style='padding: 15px; color: inherit;'>\n<ul style='padding-left: 20px; margin: 0; font-size: 14px; list-style-type: disc;'>\n<li style='margin-bottom: 5px;'><strong>Contenido del Paquete:<\/strong> TL-SG2218&comma; Cable de alimentaci\u00f3n&comma; Kit de montaje&comma; Patas de goma&comma; Gu\u00eda de instalaci\u00f3n<\/li>\n<\/ul><\/div>\n<\/p><\/div>\n<\/p><\/div>\n<\/p><\/div>\n<p> <!-- Separador --> <\/p>\n<hr style='border: 0; border-top: 1px solid rgba(150&comma; 150&comma; 150&comma; 0.3); margin: 30px 0;'> <\/div>\n","protected":false},"excerpt":{"rendered":"<p>Switch Omada SDN Administrable \/ 16 puertos Gigabit y 2 puertos SFP \/ Funciones sFlow, QinQ y QoS \/ Administraci\u00f3n centralizada OMADA<\/p>\n","protected":false},"featured_media":70775,"comment_status":"open","ping_status":"closed","template":"","meta":[],"product_brand":[],"product_cat":[1970],"product_tag":[664,1971,71],"class_list":{"0":"post-70776","1":"product","2":"type-product","3":"status-publish","4":"has-post-thumbnail","6":"product_cat-switches","7":"product_tag-networking","8":"product_tag-switches","9":"product_tag-tp-link","11":"first","12":"instock","13":"sale","14":"shipping-taxable","15":"purchasable","16":"product-type-simple"},"_links":{"self":[{"href":"https:\/\/soydeaqui.ddns.net\/pachuca\/index.php\/wp-json\/wp\/v2\/product\/70776","targetHints":{"allow":["GET"]}}],"collection":[{"href":"https:\/\/soydeaqui.ddns.net\/pachuca\/index.php\/wp-json\/wp\/v2\/product"}],"about":[{"href":"https:\/\/soydeaqui.ddns.net\/pachuca\/index.php\/wp-json\/wp\/v2\/types\/product"}],"replies":[{"embeddable":true,"href":"https:\/\/soydeaqui.ddns.net\/pachuca\/index.php\/wp-json\/wp\/v2\/comments?post=70776"}],"wp:featuredmedia":[{"embeddable":true,"href":"https:\/\/soydeaqui.ddns.net\/pachuca\/index.php\/wp-json\/wp\/v2\/media\/70775"}],"wp:attachment":[{"href":"https:\/\/soydeaqui.ddns.net\/pachuca\/index.php\/wp-json\/wp\/v2\/media?parent=70776"}],"wp:term":[{"taxonomy":"product_brand","embeddable":true,"href":"https:\/\/soydeaqui.ddns.net\/pachuca\/index.php\/wp-json\/wp\/v2\/product_brand?post=70776"},{"taxonomy":"product_cat","embeddable":true,"href":"https:\/\/soydeaqui.ddns.net\/pachuca\/index.php\/wp-json\/wp\/v2\/product_cat?post=70776"},{"taxonomy":"product_tag","embeddable":true,"href":"https:\/\/soydeaqui.ddns.net\/pachuca\/index.php\/wp-json\/wp\/v2\/product_tag?post=70776"}],"curies":[{"name":"wp","href":"https:\/\/api.w.org\/{rel}","templated":true}]}}