{"id":70764,"date":"2026-03-19T11:39:51","date_gmt":"2026-03-19T11:39:51","guid":{"rendered":"https:\/\/soydeaqui.ddns.net\/pachuca\/index.php\/producto\/curso-express-de-rf-y-alineacion-de-antenas-parte-ii-patron-de-radiacion-principios-de-comunicacion-en-diferentes-antena-comunicacion-de-una-antena-en-ptp-y-ptmp-solucion-en-enlaces-ptp-y-ptmp-co\/"},"modified":"2026-03-19T11:39:52","modified_gmt":"2026-03-19T11:39:52","slug":"curso-express-de-rf-y-alineacion-de-antenas-parte-ii-patron-de-radiacion-principios-de-comunicacion-en-diferentes-antena-comunicacion-de-una-antena-en-ptp-y-ptmp-solucion-en-enlaces-ptp-y-ptmp-co","status":"publish","type":"product","link":"https:\/\/soydeaqui.ddns.net\/pachuca\/index.php\/producto\/curso-express-de-rf-y-alineacion-de-antenas-parte-ii-patron-de-radiacion-principios-de-comunicacion-en-diferentes-antena-comunicacion-de-una-antena-en-ptp-y-ptmp-solucion-en-enlaces-ptp-y-ptmp-co\/","title":{"rendered":"Curso Express de RF y alineaci\u00f3n de antenas PARTE II: Patr\u00f3n de radiaci\u00f3n, principios de comunicaci\u00f3n en diferentes antena, comunicaci\u00f3n de una antena en PTP y PTMP, soluci\u00f3n en enlaces PTP y PTMP, c\u00f3mo sel"},"content":{"rendered":"<div style='width: 100%; max-width: 1200px; margin: 0 auto; font-family: sans-serif; line-height: 1.6; color: inherit; background-color: transparent;'> <!-- Secci\u00f3n de objetivos --> <\/p>\n<div style='margin-bottom: 30px;'>\n<h2 style='font-size: 22px; border-bottom: 2px solid currentColor; padding-bottom: 5px; margin-top: 0; color: inherit; opacity: 0.8;'>Objetivo<\/h2>\n<p style='font-size: 15px; color: inherit; margin-top: 15px;'> Al t\u00e9rmino del curso el participante conocer\u00e1 el patr\u00f3n de radiaci\u00f3n y propagaci\u00f3n de RF&comma; tendr\u00e1 el conocimiento b\u00e1sico sobre la comunicaci\u00f3n de los diferentes tipos de antenas&comma; as\u00ed como los principios para poder seleccionar la mejor antena dependiendo del tipo de instalaci\u00f3n que se desee hacer. <\/p>\n<\/p><\/div>\n<p> <!-- Secci\u00f3n de descripci\u00f3n --> <\/p>\n<div style='margin-bottom: 30px;'>\n<h2 style='font-size: 22px; border-bottom: 2px solid currentColor; padding-bottom: 5px; margin-top: 0; color: inherit; opacity: 0.8;'>Descripci\u00f3n<\/h2>\n<p style='font-size: 15px; color: inherit; margin-top: 15px;'> El curso express de RF y alineaci\u00f3n de antenas parte II&comma; resume cuidadosamente c\u00f3mo leer el patr\u00f3n de radiaci\u00f3n de una hoja de especificaciones&comma; as\u00ed como la comunicaci\u00f3n y diferencia entre una antena direccional&comma; sectorial y omnidireccional&comma; fomentando aprender las mejores pr\u00e1cticas y conocer el equipamiento ideal para implementar enlaces PTP y PTMP&comma; mantener redes WISP estable&comma; con el mejor rendimiento y capacidad. Capacite a su equipo de trabajo con este entrenamiento especialmente dise\u00f1ado para aprender remotamente de forma efectiva. <\/p>\n<\/p><\/div>\n<p> <!-- Secci\u00f3n de audiencia --> <\/p>\n<div style='margin-bottom: 30px;'>\n<h2 style='font-size: 22px; border-bottom: 2px solid currentColor; padding-bottom: 5px; margin-top: 0; color: inherit; opacity: 0.8;'>A qui\u00e9n est\u00e1 dirigido<\/h2>\n<p style='font-size: 15px; color: inherit; margin-top: 15px;'> T\u00e9cnicos instaladores&comma; empresas de telecomunicaciones e integradores de servicios de red. <\/p>\n<\/p><\/div>\n<p> <!-- Secci\u00f3n de temario --> <\/p>\n<div style='margin-bottom: 30px;'>\n<h2 style='font-size: 22px; border-bottom: 2px solid currentColor; padding-bottom: 5px; margin-top: 0; color: inherit; opacity: 0.8;'>Temario<\/h2>\n<div style='margin-top: 20px;'>\n<h3 style='font-size: 18px; color: inherit; margin-top: 15px; margin-bottom: 10px;'>1. Antenas<\/h3>\n<ul style='padding-left: 20px; font-size: 14px; color: inherit; margin: 10px 0;'>\n<li style='margin-bottom: 5px;'><strong>1.1<\/strong> \u00bfQu\u00e9 es una antena?<\/li>\n<li style='margin-bottom: 5px;'><strong>1.2<\/strong> Par\u00e1metros de una antena&comma; direccional&comma; omnidireccional y sectorial<\/li>\n<li style='margin-bottom: 5px;'><strong>1.3<\/strong> Diagramas de radiaci\u00f3n de las antenas<\/li>\n<li style='margin-bottom: 5px;'><strong>1.4<\/strong> Puntos principales de una antena<\/li>\n<li style='margin-bottom: 5px;'><strong>1.5<\/strong> Eficiencia y diferencia entre antenas<\/li>\n<li style='margin-bottom: 5px;'><strong>1.6<\/strong> Polarizaci\u00f3n de una antena<\/li>\n<\/ul><\/div>\n<div style='margin-top: 20px;'>\n<h3 style='font-size: 18px; color: inherit; margin-top: 15px; margin-bottom: 10px;'>2. C\u00f3mo seleccionar mi antena<\/h3>\n<ul style='padding-left: 20px; font-size: 14px; color: inherit; margin: 10px 0;'>\n<li style='margin-bottom: 5px;'><strong>2.1<\/strong> Verificaci\u00f3n del entorno<\/li>\n<li style='margin-bottom: 5px;'><strong>2.2<\/strong> Tipo de enlace<\/li>\n<li style='margin-bottom: 5px;'><strong>2.3<\/strong> Comunicaciones en PTP y PTMP<\/li>\n<li style='margin-bottom: 5px;'><strong>2.4<\/strong> Factores de comunicaci\u00f3n y traslape de se\u00f1al<\/li>\n<\/ul><\/div>\n<div style='margin-top: 20px;'>\n<h3 style='font-size: 18px; color: inherit; margin-top: 15px; margin-bottom: 10px;'>3. Mejores pr\u00e1cticas al instalar una antena<\/h3>\n<ul style='padding-left: 20px; font-size: 14px; color: inherit; margin: 10px 0;'>\n<li style='margin-bottom: 5px;'><strong>3.1<\/strong> Dise\u00f1o e implementaci\u00f3n<\/li>\n<li style='margin-bottom: 5px;'><strong>3.2<\/strong> Verificaci\u00f3n y capacidad de la torre<\/li>\n<li style='margin-bottom: 5px;'><strong>3.3<\/strong> Soluci\u00f3n en plano real<\/li>\n<\/ul><\/div>\n<\/p><\/div>\n<p> <!-- Secci\u00f3n de requisitos --> <\/p>\n<div style='margin-bottom: 30px;'>\n<h2 style='font-size: 22px; border-bottom: 2px solid currentColor; padding-bottom: 5px; margin-top: 0; color: inherit; opacity: 0.8;'>Requisitos<\/h2>\n<ul style='padding-left: 20px; font-size: 14px; color: inherit; margin-top: 15px;'>\n<li style='margin-bottom: 5px;'>Estar registrado como integrador SYSCOM<\/li>\n<li style='margin-bottom: 5px;'>Computadora con acceso estable a internet<\/li>\n<li style='margin-bottom: 5px;'>Altamente recomendado usar aud\u00edfonos para una mejor experiencia<\/li>\n<li style='margin-bottom: 5px;'>Libreta y pluma a la mano para facilitar tomar apuntes<\/li>\n<\/ul><\/div>\n<p> <!-- Separador final --> <\/p>\n<hr style='border: 0; border-top: 1px solid rgba(150&comma; 150&comma; 150&comma; 0.3); margin: 30px 0;'> <\/div>\n","protected":false},"excerpt":{"rendered":"<p>Curso Express de RF y alineaci\u00f3n de antenas PARTE II: Patr\u00f3n de radiaci\u00f3n, principios de comunicaci\u00f3n en diferentes antena, comunicaci\u00f3n de una antena en PTP y PTMP, soluci\u00f3n en enlaces PTP y PTMP, c\u00f3mo sel<\/p>\n","protected":false},"featured_media":32,"comment_status":"open","ping_status":"closed","template":"","meta":[],"product_brand":[],"product_cat":[1998],"product_tag":[1999,1980,63],"class_list":{"0":"post-70764","1":"product","2":"type-product","3":"status-publish","4":"has-post-thumbnail","6":"product_cat-5-y-6-ghz","7":"product_tag-5-y-6-ghz","8":"product_tag-enlaces-ptp-y-ptmp","9":"product_tag-syscom","11":"first","12":"outofstock","13":"sale","14":"shipping-taxable","15":"purchasable","16":"product-type-simple"},"_links":{"self":[{"href":"https:\/\/soydeaqui.ddns.net\/pachuca\/index.php\/wp-json\/wp\/v2\/product\/70764","targetHints":{"allow":["GET"]}}],"collection":[{"href":"https:\/\/soydeaqui.ddns.net\/pachuca\/index.php\/wp-json\/wp\/v2\/product"}],"about":[{"href":"https:\/\/soydeaqui.ddns.net\/pachuca\/index.php\/wp-json\/wp\/v2\/types\/product"}],"replies":[{"embeddable":true,"href":"https:\/\/soydeaqui.ddns.net\/pachuca\/index.php\/wp-json\/wp\/v2\/comments?post=70764"}],"wp:featuredmedia":[{"embeddable":true,"href":"https:\/\/soydeaqui.ddns.net\/pachuca\/index.php\/wp-json\/wp\/v2\/media\/32"}],"wp:attachment":[{"href":"https:\/\/soydeaqui.ddns.net\/pachuca\/index.php\/wp-json\/wp\/v2\/media?parent=70764"}],"wp:term":[{"taxonomy":"product_brand","embeddable":true,"href":"https:\/\/soydeaqui.ddns.net\/pachuca\/index.php\/wp-json\/wp\/v2\/product_brand?post=70764"},{"taxonomy":"product_cat","embeddable":true,"href":"https:\/\/soydeaqui.ddns.net\/pachuca\/index.php\/wp-json\/wp\/v2\/product_cat?post=70764"},{"taxonomy":"product_tag","embeddable":true,"href":"https:\/\/soydeaqui.ddns.net\/pachuca\/index.php\/wp-json\/wp\/v2\/product_tag?post=70764"}],"curies":[{"name":"wp","href":"https:\/\/api.w.org\/{rel}","templated":true}]}}