{"id":70731,"date":"2026-03-19T11:38:30","date_gmt":"2026-03-19T11:38:30","guid":{"rendered":"https:\/\/soydeaqui.ddns.net\/pachuca\/index.php\/producto\/switch-gigabit-poe-administrable-16-puertos-1000-mbps-poe-2-puertos-sfp-configuracion-nube-desde-hik-parnerpro-poe-hasta-300-metros-225-watts\/"},"modified":"2026-03-19T11:38:43","modified_gmt":"2026-03-19T11:38:43","slug":"switch-gigabit-poe-administrable-16-puertos-1000-mbps-poe-2-puertos-sfp-configuracion-nube-desde-hik-parnerpro-poe-hasta-300-metros-225-watts","status":"publish","type":"product","link":"https:\/\/soydeaqui.ddns.net\/pachuca\/index.php\/producto\/switch-gigabit-poe-administrable-16-puertos-1000-mbps-poe-2-puertos-sfp-configuracion-nube-desde-hik-parnerpro-poe-hasta-300-metros-225-watts\/","title":{"rendered":"Switch Gigabit PoE+ \/ Administrable \/ 16 Puertos 1000 Mbps PoE+ \/ 2 Puertos SFP \/ Configuraci\u00f3n Nube desde Hik-ParnerPro \/ PoE hasta 300 Metros \/ 225 Watts"},"content":{"rendered":"<div style='width: 100%; max-width: 1200px; margin: 0 auto; font-family: sans-serif; line-height: 1.6; color: inherit; background-color: transparent;'>\n<p style='text-align: center; margin: 0; padding: 20px 0;'><img style='width: 100%; max-width: 400px; height: auto; border: 1px solid rgba(150&comma;150&comma;150&comma;0.3); border-radius: 8px;' src='https:\/\/ftp3.syscom.mx\/usuarios\/jsosa\/HIKVISION\/imagenes\/logo\/hikvision%20see%20far.png' alt='Logo Hikvision'><\/p>\n<div style='position: relative; padding-bottom: 56.25%; height: 0; overflow: hidden; margin: 30px 0;'>   <\/div>\n<div style='display: flex; flex-wrap: wrap; gap: 30px; margin: 30px 0;'>\n<div style='flex: 1 1 300px; min-width: 280px;'>\n<h4 style='font-size: 18px; border-bottom: 2px solid currentColor; padding-bottom: 5px; margin-top: 0; color: inherit; opacity: 0.8; text-align: center;'>\u00bfQu\u00e9 es Hik-Partner Pro?<\/h4>\n<div style='position: relative; padding-bottom: 56.25%; height: 0; overflow: hidden;'>   <\/div>\n<\/p><\/div>\n<div style='flex: 1 1 300px; min-width: 280px;'>\n<h4 style='font-size: 18px; border-bottom: 2px solid currentColor; padding-bottom: 5px; margin-top: 0; color: inherit; opacity: 0.8; text-align: center;'>Activa tus Equipos en 3 Pasos<\/h4>\n<div style='position: relative; padding-bottom: 56.25%; height: 0; overflow: hidden;'>   <\/div>\n<\/p><\/div>\n<div style='flex: 1 1 300px; min-width: 280px;'>\n<h4 style='font-size: 18px; border-bottom: 2px solid currentColor; padding-bottom: 5px; margin-top: 0; color: inherit; opacity: 0.8; text-align: center;'>\u00a1Vincula tus dispositivos!<\/h4>\n<div style='position: relative; padding-bottom: 56.25%; height: 0; overflow: hidden;'>   <\/div>\n<\/p><\/div>\n<\/p><\/div>\n<h2 style='font-size: 24px; margin: 30px 0 20px; color: inherit; border-bottom: 2px solid rgba(150&comma;150&comma;150&comma;0.3); padding-bottom: 10px;'>Especificaciones<\/h2>\n<div style='display: flex; flex-wrap: wrap; gap: 20px; margin: 30px 0;'>\n<div style='flex: 1 1 400px; border: 1px solid rgba(150&comma; 150&comma; 150&comma; 0.4); border-radius: 8px; overflow: hidden; display: flex; flex-direction: column;'>\n<div style='padding: 15px; background: #df001e; border-bottom: 1px solid rgba(150&comma;150&comma;150&comma;0.2); font-weight: bold; font-size: 16px; color: #ffffff;'>Caracter\u00edsticas Principales<\/div>\n<div style='padding: 15px; color: inherit;'>\n<ul style='padding-left: 20px; margin: 0; font-size: 14px; list-style-type: disc;'>\n<li style='margin-bottom: 8px;'>Switch de 16 puertos 10\/100\/1000 Mbps PoE<\/li>\n<li style='margin-bottom: 8px;'>2 Puertos SFP (transceptores compatibles <a style='color: inherit; text-decoration: none; font-weight: bold;' href='https:\/\/www.syscom.mx\/producto\/HK-SFP-1.25G-20-1310-DF-HIKVISION-191779.html' target='_blank' rel='noopener'>HK-SFP-1.25G-20-1310-DF<\/a> \/ <a style='color: inherit; text-decoration: none; font-weight: bold;' href='https:\/\/www.syscom.mx\/producto\/HK-SFP-1.25G-1310-DF-MM-HIKVISION-170393.html' target='_blank' rel='noopener'>HK-SFP-1.25G-1310-DF-MM<\/a>)<\/li>\n<li style='margin-bottom: 8px;'>Monitoreo y control de datos en puertos importantes<\/li>\n<li style='margin-bottom: 8px;'>Modo Extendido HASTA 300 Metros<\/li>\n<li style='margin-bottom: 8px;'>Optimizaci\u00f3n de buffer para garantizar la transmisi\u00f3n de video<\/li>\n<li style='margin-bottom: 8px;'>Gesti\u00f3n WEB desde la IP (192.168.1.64)<\/li>\n<li style='margin-bottom: 8px;'>Administraci\u00f3n desde HikPartner Pro<\/li>\n<li style='margin-bottom: 8px;'>Tasa de reenv\u00edo de paquetes 41.66 MPPS<\/li>\n<\/ul><\/div>\n<\/p><\/div>\n<div style='flex: 1 1 400px; border: 1px solid rgba(150&comma; 150&comma; 150&comma; 0.4); border-radius: 8px; overflow: hidden; display: flex; flex-direction: column;'>\n<div style='padding: 15px; background: #df001e; border-bottom: 1px solid rgba(150&comma;150&comma;150&comma;0.2); font-weight: bold; font-size: 16px; color: #ffffff;'>Caracter\u00edsticas F\u00edsicas y El\u00e9ctricas<\/div>\n<div style='padding: 15px; color: inherit;'>\n<ul style='padding-left: 20px; margin: 0; font-size: 14px; list-style-type: disc;'>\n<li style='margin-bottom: 8px;'>Capacidad m\u00e1xima de Watts: 225 W<\/li>\n<li style='margin-bottom: 8px;'>Administraci\u00f3n m\u00e1xima de Watts por puerto: 30 W<\/li>\n<li style='margin-bottom: 8px;'>16 puertos PoE 802.3af\/at<\/li>\n<li style='margin-bottom: 8px;'>Alimentaci\u00f3n: 100-240 V AC&comma; 4 A (Incluye fuente de alimentaci\u00f3n)<\/li>\n<li style='margin-bottom: 8px;'>Dimensiones: 440 mm \u00d7 44 mm \u00d7 220.8 mm<\/li>\n<li style='margin-bottom: 8px;'>Peso: 3.31 Kg<\/li>\n<\/ul><\/div>\n<\/p><\/div>\n<\/p><\/div>\n<div style='display: flex; flex-wrap: wrap; gap: 20px; margin: 30px 0;'>\n<div style='flex: 1 1 400px; border: 1px solid rgba(150&comma; 150&comma; 150&comma; 0.4); border-radius: 8px; overflow: hidden; display: flex; flex-direction: column;'>\n<div style='padding: 15px; background: #df001e; border-bottom: 1px solid rgba(150&comma;150&comma;150&comma;0.2); font-weight: bold; font-size: 16px; color: #ffffff;'>Caracter\u00edsticas Avanzadas<\/div>\n<div style='padding: 15px; color: inherit;'>\n<ul style='padding-left: 20px; margin: 0; font-size: 14px; list-style-type: disc;'>\n<li style='margin-bottom: 8px;'>Aislado de puertos<\/li>\n<li style='margin-bottom: 8px;'>PoE Watchdog<\/li>\n<li style='margin-bottom: 8px;'>Link Aggregation<\/li>\n<li style='margin-bottom: 8px;'>QoS<\/li>\n<li style='margin-bottom: 8px;'>Prevenci\u00f3n de loop<\/li>\n<li style='margin-bottom: 8px;'>Storm Control<\/li>\n<li style='margin-bottom: 8px;'>VLAN&#8217;s<\/li>\n<\/ul><\/div>\n<\/p><\/div>\n<\/p><\/div>\n<div style='display: flex; flex-wrap: wrap; gap: 20px; margin: 30px 0;'>\n<div style='flex: 1 1 400px; border: 1px solid rgba(150&comma; 150&comma; 150&comma; 0.4); border-radius: 8px; overflow: hidden; display: flex; flex-direction: column;'>\n<div style='padding: 15px; background: #df001e; border-bottom: 1px solid rgba(150&comma;150&comma;150&comma;0.2); font-weight: bold; font-size: 16px; color: #ffffff;'>Consideraciones<\/div>\n<div style='padding: 15px; color: inherit;'>\n<ul style='padding-left: 20px; margin: 0; font-size: 14px; list-style-type: disc;'>\n<li style='margin-bottom: 8px;'>Las distancias del modo extendido pueden variar seg\u00fan las condiciones de instalaci\u00f3n y los dispositivos utilizados&comma; es necesario usar cable UTP CAT 6 100% COBRE<\/li>\n<li style='margin-bottom: 8px;'>El modo extendido y el extensor PoE solo soportan equipos que trabajen con el est\u00e1ndar PoE (IEEE 802.3af\/at)<\/li>\n<li style='margin-bottom: 8px;'>El switch suministra PoE estandarizado (PoE Activo) no puede alimentar equipos que manejen PoE Pasivo<\/li>\n<li style='margin-bottom: 8px;'>El switch cuenta con un <strong>bot\u00f3n<\/strong> para regresar a valores de f\u00e1brica (es necesario dejar presionado por 10 seg)<\/li>\n<li style='margin-bottom: 8px; color: #e74c3c;'><strong>Montable en rack<\/strong><\/li>\n<\/ul><\/div>\n<\/p><\/div>\n<\/p><\/div>\n<h3 style='font-size: 18px; margin: 30px 0 15px; color: inherit; text-align: center;'>Distancias Modo Extendido<\/h3>\n<p style='text-align: center; margin: 20px 0;'> <img style='width: 100%; max-width: 1200px; height: auto; border: 1px solid rgba(150&comma;150&comma;150&comma;0.3); border-radius: 8px;' src='https:\/\/ftp3.syscom.mx\/usuarios\/jsosa\/HIKVISION\/redes\/poeextended.PNG' alt='Distancias Modo Extendido'> <\/p>\n<h3 style='font-size: 18px; margin: 30px 0 15px; color: inherit; text-align: center;'>Funcionamiento PoE Extended<\/h3>\n<p style='margin: 15px 0; text-align: center;'> <span style='font-size: 14pt; font-family: verdana&comma; geneva&comma; sans-serif;'>Los Switches PoE de Hikvision permiten al momento de utilizar un extensor PoE Hikvision modelo <a style='color: inherit; text-decoration: none;' href='https:\/\/www.syscom.mx\/producto\/DS-3E0103DP-E-R-HIKVISION-230170.html'>DS-3E0103DP-E\/R<\/a> o <a style='color: inherit; text-decoration: none;' href='https:\/\/www.syscom.mx\/producto\/DS-3E0503DP-E-R-HIKVISION-230171.html'>DS-3E0503DP-E\/R<\/a> alcanzar distancias de hasta <strong style='font-size: 16px;'>200 metros<\/strong><\/span> <\/p>\n<p style='text-align: center; margin: 20px 0;'> <img style='width: 100%; max-width: 983px; height: auto; border: 1px solid rgba(150&comma;150&comma;150&comma;0.3); border-radius: 8px;' src='https:\/\/ftp3.syscom.mx\/usuarios\/alexh\/Hikvision\/imagen\/Distancias.PNG' alt='Funcionamiento PoE Extended'> <\/p>\n<\/p><\/div>\n","protected":false},"excerpt":{"rendered":"<p>Switch Gigabit PoE+ \/ Administrable \/ 16 Puertos 1000 Mbps PoE+ \/ 2 Puertos SFP \/ Configuraci\u00f3n Nube desde Hik-ParnerPro \/ PoE hasta 300 Metros \/ 225 Watts<\/p>\n","protected":false},"featured_media":70730,"comment_status":"open","ping_status":"closed","template":"","meta":[],"product_brand":[],"product_cat":[1986],"product_tag":[54,664,1987],"class_list":{"0":"post-70731","1":"product","2":"type-product","3":"status-publish","4":"has-post-thumbnail","6":"product_cat-switches-poe","7":"product_tag-hikvision","8":"product_tag-networking","9":"product_tag-switches-poe","11":"first","12":"instock","13":"sale","14":"shipping-taxable","15":"purchasable","16":"product-type-simple"},"_links":{"self":[{"href":"https:\/\/soydeaqui.ddns.net\/pachuca\/index.php\/wp-json\/wp\/v2\/product\/70731","targetHints":{"allow":["GET"]}}],"collection":[{"href":"https:\/\/soydeaqui.ddns.net\/pachuca\/index.php\/wp-json\/wp\/v2\/product"}],"about":[{"href":"https:\/\/soydeaqui.ddns.net\/pachuca\/index.php\/wp-json\/wp\/v2\/types\/product"}],"replies":[{"embeddable":true,"href":"https:\/\/soydeaqui.ddns.net\/pachuca\/index.php\/wp-json\/wp\/v2\/comments?post=70731"}],"wp:featuredmedia":[{"embeddable":true,"href":"https:\/\/soydeaqui.ddns.net\/pachuca\/index.php\/wp-json\/wp\/v2\/media\/70730"}],"wp:attachment":[{"href":"https:\/\/soydeaqui.ddns.net\/pachuca\/index.php\/wp-json\/wp\/v2\/media?parent=70731"}],"wp:term":[{"taxonomy":"product_brand","embeddable":true,"href":"https:\/\/soydeaqui.ddns.net\/pachuca\/index.php\/wp-json\/wp\/v2\/product_brand?post=70731"},{"taxonomy":"product_cat","embeddable":true,"href":"https:\/\/soydeaqui.ddns.net\/pachuca\/index.php\/wp-json\/wp\/v2\/product_cat?post=70731"},{"taxonomy":"product_tag","embeddable":true,"href":"https:\/\/soydeaqui.ddns.net\/pachuca\/index.php\/wp-json\/wp\/v2\/product_tag?post=70731"}],"curies":[{"name":"wp","href":"https:\/\/api.w.org\/{rel}","templated":true}]}}