{"id":70721,"date":"2026-03-19T11:38:07","date_gmt":"2026-03-19T11:38:07","guid":{"rendered":"https:\/\/soydeaqui.ddns.net\/pachuca\/index.php\/producto\/router-industrial-vpn-3-puertos-10-100-1000-gigabit\/"},"modified":"2026-03-19T11:38:18","modified_gmt":"2026-03-19T11:38:18","slug":"router-industrial-vpn-3-puertos-10-100-1000-gigabit","status":"publish","type":"product","link":"https:\/\/soydeaqui.ddns.net\/pachuca\/index.php\/producto\/router-industrial-vpn-3-puertos-10-100-1000-gigabit\/","title":{"rendered":"Router Industrial VPN, 3 Puertos 10\/100\/1000 Gigabit"},"content":{"rendered":"<div style='width: 100%; max-width: 1200px; margin: 0 auto; font-family: sans-serif; line-height: 1.6; color: inherit; background-color: transparent;'>\n<div style='width: 100%; max-width: 1200px; margin: 0 auto; padding: 0 15px;'> <img style='width: 100%; height: auto; border: 1px solid rgba(150&comma;150&comma;150&comma;0.3); border-radius: 8px;' src='https:\/\/ftp3.syscom.mx\/usuarios\/fotos\/RUTX08\/195130-banner_rutx08.png' alt='Banner RUTX08'> <\/div>\n<div style='padding: 0 15px;'>\n<h3 style='font-size: 22px; border-bottom: 2px solid currentColor; padding-bottom: 5px; margin-top: 0; color: inherit; opacity: 0.8; text-align: center;'>Router Industrial Gigabit VPN<\/h3>\n<p style='text-align: justify; margin: 10px 70px 50px 70px; font-size: 14pt; color: inherit;'>RUTX08 es un enrutador VPN industrial Ethernet a Ethernet duradero y potente que se ejecuta en RutOS&comma; un avanzado sistema operativo basado en OpenWRT.<\/p>\n<p style='text-align: justify; margin: 10px 70px 50px 70px; font-size: 14pt; color: inherit;'>Tiene cuatro puertos Gigabit Ethernet con velocidades de hasta 1000 Mbps.<\/p>\n<p style='text-align: justify; margin: 10px 70px 50px 70px; font-size: 14pt; color: inherit;'>Una carcasa de aluminio resistente y un soporte de protocolo de red industrial hacen de RUTX08 una opci\u00f3n perfecta para aplicaciones profesionales.<\/p>\n<p style='text-align: justify; margin: 10px 70px 50px 70px; font-size: 14pt; color: inherit;'>Estas potentes especificaciones combinadas con las caracter\u00edsticas del software RutOS&comma; como m\u00faltiples servicios VPN compatibles&comma; firewall avanzado y sistema de gesti\u00f3n remota (RMS)&comma; hacen de este dispositivo un excelente rendimiento&comma; donde no se requiere conectividad celular o Wi-Fi.<\/p>\n<\/p><\/div>\n<h2 style='color: inherit; margin: 30px 0 15px; padding: 0 15px; font-size: 24px; border-bottom: 2px solid currentColor; padding-bottom: 5px; opacity: 0.8;'>Caracter\u00edsticas<\/h2>\n<div style='display: flex; flex-wrap: wrap; gap: 30px; margin: 0 15px 30px;'>\n<div style='flex: 1 1 300px; min-width: 280px;'>\n<div style='border: 1px solid rgba(150&comma; 150&comma; 150&comma; 0.4); border-radius: 8px; overflow: hidden; display: flex; flex-direction: column; height: 100%;'>\n<div style='padding: 15px; border-bottom: 1px solid rgba(150&comma; 150&comma; 150&comma; 0.2); font-weight: bold; font-size: 18px; color: inherit; background: rgba(53&comma; 152&comma; 219&comma; 0.1);'>Generales<\/div>\n<div style='padding: 15px; color: inherit;'>\n<ul style='padding-left: 20px; margin: 0; font-size: 14px; list-style-type: disc; color: inherit;'>\n<li style='margin-bottom: 5px; color: inherit;'>Administraci\u00f3n Remota por RMS<\/li>\n<li style='margin-bottom: 5px; color: inherit;'>Construcci\u00f3n robusta en carcasa de aluminio con protecci\u00f3n de ingreso IP30 con opci\u00f3n de montaje en riel DIN.<\/li>\n<li style='margin-bottom: 5px; color: inherit;'>Gran rango de operaci\u00f3n en ambientes extremos.<\/li>\n<li style='margin-bottom: 5px; color: inherit;'>Tama\u00f1o compacto.<\/li>\n<\/ul><\/div>\n<\/p><\/div>\n<\/p><\/div>\n<div style='flex: 1 1 300px; min-width: 280px;'>\n<div style='border: 1px solid rgba(150&comma; 150&comma; 150&comma; 0.4); border-radius: 8px; overflow: hidden; display: flex; flex-direction: column; height: 100%;'>\n<div style='padding: 15px; border-bottom: 1px solid rgba(150&comma; 150&comma; 150&comma; 0.2); font-weight: bold; font-size: 18px; color: inherit; background: rgba(53&comma; 152&comma; 219&comma; 0.1);'>Conectividad<\/div>\n<div style='padding: 15px; color: inherit;'>\n<ul style='padding-left: 20px; margin: 0; font-size: 14px; list-style-type: disc; color: inherit;'>\n<li style='margin-bottom: 5px; color: inherit;'>1 Puerto WAN Gigabit&comma; 10\/100\/1000 Mbps<\/li>\n<li style='margin-bottom: 5px; color: inherit;'>3 Puertos LAN Gigabit&comma; 10\/100\/1000 Mbps<\/li>\n<li style='margin-bottom: 5px; color: inherit;'>Conexi\u00f3n por VPN (RMS)<\/li>\n<\/ul><\/div>\n<\/p><\/div>\n<\/p><\/div>\n<div style='flex: 1 1 300px; min-width: 280px;'>\n<div style='border: 1px solid rgba(150&comma; 150&comma; 150&comma; 0.4); border-radius: 8px; overflow: hidden; display: flex; flex-direction: column; height: 100%;'>\n<div style='padding: 15px; border-bottom: 1px solid rgba(150&comma; 150&comma; 150&comma; 0.2); font-weight: bold; font-size: 18px; color: inherit; background: rgba(53&comma; 152&comma; 219&comma; 0.1);'>Hardware<\/div>\n<div style='padding: 15px; color: inherit;'>\n<ul style='padding-left: 20px; margin: 0; font-size: 14px; list-style-type: disc; color: inherit;'>\n<li style='margin-bottom: 5px; color: inherit;'>CPU: Quad-core ARM Cortex A7&comma; 717 MHz<\/li>\n<li style='margin-bottom: 5px; color: inherit;'>RAM: 256 MB&comma; DDR3<\/li>\n<\/ul><\/div>\n<\/p><\/div>\n<\/p><\/div>\n<div style='flex: 1 1 300px; min-width: 280px;'>\n<div style='border: 1px solid rgba(150&comma; 150&comma; 150&comma; 0.4); border-radius: 8px; overflow: hidden; display: flex; flex-direction: column; height: 100%;'>\n<div style='padding: 15px; border-bottom: 1px solid rgba(150&comma; 150&comma; 150&comma; 0.2); font-weight: bold; font-size: 18px; color: inherit; background: rgba(53&comma; 152&comma; 219&comma; 0.1);'>El\u00e9ctricas y F\u00edsicas<\/div>\n<div style='padding: 15px; color: inherit;'>\n<ul style='padding-left: 20px; margin: 0; font-size: 14px; list-style-type: disc; color: inherit;'>\n<li style='margin-bottom: 5px; color: inherit;'>Alimentaci\u00f3n: 9 &#8211; 50 Vcc<\/li>\n<li style='margin-bottom: 5px; color: inherit;'>Consumo: 6 W<\/li>\n<li style='margin-bottom: 5px; color: inherit;'>Peso: 345 g<\/li>\n<li style='margin-bottom: 5px; color: inherit;'>Dimensiones: 105&#215;32.2&#215;95.2 mm (An x Al x Pr)<\/li>\n<li style='margin-bottom: 5px; color: inherit;'>Temperatura de Operaci\u00f3n: -40 a 75\u00ba C<\/li>\n<li style='margin-bottom: 5px; color: inherit;'>Grado de protecci\u00f3n: IP30<\/li>\n<\/ul><\/div>\n<\/p><\/div>\n<\/p><\/div>\n<\/p><\/div>\n<h2 style='color: inherit; margin: 30px 0 15px; padding: 0 15px; font-size: 24px; border-bottom: 2px solid currentColor; padding-bottom: 5px; opacity: 0.8;'>Remote Management System RMS<\/h2>\n<div style='display: flex; flex-wrap: wrap; gap: 30px; margin: 0 15px 30px;'>\n<div style='flex: 1 1 400px; min-width: 300px; position: relative; padding-bottom: 56.25%; height: 0; overflow: hidden; margin-bottom: 30px;'>   <\/div>\n<div style='flex: 1 1 400px; min-width: 300px; position: relative; padding-bottom: 56.25%; height: 0; overflow: hidden; margin-bottom: 30px;'>   <\/div>\n<\/p><\/div>\n<hr style='border: 0; border-top: 1px solid rgba(150&comma; 150&comma; 150&comma; 0.3); margin: 30px 0;'> <\/div>\n","protected":false},"excerpt":{"rendered":"<p>Router Industrial VPN, 3 Puertos 10\/100\/1000 Gigabit<\/p>\n","protected":false},"featured_media":70720,"comment_status":"open","ping_status":"closed","template":"","meta":[],"product_brand":[],"product_cat":[1984],"product_tag":[1985,664,1430],"class_list":{"0":"post-70721","1":"product","2":"type-product","3":"status-publish","4":"has-post-thumbnail","6":"product_cat-industrial","7":"product_tag-industrial","8":"product_tag-networking","9":"product_tag-teltonika","11":"first","12":"instock","13":"sale","14":"shipping-taxable","15":"purchasable","16":"product-type-simple"},"_links":{"self":[{"href":"https:\/\/soydeaqui.ddns.net\/pachuca\/index.php\/wp-json\/wp\/v2\/product\/70721","targetHints":{"allow":["GET"]}}],"collection":[{"href":"https:\/\/soydeaqui.ddns.net\/pachuca\/index.php\/wp-json\/wp\/v2\/product"}],"about":[{"href":"https:\/\/soydeaqui.ddns.net\/pachuca\/index.php\/wp-json\/wp\/v2\/types\/product"}],"replies":[{"embeddable":true,"href":"https:\/\/soydeaqui.ddns.net\/pachuca\/index.php\/wp-json\/wp\/v2\/comments?post=70721"}],"wp:featuredmedia":[{"embeddable":true,"href":"https:\/\/soydeaqui.ddns.net\/pachuca\/index.php\/wp-json\/wp\/v2\/media\/70720"}],"wp:attachment":[{"href":"https:\/\/soydeaqui.ddns.net\/pachuca\/index.php\/wp-json\/wp\/v2\/media?parent=70721"}],"wp:term":[{"taxonomy":"product_brand","embeddable":true,"href":"https:\/\/soydeaqui.ddns.net\/pachuca\/index.php\/wp-json\/wp\/v2\/product_brand?post=70721"},{"taxonomy":"product_cat","embeddable":true,"href":"https:\/\/soydeaqui.ddns.net\/pachuca\/index.php\/wp-json\/wp\/v2\/product_cat?post=70721"},{"taxonomy":"product_tag","embeddable":true,"href":"https:\/\/soydeaqui.ddns.net\/pachuca\/index.php\/wp-json\/wp\/v2\/product_tag?post=70721"}],"curies":[{"name":"wp","href":"https:\/\/api.w.org\/{rel}","templated":true}]}}