{"id":7071,"date":"2026-03-18T06:51:28","date_gmt":"2026-03-18T06:51:28","guid":{"rendered":"https:\/\/soydeaqui.ddns.net\/pachuca\/index.php\/producto\/mezclador-amplificador-de-audio-4-zonas-de-240w-rms-hasta-960w-4-canales-5-entradas-mp3-tuner-usb-sd-1-entrada-de-microfono\/"},"modified":"2026-03-18T06:51:31","modified_gmt":"2026-03-18T06:51:31","slug":"mezclador-amplificador-de-audio-4-zonas-de-240w-rms-hasta-960w-4-canales-5-entradas-mp3-tuner-usb-sd-1-entrada-de-microfono","status":"publish","type":"product","link":"https:\/\/soydeaqui.ddns.net\/pachuca\/index.php\/producto\/mezclador-amplificador-de-audio-4-zonas-de-240w-rms-hasta-960w-4-canales-5-entradas-mp3-tuner-usb-sd-1-entrada-de-microfono\/","title":{"rendered":"Mezclador Amplificador de Audio &#8211; 4 zonas de 240W RMS Hasta 960W | 4 Canales | 5 Entradas | MP3 Tuner USB\/SD | 1 Entrada de Micr\u00f3fono"},"content":{"rendered":"<div style='width: 100%; max-width: 1200px; margin: 0 auto; font-family: sans-serif; line-height: 1.6; color: inherit; background-color: transparent;'> <!-- Secci\u00f3n de videos --> <\/p>\n<div style='display: flex; flex-wrap: wrap; gap: 20px; margin-bottom: 30px;'>\n<div style='flex: 1 1 300px; min-width: 280px;'>\n<div style='position: relative; padding-bottom: 56.25%; height: 0; overflow: hidden; margin-bottom: 30px;'>   <\/div>\n<\/p><\/div>\n<div style='flex: 1 1 300px; min-width: 280px;'>\n<div style='position: relative; padding-bottom: 56.25%; height: 0; overflow: hidden; margin-bottom: 30px;'>   <\/div>\n<\/p><\/div>\n<div style='flex: 1 1 300px; min-width: 280px;'>\n<div style='position: relative; padding-bottom: 56.25%; height: 0; overflow: hidden; margin-bottom: 30px;'>   <\/div>\n<\/p><\/div>\n<\/p><\/div>\n<p> <!-- Secci\u00f3n de contenido con flex\/grid --> <\/p>\n<div style='display: flex; flex-wrap: wrap; gap: 30px; margin-bottom: 30px;'>\n<div style='flex: 1 1 300px; min-width: 280px;'>\n<h3 style='font-size: 22px; border-bottom: 2px solid currentColor; padding-bottom: 5px; margin-top: 0; color: inherit; opacity: 0.8;'>Caracter\u00edsticas principales<\/h3>\n<ul style='padding-left: 20px; font-size: 15px; color: inherit;'>\n<li style='margin-bottom: 5px;'>4 salidas : 4X240W para una potencia total de 960W<\/li>\n<li style='margin-bottom: 5px;'>3 entradas de audio que pueden usarse en uno o en todos los canales (2 RCA + 1 Bluetooth)<\/li>\n<li style='margin-bottom: 5px;'>3 entradas de microfono con conector 6.3mm o XLR<\/li>\n<li style='margin-bottom: 5px;'>Entrada RJ45 para micr\u00f3fono SF4012 de 4 zonas (No IP). En un sistema puede haber hasta 4 micr\u00f3fonos conectados a 100m.<\/li>\n<li style='margin-bottom: 5px;'>Formato MP3<\/li>\n<li style='margin-bottom: 5px;'>Puerto para insertar SD<\/li>\n<li style='margin-bottom: 5px;'>Puerto para insertar USB<\/li>\n<li style='margin-bottom: 5px;'>Radio FM<\/li>\n<\/ul><\/div>\n<div style='flex: 1 1 300px; min-width: 280px;'>\n<h3 style='font-size: 22px; border-bottom: 2px solid currentColor; padding-bottom: 5px; margin-top: 0; color: inherit; opacity: 0.8;'>Caracter\u00edsticas F\u00edsicas y El\u00e9ctricas<\/h3>\n<ul style='padding-left: 20px; font-size: 15px; color: inherit;'>\n<li style='margin-bottom: 5px;'>Salida de altavoces 70V&comma; 100V y 4\u03a9<\/li>\n<li style='margin-bottom: 5px;'>Consumo de potencia 1200W<\/li>\n<li style='margin-bottom: 5px;'>Voltaje de entrada 120Vca<\/li>\n<li style='margin-bottom: 5px;'>Dimensiones 484 mm x 399 mm x 132mm<\/li>\n<li style='margin-bottom: 5px;'>Peso 18KG<\/li>\n<\/ul><\/div>\n<div style='flex: 1 1 300px; min-width: 280px;'>\n<h3 style='font-size: 22px; border-bottom: 2px solid currentColor; padding-bottom: 5px; margin-top: 0; color: inherit; opacity: 0.8;'>Caracter\u00edsticas Destacadas<\/h3>\n<p style='font-size: 15px; color: inherit; margin-top: 0;'>Este dispositivo cuenta con una protecci\u00f3n inteligente contra alto voltaje. El equipo entrar\u00e1 en modo protecci\u00f3n al detectar un voltaje arriba de los 127VAC lo cual evita que haya una perdida total del equipo. Se recomienda utilizar un regulador de voltaje o alimentar su equipo con un UPS en lugares donde la tensi\u00f3n el\u00e9ctrica sea mayor o existan picos altos de voltaje.<\/p>\n<\/p><\/div>\n<\/p><\/div>\n<p> <!-- Separador --> <\/p>\n<hr style='border: 0; border-top: 1px solid rgba(150&comma; 150&comma; 150&comma; 0.3); margin: 30px 0;'> <!-- Secci\u00f3n de imagen --> <\/p>\n<div style='margin-top: 100px;'>\n<h2 style='font-size: 20px; color: inherit; opacity: 0.8; margin-bottom: 20px;'>Agilice la evacuaci\u00f3n en caso de sismo distribuyendo su alarma sismica con los amplificadores y bocinas EPCOM PROAUDIO<\/h2>\n<div style='width: 100%; max-width: 1000px; margin: 0 auto;'> <img style='width: 100%; height: auto; border: 1px solid rgba(150&comma;150&comma;150&comma;0.3); border-radius: 8px;' src='https:\/\/ftp3.syscom.mx\/usuarios\/fotos\/SF4240MP\/171780-epcomproaudio.jpg' alt=''> <\/div>\n<\/p><\/div>\n<\/p><\/div>\n","protected":false},"excerpt":{"rendered":"<p>Mezclador Amplificador de Audio &#8211; 4 zonas de 240W RMS Hasta 960W | 4 Canales | 5 Entradas | MP3 Tuner USB\/SD | 1 Entrada de Micr\u00f3fono<\/p>\n","protected":false},"featured_media":7070,"comment_status":"open","ping_status":"closed","template":"","meta":[],"product_brand":[],"product_cat":[108],"product_tag":[110,109],"class_list":{"0":"post-7071","1":"product","2":"type-product","3":"status-publish","4":"has-post-thumbnail","6":"product_cat-epcom-proaudio","7":"product_tag-epcom-proaudio","8":"product_tag-megafonia-y-audioevacuacion","10":"first","11":"outofstock","12":"sale","13":"shipping-taxable","14":"purchasable","15":"product-type-simple"},"_links":{"self":[{"href":"https:\/\/soydeaqui.ddns.net\/pachuca\/index.php\/wp-json\/wp\/v2\/product\/7071","targetHints":{"allow":["GET"]}}],"collection":[{"href":"https:\/\/soydeaqui.ddns.net\/pachuca\/index.php\/wp-json\/wp\/v2\/product"}],"about":[{"href":"https:\/\/soydeaqui.ddns.net\/pachuca\/index.php\/wp-json\/wp\/v2\/types\/product"}],"replies":[{"embeddable":true,"href":"https:\/\/soydeaqui.ddns.net\/pachuca\/index.php\/wp-json\/wp\/v2\/comments?post=7071"}],"wp:featuredmedia":[{"embeddable":true,"href":"https:\/\/soydeaqui.ddns.net\/pachuca\/index.php\/wp-json\/wp\/v2\/media\/7070"}],"wp:attachment":[{"href":"https:\/\/soydeaqui.ddns.net\/pachuca\/index.php\/wp-json\/wp\/v2\/media?parent=7071"}],"wp:term":[{"taxonomy":"product_brand","embeddable":true,"href":"https:\/\/soydeaqui.ddns.net\/pachuca\/index.php\/wp-json\/wp\/v2\/product_brand?post=7071"},{"taxonomy":"product_cat","embeddable":true,"href":"https:\/\/soydeaqui.ddns.net\/pachuca\/index.php\/wp-json\/wp\/v2\/product_cat?post=7071"},{"taxonomy":"product_tag","embeddable":true,"href":"https:\/\/soydeaqui.ddns.net\/pachuca\/index.php\/wp-json\/wp\/v2\/product_tag?post=7071"}],"curies":[{"name":"wp","href":"https:\/\/api.w.org\/{rel}","templated":true}]}}