{"id":70699,"date":"2026-03-19T11:37:13","date_gmt":"2026-03-19T11:37:13","guid":{"rendered":"https:\/\/soydeaqui.ddns.net\/pachuca\/index.php\/producto\/radio-para-nodo-cliente-cnwave-v3000-60-ghz-frecuencia-libre-7-6-gbps-hasta-800-metros\/"},"modified":"2026-03-19T11:37:19","modified_gmt":"2026-03-19T11:37:19","slug":"radio-para-nodo-cliente-cnwave-v3000-60-ghz-frecuencia-libre-7-6-gbps-hasta-800-metros","status":"publish","type":"product","link":"https:\/\/soydeaqui.ddns.net\/pachuca\/index.php\/producto\/radio-para-nodo-cliente-cnwave-v3000-60-ghz-frecuencia-libre-7-6-gbps-hasta-800-metros\/","title":{"rendered":"Radio para Nodo Cliente cnWave V3000, 60 GHz (frecuencia libre), 7.6 Gbps, hasta 800 metros"},"content":{"rendered":"<div style='width: 100%; max-width: 1200px; margin: 0 auto; font-family: sans-serif; line-height: 1.6; color: inherit; background-color: transparent;'> <!-- T\u00edtulo principal --> <\/p>\n<div style='margin-bottom: 30px;'>\n<h1 style='font-size: 2.625rem; margin: 0 0 0.875rem; font-weight: 400; line-height: 1.04762; color: inherit; text-shadow: rgba(0&comma; 0&comma; 0&comma; 0.2) 2px 4px 3px;'>60 GHz cnWave V3000<\/h1>\n<p style='margin: 0; font-size: 15px; color: inherit; opacity: 0.8;'>Demo de configuraci\u00f3n: <a href='https:\/\/www.cambiumnetworks.com\/explore-cambium-networks-60-ghz-cnwave-ptp-quick-link-guided-demo\/?Referring_Org=Direct25' style='color: #9b59b6; text-decoration: none;' target='_blank' rel='noopener'>https:\/\/www.cambiumnetworks.com\/explore-cambium-networks-60-ghz-cnwave-ptp-quick-link-guided-demo\/?Referring_Org=Direct25<\/a><\/p>\n<\/p><\/div>\n<p> <!-- Imagen principal --> <\/p>\n<div style='margin: 30px 0;'> <img style='width: 100%; height: auto; border: 1px solid rgba(150&comma;150&comma;150&comma;0.3); border-radius: 8px;' src='https:\/\/cdn.cambiumnetworks.com\/wp-content\/uploads\/2020\/09\/cnwave-60ghz-v3000_hero-2.png' alt='Radio para Nodo Cliente cnWave V3000'> <\/div>\n<p> <!-- Descripci\u00f3n general --> <\/p>\n<div style='margin-bottom: 30px;'>\n<p style='font-size: 15px; margin: 0 0 15px; color: inherit;'>El V3000 se presenta con una antena de alta ganancia de 44&comma;5 dBi con formaci\u00f3n de haz. Los nodos cliente pueden admitir hasta 7&comma;6 Gbps con enlace de canal para configuraciones PMP y PTP.<\/p>\n<\/p><\/div>\n<p> <!-- Especificaciones distancia --> <\/p>\n<div style='margin-bottom: 30px;'>\n<div style='margin-bottom: 15px;'><strong style='font-size: 14pt; color: inherit;'>Distancia recomendada para cliente de multipunto (nodo <\/strong><a href='https:\/\/www.syscom.mx\/producto\/C600500A004A-CAMBIUM-NETWORKS-191276.html' style='font-size: 14pt; color: #007bff; text-decoration: none;' target='_blank' rel='noopener'>V5000<\/a><strong style='font-size: 14pt; color: inherit;'>): 800 metros<\/strong><\/div>\n<div><strong style='font-size: 14pt; color: inherit;'>Distancia m\u00e1xima para Punto a Punto: 1.5 km<\/strong><\/div>\n<\/p><\/div>\n<p> <!-- Secci\u00f3n de caracter\u00edsticas --> <\/p>\n<div style='margin-bottom: 30px;'>\n<h3 style='font-size: 22px; border-bottom: 2px solid currentColor; padding-bottom: 5px; margin-top: 0; color: inherit; opacity: 0.8;'>Dise\u00f1ado para implementaciones de alta velocidad y alta densidad<\/h3>\n<p style='font-size: 15px; margin: 15px 0; color: inherit;'>La soluci\u00f3n cnWave de 60 GHz de Cambium Networks proporciona conectividad gigabit inal\u00e1mbrica f\u00e1cil&comma; r\u00e1pida y rentable para acceso de borde y \/ o backhaul de alta capacidad para soluciones de acceso de borde con un TCO significativamente m\u00e1s bajo que la infraestructura de fibra. Los proveedores de servicios y las empresas ahora tienen acceso a gigabit para conectividad comercial y residencial&comma; backhaul para acceso Wi-Fi o celda peque\u00f1a LTE \/ 5G. Certificadas para Facebook Terragraph&comma; las soluciones de malla cnWave son altamente eficientes en el manejo de implementaciones de alta densidad en ciudades y \u00e1reas suburbanas.<\/p>\n<p style='font-size: 15px; margin: 15px 0; color: inherit;'>El V3000 se presenta con una antena de alta ganancia de 44&comma;5 dBi con formaci\u00f3n de haz. Los nodos cliente pueden admitir hasta 7&comma;6 Gbps con enlace de canal para configuraciones PMP y PTP.<\/p>\n<\/p><\/div>\n<p> <!-- Imagen secundaria --> <\/p>\n<div style='margin: 30px 0;'> <img style='width: 100%; height: auto; border: 1px solid rgba(150&comma;150&comma;150&comma;0.3); border-radius: 8px;' src='https:\/\/cdn.cambiumnetworks.com\/wp-content\/uploads\/2020\/09\/cnMaestro-solutions-web.jpg' alt='Gesti\u00f3n cnMaestro'> <\/div>\n<p> <!-- Secci\u00f3n de gesti\u00f3n --> <\/p>\n<div style='margin-bottom: 30px;'>\n<h3 style='font-size: 22px; border-bottom: 2px solid currentColor; padding-bottom: 5px; margin-top: 0; color: inherit; opacity: 0.8;'>Gesti\u00f3n en la nube y en las instalaciones<\/h3>\n<p style='font-size: 15px; margin: 15px 0; color: inherit;'>CnWave de 60 GHz funciona con el sistema de gesti\u00f3n cnMaestro de Cambium Networks. cnMaestro \u2122 es una plataforma de software local o basada en la nube para un control de red seguro de un extremo a otro. El administrador de red inal\u00e1mbrica cnMaestro simplifica la administraci\u00f3n de dispositivos al ofrecer visibilidad total de la red y aprovisionamiento sin intervenci\u00f3n. Vea y realice un conjunto completo de funciones de administraci\u00f3n de redes inal\u00e1mbricas en tiempo real. Optimice la disponibilidad del sistema&comma; maximice el rendimiento y satisfaga las necesidades emergentes de los clientes comerciales y residenciales.<\/p>\n<\/p><\/div>\n<p> <!-- Secci\u00f3n de especificaciones --> <\/p>\n<div style='display: flex; flex-wrap: wrap; gap: 20px; margin-bottom: 30px;'> <!-- Caracter\u00edsticas principales --> <\/p>\n<div style='flex: 1 1 300px; min-width: 280px; border: 1px solid rgba(150&comma; 150&comma; 150&comma; 0.4); border-radius: 8px; overflow: hidden; display: flex; flex-direction: column;'>\n<div style='padding: 15px; border-bottom: 1px solid rgba(150&comma; 150&comma; 150&comma; 0.2); font-weight: bold; font-size: 18px; background-color: #51a4f5; color: #ffffff;'>Caracter\u00edsticas principales<\/div>\n<div style='padding: 15px; color: inherit;'>\n<ul style='padding-left: 20px; margin: 0; font-size: 14px; list-style-type: disc;'>\n<li style='margin-bottom: 5px;'><strong>Rango de frecuencia:<\/strong> 57 a 66 GHz en un solo SKU<\/li>\n<li style='margin-bottom: 5px;'><strong>Anchos de canal:<\/strong> 2&comma;16 GHz&comma; 4&comma;32 GHz <em style='color: #888;'>(Disponible pr\u00f3ximamente)<\/em><\/li>\n<li style='margin-bottom: 5px;'><strong>Modo de operaci\u00f3n:<\/strong> PMP o malla&comma; PTP<\/li>\n<\/ul><\/div>\n<\/p><\/div>\n<p> <!-- Caracter\u00edsticas f\u00edsicas y el\u00e9ctricas --> <\/p>\n<div style='flex: 1 1 300px; min-width: 280px; border: 1px solid rgba(150&comma; 150&comma; 150&comma; 0.4); border-radius: 8px; overflow: hidden; display: flex; flex-direction: column;'>\n<div style='padding: 15px; border-bottom: 1px solid rgba(150&comma; 150&comma; 150&comma; 0.2); font-weight: bold; font-size: 18px; background-color: #51a4f5; color: #ffffff;'>Caracter\u00edsticas F\u00edsicas y El\u00e9ctricas<\/div>\n<div style='padding: 15px; color: inherit;'>\n<ul style='padding-left: 20px; margin: 0; font-size: 14px; list-style-type: disc;'>\n<li style='margin-bottom: 5px;'><strong>Puertos:<\/strong> 1x 100\/1000 \/ 10G BaseT para entrada PoE (42-57 Vcc)<\/li>\n<li style='margin-bottom: 5px;'><strong>Salida:<\/strong> 1 x 100\/1000 BaseT con salida PoE 802.3at<\/li>\n<li style='margin-bottom: 5px;'><strong>Conector SFP+:<\/strong> 1 x SFP +<\/li>\n<li style='margin-bottom: 5px;'><strong>Consumo:<\/strong> 55 W con puerto PoE secundario activado<\/li>\n<li style='margin-bottom: 5px;'><strong>Consumo:<\/strong> 30 W sin puerto PoE secundario<\/li>\n<\/ul><\/div>\n<\/p><\/div>\n<p> <!-- Desempe\u00f1o --> <\/p>\n<div style='flex: 1 1 300px; min-width: 280px; border: 1px solid rgba(150&comma; 150&comma; 150&comma; 0.4); border-radius: 8px; overflow: hidden; display: flex; flex-direction: column;'>\n<div style='padding: 15px; border-bottom: 1px solid rgba(150&comma; 150&comma; 150&comma; 0.2); font-weight: bold; font-size: 18px; background-color: #51a4f5; color: #ffffff;'>Desempe\u00f1o<\/div>\n<div style='padding: 15px; color: inherit;'>\n<ul style='padding-left: 20px; margin: 0; font-size: 14px; list-style-type: disc;'>\n<li style='margin-bottom: 5px;'><strong>Modulaci\u00f3n:<\/strong> MCS-0 (BPSK) a MCS-12 (16-QAM)<\/li>\n<li style='margin-bottom: 5px;'><strong>Latencia:<\/strong> <1 ms<\/li>\n<li style='margin-bottom: 5px;'><strong>EIRP m\u00e1xima:<\/strong> 60&comma;5 dBm<\/li>\n<\/ul><\/div>\n<\/p><\/div>\n<\/p><\/div>\n<p> <!-- Nota de requisitos --> <\/p>\n<div style='margin-bottom: 30px; padding: 15px; border-left: 4px solid #51a4f5; background-color: rgba(150&comma;150&comma;150&comma;0.1);'>\n<p style='margin: 0; font-size: 14pt; color: inherit;'><strong>*Requiere antena modelo C600500D001A&comma; montaje C000000L125A&comma; fuente de alimentaci\u00f3n PoE modelo N000000L142A&comma; y cable de corriente CABEPMP.<\/strong><\/p>\n<\/p><\/div>\n<\/p><\/div>\n","protected":false},"excerpt":{"rendered":"<p>Radio para Nodo Cliente cnWave V3000, 60 GHz (frecuencia libre), 7.6 Gbps, hasta 800 metros<\/p>\n","protected":false},"featured_media":70698,"comment_status":"open","ping_status":"closed","template":"","meta":[],"product_brand":[],"product_cat":[1978,1979],"product_tag":[1981,1982,1316,1980],"class_list":{"0":"post-70699","1":"product","2":"type-product","3":"status-publish","4":"has-post-thumbnail","6":"product_cat-1978","7":"product_cat-70-y-80-ghz","8":"product_tag-1981","9":"product_tag-70-y-80-ghz","10":"product_tag-cambium-networks","11":"product_tag-enlaces-ptp-y-ptmp","13":"first","14":"outofstock","15":"sale","16":"shipping-taxable","17":"purchasable","18":"product-type-simple"},"_links":{"self":[{"href":"https:\/\/soydeaqui.ddns.net\/pachuca\/index.php\/wp-json\/wp\/v2\/product\/70699","targetHints":{"allow":["GET"]}}],"collection":[{"href":"https:\/\/soydeaqui.ddns.net\/pachuca\/index.php\/wp-json\/wp\/v2\/product"}],"about":[{"href":"https:\/\/soydeaqui.ddns.net\/pachuca\/index.php\/wp-json\/wp\/v2\/types\/product"}],"replies":[{"embeddable":true,"href":"https:\/\/soydeaqui.ddns.net\/pachuca\/index.php\/wp-json\/wp\/v2\/comments?post=70699"}],"wp:featuredmedia":[{"embeddable":true,"href":"https:\/\/soydeaqui.ddns.net\/pachuca\/index.php\/wp-json\/wp\/v2\/media\/70698"}],"wp:attachment":[{"href":"https:\/\/soydeaqui.ddns.net\/pachuca\/index.php\/wp-json\/wp\/v2\/media?parent=70699"}],"wp:term":[{"taxonomy":"product_brand","embeddable":true,"href":"https:\/\/soydeaqui.ddns.net\/pachuca\/index.php\/wp-json\/wp\/v2\/product_brand?post=70699"},{"taxonomy":"product_cat","embeddable":true,"href":"https:\/\/soydeaqui.ddns.net\/pachuca\/index.php\/wp-json\/wp\/v2\/product_cat?post=70699"},{"taxonomy":"product_tag","embeddable":true,"href":"https:\/\/soydeaqui.ddns.net\/pachuca\/index.php\/wp-json\/wp\/v2\/product_tag?post=70699"}],"curies":[{"name":"wp","href":"https:\/\/api.w.org\/{rel}","templated":true}]}}