{"id":7064,"date":"2026-03-18T06:51:23","date_gmt":"2026-03-18T06:51:23","guid":{"rendered":"https:\/\/soydeaqui.ddns.net\/pachuca\/index.php\/producto\/panel-de-alarma-inalambrico-con-pantalla-touch-en-espanol-con-gsm\/"},"modified":"2026-03-18T06:51:24","modified_gmt":"2026-03-18T06:51:24","slug":"panel-de-alarma-inalambrico-con-pantalla-touch-en-espanol-con-gsm","status":"publish","type":"product","link":"https:\/\/soydeaqui.ddns.net\/pachuca\/index.php\/producto\/panel-de-alarma-inalambrico-con-pantalla-touch-en-espanol-con-gsm\/","title":{"rendered":"Panel de Alarma Inalambrico con Pantalla Touch en Espa\u00f1ol con GSM"},"content":{"rendered":"<div style='width: 100%; max-width: 1200px; margin: 0 auto; font-family: sans-serif; line-height: 1.6; color: inherit; background-color: transparent;'> <!-- Secci\u00f3n principal con flexbox --> <\/p>\n<div style='display: flex; flex-wrap: wrap; gap: 30px; margin-bottom: 30px;'>\n<div style='flex: 1 1 300px; min-width: 280px;'>\n<h3 style='font-size: 22px; border-bottom: 2px solid currentColor; padding-bottom: 5px; margin-top: 0; color: inherit; opacity: 0.8;'>Caracter\u00edsticas Principales<\/h3>\n<ul style='padding-left: 20px; font-size: 15px; color: inherit;'>\n<li style='margin-bottom: 5px;'>Pantalla touchscreen de 7&#8242; a todo color<\/li>\n<li style='margin-bottom: 5px;'>Control y visualizaci\u00f3n intuitiva con solo tocar un bot\u00f3n<\/li>\n<li style='margin-bottom: 5px;'>Sistema interconstruido en el mismo gabinete<\/li>\n<li style='margin-bottom: 5px;'>Programable remotamente mediante software COMPASS<\/li>\n<li style='margin-bottom: 5px;'>Visualizaci\u00f3n de hasta 4 c\u00e1maras IP de Honeywell (c\u00e1maras no incluidas)<\/li>\n<\/ul><\/div>\n<p> <!-- Secci\u00f3n de especificaciones --> <\/p>\n<div style='flex: 1 1 300px; min-width: 280px;'>\n<h3 style='font-size: 22px; border-bottom: 2px solid currentColor; padding-bottom: 5px; margin-top: 0; color: inherit; opacity: 0.8;'>Especificaciones<\/h3>\n<ul style='padding-left: 20px; font-size: 15px; color: inherit;'>\n<li style='margin-bottom: 5px;'><strong>Entrada de alimentaci\u00f3n:<\/strong> 9 Vcc<\/li>\n<li style='margin-bottom: 5px;'><strong>Memoria:<\/strong> 128 eventos<\/li>\n<li style='margin-bottom: 5px;'><strong>Usuarios:<\/strong> 48 c\u00f3digos de usuario<\/li>\n<li style='margin-bottom: 5px;'><strong>Zonas:<\/strong> 1 zona cableada y 80 zonas inal\u00e1mbricas<\/li>\n<li style='margin-bottom: 5px;'><strong>Garant\u00eda:<\/strong> 1 a\u00f1o<\/li>\n<\/ul><\/div>\n<\/p><\/div>\n<p> <!-- Secci\u00f3n de cards con detalles --> <\/p>\n<div style='display: flex; flex-wrap: wrap; gap: 20px; margin-bottom: 30px;'>\n<div style='flex: 1 1 250px; border: 1px solid rgba(150&comma; 150&comma; 150&comma; 0.4); border-radius: 8px; overflow: hidden; display: flex; flex-direction: column;'>\n<div style='padding: 15px; border-bottom: 1px solid rgba(150&comma; 150&comma; 150&comma; 0.2); font-weight: bold; font-size: 18px; color: inherit;'>Sistema<\/div>\n<div style='padding: 15px; color: inherit;'>\n<ul style='padding-left: 20px; margin: 0; font-size: 14px; list-style-type: disc;'>\n<li style='margin-bottom: 5px;'>No requiere teclado programador<\/li>\n<li style='margin-bottom: 5px;'>Se programa con su teclado integrado<\/li>\n<li style='margin-bottom: 5px;'>Panel en espa\u00f1ol<\/li>\n<li style='margin-bottom: 5px;'>Bater\u00eda de respaldo<\/li>\n<li style='margin-bottom: 5px;'>Sirena tipo piezoel\u00e9ctrico de 85 dB<\/li>\n<li style='margin-bottom: 5px;'>Funciones de eventos calendarizados<\/li>\n<li style='margin-bottom: 5px;'>Notificaci\u00f3n del estado del sistema y de las zonas mediante voz<\/li>\n<li style='margin-bottom: 5px;'>Centro de mensajes de voz en espa\u00f1ol<\/li>\n<li style='margin-bottom: 5px;'>Compatible con tecnolog\u00eda Z-WAVE (requiere m\u00f3dulo L5100ZWAVE)<\/li>\n<li style='margin-bottom: 5px;'>Compatible con Total Connect (requiere m\u00f3dulo L5100WIFI&comma; 4GL o ILP5)<\/li>\n<\/ul><\/div>\n<\/p><\/div>\n<div style='flex: 1 1 250px; border: 1px solid rgba(150&comma; 150&comma; 150&comma; 0.4); border-radius: 8px; overflow: hidden; display: flex; flex-direction: column;'>\n<div style='padding: 15px; border-bottom: 1px solid rgba(150&comma; 150&comma; 150&comma; 0.2); font-weight: bold; font-size: 18px; color: inherit;'>Zonas<\/div>\n<div style='padding: 15px; color: inherit;'>\n<ul style='padding-left: 20px; margin: 0; font-size: 14px; list-style-type: disc;'>\n<li style='margin-bottom: 5px;'>1 Zona cableada<\/li>\n<li style='margin-bottom: 5px;'>80 zonas inal\u00e1mbricas m\u00e1s 24 zonas para llaveros inal\u00e1mbricos<\/li>\n<li style='margin-bottom: 5px;'>Combinaci\u00f3n de zonas de robo y fuego<\/li>\n<li style='margin-bottom: 5px;'>16 tipos de zonas configurables<\/li>\n<li style='margin-bottom: 5px;'>Supervisi\u00f3n total de sensores y detectores inal\u00e1mbricos<\/li>\n<li style='margin-bottom: 5px;'>Compatible con la Serie Inal\u00e1mbrica 5800 de Honeywell<\/li>\n<\/ul><\/div>\n<\/p><\/div>\n<div style='flex: 1 1 250px; border: 1px solid rgba(150&comma; 150&comma; 150&comma; 0.4); border-radius: 8px; overflow: hidden; display: flex; flex-direction: column;'>\n<div style='padding: 15px; border-bottom: 1px solid rgba(150&comma; 150&comma; 150&comma; 0.2); font-weight: bold; font-size: 18px; color: inherit;'>Usuarios<\/div>\n<div style='padding: 15px; color: inherit;'>\n<ul style='padding-left: 20px; margin: 0; font-size: 14px; list-style-type: disc;'>\n<li style='margin-bottom: 5px;'>48 c\u00f3digos de usuario<\/li>\n<li style='margin-bottom: 5px;'>4 niveles de autoridad: instalador&comma; maestro&comma; est\u00e1ndar y coacci\u00f3n<\/li>\n<li style='margin-bottom: 5px;'>Sistema de armado r\u00e1pido<\/li>\n<li style='margin-bottom: 5px;'>2 teclas de armado en el teclado<\/li>\n<li style='margin-bottom: 5px;'>4 niveles de armado: total&comma; parcial&comma; instant\u00e1neo y m\u00e1ximo<\/li>\n<li style='margin-bottom: 5px;'>Aviso de puerta abierta con voz (chime)<\/li>\n<\/ul><\/div>\n<\/p><\/div>\n<div style='flex: 1 1 250px; border: 1px solid rgba(150&comma; 150&comma; 150&comma; 0.4); border-radius: 8px; overflow: hidden; display: flex; flex-direction: column;'>\n<div style='padding: 15px; border-bottom: 1px solid rgba(150&comma; 150&comma; 150&comma; 0.2); font-weight: bold; font-size: 18px; color: inherit;'>Comunicaci\u00f3n<\/div>\n<div style='padding: 15px; color: inherit;'>\n<ul style='padding-left: 20px; margin: 0; font-size: 14px; list-style-type: disc;'>\n<li style='margin-bottom: 5px;'>Comunicaci\u00f3n por banda ancha&comma; GSM&comma; WiFi o Ethernet<\/li>\n<li style='margin-bottom: 5px;'>Protocolo Contact ID (n\u00famero de cuenta de 4 d\u00edgitos)<\/li>\n<li style='margin-bottom: 5px;'>Informes en formato SIA<\/li>\n<li style='margin-bottom: 5px;'>Comunicaci\u00f3n con estaci\u00f3n central de internet a trav\u00e9s del m\u00f3dulo ILP5 o L5100WIFI<\/li>\n<li style='margin-bottom: 5px;'>Comunicaci\u00f3n con estaci\u00f3n central de internet a trav\u00e9s de m\u00f3dulo GSM compatible<\/li>\n<li style='margin-bottom: 5px;'>Pantalla que muestra la potencia de la se\u00f1al de radio GSM<\/li>\n<\/ul><\/div>\n<\/p><\/div>\n<div style='flex: 1 1 250px; border: 1px solid rgba(150&comma; 150&comma; 150&comma; 0.4); border-radius: 8px; overflow: hidden; display: flex; flex-direction: column;'>\n<div style='padding: 15px; border-bottom: 1px solid rgba(150&comma; 150&comma; 150&comma; 0.2); font-weight: bold; font-size: 18px; color: inherit;'>Incluye<\/div>\n<div style='padding: 15px; color: inherit;'>\n<ul style='padding-left: 20px; margin: 0; font-size: 14px; list-style-type: disc;'>\n<li style='margin-bottom: 5px;'>L7000LAS panel de alarma<\/li>\n<li style='margin-bottom: 5px;'>3 contactos magn\u00e9ticos inal\u00e1mbricos 5816 con 3 5899\/1<\/li>\n<li style='margin-bottom: 5px;'>1 sensor de movimiento inal\u00e1mbrico 5800PIR inmune a mascotas<\/li>\n<li style='margin-bottom: 5px;'>1 control remoto inal\u00e1mbrico de 4 botones 5834-4<\/li>\n<li style='margin-bottom: 5px;'>1 comunicador GSM 3GL<\/li>\n<\/ul><\/div>\n<\/p><\/div>\n<\/p><\/div>\n<p> <!-- Nota importante --> <\/p>\n<div style='margin-top: 30px; padding: 15px; border-left: 4px solid rgba(255&comma; 165&comma; 0&comma; 0.6); background-color: rgba(255&comma; 255&comma; 255&comma; 0.03);'>\n<p style='margin: 0; font-size: 14px; color: inherit;'>Para los servicios de Total Connect\u2122 de Honeywell requiere contrato&comma; pregunte a su ejecutivo de ventas o al departamento de Ingenier\u00eda SYSCOM.<\/p>\n<\/p><\/div>\n<\/p><\/div>\n","protected":false},"excerpt":{"rendered":"<p>Panel de Alarma Inalambrico con Pantalla Touch en Espa\u00f1ol con GSM<\/p>\n","protected":false},"featured_media":7063,"comment_status":"open","ping_status":"closed","template":"","meta":[],"product_brand":[],"product_cat":[60],"product_tag":[45,61,62],"class_list":{"0":"post-7064","1":"product","2":"type-product","3":"status-publish","4":"has-post-thumbnail","6":"product_cat-todos","7":"product_tag-honeywell-home-resideo","8":"product_tag-paneles-de-alarma","9":"product_tag-todos","11":"first","12":"outofstock","13":"sale","14":"shipping-taxable","15":"purchasable","16":"product-type-simple"},"_links":{"self":[{"href":"https:\/\/soydeaqui.ddns.net\/pachuca\/index.php\/wp-json\/wp\/v2\/product\/7064","targetHints":{"allow":["GET"]}}],"collection":[{"href":"https:\/\/soydeaqui.ddns.net\/pachuca\/index.php\/wp-json\/wp\/v2\/product"}],"about":[{"href":"https:\/\/soydeaqui.ddns.net\/pachuca\/index.php\/wp-json\/wp\/v2\/types\/product"}],"replies":[{"embeddable":true,"href":"https:\/\/soydeaqui.ddns.net\/pachuca\/index.php\/wp-json\/wp\/v2\/comments?post=7064"}],"wp:featuredmedia":[{"embeddable":true,"href":"https:\/\/soydeaqui.ddns.net\/pachuca\/index.php\/wp-json\/wp\/v2\/media\/7063"}],"wp:attachment":[{"href":"https:\/\/soydeaqui.ddns.net\/pachuca\/index.php\/wp-json\/wp\/v2\/media?parent=7064"}],"wp:term":[{"taxonomy":"product_brand","embeddable":true,"href":"https:\/\/soydeaqui.ddns.net\/pachuca\/index.php\/wp-json\/wp\/v2\/product_brand?post=7064"},{"taxonomy":"product_cat","embeddable":true,"href":"https:\/\/soydeaqui.ddns.net\/pachuca\/index.php\/wp-json\/wp\/v2\/product_cat?post=7064"},{"taxonomy":"product_tag","embeddable":true,"href":"https:\/\/soydeaqui.ddns.net\/pachuca\/index.php\/wp-json\/wp\/v2\/product_tag?post=7064"}],"curies":[{"name":"wp","href":"https:\/\/api.w.org\/{rel}","templated":true}]}}