{"id":70623,"date":"2026-03-19T11:34:09","date_gmt":"2026-03-19T11:34:09","guid":{"rendered":"https:\/\/soydeaqui.ddns.net\/pachuca\/index.php\/producto\/antena-omnidireccional-para-amplificador-o-modem-4g-3g-con-montaje-para-espejo-de-tractocamion-rangos-de-frecuencia-700-900-mhz-1710-2270-mhz-ganancia-maxima-4-3-dbi\/"},"modified":"2026-03-19T11:34:15","modified_gmt":"2026-03-19T11:34:15","slug":"antena-omnidireccional-para-amplificador-o-modem-4g-3g-con-montaje-para-espejo-de-tractocamion-rangos-de-frecuencia-700-900-mhz-1710-2270-mhz-ganancia-maxima-4-3-dbi","status":"publish","type":"product","link":"https:\/\/soydeaqui.ddns.net\/pachuca\/index.php\/producto\/antena-omnidireccional-para-amplificador-o-modem-4g-3g-con-montaje-para-espejo-de-tractocamion-rangos-de-frecuencia-700-900-mhz-1710-2270-mhz-ganancia-maxima-4-3-dbi\/","title":{"rendered":"Antena Omnidireccional para Amplificador o Modem 4G\/3G | Con montaje para espejo de Tractocami\u00f3n | Rangos de frecuencia 700-900 MHz, 1710-2270 MHz | Ganancia M\u00e1xima 4.3 dBi."},"content":{"rendered":"<div style='width: 100%; max-width: 1200px; margin: 0 auto; font-family: sans-serif; line-height: 1.6; color: inherit; background-color: transparent;'> <!-- Logo --> <\/p>\n<div style='margin-bottom: 20px;'> <img style='width: 239px; height: 50px; border: 1px solid rgba(150&comma;150&comma;150&comma;0.3); border-radius: 8px;' src='http:\/\/ftp3.syscom.mx\/usuarios\/amarquez\/FTP%202018\/Logo%20de%20Weboost.jpg' alt='Logo Weboost' \/> <\/div>\n<p> <!-- Descripci\u00f3n principal --> <\/p>\n<div style='margin-bottom: 30px;'>\n<p><strong>La Antena Drive OTR es una antena de camionero omnidireccional de alta ganancia y vers\u00e1til hecha para los amplificadores de se\u00f1al celular para veh\u00edculos<\/strong>. Destaca por sus opciones de instalaci\u00f3n personalizables y extensiones de m\u00e1stil separadas&comma; es capaz de extender su altura desde 7.5 &#8216;hasta 40&#8217; para un alcance \u00f3ptimo.<\/p>\n<p>Con sus extensiones de m\u00e1stil de 13 &#8216;y 18&#8217;&comma; montaje de antena de 3 v\u00edas&comma; adaptador SMB a SMA&comma; base de resorte y fijador de roscas&comma; la antena Drive OTR se adapta f\u00e1cilmente a semirremolques&comma; veh\u00edculos de flota u overlanders.<\/p>\n<p>La construcci\u00f3n de la antena Drive OTR para todo tipo de clima y todo terreno cumple con los est\u00e1ndares militares 810H y NEMA IP66 actuales de EE. UU. Nuestra antena m\u00e1s duradera hasta ahora es resistente a fuertes r\u00e1fagas de viento&comma; ramas bajas de \u00e1rboles&comma; lluvia&comma; polvo&comma; suciedad y m\u00e1s. Adem\u00e1s&comma; el cable de antena mejorado de baja p\u00e9rdida optimiza el rendimiento en la carretera para todas las redes y dispositivos de los operadores.<\/p>\n<\/p><\/div>\n<p> <!-- Incluye --> <\/p>\n<div style='margin-bottom: 30px;'>\n<h3 style='font-size: 22px; border-bottom: 2px solid currentColor; padding-bottom: 5px; margin-top: 0; color: inherit; opacity: 0.8;'>Incluye<\/h3>\n<ul style='padding-left: 20px; font-size: 15px; color: inherit;'>\n<li>Drive OTR Antena con extensiones de m\u00e1stil de 13 &#8216;y 18&#8217;<\/li>\n<li>Soporte de antena de 3 v\u00edas<\/li>\n<li>Base de resorte<\/li>\n<li>Fijador de roscas<\/li>\n<li>16 pies cable de antena de baja p\u00e9rdida; con adaptador macho SMB a SMA<\/li>\n<\/ul><\/div>\n<p> <!-- C\u00f3mo funciona --> <\/p>\n<div style='margin-bottom: 30px;'>\n<h3 style='font-size: 22px; border-bottom: 2px solid currentColor; padding-bottom: 5px; margin-top: 0; color: inherit; opacity: 0.8;'>C\u00f3mo funciona<\/h3>\n<ol style='padding-left: 20px; font-size: 15px; color: inherit;'>\n<li>La antena exterior capta la se\u00f1al celular de la torre m\u00e1s cercana.<\/li>\n<li>El amplificador amplifica la se\u00f1al recibida por la antena exterior.<\/li>\n<li>La antena interior distribuye esta nueva se\u00f1al por todo el veh\u00edculo.<\/li>\n<\/ol><\/div>\n<p> <!-- Especificaciones --> <\/p>\n<div style='margin-bottom: 30px;'>\n<h3 style='font-size: 22px; border-bottom: 2px solid currentColor; padding-bottom: 5px; margin-top: 0; color: inherit; opacity: 0.8;'>Especificaciones<\/h3>\n<p> <!-- Imagen y modelo --> <\/p>\n<div style='display: flex; flex-wrap: wrap; align-items: center; gap: 15px; margin-bottom: 20px;'> <img style='width: 100%; max-width: 120px; height: auto; border: 1px solid rgba(150&comma;150&comma;150&comma;0.3); border-radius: 8px;' src='https:\/\/assets.wilsonelectronics.com\/m\/43fee2983a43be3e\/original\/Drive-OTR-Antenna-311229.png' alt='Drive OTR Antenna Image' \/> <\/p>\n<div> <strong style='font-size: 16px; color: inherit;'>Antena Drive OTR<\/strong> <\/p>\n<p style='margin: 0; color: inherit;'>Model #: 311-229<\/p>\n<\/p><\/div>\n<\/p><\/div>\n<p> <!-- Especificaciones en grid --> <\/p>\n<div style='display: grid; grid-template-columns: repeat(auto-fill&comma; minmax(200px&comma; 1fr)); gap: 15px; margin-bottom: 30px;'>\n<div style='border: 1px solid rgba(150&comma; 150&comma; 150&comma; 0.4); border-radius: 8px; padding: 15px;'>\n<h4 style='margin-top: 0; margin-bottom: 10px; font-size: 16px; color: inherit; opacity: 0.9;'>Modelo<\/h4>\n<p style='margin: 0; font-size: 14px; color: inherit;'>311229<\/p>\n<\/p><\/div>\n<div style='border: 1px solid rgba(150&comma; 150&comma; 150&comma; 0.4); border-radius: 8px; padding: 15px;'>\n<h4 style='margin-top: 0; margin-bottom: 10px; font-size: 16px; color: inherit; opacity: 0.9;'>Dimensiones<\/h4>\n<p style='margin: 0; font-size: 14px; color: inherit;'>7.422 x 2.688 in<\/p>\n<\/p><\/div>\n<div style='border: 1px solid rgba(150&comma; 150&comma; 150&comma; 0.4); border-radius: 8px; padding: 15px;'>\n<h4 style='margin-top: 0; margin-bottom: 10px; font-size: 16px; color: inherit; opacity: 0.9;'>Conectores<\/h4>\n<p> <img style='width: 100%; max-width: 50px; height: auto; border: 1px solid rgba(150&comma;150&comma;150&comma;0.3); border-radius: 8px; margin-bottom: 10px;' src='https:\/\/assets.wilsonelectronics.com\/m\/7cad454f75d86c2f\/original\/Connectors.png' alt='Conectores' \/> <\/p>\n<ul style='padding-left: 20px; margin: 0; font-size: 14px; color: inherit;'>\n<li style='margin-bottom: 5px;'>SMA<\/li>\n<li style='margin-bottom: 0;'>SMB<\/li>\n<\/ul><\/div>\n<div style='border: 1px solid rgba(150&comma; 150&comma; 150&comma; 0.4); border-radius: 8px; padding: 15px;'>\n<h4 style='margin-top: 0; margin-bottom: 10px; font-size: 16px; color: inherit; opacity: 0.9;'>Frecuencia<\/h4>\n<p> <img style='width: 100%; max-width: 50px; height: auto; border: 1px solid rgba(150&comma;150&comma;150&comma;0.3); border-radius: 8px; margin-bottom: 10px;' src='https:\/\/assets.wilsonelectronics.com\/m\/2559c437f73a8411\/original\/Frequency.png' alt='Frecuencia' \/> <\/p>\n<ul style='padding-left: 20px; margin: 0; font-size: 14px; color: inherit;'>\n<li style='margin-bottom: 5px;'>689-960 MHz<\/li>\n<li style='margin-bottom: 0;'>1710-2700 MHz<\/li>\n<\/ul><\/div>\n<div style='border: 1px solid rgba(150&comma; 150&comma; 150&comma; 0.4); border-radius: 8px; padding: 15px;'>\n<h4 style='margin-top: 0; margin-bottom: 10px; font-size: 16px; color: inherit; opacity: 0.9;'>Tipo<\/h4>\n<p style='margin: 0; font-size: 14px; color: inherit;'>Omnidireccional<\/p>\n<\/p><\/div>\n<div style='border: 1px solid rgba(150&comma; 150&comma; 150&comma; 0.4); border-radius: 8px; padding: 15px;'>\n<h4 style='margin-top: 0; margin-bottom: 10px; font-size: 16px; color: inherit; opacity: 0.9;'>Impedancia<\/h4>\n<p style='margin: 0; font-size: 14px; color: inherit;'>50 Ohm<\/p>\n<\/p><\/div>\n<div style='border: 1px solid rgba(150&comma; 150&comma; 150&comma; 0.4); border-radius: 8px; padding: 15px;'>\n<h4 style='margin-top: 0; margin-bottom: 10px; font-size: 16px; color: inherit; opacity: 0.9;'>Potencia de entrada M\u00e1xima<\/h4>\n<p style='margin: 0; font-size: 14px; color: inherit;'>50 W<\/p>\n<\/p><\/div>\n<div style='border: 1px solid rgba(150&comma; 150&comma; 150&comma; 0.4); border-radius: 8px; padding: 15px;'>\n<h4 style='margin-top: 0; margin-bottom: 10px; font-size: 16px; color: inherit; opacity: 0.9;'>Peso del paquete<\/h4>\n<p style='margin: 0; font-size: 14px; color: inherit;'>3.61 lbs<\/p>\n<\/p><\/div>\n<\/p><\/div>\n<\/p><\/div>\n<p> <!-- Separador final --> <\/p>\n<hr style='border: 0; border-top: 1px solid rgba(150&comma; 150&comma; 150&comma; 0.3); margin: 30px 0;'> <\/div>\n","protected":false},"excerpt":{"rendered":"<p>Antena Omnidireccional para Amplificador o Modem 4G\/3G | Con montaje para espejo de Tractocami\u00f3n | Rangos de frecuencia 700-900 MHz, 1710-2270 MHz | Ganancia M\u00e1xima 4.3 dBi.<\/p>\n","protected":false},"featured_media":70622,"comment_status":"open","ping_status":"closed","template":"","meta":[],"product_brand":[],"product_cat":[1523],"product_tag":[1404,1524,1525],"class_list":{"0":"post-70623","1":"product","2":"type-product","3":"status-publish","4":"has-post-thumbnail","6":"product_cat-para-cobertura-celular","7":"product_tag-antenas","8":"product_tag-para-cobertura-celular","9":"product_tag-wilsonpro-weboost","11":"first","12":"instock","13":"sale","14":"shipping-taxable","15":"purchasable","16":"product-type-simple"},"_links":{"self":[{"href":"https:\/\/soydeaqui.ddns.net\/pachuca\/index.php\/wp-json\/wp\/v2\/product\/70623","targetHints":{"allow":["GET"]}}],"collection":[{"href":"https:\/\/soydeaqui.ddns.net\/pachuca\/index.php\/wp-json\/wp\/v2\/product"}],"about":[{"href":"https:\/\/soydeaqui.ddns.net\/pachuca\/index.php\/wp-json\/wp\/v2\/types\/product"}],"replies":[{"embeddable":true,"href":"https:\/\/soydeaqui.ddns.net\/pachuca\/index.php\/wp-json\/wp\/v2\/comments?post=70623"}],"wp:featuredmedia":[{"embeddable":true,"href":"https:\/\/soydeaqui.ddns.net\/pachuca\/index.php\/wp-json\/wp\/v2\/media\/70622"}],"wp:attachment":[{"href":"https:\/\/soydeaqui.ddns.net\/pachuca\/index.php\/wp-json\/wp\/v2\/media?parent=70623"}],"wp:term":[{"taxonomy":"product_brand","embeddable":true,"href":"https:\/\/soydeaqui.ddns.net\/pachuca\/index.php\/wp-json\/wp\/v2\/product_brand?post=70623"},{"taxonomy":"product_cat","embeddable":true,"href":"https:\/\/soydeaqui.ddns.net\/pachuca\/index.php\/wp-json\/wp\/v2\/product_cat?post=70623"},{"taxonomy":"product_tag","embeddable":true,"href":"https:\/\/soydeaqui.ddns.net\/pachuca\/index.php\/wp-json\/wp\/v2\/product_tag?post=70623"}],"curies":[{"name":"wp","href":"https:\/\/api.w.org\/{rel}","templated":true}]}}