{"id":70611,"date":"2026-03-19T11:33:38","date_gmt":"2026-03-19T11:33:38","guid":{"rendered":"https:\/\/soydeaqui.ddns.net\/pachuca\/index.php\/producto\/antena-4g-slim-de-bajo-perfil-soporta-las-bandas-de-frecuencia-celular-700-850-1700-1900-2100-2500-2600-y-2700-mhz-hasta-3-4-dbi-de-ganancia-2\/"},"modified":"2026-03-19T11:33:49","modified_gmt":"2026-03-19T11:33:49","slug":"antena-4g-slim-de-bajo-perfil-soporta-las-bandas-de-frecuencia-celular-700-850-1700-1900-2100-2500-2600-y-2700-mhz-hasta-3-4-dbi-de-ganancia-2","status":"publish","type":"product","link":"https:\/\/soydeaqui.ddns.net\/pachuca\/index.php\/producto\/antena-4g-slim-de-bajo-perfil-soporta-las-bandas-de-frecuencia-celular-700-850-1700-1900-2100-2500-2600-y-2700-mhz-hasta-3-4-dbi-de-ganancia-2\/","title":{"rendered":"Antena 4G Slim de bajo perfil. Soporta las bandas de frecuencia Celular; 700, 850, 1700, 1900, 2100, 2500, 2600 y 2700 MHz | Hasta 3.4 dBi de ganancia."},"content":{"rendered":"<div style='width: 100%; max-width: 1200px; margin: 0 auto; font-family: sans-serif; line-height: 1.6; color: inherit; background-color: transparent;'>\n<div style='display: flex; flex-wrap: wrap; gap: 30px; margin-bottom: 30px;'>\n<div style='flex: 1 1 300px; min-width: 280px;'>\n<h3 style='font-size: 22px; border-bottom: 2px solid currentColor; padding-bottom: 5px; margin-top: 0; color: inherit; opacity: 0.8;'>Descripci\u00f3n del producto<\/h3>\n<p style='font-size: 15px; color: inherit; margin-bottom: 15px;'>El dise\u00f1o compacto de la antena weBoost 4G Slim de bajo perfil&comma; simplifica la instalaci\u00f3n y le brinda un rendimiento mejorado en comparaci\u00f3n con los modelos anteriores. Cuando se conecta a cualquier amplificador de se\u00f1al celular multiusuario&comma; esta antena brinda una mejor recepci\u00f3n de llamadas&comma; mensajes de texto y datos al amplificador&comma; brindando un rendimiento superior cuando est\u00e1 conectado en su autom\u00f3vil&comma; cami\u00f3n o SUV. La instalaci\u00f3n es simple: coloque la antena vertical u horizontalmente y seguir\u00e1 obteniendo un rendimiento \u00f3ptimo.<\/p>\n<\/p><\/div>\n<\/p><\/div>\n<div style='display: flex; flex-wrap: wrap; gap: 20px; margin-bottom: 30px;'>\n<div style='flex: 1 1 250px; border: 1px solid rgba(150&comma; 150&comma; 150&comma; 0.4); border-radius: 8px; overflow: hidden; display: flex; flex-direction: column;'>\n<div style='padding: 15px; border-bottom: 1px solid rgba(150&comma; 150&comma; 150&comma; 0.2); font-weight: bold; font-size: 18px; color: inherit;'>Especificaciones T\u00e9cnicas<\/div>\n<div style='padding: 15px; color: inherit;'>\n<ul style='padding-left: 20px; margin: 0; font-size: 14px; list-style-type: disc;'>\n<li style='margin-bottom: 5px;'><strong>Modelo:<\/strong> 314401<\/li>\n<li style='margin-bottom: 5px;'><strong>Frecuencia:<\/strong> 698-960 MHz<\/li>\n<li style='margin-bottom: 5px;'><strong>Ganancia:<\/strong> 3.4 dBi<\/li>\n<li style='margin-bottom: 5px;'><strong>Frecuencia:<\/strong> 1710-2170 MHz<\/li>\n<li style='margin-bottom: 5px;'><strong>Ganancia:<\/strong> 2.1 dBi<\/li>\n<li style='margin-bottom: 5px;'><strong>Frecuencia:<\/strong> 2500-2700 MHz<\/li>\n<li style='margin-bottom: 5px;'><strong>Ganancia:<\/strong> 1.0 dBi<\/li>\n<li style='margin-bottom: 5px;'><strong>Impedancia:<\/strong> 50 Ohm<\/li>\n<li style='margin-bottom: 5px;'><strong>Polarizaci\u00f3n:<\/strong> Lineal<\/li>\n<li style='margin-bottom: 5px;'><strong>Conectores:<\/strong> SMB Macho<\/li>\n<li style='margin-bottom: 5px;'><strong>Montaje:<\/strong> Velcro \/ Adhesivo<\/li>\n<li style='margin-bottom: 5px;'><strong>Dimensiones:<\/strong> Cable coaxial: 3.05 m de LMR100&comma; Antena 3.56 x 8.13 x 1.27 cm<\/li>\n<li style='margin-bottom: 5px;'><strong>Peso:<\/strong> 0.104 kg<\/li>\n<li style='margin-bottom: 5px;'><strong>Patr\u00f3n de radiaci\u00f3n:<\/strong> Omnidireccional<\/li>\n<\/ul><\/div>\n<\/p><\/div>\n<\/p><\/div>\n<hr style='border: 0; border-top: 1px solid rgba(150&comma; 150&comma; 150&comma; 0.3); margin: 30px 0;'> <\/div>\n","protected":false},"excerpt":{"rendered":"<p>Antena 4G Slim de bajo perfil. Soporta las bandas de frecuencia Celular; 700, 850, 1700, 1900, 2100, 2500, 2600 y 2700 MHz | Hasta 3.4 dBi de ganancia.<\/p>\n","protected":false},"featured_media":70610,"comment_status":"open","ping_status":"closed","template":"","meta":[],"product_brand":[],"product_cat":[1523],"product_tag":[1404,1524,1525],"class_list":{"0":"post-70611","1":"product","2":"type-product","3":"status-publish","4":"has-post-thumbnail","6":"product_cat-para-cobertura-celular","7":"product_tag-antenas","8":"product_tag-para-cobertura-celular","9":"product_tag-wilsonpro-weboost","11":"first","12":"outofstock","13":"sale","14":"shipping-taxable","15":"purchasable","16":"product-type-simple"},"_links":{"self":[{"href":"https:\/\/soydeaqui.ddns.net\/pachuca\/index.php\/wp-json\/wp\/v2\/product\/70611","targetHints":{"allow":["GET"]}}],"collection":[{"href":"https:\/\/soydeaqui.ddns.net\/pachuca\/index.php\/wp-json\/wp\/v2\/product"}],"about":[{"href":"https:\/\/soydeaqui.ddns.net\/pachuca\/index.php\/wp-json\/wp\/v2\/types\/product"}],"replies":[{"embeddable":true,"href":"https:\/\/soydeaqui.ddns.net\/pachuca\/index.php\/wp-json\/wp\/v2\/comments?post=70611"}],"wp:featuredmedia":[{"embeddable":true,"href":"https:\/\/soydeaqui.ddns.net\/pachuca\/index.php\/wp-json\/wp\/v2\/media\/70610"}],"wp:attachment":[{"href":"https:\/\/soydeaqui.ddns.net\/pachuca\/index.php\/wp-json\/wp\/v2\/media?parent=70611"}],"wp:term":[{"taxonomy":"product_brand","embeddable":true,"href":"https:\/\/soydeaqui.ddns.net\/pachuca\/index.php\/wp-json\/wp\/v2\/product_brand?post=70611"},{"taxonomy":"product_cat","embeddable":true,"href":"https:\/\/soydeaqui.ddns.net\/pachuca\/index.php\/wp-json\/wp\/v2\/product_cat?post=70611"},{"taxonomy":"product_tag","embeddable":true,"href":"https:\/\/soydeaqui.ddns.net\/pachuca\/index.php\/wp-json\/wp\/v2\/product_tag?post=70611"}],"curies":[{"name":"wp","href":"https:\/\/api.w.org\/{rel}","templated":true}]}}