{"id":706,"date":"2026-03-18T05:43:03","date_gmt":"2026-03-18T05:43:03","guid":{"rendered":"https:\/\/soydeaqui.ddns.net\/pachuca\/index.php\/producto\/zigbee-controlador-hub-zigbee-conexion-bluetooth-y-wifi-compatible-con-alexa-y-googlehome-y-camaras-ip-smarthome-by-epcom\/"},"modified":"2026-03-18T05:43:08","modified_gmt":"2026-03-18T05:43:08","slug":"zigbee-controlador-hub-zigbee-conexion-bluetooth-y-wifi-compatible-con-alexa-y-googlehome-y-camaras-ip-smarthome-by-epcom","status":"publish","type":"product","link":"https:\/\/soydeaqui.ddns.net\/pachuca\/index.php\/producto\/zigbee-controlador-hub-zigbee-conexion-bluetooth-y-wifi-compatible-con-alexa-y-googlehome-y-camaras-ip-smarthome-by-epcom\/","title":{"rendered":"(ZigBee) Controlador HUB ZigBee, conexi\u00f3n Bluetooth y  Wifi, compatible con Alexa y GoogleHome y c\u00e1maras IP SmartHome by Epcom"},"content":{"rendered":"<div style='width: 100%; max-width: 1200px; margin: 0 auto; font-family: sans-serif; line-height: 1.6; color: inherit; background-color: transparent;'> <!-- Imagen de marca --> <\/p>\n<div style='margin-bottom: 30px;'> <img style='width: 100%; height: auto; border: 1px solid rgba(150&comma;150&comma;150&comma;0.3); border-radius: 8px;' src='https:\/\/ftp3.syscom.mx\/usuarios\/albamaria\/albamaria\/smarthomepoweredbyepcom\/smarthome-by-epcom.jpg' alt=''> <\/div>\n<p> <!-- Descripci\u00f3n principal --> <\/p>\n<div style='margin-bottom: 30px; font-size: 15px;'>\n<p style='margin: 0 0 15px;'>Instalar sistemas ZigBee con nuestro HUB ofrece ventajas: como bajo consumo de energ\u00eda&comma; red de malla para mayor fiabilidad&comma; escalabilidad para soportar muchos dispositivos&comma; y compatibilidad entre diferentes fabricantes. Adem\u00e1s&comma; es un est\u00e1ndar abierto y econ\u00f3mico&comma; con buena seguridad&comma; baja latencia&comma; y f\u00e1cil integraci\u00f3n en sistemas IoT.<\/p>\n<\/p><\/div>\n<p> <!-- Secci\u00f3n de caracter\u00edsticas --> <\/p>\n<div style='display: flex; flex-wrap: wrap; gap: 30px; margin-bottom: 30px;'>\n<div style='flex: 1 1 300px; min-width: 280px;'>\n<div style='border-left: 5px solid #0091ff; border-radius: 5px; padding: 15px; background-color: rgba(0&comma; 145&comma; 255&comma; 0.05);'>\n<h3 style='font-size: 18px; margin-top: 0; margin-bottom: 15px; color: #0091ff; opacity: 0.9;'>Caracter\u00edsticas principales:<\/h3>\n<ul style='padding-left: 20px; font-size: 14px; color: inherit; list-style-type: disc;'>\n<li style='margin-bottom: 8px;'><strong>Indicador de estado:<\/strong> Dos indicadores LED: Wi-Fi y Bluetooth<\/li>\n<li style='margin-bottom: 8px;'><strong>Bot\u00f3n de operaci\u00f3n:<\/strong> Un bot\u00f3n de encendido\/reinicio Fuente de alimentaci\u00f3n: Alimentaci\u00f3n de 5 V CC a trav\u00e9s del puerto Micro USB<\/li>\n<li style='margin-bottom: 8px;'><strong>Corriente de trabajo:<\/strong> < 1 A Salida del adaptador: 5 V1A<\/li>\n<\/ul><\/div>\n<\/p><\/div>\n<div style='flex: 1 1 300px; min-width: 280px;'>\n<div style='border-left: 5px solid #0091ff; border-radius: 5px; padding: 15px; background-color: rgba(0&comma; 145&comma; 255&comma; 0.05);'>\n<h3 style='font-size: 18px; margin-top: 0; margin-bottom: 15px; color: #0091ff; opacity: 0.9;'>Caracter\u00edsticas principales:<\/h3>\n<ul style='padding-left: 20px; font-size: 14px; color: inherit; list-style-type: disc;'>\n<li style='margin-bottom: 8px;'><strong>Temperatura de trabajo:<\/strong> \u201310\u00b0C a +55\u00b0C Humedad de trabajo: 10% a 90% RH (sin condensaci\u00f3n)<\/li>\n<li style='margin-bottom: 8px;'><strong>Temperatura de almacenamiento:<\/strong> \u201320\u00b0C a +60\u00b0C Humedad de almacenamiento: 5% a 90% RH (sin condensaci\u00f3n)<\/li>\n<\/ul><\/div>\n<\/p><\/div>\n<div style='flex: 1 1 300px; min-width: 280px;'>\n<div style='border-left: 5px solid #0091ff; border-radius: 5px; padding: 15px; background-color: rgba(0&comma; 145&comma; 255&comma; 0.05);'>\n<h3 style='font-size: 18px; margin-top: 0; margin-bottom: 15px; color: #0091ff; opacity: 0.9;'>Caracter\u00edsticas principales:<\/h3>\n<ul style='padding-left: 20px; font-size: 14px; color: inherit; list-style-type: disc;'>\n<li style='margin-bottom: 8px;'><strong>Puerto:<\/strong> un puerto tipo C<\/li>\n<li style='margin-bottom: 8px;'><strong>Tecnolog\u00eda inal\u00e1mbrica:<\/strong> Wi-Fi: 802.11b\/g\/n ZigBee: 802.15.4<\/li>\n<li style='margin-bottom: 8px;'><strong>BLE:<\/strong> 5.0<\/li>\n<li style='margin-bottom: 8px;'>Para repetir su cobertura es necesario agregar m\u00e1s de un controlador HUB principal.<\/li>\n<li style='margin-bottom: 8px;'>Compatibilidad con Alexa y GoogleHome<\/li>\n<\/ul><\/div>\n<\/p><\/div>\n<\/p><\/div>\n<p> <!-- Imagen de diagrama --> <\/p>\n<div style='margin-bottom: 30px;'> <img style='width: 100%; height: auto; border: 1px solid rgba(150&comma;150&comma;150&comma;0.3); border-radius: 8px;' src='http:\/\/ftp3.syscom.mx\/usuarios\/mbarrio\/bll\/DiagramaSHS.JPG' alt=''> <\/div>\n<p> <!-- Separador --> <\/p>\n<hr style='border: 0; border-top: 1px solid rgba(150&comma; 150&comma; 150&comma; 0.3); margin: 30px 0;'> <\/div>\n","protected":false},"excerpt":{"rendered":"<p>(ZigBee) Controlador HUB ZigBee, conexi\u00f3n Bluetooth y  Wifi, compatible con Alexa y GoogleHome y c\u00e1maras IP SmartHome by Epcom<\/p>\n","protected":false},"featured_media":705,"comment_status":"open","ping_status":"closed","template":"","meta":[],"product_brand":[],"product_cat":[74],"product_tag":[30,75,187],"class_list":{"0":"post-706","1":"product","2":"type-product","3":"status-publish","4":"has-post-thumbnail","6":"product_cat-controlador-inteligente-hub","7":"product_tag-automatizacion-casa-inteligente","8":"product_tag-controlador-inteligente-hub","9":"product_tag-smarthome-by-epcom","11":"first","12":"instock","13":"sale","14":"shipping-taxable","15":"purchasable","16":"product-type-simple"},"_links":{"self":[{"href":"https:\/\/soydeaqui.ddns.net\/pachuca\/index.php\/wp-json\/wp\/v2\/product\/706","targetHints":{"allow":["GET"]}}],"collection":[{"href":"https:\/\/soydeaqui.ddns.net\/pachuca\/index.php\/wp-json\/wp\/v2\/product"}],"about":[{"href":"https:\/\/soydeaqui.ddns.net\/pachuca\/index.php\/wp-json\/wp\/v2\/types\/product"}],"replies":[{"embeddable":true,"href":"https:\/\/soydeaqui.ddns.net\/pachuca\/index.php\/wp-json\/wp\/v2\/comments?post=706"}],"wp:featuredmedia":[{"embeddable":true,"href":"https:\/\/soydeaqui.ddns.net\/pachuca\/index.php\/wp-json\/wp\/v2\/media\/705"}],"wp:attachment":[{"href":"https:\/\/soydeaqui.ddns.net\/pachuca\/index.php\/wp-json\/wp\/v2\/media?parent=706"}],"wp:term":[{"taxonomy":"product_brand","embeddable":true,"href":"https:\/\/soydeaqui.ddns.net\/pachuca\/index.php\/wp-json\/wp\/v2\/product_brand?post=706"},{"taxonomy":"product_cat","embeddable":true,"href":"https:\/\/soydeaqui.ddns.net\/pachuca\/index.php\/wp-json\/wp\/v2\/product_cat?post=706"},{"taxonomy":"product_tag","embeddable":true,"href":"https:\/\/soydeaqui.ddns.net\/pachuca\/index.php\/wp-json\/wp\/v2\/product_tag?post=706"}],"curies":[{"name":"wp","href":"https:\/\/api.w.org\/{rel}","templated":true}]}}