{"id":70503,"date":"2026-03-19T11:29:13","date_gmt":"2026-03-19T11:29:13","guid":{"rendered":"https:\/\/soydeaqui.ddns.net\/pachuca\/index.php\/producto\/microfono-audifono-de-solapa-para-hytera-bd502\/"},"modified":"2026-03-19T11:29:14","modified_gmt":"2026-03-19T11:29:14","slug":"microfono-audifono-de-solapa-para-hytera-bd502","status":"publish","type":"product","link":"https:\/\/soydeaqui.ddns.net\/pachuca\/index.php\/producto\/microfono-audifono-de-solapa-para-hytera-bd502\/","title":{"rendered":"Micr\u00f3fono &#8211; aud\u00edfono de solapa para HYTERA BD502"},"content":{"rendered":"<div style='width: 100%; max-width: 1200px; margin: 0 auto; font-family: sans-serif; line-height: 1.6; color: inherit; background-color: transparent;'>\n<div style='margin-bottom: 30px;'>\n<p style='font-size: 15px; color: inherit; margin: 0 0 15px 0;'>Micr\u00f3fono &#8211; Aud\u00edfono de Solapa con Tubo Ac\u00fastico Transparente. Para KENWOOD TK3230\/3000\/3402\/3312\/3360\/3170&comma;NX240\/340\/220\/320\/420 con tubo ac\u00fastico de PU de grado m\u00e9dico&comma; mas flexible y terso&comma; no irrita y es hipoalerg\u00e9nico.<\/p>\n<\/p><\/div>\n<div style='display: flex; flex-wrap: wrap; gap: 30px; margin-bottom: 30px;'>\n<div style='flex: 1 1 300px; min-width: 280px;'>\n<h3 style='font-size: 22px; border-bottom: 2px solid currentColor; padding-bottom: 5px; margin-top: 0; color: inherit; opacity: 0.8;'>Caracter\u00edsticas principales<\/h3>\n<ul style='padding-left: 20px; font-size: 15px; color: inherit; list-style-type: disc;'>\n<li style='margin-bottom: 5px;'>Ideal para cuando la radiocomunicaci\u00f3n tiene que pasar inadvertida<\/li>\n<li style='margin-bottom: 5px;'>Kit de vigilancia profesional de 2 cables con tubo ac\u00fastico de grado medicinal<\/li>\n<li style='margin-bottom: 5px;'>Resistente&comma; discreto&comma; c\u00f3modo y f\u00e1cil de ocultar<\/li>\n<li style='margin-bottom: 5px;'>Micr\u00f3fono y bocina de alta calidad para asegurar que ofrecen un audio n\u00edtido en transmisi\u00f3n tanto como en recepci\u00f3n.<\/li>\n<li style='margin-bottom: 5px;'>Esta Versi\u00f3n 2 del TXEHKA cambia en el tubo ac\u00fastico de PVC a PU que es m\u00e1s terso&comma; flexible y resistente&comma; de grado m\u00e9dico.<\/li>\n<\/ul><\/div>\n<div style='flex: 1 1 300px; min-width: 280px;'>\n<h3 style='font-size: 22px; border-bottom: 2px solid currentColor; padding-bottom: 5px; margin-top: 0; color: inherit; opacity: 0.8;'>Caracter\u00edsticas t\u00e9cnicas<\/h3>\n<ul style='padding-left: 20px; font-size: 15px; color: inherit; list-style-type: disc;'>\n<li style='margin-bottom: 5px;'><strong>Cable reforzado con Kevlar<\/strong><\/li>\n<li style='margin-bottom: 5px;'>Alta claridad en el sonido<\/li>\n<li style='margin-bottom: 5px;'><strong>*Compatible con VOX de radios Kenwood \u00fanicamente en modo convencional (no trunking)<\/strong><\/li>\n<li style='margin-bottom: 5px;'>Incluye inserto para el o\u00eddo adicional<\/li>\n<\/ul><\/div>\n<\/p><\/div>\n<div style='margin-bottom: 30px;'>\n<div style='display: flex; flex-wrap: wrap; gap: 20px;'>\n<div style='flex: 1 1 600px; min-width: 280px;'> <img style='width: 100%; height: auto; border: 1px solid rgba(150&comma;150&comma;150&comma;0.3); border-radius: 8px;' src='http:\/\/ftp3.syscom.mx\/usuarios\/fotos\/TXEHKAV2\/72409-txehkav2_esp_1.png' alt=''> <\/div>\n<div style='flex: 1 1 300px; min-width: 280px;'> <img style='width: 100%; height: auto; border: 1px solid rgba(150&comma;150&comma;150&comma;0.3); border-radius: 8px;' src='http:\/\/ftp3.syscom.mx\/usuarios\/fotos\/TX302K01\/67304-k01.jpg' alt=''> <\/p>\n<div style='margin-top: 15px; font-size: 14px; color: inherit; text-align: center;'>Conector Kenwood<\/div>\n<\/p><\/div>\n<\/p><\/div>\n<\/p><\/div>\n<\/p><\/div>\n","protected":false},"excerpt":{"rendered":"<p>Micr\u00f3fono &#8211; aud\u00edfono de solapa para HYTERA BD502<\/p>\n","protected":false},"featured_media":32,"comment_status":"open","ping_status":"closed","template":"","meta":[],"product_brand":[],"product_cat":[1586],"product_tag":[1579,1518,1764],"class_list":{"0":"post-70503","1":"product","2":"type-product","3":"status-publish","4":"has-post-thumbnail","6":"product_cat-microfono-audifono-accesorios-para-kenwood","7":"product_tag-accesorios-para-kenwood","8":"product_tag-microfono-audifono","9":"product_tag-power-products","11":"first","12":"outofstock","13":"sale","14":"shipping-taxable","15":"purchasable","16":"product-type-simple"},"_links":{"self":[{"href":"https:\/\/soydeaqui.ddns.net\/pachuca\/index.php\/wp-json\/wp\/v2\/product\/70503","targetHints":{"allow":["GET"]}}],"collection":[{"href":"https:\/\/soydeaqui.ddns.net\/pachuca\/index.php\/wp-json\/wp\/v2\/product"}],"about":[{"href":"https:\/\/soydeaqui.ddns.net\/pachuca\/index.php\/wp-json\/wp\/v2\/types\/product"}],"replies":[{"embeddable":true,"href":"https:\/\/soydeaqui.ddns.net\/pachuca\/index.php\/wp-json\/wp\/v2\/comments?post=70503"}],"wp:featuredmedia":[{"embeddable":true,"href":"https:\/\/soydeaqui.ddns.net\/pachuca\/index.php\/wp-json\/wp\/v2\/media\/32"}],"wp:attachment":[{"href":"https:\/\/soydeaqui.ddns.net\/pachuca\/index.php\/wp-json\/wp\/v2\/media?parent=70503"}],"wp:term":[{"taxonomy":"product_brand","embeddable":true,"href":"https:\/\/soydeaqui.ddns.net\/pachuca\/index.php\/wp-json\/wp\/v2\/product_brand?post=70503"},{"taxonomy":"product_cat","embeddable":true,"href":"https:\/\/soydeaqui.ddns.net\/pachuca\/index.php\/wp-json\/wp\/v2\/product_cat?post=70503"},{"taxonomy":"product_tag","embeddable":true,"href":"https:\/\/soydeaqui.ddns.net\/pachuca\/index.php\/wp-json\/wp\/v2\/product_tag?post=70503"}],"curies":[{"name":"wp","href":"https:\/\/api.w.org\/{rel}","templated":true}]}}