{"id":70496,"date":"2026-03-19T11:28:53","date_gmt":"2026-03-19T11:28:53","guid":{"rendered":"https:\/\/soydeaqui.ddns.net\/pachuca\/index.php\/producto\/radio-portatil-marino-flotante-con-receptor-ais-y-gps-incluido-tx-156-025-157-425-mhz-rx-156-050-163-275-mhz-opera-en-canales-int-usa-can-wx-incluye-antena-bateria-cargador-cable-de-encende\/"},"modified":"2026-03-19T11:29:09","modified_gmt":"2026-03-19T11:29:09","slug":"radio-portatil-marino-flotante-con-receptor-ais-y-gps-incluido-tx-156-025-157-425-mhz-rx-156-050-163-275-mhz-opera-en-canales-int-usa-can-wx-incluye-antena-bateria-cargador-cable-de-encende","status":"publish","type":"product","link":"https:\/\/soydeaqui.ddns.net\/pachuca\/index.php\/producto\/radio-portatil-marino-flotante-con-receptor-ais-y-gps-incluido-tx-156-025-157-425-mhz-rx-156-050-163-275-mhz-opera-en-canales-int-usa-can-wx-incluye-antena-bateria-cargador-cable-de-encende\/","title":{"rendered":"Radio port\u00e1til marino flotante con receptor AIS y GPS incluido, Tx: 156.025-157.425 MHz Rx: 156.050-163.275 MHz, opera en canales INT, USA, CAN, WX, Incluye antena, bater\u00eda, cargador, cable de encendedor y clip."},"content":{"rendered":"<div style='width: 100%; max-width: 1200px; margin: 0 auto; font-family: sans-serif; line-height: 1.6; color: inherit; background-color: transparent;'>\n<div style='display: flex; flex-wrap: wrap; gap: 30px; margin-bottom: 30px;'>\n<div style='flex: 1 1 300px; min-width: 280px;'>\n<h3 style='font-size: 22px; border-bottom: 2px solid currentColor; padding-bottom: 5px; margin-top: 0; color: inherit; opacity: 0.8;'>Caracter\u00edsticas principales<\/h3>\n<ul style='padding-left: 20px; font-size: 15px; color: inherit;'>\n<li style='margin-bottom: 5px;'>Rango de operaci\u00f3n: <strong>Tx: 156.025 &#8211; 157.425MHz<\/strong>&comma; <strong>Rx: 156.050 &#8211; 163.275MHz<\/strong><\/li>\n<li style='margin-bottom: 5px;'>Receptor AIS integrado<\/li>\n<li style='margin-bottom: 5px;'>6 W de potencia RF<\/li>\n<li style='margin-bottom: 5px;'>DSC Clase H<\/li>\n<li style='margin-bottom: 5px;'>Flotante con indicador LED rojo que destella al caer al agua<\/li>\n<li style='margin-bottom: 5px;'>Funci\u00f3n de cancelaci\u00f3n de ruido<\/li>\n<li style='margin-bottom: 5px;'>Receptor GPS integrado<\/li>\n<li style='margin-bottom: 5px;'>Funci\u00f3n AquaQuake\u00ae para eliminar residuos de agua de la bocina<\/li>\n<li style='margin-bottom: 5px;'>Funci\u00f3n de navegaci\u00f3n a coordenadas espec\u00edficas<\/li>\n<li style='margin-bottom: 5px;'>Memoria para 50 puntos de coordenadas alfanum\u00e9ricos<\/li>\n<li style='margin-bottom: 5px;'>Receptor de canales de tiempo con alarma<\/li>\n<li style='margin-bottom: 5px;'>Sumergible IPX7 (1m por 30 minutos)<\/li>\n<\/ul><\/div>\n<div style='flex: 1 1 300px; min-width: 280px;'>\n<h3 style='font-size: 22px; border-bottom: 2px solid currentColor; padding-bottom: 5px; margin-top: 0; color: inherit; opacity: 0.8;'>Contenido del paquete<\/h3>\n<ul style='padding-left: 20px; font-size: 15px; color: inherit;'>\n<li style='margin-bottom: 5px;'>Antena FA-SC59V<\/li>\n<li style='margin-bottom: 5px;'>Bater\u00eda Li-Ion de 2400 mAh BP-306<\/li>\n<li style='margin-bottom: 5px;'>Cargador r\u00e1pido BC-251<\/li>\n<li style='margin-bottom: 5px;'>Adaptador para cargador BC-242<\/li>\n<li style='margin-bottom: 5px;'>Cable de encendedor CP-25H<\/li>\n<li style='margin-bottom: 5px;'>Clip MB-133<\/li>\n<li style='margin-bottom: 5px;'>Correa de mano<\/li>\n<\/ul>\n<h3 style='font-size: 22px; border-bottom: 2px solid currentColor; padding-bottom: 5px; margin-top: 20px; margin-bottom: 15px; color: inherit; opacity: 0.8;'>Especificaciones f\u00edsicas<\/h3>\n<ul style='padding-left: 20px; font-size: 15px; color: inherit;'>\n<li style='margin-bottom: 5px;'>Dimensiones: 60.9 x 145.8 x 43.8 mm<\/li>\n<li style='margin-bottom: 5px;'>Peso: 357 g<\/li>\n<\/ul><\/div>\n<\/p><\/div>\n<div style='display: flex; flex-wrap: wrap; gap: 30px; margin-bottom: 30px;'>\n<div style='flex: 1 1 300px; min-width: 280px;'>\n<h3 style='font-size: 22px; border-bottom: 2px solid currentColor; padding-bottom: 5px; margin-top: 0; color: inherit; opacity: 0.8;'>Sistema AIS<\/h3>\n<p style='font-size: 15px; color: inherit;'>El sistema AIS permite identificar embarcaciones cercanas que env\u00edan mediante este m\u00e9todo su informaci\u00f3n&comma; obteniendo as\u00ed de manera inmediata la ubicaci\u00f3n y la informaci\u00f3n del tr\u00e1fico actual.<\/p>\n<p> <img style='width: 100%; height: auto; border: 1px solid rgba(150&comma;150&comma;150&comma;0.3); border-radius: 8px;' src='https:\/\/ftp3.syscom.mx\/usuarios\/lghernandez\/AIS%20M94D.JPG' alt=''> <\/div>\n<div style='flex: 1 1 300px; min-width: 280px;'>\n<h3 style='font-size: 22px; border-bottom: 2px solid currentColor; padding-bottom: 5px; margin-top: 0; color: inherit; opacity: 0.8;'>Receptor GPS<\/h3>\n<p style='font-size: 15px; color: inherit;'>El receptor de GPS integrado permite tener en todo momento los datos correctos de la posici\u00f3n en la que se encuentra. Esto es de m\u00e1xima importancia ya que en caso de alg\u00fan incidente en el mar esta informaci\u00f3n podr\u00eda salvarle la vida.<\/p>\n<p> <img style='width: 100%; height: auto; border: 1px solid rgba(150&comma;150&comma;150&comma;0.3); border-radius: 8px;' src='https:\/\/ftp3.syscom.mx\/usuarios\/lghernandez\/IC-M94D%20GPS.png' alt=''> <\/div>\n<div style='flex: 1 1 300px; min-width: 280px;'>\n<h3 style='font-size: 22px; border-bottom: 2px solid currentColor; padding-bottom: 5px; margin-top: 0; color: inherit; opacity: 0.8;'>Bot\u00f3n DISTRESS<\/h3>\n<p style='font-size: 15px; color: inherit;'>El bot\u00f3n DISTRESS permite enviar informaci\u00f3n importante sobre los datos de la embarcaci\u00f3n en caso de alg\u00fan incidente de manera inmediata como son: n\u00famero de identificaci\u00f3n mar\u00edtimo (MMSI) y la posici\u00f3n actual. Con esta informaci\u00f3n las unidades de rescate mar\u00edtimo podr\u00e1n prestar la ayuda necesaria de manera inmediata.<\/p>\n<p> <img style='width: 100%; height: auto; border: 1px solid rgba(150&comma;150&comma;150&comma;0.3); border-radius: 8px;' src='https:\/\/www.icomjapan.com\/uploads\/lineup\/products\/IC-M94D\/20201127090717.png' alt=''> <\/div>\n<\/p><\/div>\n<div style='display: flex; flex-wrap: wrap; gap: 30px; margin-bottom: 30px;'>\n<div style='flex: 1 1 300px; min-width: 280px;'>\n<h3 style='font-size: 22px; border-bottom: 2px solid currentColor; padding-bottom: 5px; margin-top: 0; color: inherit; opacity: 0.8;'>DSC<\/h3>\n<p style='font-size: 15px; color: inherit;'>El sistema DSC (Digital Selective Calling) permite realizar llamadas selectivas digitales a otras embarcaciones o estaciones costeras.<\/p>\n<p> <img style='width: 100%; height: auto; border: 1px solid rgba(150&comma;150&comma;150&comma;0.3); border-radius: 8px;' src='https:\/\/ftp3.syscom.mx\/usuarios\/lghernandez\/IC-M94D%20DSC.jpg' alt=''> <\/div>\n<div style='flex: 1 1 300px; min-width: 280px;'>\n<h3 style='font-size: 22px; border-bottom: 2px solid currentColor; padding-bottom: 5px; margin-top: 0; color: inherit; opacity: 0.8;'>V\u00eddeo<\/h3>\n<div style='position: relative; padding-bottom: 56.25%; height: 0; overflow: hidden; margin-bottom: 30px;'>   <\/div>\n<\/p><\/div>\n<\/p><\/div>\n<\/p><\/div>\n","protected":false},"excerpt":{"rendered":"<p>Radio port\u00e1til marino flotante con receptor AIS y GPS incluido, Tx: 156.025-157.425 MHz Rx: 156.050-163.275 MHz, opera en canales INT, USA, CAN, WX, Incluye antena, bater\u00eda, cargador, cable de encendedor y clip.<\/p>\n","protected":false},"featured_media":70495,"comment_status":"open","ping_status":"closed","template":"","meta":[],"product_brand":[],"product_cat":[1285],"product_tag":[1288,1287,1286],"class_list":{"0":"post-70496","1":"product","2":"type-product","3":"status-publish","4":"has-post-thumbnail","6":"product_cat-portatiles","7":"product_tag-icom","8":"product_tag-portatiles","9":"product_tag-radios-marinos","11":"first","12":"instock","13":"sale","14":"shipping-taxable","15":"purchasable","16":"product-type-simple"},"_links":{"self":[{"href":"https:\/\/soydeaqui.ddns.net\/pachuca\/index.php\/wp-json\/wp\/v2\/product\/70496","targetHints":{"allow":["GET"]}}],"collection":[{"href":"https:\/\/soydeaqui.ddns.net\/pachuca\/index.php\/wp-json\/wp\/v2\/product"}],"about":[{"href":"https:\/\/soydeaqui.ddns.net\/pachuca\/index.php\/wp-json\/wp\/v2\/types\/product"}],"replies":[{"embeddable":true,"href":"https:\/\/soydeaqui.ddns.net\/pachuca\/index.php\/wp-json\/wp\/v2\/comments?post=70496"}],"wp:featuredmedia":[{"embeddable":true,"href":"https:\/\/soydeaqui.ddns.net\/pachuca\/index.php\/wp-json\/wp\/v2\/media\/70495"}],"wp:attachment":[{"href":"https:\/\/soydeaqui.ddns.net\/pachuca\/index.php\/wp-json\/wp\/v2\/media?parent=70496"}],"wp:term":[{"taxonomy":"product_brand","embeddable":true,"href":"https:\/\/soydeaqui.ddns.net\/pachuca\/index.php\/wp-json\/wp\/v2\/product_brand?post=70496"},{"taxonomy":"product_cat","embeddable":true,"href":"https:\/\/soydeaqui.ddns.net\/pachuca\/index.php\/wp-json\/wp\/v2\/product_cat?post=70496"},{"taxonomy":"product_tag","embeddable":true,"href":"https:\/\/soydeaqui.ddns.net\/pachuca\/index.php\/wp-json\/wp\/v2\/product_tag?post=70496"}],"curies":[{"name":"wp","href":"https:\/\/api.w.org\/{rel}","templated":true}]}}