{"id":70471,"date":"2026-03-19T11:27:48","date_gmt":"2026-03-19T11:27:48","guid":{"rendered":"https:\/\/soydeaqui.ddns.net\/pachuca\/index.php\/producto\/kit-radio-portatil-aereo-icom-con-auricular-david-clark-para-aviacion-general\/"},"modified":"2026-03-19T11:27:50","modified_gmt":"2026-03-19T11:27:50","slug":"kit-radio-portatil-aereo-icom-con-auricular-david-clark-para-aviacion-general","status":"publish","type":"product","link":"https:\/\/soydeaqui.ddns.net\/pachuca\/index.php\/producto\/kit-radio-portatil-aereo-icom-con-auricular-david-clark-para-aviacion-general\/","title":{"rendered":"Kit Radio Port\u00e1til A\u00e9reo Icom con Auricular David Clark para Aviaci\u00f3n General"},"content":{"rendered":"<div style='width: 100%; max-width: 1200px; margin: 0 auto; font-family: sans-serif; line-height: 1.6; color: inherit; background-color: transparent;'> <!-- Secci\u00f3n de producto --> <\/p>\n<div style='margin-bottom: 30px;'>\n<h2 style='font-size: 24px; margin-top: 0; color: inherit; opacity: 0.9;'>IC-A16<\/h2>\n<p> <!-- Caracter\u00edsticas t\u00e9cnicas --> <\/p>\n<div style='display: grid; grid-template-columns: repeat(auto-fill&comma; minmax(280px&comma; 1fr)); gap: 20px; margin-top: 15px;'>\n<div>\n<p style='margin: 8px 0;'><strong style='color: inherit; opacity: 0.8;'>Rango de operaci\u00f3n:<\/strong><\/p>\n<p style='margin: 8px 0;'>Tx 118.000-136.99166 MHz.<\/p>\n<p style='margin: 8px 0;'>Rx 108.000-136.99166 MHz.<\/p>\n<\/p><\/div>\n<div>\n<p style='margin: 8px 0;'><strong style='color: inherit; opacity: 0.8;'>Dimensiones:<\/strong> 52.2 x 111.8 x 34.1 mm.<\/p>\n<p style='margin: 8px 0;'><strong style='color: inherit; opacity: 0.8;'>Peso:<\/strong> 275 g.<\/p>\n<\/p><\/div>\n<\/p><\/div>\n<p> <!-- Especificaciones principales --> <\/p>\n<div style='margin-top: 20px;'>\n<h3 style='font-size: 22px; border-bottom: 2px solid currentColor; padding-bottom: 5px; color: inherit; opacity: 0.8;'>Caracter\u00edsticas principales<\/h3>\n<ul style='padding-left: 20px; font-size: 15px; color: inherit;'>\n<li style='margin-bottom: 8px;'>200 Memorias de canal con alias alfanum\u00e9ricos en 10 bancos de canal.<\/li>\n<li style='margin-bottom: 8px;'>Pantalla de 8 caracteres con indicador de nivel de bater\u00eda.<\/li>\n<li style='margin-bottom: 8px;'>Bot\u00f3n para acceso r\u00e1pido a canal de Emergencia (121.5 MHz).<\/li>\n<li style='margin-bottom: 8px;'><strong>Limitador de ruido en canal con opci\u00f3n ANL (Audio Noise Limiter).<\/strong><\/li>\n<li style='margin-bottom: 8px;'>Alerta auditiva de bater\u00eda baja.<\/li>\n<li style='margin-bottom: 8px;'>Canales de pron\u00f3stico del clima.<\/li>\n<li style='margin-bottom: 8px;'>Programable por PC con interfaz OPC-478 y software CS-A16.<\/li>\n<li style='margin-bottom: 8px;'><strong>Cumple con norma contra ambientes h\u00famedos y lluvia ligera.<\/strong><\/li>\n<li style='margin-bottom: 8px;'>Cumple Est\u00e1ndares Militares MIL-STD-810.<\/li>\n<li style='margin-bottom: 8px;'><strong>6 Watts de potencia (PEP).<\/strong><\/li>\n<li style='margin-bottom: 8px;'>Fabricado en Ambiente ISO 9001:2015.<\/li>\n<li style='margin-bottom: 8px;'>Aprobado por la FCC.<\/li>\n<li style='margin-bottom: 8px;'>3 A\u00f1os de Garant\u00eda.<\/li>\n<\/ul><\/div>\n<\/p><\/div>\n<p> <!-- Secci\u00f3n de auriculares --> <\/p>\n<div style='margin-bottom: 30px;'>\n<h2 style='font-size: 24px; margin-top: 0; color: inherit; opacity: 0.9;'>H1013.4<\/h2>\n<p> <!-- Descripci\u00f3n general --> <\/p>\n<div style='margin-top: 15px;'>\n<p style='font-size: 16px; margin-bottom: 15px;'><strong>Los auriculares pasivos con atenuaci\u00f3n de ruido pasivo m\u00e1s populares en aviaci\u00f3n general<\/strong><\/p>\n<p style='font-size: 16px;'><strong>Caracter\u00edsticas:<\/strong><\/p>\n<ul style='padding-left: 20px; font-size: 15px; color: inherit;'>\n<li style='margin-bottom: 8px;'>Dise\u00f1o liviano para una comidad y rendimiento inigualables y fiabilidad.<\/li>\n<li style='margin-bottom: 8px;'>Almohadilla para la cabeza s\u00faper suave y expandida para mayor comodidad<\/li>\n<li style='margin-bottom: 8px;'>Sellos de gel de Ultra confort m\u00e1s grandes&comma; pero m\u00e1s livianos<\/li>\n<li style='margin-bottom: 8px;'>Micr\u00f3fono electret amplificado M-7A<\/li>\n<li style='margin-bottom: 8px;'>Clasificaci\u00f3n de reducci\u00f3n de ruido certificada (NRR): 23 dB<\/li>\n<li style='margin-bottom: 8px;'>NSN 5965-01-446-1530<\/li>\n<\/ul><\/div>\n<\/p><\/div>\n<p> <!-- Contenido del kit --> <\/p>\n<div style='margin-bottom: 30px;'>\n<h3 style='font-size: 22px; border-bottom: 2px solid currentColor; padding-bottom: 5px; color: inherit; opacity: 0.8;'>Contenido del kit<\/h3>\n<ul style='padding-left: 20px; font-size: 15px; color: inherit; margin-top: 15px;'>\n<li style='margin-bottom: 8px;'>Bater\u00eda BP-280 (Li-ion&comma; 2280 mAh&comma; 7.2 Vcc).<\/li>\n<li style='margin-bottom: 8px;'>Diadema H1013.4 para aviaci\u00f3n general de 2 conectores.<\/li>\n<li style='margin-bottom: 8px;'>Accesorio de audio OPC-2401<\/li>\n<li style='margin-bottom: 8px;'>Cargador est\u00e1ndar BC-213.<\/li>\n<li style='margin-bottom: 8px;'>Adaptador de corriente BC-123SA.<\/li>\n<li style='margin-bottom: 8px;'>Clip MB-133.<\/li>\n<li style='margin-bottom: 8px;'>Antena FA-B02AR.<\/li>\n<\/ul><\/div>\n<p> <!-- Separador final --> <\/p>\n<hr style='border: 0; border-top: 1px solid rgba(150&comma; 150&comma; 150&comma; 0.3); margin: 30px 0;'> <\/div>\n","protected":false},"excerpt":{"rendered":"<p>Kit Radio Port\u00e1til A\u00e9reo Icom con Auricular David Clark para Aviaci\u00f3n General<\/p>\n","protected":false},"featured_media":70470,"comment_status":"open","ping_status":"closed","template":"","meta":[],"product_brand":[],"product_cat":[1598],"product_tag":[1517,1584,1288],"class_list":{"0":"post-70471","1":"product","2":"type-product","3":"status-publish","4":"has-post-thumbnail","6":"product_cat-diademas-accesorios-para-icom","7":"product_tag-accesorios-para-icom","8":"product_tag-diademas","9":"product_tag-icom","11":"first","12":"outofstock","13":"sale","14":"shipping-taxable","15":"purchasable","16":"product-type-simple"},"_links":{"self":[{"href":"https:\/\/soydeaqui.ddns.net\/pachuca\/index.php\/wp-json\/wp\/v2\/product\/70471","targetHints":{"allow":["GET"]}}],"collection":[{"href":"https:\/\/soydeaqui.ddns.net\/pachuca\/index.php\/wp-json\/wp\/v2\/product"}],"about":[{"href":"https:\/\/soydeaqui.ddns.net\/pachuca\/index.php\/wp-json\/wp\/v2\/types\/product"}],"replies":[{"embeddable":true,"href":"https:\/\/soydeaqui.ddns.net\/pachuca\/index.php\/wp-json\/wp\/v2\/comments?post=70471"}],"wp:featuredmedia":[{"embeddable":true,"href":"https:\/\/soydeaqui.ddns.net\/pachuca\/index.php\/wp-json\/wp\/v2\/media\/70470"}],"wp:attachment":[{"href":"https:\/\/soydeaqui.ddns.net\/pachuca\/index.php\/wp-json\/wp\/v2\/media?parent=70471"}],"wp:term":[{"taxonomy":"product_brand","embeddable":true,"href":"https:\/\/soydeaqui.ddns.net\/pachuca\/index.php\/wp-json\/wp\/v2\/product_brand?post=70471"},{"taxonomy":"product_cat","embeddable":true,"href":"https:\/\/soydeaqui.ddns.net\/pachuca\/index.php\/wp-json\/wp\/v2\/product_cat?post=70471"},{"taxonomy":"product_tag","embeddable":true,"href":"https:\/\/soydeaqui.ddns.net\/pachuca\/index.php\/wp-json\/wp\/v2\/product_tag?post=70471"}],"curies":[{"name":"wp","href":"https:\/\/api.w.org\/{rel}","templated":true}]}}