{"id":70404,"date":"2026-03-19T11:25:09","date_gmt":"2026-03-19T11:25:09","guid":{"rendered":"https:\/\/soydeaqui.ddns.net\/pachuca\/index.php\/producto\/certificacion-en-programacion-enlaces-de-radiocomunicacion-ip\/"},"modified":"2026-03-19T11:25:11","modified_gmt":"2026-03-19T11:25:11","slug":"certificacion-en-programacion-enlaces-de-radiocomunicacion-ip","status":"publish","type":"product","link":"https:\/\/soydeaqui.ddns.net\/pachuca\/index.php\/producto\/certificacion-en-programacion-enlaces-de-radiocomunicacion-ip\/","title":{"rendered":"Certificaci\u00f3n en programaci\u00f3n enlaces de Radiocomunicaci\u00f3n IP"},"content":{"rendered":"<div style='width: 100%; max-width: 1200px; margin: 0 auto; font-family: sans-serif; line-height: 1.6; color: inherit; background-color: transparent;'> <!-- Secci\u00f3n de t\u00edtulo --> <\/p>\n<div style='text-align: center; margin-bottom: 30px;'>\n<h2 style='font-size: 24px; color: inherit; margin: 0; padding: 0;'>Certificaci\u00f3n en programaci\u00f3n enlaces de Radiocomunicaci\u00f3n IP<\/h2>\n<\/p><\/div>\n<p> <!-- Secci\u00f3n de contenido con flex --> <\/p>\n<div style='display: flex; flex-wrap: wrap; gap: 30px;'>\n<div style='flex: 1 1 300px; min-width: 280px;'>\n<h3 style='font-size: 20px; border-bottom: 2px solid currentColor; padding-bottom: 5px; margin-top: 0; color: inherit; opacity: 0.8;'>Descripci\u00f3n<\/h3>\n<p style='font-size: 15px; color: inherit; margin: 15px 0;'>Adquiera los conocimientos para enlazar dos o m\u00e1s sitios con las tecnolog\u00edas digitales NXDN y DMR<\/p>\n<\/p><\/div>\n<div style='flex: 1 1 300px; min-width: 280px;'>\n<h3 style='font-size: 20px; border-bottom: 2px solid currentColor; padding-bottom: 5px; margin-top: 0; color: inherit; opacity: 0.8;'>A qui\u00e9n est\u00e1 dirigido<\/h3>\n<p style='font-size: 15px; color: inherit; margin: 15px 0;'>Integradores y\/o distribuidores de radiocomunicaci\u00f3n KENWOOD Digital<\/p>\n<\/p><\/div>\n<div style='flex: 1 1 300px; min-width: 280px;'>\n<h3 style='font-size: 20px; border-bottom: 2px solid currentColor; padding-bottom: 5px; margin-top: 0; color: inherit; opacity: 0.8;'>Objetivo<\/h3>\n<p style='font-size: 15px; color: inherit; margin: 15px 0;'>Proporcionar el conocimiento suficiente para realizar programaciones de enlace de repetidores en sus diferentes m\u00e9todos<\/p>\n<\/p><\/div>\n<\/p><\/div>\n<p> <!-- Secci\u00f3n de temario --> <\/p>\n<div style='margin-top: 40px;'>\n<h3 style='font-size: 20px; border-bottom: 2px solid currentColor; padding-bottom: 5px; margin-top: 0; color: inherit; opacity: 0.8;'>Temario<\/h3>\n<div style='margin-top: 20px;'>\n<h4 style='font-size: 18px; color: inherit; margin-top: 20px; margin-bottom: 10px;'>Presentaci\u00f3n sobre enlaces IP<\/h4>\n<h5 style='font-size: 16px; color: inherit; margin-top: 15px; margin-bottom: 5px;'>Programaci\u00f3n de repetidor NXDN<\/h5>\n<ul style='padding-left: 20px; font-size: 15px; color: inherit; list-style-type: disc;'>\n<li style='margin-bottom: 5px;'>Revisi\u00f3n de par\u00e1metros generales KPG-129DK<\/li>\n<li style='margin-bottom: 5px;'>Modo firmware programming<\/li>\n<li style='margin-bottom: 5px;'>Multi-tabla (c\u00f3digo RAN)<\/li>\n<li style='margin-bottom: 5px;'>Conventional IP Network<\/li>\n<li style='margin-bottom: 5px;'>RF link<\/li>\n<li style='margin-bottom: 5px;'>User list<\/li>\n<li style='margin-bottom: 5px;'>Site group list<\/li>\n<li style='margin-bottom: 5px;'>Modo Roaming (beacon)<\/li>\n<\/ul>\n<h5 style='font-size: 16px; color: inherit; margin-top: 15px; margin-bottom: 5px;'>Programaci\u00f3n de repetidor DMR<\/h5>\n<ul style='padding-left: 20px; font-size: 15px; color: inherit; list-style-type: disc;'>\n<li style='margin-bottom: 5px;'>Revisi\u00f3n de par\u00e1metros generales KPG-174DK<\/li>\n<li style='margin-bottom: 5px;'>Modo firmware programming<\/li>\n<li style='margin-bottom: 5px;'>C\u00f3digo de color<\/li>\n<li style='margin-bottom: 5px;'>Conventional IP Network<\/li>\n<li style='margin-bottom: 5px;'>Modo Roaming (beacon)<\/li>\n<li style='margin-bottom: 5px;'>User list<\/li>\n<li style='margin-bottom: 5px;'>Site group list<\/li>\n<li style='margin-bottom: 5px;'>Call interrupt<\/li>\n<\/ul>\n<h5 style='font-size: 16px; color: inherit; margin-top: 15px; margin-bottom: 5px;'>Programaci\u00f3n para llamadas multisitio NX-1000<\/h5>\n<ul style='padding-left: 20px; font-size: 15px; color: inherit; list-style-type: disc;'>\n<li style='margin-bottom: 5px;'>Llamada local\/multisitio por RAN (NXDN)<\/li>\n<li style='margin-bottom: 5px;'>Llamada local\/multisitio por Grupo (NXDN\/DMR)<\/li>\n<li style='margin-bottom: 5px;'>Interrupci\u00f3n de Llamada<\/li>\n<li style='margin-bottom: 5px;'>Roaming<\/li>\n<\/ul><\/div>\n<\/p><\/div>\n<\/p><\/div>\n","protected":false},"excerpt":{"rendered":"<p>Certificaci\u00f3n en programaci\u00f3n enlaces de Radiocomunicaci\u00f3n IP<\/p>\n","protected":false},"featured_media":32,"comment_status":"open","ping_status":"closed","template":"","meta":[],"product_brand":[],"product_cat":[1601],"product_tag":[1579,1602,63],"class_list":{"0":"post-70404","1":"product","2":"type-product","3":"status-publish","4":"has-post-thumbnail","6":"product_cat-programacion-y-software","7":"product_tag-accesorios-para-kenwood","8":"product_tag-programacion-y-software","9":"product_tag-syscom","11":"first","12":"outofstock","13":"sale","14":"shipping-taxable","15":"purchasable","16":"product-type-simple"},"_links":{"self":[{"href":"https:\/\/soydeaqui.ddns.net\/pachuca\/index.php\/wp-json\/wp\/v2\/product\/70404","targetHints":{"allow":["GET"]}}],"collection":[{"href":"https:\/\/soydeaqui.ddns.net\/pachuca\/index.php\/wp-json\/wp\/v2\/product"}],"about":[{"href":"https:\/\/soydeaqui.ddns.net\/pachuca\/index.php\/wp-json\/wp\/v2\/types\/product"}],"replies":[{"embeddable":true,"href":"https:\/\/soydeaqui.ddns.net\/pachuca\/index.php\/wp-json\/wp\/v2\/comments?post=70404"}],"wp:featuredmedia":[{"embeddable":true,"href":"https:\/\/soydeaqui.ddns.net\/pachuca\/index.php\/wp-json\/wp\/v2\/media\/32"}],"wp:attachment":[{"href":"https:\/\/soydeaqui.ddns.net\/pachuca\/index.php\/wp-json\/wp\/v2\/media?parent=70404"}],"wp:term":[{"taxonomy":"product_brand","embeddable":true,"href":"https:\/\/soydeaqui.ddns.net\/pachuca\/index.php\/wp-json\/wp\/v2\/product_brand?post=70404"},{"taxonomy":"product_cat","embeddable":true,"href":"https:\/\/soydeaqui.ddns.net\/pachuca\/index.php\/wp-json\/wp\/v2\/product_cat?post=70404"},{"taxonomy":"product_tag","embeddable":true,"href":"https:\/\/soydeaqui.ddns.net\/pachuca\/index.php\/wp-json\/wp\/v2\/product_tag?post=70404"}],"curies":[{"name":"wp","href":"https:\/\/api.w.org\/{rel}","templated":true}]}}