{"id":70403,"date":"2026-03-19T11:25:03","date_gmt":"2026-03-19T11:25:03","guid":{"rendered":"https:\/\/soydeaqui.ddns.net\/pachuca\/index.php\/producto\/kenwood-software-de-monitoreo-y-despacho-kas-20\/"},"modified":"2026-03-19T11:25:05","modified_gmt":"2026-03-19T11:25:05","slug":"kenwood-software-de-monitoreo-y-despacho-kas-20","status":"publish","type":"product","link":"https:\/\/soydeaqui.ddns.net\/pachuca\/index.php\/producto\/kenwood-software-de-monitoreo-y-despacho-kas-20\/","title":{"rendered":"KENWOOD Software de Monitoreo y Despacho KAS-20"},"content":{"rendered":"<div style='width: 100%; max-width: 1200px; margin: 0 auto; font-family: sans-serif; line-height: 1.6; color: inherit; background-color: transparent;'>\n<div style='text-align: center; margin: 20px 0;'>\n<h1 style='font-size: 24px; margin: 0; color: inherit;'>KENWOOD Software de Monitoreo y Despacho KAS-20<\/h1>\n<\/p><\/div>\n<div style='display: flex; flex-wrap: wrap; gap: 30px; margin-bottom: 30px;'>\n<div style='flex: 1 1 300px; min-width: 280px;'>\n<h3 style='font-size: 22px; border-bottom: 2px solid currentColor; padding-bottom: 5px; margin-top: 0; color: inherit; opacity: 0.8;'>Descripci\u00f3n<\/h3>\n<p style='font-size: 15px; color: inherit; margin-top: 10px;'> Conozca la plataforma de monitoreo KAS-20 de KENWOOD; incluye la informaci\u00f3n con los modos de operaci\u00f3n&comma; funciones y caracter\u00edsticas. Adem\u00e1s podr\u00e1 visualizar el software en tiempo real mientras se realizan pruebas pr\u00e1cticas. <\/p>\n<\/p><\/div>\n<\/p><\/div>\n<div style='display: flex; flex-wrap: wrap; gap: 30px; margin-bottom: 30px;'>\n<div style='flex: 1 1 300px; min-width: 280px;'>\n<h3 style='font-size: 22px; border-bottom: 2px solid currentColor; padding-bottom: 5px; margin-top: 0; color: inherit; opacity: 0.8;'>Objetivo<\/h3>\n<p style='font-size: 15px; color: inherit; margin-top: 10px;'> Dar a conocer las soluciones de despacho y monitoreo para radios KENWOOD anal\u00f3gicos y digitales. <\/p>\n<\/p><\/div>\n<\/p><\/div>\n<div style='display: flex; flex-wrap: wrap; gap: 30px; margin-bottom: 30px;'>\n<div style='flex: 1 1 300px; min-width: 280px;'>\n<h3 style='font-size: 22px; border-bottom: 2px solid currentColor; padding-bottom: 5px; margin-top: 0; color: inherit; opacity: 0.8;'>A qui\u00e9n est\u00e1 dirigido<\/h3>\n<p style='font-size: 15px; color: inherit; margin-top: 10px;'> Integradores y\/o distribuidores de radiocomunicaci\u00f3n KENWOOD <\/p>\n<\/p><\/div>\n<\/p><\/div>\n<div style='display: flex; flex-wrap: wrap; gap: 30px; margin-bottom: 30px;'>\n<div style='flex: 1 1 300px; min-width: 280px;'>\n<h3 style='font-size: 22px; border-bottom: 2px solid currentColor; padding-bottom: 5px; margin-top: 0; color: inherit; opacity: 0.8;'>Temario<\/h3>\n<ul style='padding-left: 20px; font-size: 15px; color: inherit; margin-top: 10px;'>\n<li style='margin-bottom: 5px;'><span style='color: inherit;'>Caracter\u00edsticas<\/span><\/li>\n<li style='margin-bottom: 5px;'><span style='color: inherit;'>Funciones<\/span><\/li>\n<li style='margin-bottom: 5px;'><span style='color: inherit;'>Arquitectura del sistema<\/span><\/li>\n<li style='margin-bottom: 5px;'><span style='color: inherit;'>Modo de ordenarlo con su ejecutivo de ventas.<\/span><\/li>\n<li style='margin-bottom: 5px;'><span style='color: inherit;'>Demostraci\u00f3n de funciones de despacho&comma; GPS y grabaci\u00f3n de llamadas.<\/span><\/li>\n<li style='margin-bottom: 5px;'><span style='color: inherit;'>Demostraci\u00f3n de compatibilidad con varios sistemas de radiofrecuencia<\/span><\/li>\n<\/ul><\/div>\n<\/p><\/div>\n<\/p><\/div>\n","protected":false},"excerpt":{"rendered":"<p>KENWOOD Software de Monitoreo y Despacho KAS-20<\/p>\n","protected":false},"featured_media":32,"comment_status":"open","ping_status":"closed","template":"","meta":[],"product_brand":[],"product_cat":[1601],"product_tag":[1579,1602,63],"class_list":{"0":"post-70403","1":"product","2":"type-product","3":"status-publish","4":"has-post-thumbnail","6":"product_cat-programacion-y-software","7":"product_tag-accesorios-para-kenwood","8":"product_tag-programacion-y-software","9":"product_tag-syscom","11":"first","12":"outofstock","13":"sale","14":"shipping-taxable","15":"purchasable","16":"product-type-simple"},"_links":{"self":[{"href":"https:\/\/soydeaqui.ddns.net\/pachuca\/index.php\/wp-json\/wp\/v2\/product\/70403","targetHints":{"allow":["GET"]}}],"collection":[{"href":"https:\/\/soydeaqui.ddns.net\/pachuca\/index.php\/wp-json\/wp\/v2\/product"}],"about":[{"href":"https:\/\/soydeaqui.ddns.net\/pachuca\/index.php\/wp-json\/wp\/v2\/types\/product"}],"replies":[{"embeddable":true,"href":"https:\/\/soydeaqui.ddns.net\/pachuca\/index.php\/wp-json\/wp\/v2\/comments?post=70403"}],"wp:featuredmedia":[{"embeddable":true,"href":"https:\/\/soydeaqui.ddns.net\/pachuca\/index.php\/wp-json\/wp\/v2\/media\/32"}],"wp:attachment":[{"href":"https:\/\/soydeaqui.ddns.net\/pachuca\/index.php\/wp-json\/wp\/v2\/media?parent=70403"}],"wp:term":[{"taxonomy":"product_brand","embeddable":true,"href":"https:\/\/soydeaqui.ddns.net\/pachuca\/index.php\/wp-json\/wp\/v2\/product_brand?post=70403"},{"taxonomy":"product_cat","embeddable":true,"href":"https:\/\/soydeaqui.ddns.net\/pachuca\/index.php\/wp-json\/wp\/v2\/product_cat?post=70403"},{"taxonomy":"product_tag","embeddable":true,"href":"https:\/\/soydeaqui.ddns.net\/pachuca\/index.php\/wp-json\/wp\/v2\/product_tag?post=70403"}],"curies":[{"name":"wp","href":"https:\/\/api.w.org\/{rel}","templated":true}]}}