{"id":70375,"date":"2026-03-19T11:23:56","date_gmt":"2026-03-19T11:23:56","guid":{"rendered":"https:\/\/soydeaqui.ddns.net\/pachuca\/index.php\/producto\/auriculares-de-ala-fija-con-atenuacion-de-ruido-pasivo-para-aviacion-general-2\/"},"modified":"2026-03-19T11:24:07","modified_gmt":"2026-03-19T11:24:07","slug":"auriculares-de-ala-fija-con-atenuacion-de-ruido-pasivo-para-aviacion-general-2","status":"publish","type":"product","link":"https:\/\/soydeaqui.ddns.net\/pachuca\/index.php\/producto\/auriculares-de-ala-fija-con-atenuacion-de-ruido-pasivo-para-aviacion-general-2\/","title":{"rendered":"Auriculares de ala fija con atenuaci\u00f3n de ruido pasivo para aviaci\u00f3n general"},"content":{"rendered":"<div style='width: 100%; max-width: 1200px; margin: 0 auto; font-family: sans-serif; line-height: 1.6; color: inherit; background-color: transparent;'>\n<div style='display: flex; flex-wrap: wrap; gap: 30px; margin-bottom: 30px;'>\n<div style='flex: 1 1 300px; min-width: 280px;'>\n<h3 style='font-size: 22px; border-bottom: 2px solid currentColor; padding-bottom: 5px; margin-top: 0; color: inherit; opacity: 0.8;'>Caracter\u00edsticas<\/h3>\n<ul style='padding-left: 20px; font-size: 15px; color: inherit;'>\n<li style='margin-bottom: 5px;'>Dise\u00f1o liviano para una comodidad y rendimiento inigualables<\/li>\n<li style='margin-bottom: 5px;'>Almohadilla para la cabeza s\u00faper suave y expandida para mayor comodidad<\/li>\n<li style='margin-bottom: 5px;'>Sellos de gel de Ultra confort m\u00e1s grandes&comma; pero m\u00e1s livianos<\/li>\n<li style='margin-bottom: 5px;'>Micr\u00f3fono electret amplificado M-7A<\/li>\n<li style='margin-bottom: 5px;'>Clasificaci\u00f3n de reducci\u00f3n de ruido certificada (NRR): 23 dB<\/li>\n<li style='margin-bottom: 5px;'>NSN 5965-01-446-1530<\/li>\n<\/ul><\/div>\n<div style='flex: 1 1 300px; min-width: 280px;'> <img style='width: 100%; height: auto; border: 1px solid rgba(150&comma;150&comma;150&comma;0.3); border-radius: 8px;' src='https:\/\/ftp3.syscom.mx\/usuarios\/fotos\/H1013.4\/189315-diadema_final_2.png' alt=''> <\/div>\n<\/p><\/div>\n<div style='margin-bottom: 30px;'>\n<p style='font-size: 15px; color: inherit;'>Los auriculares pasivos de ala fija con atenuaci\u00f3n de ruido proporcionan un rendimiento extremadamente confiable y con claridad de comunicaci\u00f3n. No importa qu\u00e9 tipo de avi\u00f3n vuele&comma; hay un auricular David Clark pasivo o electr\u00f3nico con cancelaci\u00f3n de ruido para satisfacer sus necesidades y mejorar su experiencia de vuelo. Los auriculares David Clark est\u00e1n respaldados por una garant\u00eda de cinco a\u00f1os y el servicio al cliente m\u00e1s extraordinario de la industria &#8230; disfrute de su vuelo.<\/p>\n<p style='font-size: 15px; color: inherit;'>Los auriculares pasivos con atenuaci\u00f3n de ruido pasivo m\u00e1s populares en aviaci\u00f3n general.<\/p>\n<\/p><\/div>\n<div style='margin-bottom: 30px;'>\n<h3 style='font-size: 22px; border-bottom: 2px solid currentColor; padding-bottom: 5px; margin-top: 0; color: inherit; opacity: 0.8;'>El est\u00e1ndar de la excelencia<\/h3>\n<p style='font-size: 15px; color: inherit;'>Tambi\u00e9n disponible:<\/p>\n<ul style='padding-left: 20px; font-size: 15px; color: inherit;'>\n<li style='margin-bottom: 5px;'><strong>H10-13S<\/strong> Versi\u00f3n est\u00e9reo&comma; NSN 5965-01-447-6273<\/li>\n<li style='margin-bottom: 5px;'><strong>H10-13Y<\/strong> versi\u00f3n juvenil<\/li>\n<li style='margin-bottom: 5px;'><strong>H10-13N<\/strong> con enchufe estandar simple tipo NATO<\/li>\n<\/ul><\/div>\n<hr style='border: 0; border-top: 1px solid rgba(150&comma; 150&comma; 150&comma; 0.3); margin: 30px 0;'> <\/div>\n","protected":false},"excerpt":{"rendered":"<p>Auriculares de ala fija con atenuaci\u00f3n de ruido pasivo para aviaci\u00f3n general<\/p>\n","protected":false},"featured_media":70374,"comment_status":"open","ping_status":"closed","template":"","meta":[],"product_brand":[],"product_cat":[1598],"product_tag":[1517,1599,1584],"class_list":{"0":"post-70375","1":"product","2":"type-product","3":"status-publish","4":"has-post-thumbnail","6":"product_cat-diademas-accesorios-para-icom","7":"product_tag-accesorios-para-icom","8":"product_tag-david-clark","9":"product_tag-diademas","11":"first","12":"instock","13":"sale","14":"shipping-taxable","15":"purchasable","16":"product-type-simple"},"_links":{"self":[{"href":"https:\/\/soydeaqui.ddns.net\/pachuca\/index.php\/wp-json\/wp\/v2\/product\/70375","targetHints":{"allow":["GET"]}}],"collection":[{"href":"https:\/\/soydeaqui.ddns.net\/pachuca\/index.php\/wp-json\/wp\/v2\/product"}],"about":[{"href":"https:\/\/soydeaqui.ddns.net\/pachuca\/index.php\/wp-json\/wp\/v2\/types\/product"}],"replies":[{"embeddable":true,"href":"https:\/\/soydeaqui.ddns.net\/pachuca\/index.php\/wp-json\/wp\/v2\/comments?post=70375"}],"wp:featuredmedia":[{"embeddable":true,"href":"https:\/\/soydeaqui.ddns.net\/pachuca\/index.php\/wp-json\/wp\/v2\/media\/70374"}],"wp:attachment":[{"href":"https:\/\/soydeaqui.ddns.net\/pachuca\/index.php\/wp-json\/wp\/v2\/media?parent=70375"}],"wp:term":[{"taxonomy":"product_brand","embeddable":true,"href":"https:\/\/soydeaqui.ddns.net\/pachuca\/index.php\/wp-json\/wp\/v2\/product_brand?post=70375"},{"taxonomy":"product_cat","embeddable":true,"href":"https:\/\/soydeaqui.ddns.net\/pachuca\/index.php\/wp-json\/wp\/v2\/product_cat?post=70375"},{"taxonomy":"product_tag","embeddable":true,"href":"https:\/\/soydeaqui.ddns.net\/pachuca\/index.php\/wp-json\/wp\/v2\/product_tag?post=70375"}],"curies":[{"name":"wp","href":"https:\/\/api.w.org\/{rel}","templated":true}]}}