{"id":70353,"date":"2026-03-19T11:23:01","date_gmt":"2026-03-19T11:23:01","guid":{"rendered":"https:\/\/soydeaqui.ddns.net\/pachuca\/index.php\/producto\/comunicacion-ip-con-ve-pg3-de-icom-curso-express-syscom\/"},"modified":"2026-03-19T11:23:03","modified_gmt":"2026-03-19T11:23:03","slug":"comunicacion-ip-con-ve-pg3-de-icom-curso-express-syscom","status":"publish","type":"product","link":"https:\/\/soydeaqui.ddns.net\/pachuca\/index.php\/producto\/comunicacion-ip-con-ve-pg3-de-icom-curso-express-syscom\/","title":{"rendered":"Comunicaci\u00f3n IP con VE-PG3 de Icom &#8211; Curso Express SYSCOM"},"content":{"rendered":"<div style='width: 100%; max-width: 1200px; margin: 0 auto; font-family: sans-serif; line-height: 1.6; color: inherit; background-color: transparent;'>\n<div style='display: flex; flex-wrap: wrap; gap: 30px; margin-bottom: 30px;'>\n<div style='flex: 1 1 300px; min-width: 280px;'>\n<h3 style='font-size: 22px; border-bottom: 2px solid currentColor; padding-bottom: 5px; margin-top: 0; color: inherit; opacity: 0.8;'>CURSO COMUNICACION IP CON VE-PG3 DE ICOM<\/h3>\n<ul style='padding-left: 20px; font-size: 15px; color: inherit; list-style-type: none; padding: 0;'>\n<li style='margin-bottom: 15px;'><strong>Descripci\u00f3n:<\/strong> Comunicaci\u00f3n de VE-PG3 de Punto a Punto y comunicaci\u00f3n de VE-PG3 con NXRADIO<\/li>\n<li style='margin-bottom: 15px;'><strong>A qui\u00e9n est\u00e1 dirigido:<\/strong> Distribuidor Syscom<\/li>\n<li style='margin-bottom: 15px;'><strong>Objetivo:<\/strong> Dar a conocer las aplicaciones del VE-PG3<\/li>\n<li style='margin-bottom: 15px;'><strong>Temario:<\/strong><\/li>\n<ul style='padding-left: 30px; margin-top: 10px; margin-bottom: 15px; font-size: 14px;'>\n<li style='margin-bottom: 5px;'>Presentaci\u00f3n de equipo<\/li>\n<li style='margin-bottom: 5px;'>Aplicaciones<\/li>\n<li style='margin-bottom: 5px;'>Programaci\u00f3n del VE-PG3<\/li>\n<\/ul>\n<li style='margin-bottom: 15px;'><strong>Requisitos:<\/strong> Tener curso b\u00e1sico de radio comunicaci\u00f3n y redes inal\u00e1mbricas<\/li>\n<\/ul><\/div>\n<\/p><\/div>\n<\/p><\/div>\n","protected":false},"excerpt":{"rendered":"<p>Comunicaci\u00f3n IP con VE-PG3 de Icom &#8211; Curso Express SYSCOM<\/p>\n","protected":false},"featured_media":70352,"comment_status":"open","ping_status":"closed","template":"","meta":[],"product_brand":[],"product_cat":[1938],"product_tag":[1939,63,62],"class_list":{"0":"post-70353","1":"product","2":"type-product","3":"status-publish","4":"has-post-thumbnail","6":"product_cat-todos-radios-icom-wifi","7":"product_tag-radios-icom-wifi","8":"product_tag-syscom","9":"product_tag-todos","11":"first","12":"outofstock","13":"sale","14":"shipping-taxable","15":"purchasable","16":"product-type-simple"},"_links":{"self":[{"href":"https:\/\/soydeaqui.ddns.net\/pachuca\/index.php\/wp-json\/wp\/v2\/product\/70353","targetHints":{"allow":["GET"]}}],"collection":[{"href":"https:\/\/soydeaqui.ddns.net\/pachuca\/index.php\/wp-json\/wp\/v2\/product"}],"about":[{"href":"https:\/\/soydeaqui.ddns.net\/pachuca\/index.php\/wp-json\/wp\/v2\/types\/product"}],"replies":[{"embeddable":true,"href":"https:\/\/soydeaqui.ddns.net\/pachuca\/index.php\/wp-json\/wp\/v2\/comments?post=70353"}],"wp:featuredmedia":[{"embeddable":true,"href":"https:\/\/soydeaqui.ddns.net\/pachuca\/index.php\/wp-json\/wp\/v2\/media\/70352"}],"wp:attachment":[{"href":"https:\/\/soydeaqui.ddns.net\/pachuca\/index.php\/wp-json\/wp\/v2\/media?parent=70353"}],"wp:term":[{"taxonomy":"product_brand","embeddable":true,"href":"https:\/\/soydeaqui.ddns.net\/pachuca\/index.php\/wp-json\/wp\/v2\/product_brand?post=70353"},{"taxonomy":"product_cat","embeddable":true,"href":"https:\/\/soydeaqui.ddns.net\/pachuca\/index.php\/wp-json\/wp\/v2\/product_cat?post=70353"},{"taxonomy":"product_tag","embeddable":true,"href":"https:\/\/soydeaqui.ddns.net\/pachuca\/index.php\/wp-json\/wp\/v2\/product_tag?post=70353"}],"curies":[{"name":"wp","href":"https:\/\/api.w.org\/{rel}","templated":true}]}}