{"id":70349,"date":"2026-03-19T11:22:54","date_gmt":"2026-03-19T11:22:54","guid":{"rendered":"https:\/\/soydeaqui.ddns.net\/pachuca\/index.php\/producto\/certificacion-en-programacion-de-serie-nx-3000\/"},"modified":"2026-03-19T11:22:55","modified_gmt":"2026-03-19T11:22:55","slug":"certificacion-en-programacion-de-serie-nx-3000","status":"publish","type":"product","link":"https:\/\/soydeaqui.ddns.net\/pachuca\/index.php\/producto\/certificacion-en-programacion-de-serie-nx-3000\/","title":{"rendered":"Certificaci\u00f3n en programaci\u00f3n de serie NX-3000"},"content":{"rendered":"<div style='width: 100%; max-width: 1200px; margin: 0 auto; font-family: sans-serif; line-height: 1.6; color: inherit; background-color: transparent;'>\n<div style='text-align: center; padding: 20px 0;'>\n<h2 style='font-size: 24px; color: inherit; margin: 0;'>Certificaci\u00f3n en programaci\u00f3n de serie NX-3000<\/h2>\n<\/p><\/div>\n<div style='display: flex; flex-wrap: wrap; gap: 30px; margin-bottom: 30px;'>\n<div style='flex: 1 1 300px; min-width: 280px;'>\n<h3 style='font-size: 22px; border-bottom: 2px solid currentColor; padding-bottom: 5px; margin-top: 0; color: inherit; opacity: 0.8;'>Descripci\u00f3n<\/h3>\n<p style='font-size: 15px; color: inherit;'>Adquiera los conocimientos para utilizar el software de programaci\u00f3n KPG-D3K para la implementaci\u00f3n de funciones b\u00e1sicas\/intermedias con las tecnolog\u00edas digitales NXDN y DMR<\/p>\n<\/p><\/div>\n<div style='flex: 1 1 300px; min-width: 280px;'>\n<h3 style='font-size: 22px; border-bottom: 2px solid currentColor; padding-bottom: 5px; margin-top: 0; color: inherit; opacity: 0.8;'>A qui\u00e9n est\u00e1 dirigido<\/h3>\n<p style='font-size: 15px; color: inherit;'>Integradores y\/o distribuidores de radiocomunicaci\u00f3n KENWOOD Digital<\/p>\n<\/p><\/div>\n<div style='flex: 1 1 300px; min-width: 280px;'>\n<h3 style='font-size: 22px; border-bottom: 2px solid currentColor; padding-bottom: 5px; margin-top: 0; color: inherit; opacity: 0.8;'>Objetivo<\/h3>\n<p style='font-size: 15px; color: inherit;'>Proporcionar el conocimiento suficiente para realizar programaciones de la serie NX-3000<\/p>\n<\/p><\/div>\n<div style='flex: 1 1 300px; min-width: 280px;'>\n<h3 style='font-size: 22px; border-bottom: 2px solid currentColor; padding-bottom: 5px; margin-top: 0; color: inherit; opacity: 0.8;'>Requisitos<\/h3>\n<p style='font-size: 15px; color: inherit;'>Conexi\u00f3n a internet\/dispositivo de audio para PC&comma; bocinas o audifonos.<\/p>\n<\/p><\/div>\n<\/p><\/div>\n<div style='margin-bottom: 30px;'>\n<h3 style='font-size: 22px; border-bottom: 2px solid currentColor; padding-bottom: 5px; margin-top: 0; color: inherit; opacity: 0.8;'>Temario<\/h3>\n<ul style='padding-left: 20px; font-size: 15px; color: inherit;'>\n<li style='margin-bottom: 5px;'>Presentaci\u00f3n serie NX-3000<\/li>\n<li style='margin-bottom: 5px;'>Instalaci\u00f3n software KPT-300LMC&comma; KPG-D3K<\/li>\n<li style='margin-bottom: 5px;'>Validaci\u00f3n de licencia software\/radio<\/li>\n<li style='margin-bottom: 5px;'>Programaci\u00f3n modo directo NXDN<\/li>\n<ul style='padding-left: 40px; margin: 5px 0;'>\n<li style='margin-bottom: 5px;'>Over the Air Alias<\/li>\n<li style='margin-bottom: 5px;'>Llamadas selectivas<\/li>\n<li style='margin-bottom: 5px;'>Password de lectura<\/li>\n<li style='margin-bottom: 5px;'>Encriptaci\u00f3n<\/li>\n<li style='margin-bottom: 5px;'>Remote Control<\/li>\n<\/ul>\n<li style='margin-bottom: 5px;'>Programaci\u00f3n DMR<\/li>\n<ul style='padding-left: 40px; margin: 5px 0;'>\n<li style='margin-bottom: 5px;'>Programaci\u00f3n DMR modo directo<\/li>\n<li style='margin-bottom: 5px;'>Interrupci\u00f3n de Llamada<\/li>\n<li style='margin-bottom: 5px;'>PseudoTruking<\/li>\n<li style='margin-bottom: 5px;'>Llamadas de grupo<\/li>\n<\/ul>\n<li style='margin-bottom: 5px;'>Examen<\/li>\n<\/ul><\/div>\n<p> <!-- Imagen original --><\/p>\n<div style='width: 0px; height: 0px; overflow: hidden;'><img class='CToWUd' style='width: 0px; max-height: 0px; overflow: hidden;' src='https:\/\/ci3.googleusercontent.com\/proxy\/g3mCeIpQcfPefkmN88zl6Uya6ltIB57GY7Gqc9uUsr07eL7z39AQ4UUNZm2212OEmx8OInV_DCuvSDSLBAvaoorDSa-aJ_OcViOeWt9fULNOBJ5UfYSD3XLlUV3zFdV8cj1KnZyEMnnyh50apjM84TDeUgVf3__NN6MW4jdtiSbwIB0uh5y9VtRMfKqozvG65KGGBkuC=s0-d-e1-ft#https:\/\/mailfoogae.appspot.com\/t?sender=abWhlcm5hbmRlekBzeXNjb20ubXg%3D&#038;type=zerocontent&#038;guid=92ab6c8e-446e-43fa-8aa3-d92946e0db58' alt='' \/><\/div>\n<\/p><\/div>\n","protected":false},"excerpt":{"rendered":"<p>Certificaci\u00f3n en programaci\u00f3n de serie NX-3000<\/p>\n","protected":false},"featured_media":32,"comment_status":"open","ping_status":"closed","template":"","meta":[],"product_brand":[],"product_cat":[1601],"product_tag":[1579,1602,63],"class_list":{"0":"post-70349","1":"product","2":"type-product","3":"status-publish","4":"has-post-thumbnail","6":"product_cat-programacion-y-software","7":"product_tag-accesorios-para-kenwood","8":"product_tag-programacion-y-software","9":"product_tag-syscom","11":"first","12":"outofstock","13":"sale","14":"shipping-taxable","15":"purchasable","16":"product-type-simple"},"_links":{"self":[{"href":"https:\/\/soydeaqui.ddns.net\/pachuca\/index.php\/wp-json\/wp\/v2\/product\/70349","targetHints":{"allow":["GET"]}}],"collection":[{"href":"https:\/\/soydeaqui.ddns.net\/pachuca\/index.php\/wp-json\/wp\/v2\/product"}],"about":[{"href":"https:\/\/soydeaqui.ddns.net\/pachuca\/index.php\/wp-json\/wp\/v2\/types\/product"}],"replies":[{"embeddable":true,"href":"https:\/\/soydeaqui.ddns.net\/pachuca\/index.php\/wp-json\/wp\/v2\/comments?post=70349"}],"wp:featuredmedia":[{"embeddable":true,"href":"https:\/\/soydeaqui.ddns.net\/pachuca\/index.php\/wp-json\/wp\/v2\/media\/32"}],"wp:attachment":[{"href":"https:\/\/soydeaqui.ddns.net\/pachuca\/index.php\/wp-json\/wp\/v2\/media?parent=70349"}],"wp:term":[{"taxonomy":"product_brand","embeddable":true,"href":"https:\/\/soydeaqui.ddns.net\/pachuca\/index.php\/wp-json\/wp\/v2\/product_brand?post=70349"},{"taxonomy":"product_cat","embeddable":true,"href":"https:\/\/soydeaqui.ddns.net\/pachuca\/index.php\/wp-json\/wp\/v2\/product_cat?post=70349"},{"taxonomy":"product_tag","embeddable":true,"href":"https:\/\/soydeaqui.ddns.net\/pachuca\/index.php\/wp-json\/wp\/v2\/product_tag?post=70349"}],"curies":[{"name":"wp","href":"https:\/\/api.w.org\/{rel}","templated":true}]}}