{"id":70334,"date":"2026-03-19T11:22:14","date_gmt":"2026-03-19T11:22:14","guid":{"rendered":"https:\/\/soydeaqui.ddns.net\/pachuca\/index.php\/producto\/organizador-de-cables-horizontal-patchrunner-sencillo-solo-frontal-para-rack-de-19in-4ur\/"},"modified":"2026-03-19T11:22:26","modified_gmt":"2026-03-19T11:22:26","slug":"organizador-de-cables-horizontal-patchrunner-sencillo-solo-frontal-para-rack-de-19in-4ur","status":"publish","type":"product","link":"https:\/\/soydeaqui.ddns.net\/pachuca\/index.php\/producto\/organizador-de-cables-horizontal-patchrunner-sencillo-solo-frontal-para-rack-de-19in-4ur\/","title":{"rendered":"Organizador de Cables Horizontal PatchRunner\u2122, Sencillo (Solo Frontal), Para Rack de 19in, 4UR"},"content":{"rendered":"<div style='width: 100%; max-width: 1200px; margin: 0 auto; font-family: sans-serif; line-height: 1.6; color: inherit; background-color: transparent;'> <!-- Descripci\u00f3n principal --> <\/p>\n<div style='margin-bottom: 30px;'>\n<p style='margin: 0; padding: 0; color: inherit; font-size: 15px;'> El organizador de cables horizontal PatchRunner\u2122 administra y protege el cableado de red de cobre y fibra en cualquier rack o gabinete EIA est\u00e1ndar de 19 pulgadas (483 mm). Las grandes aberturas para los dedos delanteros se adaptan f\u00e1cilmente a los cables Cat 6 y 6A&comma; lo que reduce el tiempo de instalaci\u00f3n y los costos de mantenimiento. El organizador iguala la profundidad para el montaje empotrado con los organizadores de cables verticales PatchRunner\u2122 2. El organizador de un solo lado&comma; de 2 RU y tiene una cubierta frontal magn\u00e9tica de doble bisagra. Es color negro. <\/p>\n<\/p><\/div>\n<p> <!-- Caracter\u00edsticas funcionales --> <\/p>\n<div style='margin-bottom: 30px;'>\n<h3 style='font-size: 20px; border-bottom: 2px solid currentColor; padding-bottom: 5px; margin-top: 0; margin-bottom: 15px; color: inherit; opacity: 0.8;'>Caracter\u00edsticas funcionales<\/h3>\n<ul style='padding-left: 20px; font-size: 15px; color: inherit; list-style-type: disc;'>\n<li style='margin-bottom: 5px;'>Los organizadores horizontales son capaces de gestionar cables en la parte delantera y trasera de cualquier rack que cumple con el est\u00e1ndar de 19&#8242; de la EIA<\/li>\n<li style='margin-bottom: 5px;'>El organizador consiste en una sola pieza moldeada en pl\u00e1stico<\/li>\n<li style='margin-bottom: 5px;'>Pasan el cable a trav\u00e9s de agujeros que incorporan un radio de curvatura integral para mantener el control y protecci\u00f3n del mismo cable<\/li>\n<li style='margin-bottom: 5px;'>Cuenta con cubiertas con bisagra para permitir el acceso a la v\u00eda del cable sin tener que eliminar la tapa frontal del organizador<\/li>\n<\/ul><\/div>\n<p> <!-- Caracter\u00edsticas f\u00edsicas --> <\/p>\n<div style='margin-bottom: 30px;'>\n<h3 style='font-size: 20px; border-bottom: 2px solid currentColor; padding-bottom: 5px; margin-top: 0; margin-bottom: 15px; color: inherit; opacity: 0.8;'>Caracter\u00edsticas f\u00edsicas<\/h3>\n<ul style='padding-left: 20px; font-size: 15px; color: inherit; list-style-type: disc;'>\n<li style='margin-bottom: 5px;'><strong>Tipo:<\/strong> Organizador de cables horizontal sencillo<\/li>\n<li style='margin-bottom: 5px;'><strong>No. de espacios de rack:<\/strong> 4<\/li>\n<li style='margin-bottom: 5px;'><strong>Material:<\/strong> Pl\u00e1stico ABS<\/li>\n<li style='margin-bottom: 5px;'><strong>Dimensiones exteriores:<\/strong> 484 x 179 x 202 mm (Ancho x Alto x Profundidad)<\/li>\n<\/ul><\/div>\n<p> <!-- Separador final --> <\/p>\n<hr style='border: 0; border-top: 1px solid rgba(150&comma; 150&comma; 150&comma; 0.3); margin: 30px 0;'> <\/div>\n","protected":false},"excerpt":{"rendered":"<p>Organizador de Cables Horizontal PatchRunner\u2122, Sencillo (Solo Frontal), Para Rack de 19in, 4UR<\/p>\n","protected":false},"featured_media":70333,"comment_status":"open","ping_status":"closed","template":"","meta":[],"product_brand":[],"product_cat":[604],"product_tag":[606,445,605],"class_list":{"0":"post-70334","1":"product","2":"type-product","3":"status-publish","4":"has-post-thumbnail","6":"product_cat-accesorios-para-racks-y-gabinetes","7":"product_tag-accesorios-para-racks-y-gabinetes","8":"product_tag-panduit","9":"product_tag-racks-y-gabinetes","11":"first","12":"outofstock","13":"sale","14":"shipping-taxable","15":"purchasable","16":"product-type-simple"},"_links":{"self":[{"href":"https:\/\/soydeaqui.ddns.net\/pachuca\/index.php\/wp-json\/wp\/v2\/product\/70334","targetHints":{"allow":["GET"]}}],"collection":[{"href":"https:\/\/soydeaqui.ddns.net\/pachuca\/index.php\/wp-json\/wp\/v2\/product"}],"about":[{"href":"https:\/\/soydeaqui.ddns.net\/pachuca\/index.php\/wp-json\/wp\/v2\/types\/product"}],"replies":[{"embeddable":true,"href":"https:\/\/soydeaqui.ddns.net\/pachuca\/index.php\/wp-json\/wp\/v2\/comments?post=70334"}],"wp:featuredmedia":[{"embeddable":true,"href":"https:\/\/soydeaqui.ddns.net\/pachuca\/index.php\/wp-json\/wp\/v2\/media\/70333"}],"wp:attachment":[{"href":"https:\/\/soydeaqui.ddns.net\/pachuca\/index.php\/wp-json\/wp\/v2\/media?parent=70334"}],"wp:term":[{"taxonomy":"product_brand","embeddable":true,"href":"https:\/\/soydeaqui.ddns.net\/pachuca\/index.php\/wp-json\/wp\/v2\/product_brand?post=70334"},{"taxonomy":"product_cat","embeddable":true,"href":"https:\/\/soydeaqui.ddns.net\/pachuca\/index.php\/wp-json\/wp\/v2\/product_cat?post=70334"},{"taxonomy":"product_tag","embeddable":true,"href":"https:\/\/soydeaqui.ddns.net\/pachuca\/index.php\/wp-json\/wp\/v2\/product_tag?post=70334"}],"curies":[{"name":"wp","href":"https:\/\/api.w.org\/{rel}","templated":true}]}}