{"id":70269,"date":"2026-03-19T11:19:11","date_gmt":"2026-03-19T11:19:11","guid":{"rendered":"https:\/\/soydeaqui.ddns.net\/pachuca\/index.php\/producto\/torre-autosoportada-super-titan-s-310-de-36-576-metros-120-pies-con-anclaje-2\/"},"modified":"2026-03-19T11:19:12","modified_gmt":"2026-03-19T11:19:12","slug":"torre-autosoportada-super-titan-s-310-de-36-576-metros-120-pies-con-anclaje-2","status":"publish","type":"product","link":"https:\/\/soydeaqui.ddns.net\/pachuca\/index.php\/producto\/torre-autosoportada-super-titan-s-310-de-36-576-metros-120-pies-con-anclaje-2\/","title":{"rendered":"Torre Autosoportada SUPER TITAN S-310 de 36.576 metros (120 pies) con Anclaje."},"content":{"rendered":"<div style='width: 100%; max-width: 1200px; margin: 0 auto; font-family: sans-serif; line-height: 1.6; color: inherit; background-color: transparent;'> <!-- Im\u00e1genes del producto --> <\/p>\n<div style='display: flex; flex-wrap: wrap; gap: 20px; align-items: center; margin-bottom: 30px;'> <img style='width: 100%; max-width: 280px; height: auto; border: 1px solid rgba(150&comma;150&comma;150&comma;0.3); border-radius: 8px;' src='https:\/\/ftp3.syscom.mx\/usuarios\/fotos\/TRYST40S300\/159323-super_titan.png' alt='Super Titan Logo'> <img style='width: 100%; max-width: 200px; height: auto; border: 1px solid rgba(150&comma;150&comma;150&comma;0.3); border-radius: 8px;' src='https:\/\/ftp3.syscom.mx\/usuarios\/fotos\/TRYT64T300\/158134-trylon_logo_2.png' alt='Trylon Logo'> <\/div>\n<p> <!-- Descripci\u00f3n principal --> <\/p>\n<div style='margin-bottom: 30px;'>\n<p>El SuperTitan KD es una torre modular que se puede elevar hasta 190 pies de altura. Este sistema modular se puede configurar para crear diferentes tipos de torres&comma; variando alturas y capacidades de carga.<\/p>\n<p>El dise\u00f1o SuperTitan KD cumple con el est\u00e1ndar <em>ANSI-TIA-222 F &#038; G<\/em>.<\/p>\n<\/p><\/div>\n<p> <!-- Especificaciones --> <\/p>\n<div style='margin-bottom: 30px;'>\n<h3 style='font-size: 22px; border-bottom: 2px solid currentColor; padding-bottom: 5px; margin-top: 0; color: inherit; opacity: 0.8;'>Especificaciones<\/h3>\n<ul style='padding-left: 20px; font-size: 15px; color: inherit;'>\n<li style='margin-bottom: 5px;'>Tipo: Autosoportada<\/li>\n<li style='margin-bottom: 5px;'>Altura de cada secci\u00f3n: 10&#8242; (3m)<\/li>\n<li style='margin-bottom: 5px;'>Altura Total: 36.576 m (120&#8242;)<\/li>\n<li style='margin-bottom: 5px;'>Modelo: S-910<\/li>\n<li style='margin-bottom: 5px;'>Dise\u00f1ado para cumplir con el est\u00e1ndar <em>TIA\/EIA-222<\/em><\/li>\n<\/ul><\/div>\n<p> <!-- Tabla de capacidades --> <\/p>\n<div style='margin-bottom: 30px;'>\n<h3 style='font-size: 22px; border-bottom: 2px solid currentColor; padding-bottom: 5px; margin-top: 0; color: inherit; opacity: 0.8;'>Capacidad de carga por velocidad de viento<\/h3>\n<div style='overflow-x: auto;'>\n<table style='width: 100%; border-collapse: collapse; margin-top: 15px;'>\n<thead>\n<tr>\n<th style='border: 1px solid rgba(150&comma;150&comma;150&comma;0.3); padding: 12px; text-align: left; background-color: rgba(150&comma;150&comma;150&comma;0.1); color: inherit;'>Condiciones de carga<\/th>\n<th style='border: 1px solid rgba(150&comma;150&comma;150&comma;0.3); padding: 12px; text-align: center; background-color: rgba(150&comma;150&comma;150&comma;0.1); color: inherit;'>90 mph<br \/>(144.8 km\/hr)<\/th>\n<th style='border: 1px solid rgba(150&comma;150&comma;150&comma;0.3); padding: 12px; text-align: center; background-color: rgba(150&comma;150&comma;150&comma;0.1); color: inherit;'>105 mph<br \/>(168.9 km\/hr)<\/th>\n<th style='border: 1px solid rgba(150&comma;150&comma;150&comma;0.3); padding: 12px; text-align: center; background-color: rgba(150&comma;150&comma;150&comma;0.1); color: inherit;'>120 mph<br \/>(193.1 km\/hr)<\/th>\n<\/tr>\n<\/thead>\n<tbody>\n<tr>\n<td style='border: 1px solid rgba(150&comma;150&comma;150&comma;0.3); padding: 12px;'>\u00c1rea de antenas permisibles en pies cuadrados (ft\u00b2).<br \/>EIA Rev. Clase 1:<br \/>0.75&#8242; Hielo<\/td>\n<td style='border: 1px solid rgba(150&comma;150&comma;150&comma;0.3); padding: 12px; text-align: center;'>22<\/td>\n<td style='border: 1px solid rgba(150&comma;150&comma;150&comma;0.3); padding: 12px; text-align: center;'>2<\/td>\n<td style='border: 1px solid rgba(150&comma;150&comma;150&comma;0.3); padding: 12px; text-align: center;'>&#8211;<\/td>\n<\/tr>\n<tr>\n<td style='border: 1px solid rgba(150&comma;150&comma;150&comma;0.3); padding: 12px;'>\u00c1rea de antenas permisibles en pies cuadrados (ft\u00b2).<br \/>EIA Rev. Clase 2:<br \/>0.75&#8242; Hielo<\/td>\n<td style='border: 1px solid rgba(150&comma;150&comma;150&comma;0.3); padding: 12px; text-align: center;'>14<\/td>\n<td style='border: 1px solid rgba(150&comma;150&comma;150&comma;0.3); padding: 12px; text-align: center;'>&#8211;<\/td>\n<td style='border: 1px solid rgba(150&comma;150&comma;150&comma;0.3); padding: 12px; text-align: center;'>&#8211;<\/td>\n<\/tr>\n<\/tbody>\n<\/table><\/div>\n<\/p><\/div>\n<p> <!-- Aplicaciones --> <\/p>\n<div style='margin-bottom: 30px;'>\n<h3 style='font-size: 22px; border-bottom: 2px solid currentColor; padding-bottom: 5px; margin-top: 0; color: inherit; opacity: 0.8;'>Aplicaciones<\/h3>\n<ul style='padding-left: 20px; font-size: 15px; color: inherit;'>\n<li style='margin-bottom: 5px;'>Servicios de emergencia (polic\u00eda&comma; bomberos&comma; etc.)<\/li>\n<li style='margin-bottom: 5px;'>Sistemas SCADA<\/li>\n<li style='margin-bottom: 5px;'>Ideal para estaciones base con mayor carga par\u00e1metros<\/li>\n<li style='margin-bottom: 5px;'>Torres para instalaci\u00f3n de estaci\u00f3n base<\/li>\n<\/ul><\/div>\n<p> <!-- Diferenciadores --> <\/p>\n<div style='margin-bottom: 30px;'>\n<h3 style='font-size: 22px; border-bottom: 2px solid currentColor; padding-bottom: 5px; margin-top: 0; color: inherit; opacity: 0.8;'>Diferenciadores de la L\u00ednea SUPERTITAN<\/h3>\n<ul style='padding-left: 20px; font-size: 15px; color: inherit;'>\n<li style='margin-bottom: 5px;'>Altura m\u00e1xima de 190 pies<\/li>\n<li style='margin-bottom: 5px;'>Nuevo empaque innovador<\/li>\n<li style='margin-bottom: 5px;'>Reduce dr\u00e1sticamente los costos de flete<\/li>\n<li style='margin-bottom: 5px;'>Plazos de entrega reducidos<\/li>\n<\/ul><\/div>\n<p> <!-- Accesorios --> <\/p>\n<div style='margin-bottom: 30px;'>\n<h3 style='font-size: 22px; border-bottom: 2px solid currentColor; padding-bottom: 5px; margin-top: 0; color: inherit; opacity: 0.8;'>Accesorios complementarios (No incluidos)<\/h3>\n<div style='display: flex; flex-direction: column; gap: 15px; margin-top: 20px;'>\n<div style='display: flex; align-items: center; justify-content: space-between; padding: 12px; border: 1px solid rgba(150&comma;150&comma;150&comma;0.3); border-radius: 8px;'>\n<div style='flex: 1; min-width: 100px;'>4<\/div>\n<div style='flex: 2; min-width: 150px;'><a style='color: inherit; text-decoration: none;' href='https:\/\/www.syscom.mx\/producto\/TRY-ST-STEP10-Trylon-165144.html'>TRY-ST-STEP10<\/a><\/div>\n<div style='flex: 5; min-width: 250px;'>Pelda\u00f1os tipo Perno para Torres. Secciones 1 a 12 kit con 10 pzas.<\/div>\n<\/p><\/div>\n<div style='display: flex; align-items: center; justify-content: space-between; padding: 12px; border: 1px solid rgba(150&comma;150&comma;150&comma;0.3); border-radius: 8px;'>\n<div style='flex: 1; min-width: 100px;'>8<\/div>\n<div style='flex: 2; min-width: 150px;'><a style='color: inherit; text-decoration: none;' href='https:\/\/www.syscom.mx\/producto\/TRY-ST-STEPW-Trylon-165145.html'>TRY-ST-STEPW<\/a><\/div>\n<div style='flex: 5; min-width: 250px;'>Escalera de 3 m Tipo Perno con Secci\u00f3n Soldada para Torres. Secciones 13 a 21.<\/div>\n<\/p><\/div>\n<div style='display: flex; align-items: center; justify-content: space-between; padding: 12px; border: 1px solid rgba(150&comma;150&comma;150&comma;0.3); border-radius: 8px;'>\n<div style='flex: 1; min-width: 100px;'>1<\/div>\n<div style='flex: 2; min-width: 150px;'><a style='color: inherit; text-decoration: none;' href='https:\/\/www.syscom.mx\/producto\/TRY-ST-LV190-Trylon-165147.html'>TRY-ST-LV190<\/a><\/div>\n<div style='flex: 5; min-width: 250px;'>L\u00ednea de Vida hasta 57.9 m (190 pies). Compatible con l\u00ednea Super Titan.<\/div>\n<\/p><\/div>\n<div style='display: flex; align-items: center; justify-content: space-between; padding: 12px; border: 1px solid rgba(150&comma;150&comma;150&comma;0.3); border-radius: 8px;'>\n<div style='flex: 1; min-width: 100px;'>1<\/div>\n<div style='flex: 2; min-width: 150px;'><a style='color: inherit; text-decoration: none;' href='https:\/\/www.syscom.mx\/producto\/TRY-TLR-Trylon-165266.html'>TRY-TLR<\/a><\/div>\n<div style='flex: 5; min-width: 250px;'>Punta Pararrayo Maciza para Estructura de Torres.<\/div>\n<\/p><\/div>\n<div style='display: flex; align-items: center; justify-content: space-between; padding: 12px; border: 1px solid rgba(150&comma;150&comma;150&comma;0.3); border-radius: 8px;'>\n<div style='flex: 1; min-width: 100px;'>1<\/div>\n<div style='flex: 2; min-width: 150px;'><a style='color: inherit; text-decoration: none;' href='https:\/\/www.syscom.mx\/producto\/TRY-ST-GROUND3-Trylon-177071.html'>TRY-ST-GROUND3<\/a><\/div>\n<div style='flex: 5; min-width: 250px;'>Sistema de Aterrizaje en 3 Piernas para torres ST.<\/div>\n<\/p><\/div>\n<div style='display: flex; align-items: center; justify-content: space-between; padding: 12px; border: 1px solid rgba(150&comma;150&comma;150&comma;0.3); border-radius: 8px;'>\n<div style='flex: 1; min-width: 100px;'>44<\/div>\n<div style='flex: 2; min-width: 150px;'><a style='color: inherit; text-decoration: none;' href='https:\/\/www.syscom.mx\/producto\/TRY-ST-BRKT-4H-Trylon-161698.html'>TRYSTBRKT4H<\/a><\/div>\n<div style='flex: 5; min-width: 250px;'>Bracket Gu\u00eda de Cable de 4 orificios para torre ST.<\/div>\n<\/p><\/div>\n<div style='display: flex; align-items: center; justify-content: space-between; padding: 12px; border: 1px solid rgba(150&comma;150&comma;150&comma;0.3); border-radius: 8px;'>\n<div style='flex: 1; min-width: 100px;'>1<\/div>\n<div style='flex: 2; min-width: 150px;'><a style='color: inherit; text-decoration: none;' href='https:\/\/www.syscom.mx\/producto\/TRY-ST-ANTIC-13-Trylon-168017.html'>TRYSTANTIC13<\/a><\/div>\n<div style='flex: 5; min-width: 250px;'>Sistema antiescala para torre&comma; secciones 13-21.<\/div>\n<\/p><\/div>\n<div style='display: flex; align-items: center; justify-content: space-between; padding: 12px; border: 1px solid rgba(150&comma;150&comma;150&comma;0.3); border-radius: 8px;'>\n<div style='flex: 1; min-width: 100px;'>2<\/div>\n<div style='flex: 2; min-width: 150px;'><a style='color: inherit; text-decoration: none;' href='https:\/\/www.syscom.mx\/producto\/EI-GSL-SE-EPCOM-INDUSTRIAL-155623.html'>EIGSLSE<\/a><\/div>\n<div style='flex: 5; min-width: 250px;'>L\u00e1mpara de Obstrucci\u00f3n Aut\u00f3noma con Led color rojo con Panel Solar.<\/div>\n<\/p><\/div>\n<div style='display: flex; align-items: center; justify-content: space-between; padding: 12px; border: 1px solid rgba(150&comma;150&comma;150&comma;0.3); border-radius: 8px;'>\n<div style='flex: 1; min-width: 100px;'>2<\/div>\n<div style='flex: 2; min-width: 150px;'><a style='color: inherit; text-decoration: none;' href='https:\/\/www.syscom.mx\/producto\/HLU3-TA-EPCOM-INDUSTRIAL-190835.html'>HLU3TA<\/a><\/div>\n<div style='flex: 5; min-width: 250px;'>Base para L\u00e1mpara de Obstrucci\u00f3n EIGSLE.<\/div>\n<\/p><\/div>\n<div style='margin-top: 15px; font-size: 14px; color: inherit;'> <strong>* Dos en la punta.<\/strong> <\/div>\n<\/p><\/div>\n<\/p><\/div>\n<p> <!-- Sistema de empaque --> <\/p>\n<div style='margin-bottom: 30px;'>\n<h3 style='font-size: 22px; border-bottom: 2px solid currentColor; padding-bottom: 5px; margin-top: 0; color: inherit; opacity: 0.8;'>Sistema de Empaque Optimizado<\/h3>\n<p> <img style='width: 100%; height: auto; border: 1px solid rgba(150&comma;150&comma;150&comma;0.3); border-radius: 8px;' src='https:\/\/ftp3.syscom.mx\/usuarios\/fotos\/TRYST40S300\/159323-empaque.png' alt='Sistema de empaque optimizado'> <\/div>\n<p> <!-- Im\u00e1genes de instalaci\u00f3n --> <\/p>\n<div style='margin-bottom: 30px;'>\n<h3 style='font-size: 22px; border-bottom: 2px solid currentColor; padding-bottom: 5px; margin-top: 0; color: inherit; opacity: 0.8;'>Instalaci\u00f3n<\/h3>\n<div style='display: flex; flex-wrap: wrap; gap: 20px; margin-top: 20px;'>\n<div style='flex: 1 1 400px;'> <img style='width: 100%; height: auto; border: 1px solid rgba(150&comma;150&comma;150&comma;0.3); border-radius: 8px;' src='https:\/\/ftp3.syscom.mx\/usuarios\/fotos\/TRYST40S300\/159323-dscf0333.gif' alt='Instalaci\u00f3n t\u00edpica de Torre'> <\/p>\n<p style='margin-top: 10px; font-size: 14px; text-align: center;'>Instalaci\u00f3n t\u00edpica de Torre<\/p>\n<\/p><\/div>\n<div style='flex: 1 1 400px;'> <img style='width: 100%; height: auto; border: 1px solid rgba(150&comma;150&comma;150&comma;0.3); border-radius: 8px;' src='https:\/\/ftp3.syscom.mx\/usuarios\/fotos\/TRYST40S300\/159323-imagen1_chica.png' alt='Instalaci\u00f3n en condiciones de Nieve'> <\/p>\n<p style='margin-top: 10px; font-size: 14px; text-align: center;'>Instalaci\u00f3n en condiciones de Nieve<\/p>\n<\/p><\/div>\n<\/p><\/div>\n<\/p><\/div>\n<p> <!-- Separador final --> <\/p>\n<hr style='border: 0; border-top: 1px solid rgba(150&comma;150&comma;150&comma;0.3); margin: 30px 0;'> <\/div>\n","protected":false},"excerpt":{"rendered":"<p>Torre Autosoportada SUPER TITAN S-310 de 36.576 metros (120 pies) con Anclaje.<\/p>\n","protected":false},"featured_media":70268,"comment_status":"open","ping_status":"closed","template":"","meta":[],"product_brand":[],"product_cat":[1713],"product_tag":[1714,246,1715],"class_list":{"0":"post-70269","1":"product","2":"type-product","3":"status-publish","4":"has-post-thumbnail","6":"product_cat-torres-autosoportadas","7":"product_tag-torres-autosoportadas","8":"product_tag-torres-y-mastiles","9":"product_tag-trylon","11":"first","12":"outofstock","13":"sale","14":"shipping-taxable","15":"purchasable","16":"product-type-simple"},"_links":{"self":[{"href":"https:\/\/soydeaqui.ddns.net\/pachuca\/index.php\/wp-json\/wp\/v2\/product\/70269","targetHints":{"allow":["GET"]}}],"collection":[{"href":"https:\/\/soydeaqui.ddns.net\/pachuca\/index.php\/wp-json\/wp\/v2\/product"}],"about":[{"href":"https:\/\/soydeaqui.ddns.net\/pachuca\/index.php\/wp-json\/wp\/v2\/types\/product"}],"replies":[{"embeddable":true,"href":"https:\/\/soydeaqui.ddns.net\/pachuca\/index.php\/wp-json\/wp\/v2\/comments?post=70269"}],"wp:featuredmedia":[{"embeddable":true,"href":"https:\/\/soydeaqui.ddns.net\/pachuca\/index.php\/wp-json\/wp\/v2\/media\/70268"}],"wp:attachment":[{"href":"https:\/\/soydeaqui.ddns.net\/pachuca\/index.php\/wp-json\/wp\/v2\/media?parent=70269"}],"wp:term":[{"taxonomy":"product_brand","embeddable":true,"href":"https:\/\/soydeaqui.ddns.net\/pachuca\/index.php\/wp-json\/wp\/v2\/product_brand?post=70269"},{"taxonomy":"product_cat","embeddable":true,"href":"https:\/\/soydeaqui.ddns.net\/pachuca\/index.php\/wp-json\/wp\/v2\/product_cat?post=70269"},{"taxonomy":"product_tag","embeddable":true,"href":"https:\/\/soydeaqui.ddns.net\/pachuca\/index.php\/wp-json\/wp\/v2\/product_tag?post=70269"}],"curies":[{"name":"wp","href":"https:\/\/api.w.org\/{rel}","templated":true}]}}