{"id":70257,"date":"2026-03-19T11:18:41","date_gmt":"2026-03-19T11:18:41","guid":{"rendered":"https:\/\/soydeaqui.ddns.net\/pachuca\/index.php\/producto\/lampara-de-obstruccion-roja-luz-fija-tipo-l-810-led-de-baja-intensidad-120-240-vca-luz-infraroja\/"},"modified":"2026-03-19T11:18:49","modified_gmt":"2026-03-19T11:18:49","slug":"lampara-de-obstruccion-roja-luz-fija-tipo-l-810-led-de-baja-intensidad-120-240-vca-luz-infraroja","status":"publish","type":"product","link":"https:\/\/soydeaqui.ddns.net\/pachuca\/index.php\/producto\/lampara-de-obstruccion-roja-luz-fija-tipo-l-810-led-de-baja-intensidad-120-240-vca-luz-infraroja\/","title":{"rendered":"L\u00e1mpara de Obstrucci\u00f3n Roja\/ Luz Fija Tipo L-810, LED de baja intensidad\/ 120 &#8211; 240 Vca\/ Luz Infraroja"},"content":{"rendered":"<div style='width: 100%; max-width: 1200px; margin: 0 auto; font-family: sans-serif; line-height: 1.6; color: inherit; background-color: transparent;'> <!-- Secci\u00f3n de descripci\u00f3n principal --> <\/p>\n<div style='margin-bottom: 30px;'>\n<p style='margin: 0 0 15px 0; color: inherit;'>La OL1VLED-2IR es una l\u00e1mpara de obstrucci\u00f3n roja de luz fija&comma; baja intensidad con la tecnolog\u00eda IR-LED.<\/p>\n<\/p><\/div>\n<p> <!-- Secci\u00f3n de caracter\u00edsticas t\u00e9cnicas --> <\/p>\n<div style='display: flex; flex-wrap: wrap; gap: 30px; margin-bottom: 30px;'>\n<div style='flex: 1 1 300px; min-width: 280px;'>\n<h3 style='font-size: 22px; border-bottom: 2px solid currentColor; padding-bottom: 5px; margin-top: 0; color: inherit; opacity: 0.8;'>Caracter\u00edsticas<\/h3>\n<ul style='padding-left: 20px; font-size: 15px; color: inherit; list-style-type: disc;'>\n<li style='margin-bottom: 5px;'><strong>Dimensiones:<\/strong> Alto: 19.05 cm (7.5&#8242;)<\/li>\n<li style='margin-bottom: 5px;'><strong>Di\u00e1metro:<\/strong> 12.38 cm (4.875&#8242;)<\/li>\n<li style='margin-bottom: 5px;'><strong>Peso:<\/strong> 0.73 kg (1.61 lbs)<\/li>\n<li style='margin-bottom: 5px;'><strong>Material base:<\/strong> Valox <sup><span style='font-size: 8pt;'>TM<\/span><\/sup> Rojo<\/li>\n<li style='margin-bottom: 5px;'><strong>Fuente de luz:<\/strong> IR-LED Rojas<\/li>\n<li style='margin-bottom: 5px;'><strong>Material de lente:<\/strong> Acr\u00edlico Fresnel<\/li>\n<li style='margin-bottom: 5px;'><strong>Voltaje de entrada:<\/strong> 120 &#8211; 240 Vca&comma; 50 &#8211; 60 Hz<\/li>\n<li style='margin-bottom: 5px;'><strong>Consumo de Energ\u00eda:<\/strong> 8.1 W<\/li>\n<li style='margin-bottom: 5px;'><strong>Corriente LED:<\/strong> 0.1 Amps<\/li>\n<li style='margin-bottom: 5px;'><strong>Rango de Temperatura de Operaci\u00f3n:<\/strong> -55 \u00b0C hasta 55 \u00b0C<\/li>\n<li style='margin-bottom: 5px;'><strong>Intensidad Efectiva (Nocturna):<\/strong> 32.5 CD M\u00ednimo<\/li>\n<li style='margin-bottom: 5px;'><strong>Intensidad Radiante Infraroja:<\/strong> 4 mW\/sr @ 850 nm<\/li>\n<li style='margin-bottom: 5px;'><strong>Haz Vertical:<\/strong> 10\u00b0 M\u00ednimo<\/li>\n<li style='margin-bottom: 5px;'><strong>Cobertura Horizontal:<\/strong> 360\u00b0<\/li>\n<li style='margin-bottom: 5px;'><strong>Carga de Viento:<\/strong> CAAA 0.5 ft<sup>2<\/sup><\/li>\n<li style='margin-bottom: 5px;'><strong>Fotocelda para encendido\/apagado:<\/strong> No incluida&comma; se recomienda: <a style='color: inherit; text-decoration: underline; font-weight: 600;' href='https:\/\/www.syscom.mx\/principal\/searchcont?route=20-03A-VARIOS-2872&#038;autodetect=2003'>20-03A<\/a><\/li>\n<\/ul><\/div>\n<\/p><\/div>\n<p> <!-- Secci\u00f3n de caracter\u00edsticas destacadas --> <\/p>\n<div style='display: flex; flex-wrap: wrap; gap: 30px; margin-bottom: 30px;'>\n<div style='flex: 1 1 300px; min-width: 280px;'>\n<h3 style='font-size: 22px; border-bottom: 2px solid currentColor; padding-bottom: 5px; margin-top: 0; color: inherit; opacity: 0.8;'>Caracter\u00edsticas Destacadas<\/h3>\n<ul style='padding-left: 20px; font-size: 15px; color: inherit; list-style-type: disc;'>\n<li style='margin-bottom: 5px;'>Garant\u00eda 5 a\u00f1os.<\/li>\n<li style='margin-bottom: 5px;'>Reducci\u00f3n de 96% en consumo de energ\u00eda.<\/li>\n<li style='margin-bottom: 5px;'>Lentes de Acr\u00edlico Fresnel transparente para aviaci\u00f3n.<\/li>\n<li style='margin-bottom: 5px;'>Material base Valox&comma; cerrojos de acero inoxidable y equipo protegido contra corrosi\u00f3n.<\/li>\n<li style='margin-bottom: 5px;'>Disponible en configuraciones de n\u00facleo lateral o inferior.<\/li>\n<li style='margin-bottom: 5px;'>No requiere herramientas especiales para su instalaci\u00f3n o mantenimiento.<\/li>\n<li style='margin-bottom: 5px;'>Empaque de neopreno para hermeticidad.<\/li>\n<\/ul><\/div>\n<\/p><\/div>\n<p> <!-- Separador --> <\/p>\n<hr style='border: 0; border-top: 1px solid rgba(150&comma; 150&comma; 150&comma; 0.3); margin: 30px 0;'> <\/div>\n","protected":false},"excerpt":{"rendered":"<p>L\u00e1mpara de Obstrucci\u00f3n Roja\/ Luz Fija Tipo L-810, LED de baja intensidad\/ 120 &#8211; 240 Vca\/ Luz Infraroja<\/p>\n","protected":false},"featured_media":70256,"comment_status":"open","ping_status":"closed","template":"","meta":[],"product_brand":[],"product_cat":[1632],"product_tag":[1633,246,1652],"class_list":{"0":"post-70257","1":"product","2":"type-product","3":"status-publish","4":"has-post-thumbnail","6":"product_cat-lamparas-de-obstruccion","7":"product_tag-lamparas-de-obstruccion","8":"product_tag-torres-y-mastiles","9":"product_tag-twr","11":"first","12":"instock","13":"sale","14":"shipping-taxable","15":"purchasable","16":"product-type-simple"},"_links":{"self":[{"href":"https:\/\/soydeaqui.ddns.net\/pachuca\/index.php\/wp-json\/wp\/v2\/product\/70257","targetHints":{"allow":["GET"]}}],"collection":[{"href":"https:\/\/soydeaqui.ddns.net\/pachuca\/index.php\/wp-json\/wp\/v2\/product"}],"about":[{"href":"https:\/\/soydeaqui.ddns.net\/pachuca\/index.php\/wp-json\/wp\/v2\/types\/product"}],"replies":[{"embeddable":true,"href":"https:\/\/soydeaqui.ddns.net\/pachuca\/index.php\/wp-json\/wp\/v2\/comments?post=70257"}],"wp:featuredmedia":[{"embeddable":true,"href":"https:\/\/soydeaqui.ddns.net\/pachuca\/index.php\/wp-json\/wp\/v2\/media\/70256"}],"wp:attachment":[{"href":"https:\/\/soydeaqui.ddns.net\/pachuca\/index.php\/wp-json\/wp\/v2\/media?parent=70257"}],"wp:term":[{"taxonomy":"product_brand","embeddable":true,"href":"https:\/\/soydeaqui.ddns.net\/pachuca\/index.php\/wp-json\/wp\/v2\/product_brand?post=70257"},{"taxonomy":"product_cat","embeddable":true,"href":"https:\/\/soydeaqui.ddns.net\/pachuca\/index.php\/wp-json\/wp\/v2\/product_cat?post=70257"},{"taxonomy":"product_tag","embeddable":true,"href":"https:\/\/soydeaqui.ddns.net\/pachuca\/index.php\/wp-json\/wp\/v2\/product_tag?post=70257"}],"curies":[{"name":"wp","href":"https:\/\/api.w.org\/{rel}","templated":true}]}}