{"id":70227,"date":"2026-03-19T11:17:23","date_gmt":"2026-03-19T11:17:23","guid":{"rendered":"https:\/\/soydeaqui.ddns.net\/pachuca\/index.php\/producto\/fishfinder-striker-plus-4-con-gps-integrado-pantalla-qsvga-272-x-480-pixeles-frecuencias-50-200-khz-potencia-200-w-rms-tecnologia-de-ganancia-automatica-sensor-de-temperatura-resi\/"},"modified":"2026-03-19T11:17:29","modified_gmt":"2026-03-19T11:17:29","slug":"fishfinder-striker-plus-4-con-gps-integrado-pantalla-qsvga-272-x-480-pixeles-frecuencias-50-200-khz-potencia-200-w-rms-tecnologia-de-ganancia-automatica-sensor-de-temperatura-resi","status":"publish","type":"product","link":"https:\/\/soydeaqui.ddns.net\/pachuca\/index.php\/producto\/fishfinder-striker-plus-4-con-gps-integrado-pantalla-qsvga-272-x-480-pixeles-frecuencias-50-200-khz-potencia-200-w-rms-tecnologia-de-ganancia-automatica-sensor-de-temperatura-resi\/","title":{"rendered":"Fishfinder STRIKER\u2122 Plus 4 con GPS Integrado \/ Pantalla QSVGA 272 x 480 p\u00edxeles \/ Frecuencias 50-200 kHz \/ Potencia 200 W RMS \/ Tecnolog\u00eda de Ganancia Autom\u00e1tica \/ Sensor de Temperatura \/ Resistencia al Agua IPX7"},"content":{"rendered":"<div style='width: 100%; max-width: 1200px; margin: 0 auto; font-family: sans-serif; line-height: 1.6; color: inherit; background-color: transparent;'> <!-- Secci\u00f3n de descripci\u00f3n general --> <\/p>\n<div style='margin-bottom: 30px;'>\n<p style='font-size: 16px; line-height: 1.6; color: inherit; margin: 0;'>El Fishfinder con GPS integrado es un dispositivo avanzado dise\u00f1ado para la detecci\u00f3n de peces y la navegaci\u00f3n. Equipado con una pantalla QSVGA de alta resoluci\u00f3n y tecnolog\u00eda de ganancia autom\u00e1tica&comma; ofrece im\u00e1genes detalladas del fondo marino y estructuras submarinas. Su resistencia al agua IPX7 lo hace ideal para uso en condiciones h\u00famedas y marinas.<\/p>\n<\/p><\/div>\n<p> <!-- Secci\u00f3n de caracter\u00edsticas principales --> <\/p>\n<div style='margin-bottom: 30px;'>\n<h2 style='font-size: 24px; font-weight: 600; margin: 0 0 15px 0; color: inherit; border-bottom: 2px solid currentColor; padding-bottom: 5px; opacity: 0.8;'>Caracter\u00edsticas Principales<\/h2>\n<div style='display: flex; flex-wrap: wrap; gap: 20px; margin-top: 15px;'>\n<div style='flex: 1 1 250px; min-width: 280px; border: 1px solid rgba(150&comma; 150&comma; 150&comma; 0.4); border-radius: 8px; overflow: hidden; display: flex; flex-direction: column;'>\n<div style='padding: 15px; border-bottom: 1px solid rgba(150&comma; 150&comma; 150&comma; 0.2); font-weight: bold; font-size: 18px; color: inherit;'>Caracter\u00edsticas<\/div>\n<div style='padding: 15px; color: inherit;'>\n<ul style='padding-left: 20px; margin: 0; font-size: 14px; list-style-type: disc;'>\n<li style='margin-bottom: 5px;'>Pantalla QSVGA con resoluci\u00f3n de 272 x 480 p\u00edxeles<\/li>\n<li style='margin-bottom: 5px;'>Frecuencias compatibles: 50\/77\/83\/200 kHz<\/li>\n<li style='margin-bottom: 5px;'>Potencia de transmisi\u00f3n de 200 W (RMS)<\/li>\n<li style='margin-bottom: 5px;'>Tecnolog\u00eda de Ganancia Autom\u00e1tica para im\u00e1genes detalladas<\/li>\n<li style='margin-bottom: 5px;'>Sensor de temperatura incluido<\/li>\n<li style='margin-bottom: 5px;'>GPS integrado con funciones de marcado de puntos intermedios y curso sobre tierra (COG)<\/li>\n<li style='margin-bottom: 5px;'>Resistencia al agua IPX7<\/li>\n<\/ul><\/div>\n<\/p><\/div>\n<\/p><\/div>\n<\/p><\/div>\n<p> <!-- Secci\u00f3n de detalles t\u00e9cnicos --> <\/p>\n<div style='margin-bottom: 30px;'>\n<h2 style='font-size: 24px; font-weight: 600; margin: 0 0 15px 0; color: inherit; border-bottom: 2px solid currentColor; padding-bottom: 5px; opacity: 0.8;'>Detalles T\u00e9cnicos<\/h2>\n<div style='display: flex; flex-wrap: wrap; gap: 20px; margin-top: 15px;'>\n<div style='flex: 1 1 250px; border: 1px solid rgba(150&comma; 150&comma; 150&comma; 0.4); border-radius: 8px; overflow: hidden; display: flex; flex-direction: column;'>\n<div style='padding: 15px; border-bottom: 1px solid rgba(150&comma; 150&comma; 150&comma; 0.2); font-weight: bold; font-size: 18px; color: inherit;'>Especificaciones<\/div>\n<div style='padding: 15px; color: inherit;'>\n<ul style='padding-left: 20px; margin: 0; font-size: 14px; list-style-type: disc;'>\n<li style='margin-bottom: 5px;'>Dimensiones: 3&comma;9\u201d x 6&comma;9\u201d x 1&comma;8\u201d (9&comma;8 x 17&comma;4 x 4&comma;5 cm)<\/li>\n<li style='margin-bottom: 5px;'>Peso: 0&comma;7 lb (0&comma;3 kg)<\/li>\n<li style='margin-bottom: 5px;'>Resoluci\u00f3n de pantalla: 272 x 480 p\u00edxeles<\/li>\n<li style='margin-bottom: 5px;'>Potencia de transmisi\u00f3n: 200 W (RMS)<\/li>\n<li style='margin-bottom: 5px;'>Consumo de corriente a 12 V<\/li>\n<\/ul><\/div>\n<\/p><\/div>\n<div style='flex: 1 1 250px; border: 1px solid rgba(150&comma; 150&comma; 150&comma; 0.4); border-radius: 8px; overflow: hidden; display: flex; flex-direction: column;'>\n<div style='padding: 15px; border-bottom: 1px solid rgba(150&comma; 150&comma; 150&comma; 0.2); font-weight: bold; font-size: 18px; color: inherit;'>Interfaces y Conectividad<\/div>\n<div style='padding: 15px; color: inherit;'>\n<ul style='padding-left: 20px; margin: 0; font-size: 14px; list-style-type: disc;'>\n<li style='margin-bottom: 5px;'>GPS integrado<\/li>\n<li style='margin-bottom: 5px;'>Funciones de marcado de puntos intermedios<\/li>\n<li style='margin-bottom: 5px;'>Curso sobre tierra (COG)<\/li>\n<\/ul><\/div>\n<\/p><\/div>\n<\/p><\/div>\n<\/p><\/div>\n<p> <!-- Secci\u00f3n de aplicaciones y casos de uso --> <\/p>\n<div style='margin-bottom: 30px;'>\n<h2 style='font-size: 24px; font-weight: 600; margin: 0 0 15px 0; color: inherit; border-bottom: 2px solid currentColor; padding-bottom: 5px; opacity: 0.8;'>Aplicaciones y Casos de Uso<\/h2>\n<div style='display: flex; flex-wrap: wrap; gap: 20px; margin-top: 15px;'>\n<div style='flex: 1 1 250px; border: 1px solid rgba(150&comma; 150&comma; 150&comma; 0.4); border-radius: 8px; overflow: hidden; display: flex; flex-direction: column;'>\n<div style='padding: 15px; border-bottom: 1px solid rgba(150&comma; 150&comma; 150&comma; 0.2); font-weight: bold; font-size: 18px; color: inherit;'>Pesca Recreativa<\/div>\n<div style='padding: 15px; color: inherit;'>\n<p style='margin: 0; font-size: 14px; color: inherit;'>Ideal para pescadores recreativos que buscan localizar peces y navegar con precisi\u00f3n.<\/p>\n<\/p><\/div>\n<\/p><\/div>\n<div style='flex: 1 1 250px; border: 1px solid rgba(150&comma; 150&comma; 150&comma; 0.4); border-radius: 8px; overflow: hidden; display: flex; flex-direction: column;'>\n<div style='padding: 15px; border-bottom: 1px solid rgba(150&comma; 150&comma; 150&comma; 0.2); font-weight: bold; font-size: 18px; color: inherit;'>Navegaci\u00f3n Costera<\/div>\n<div style='padding: 15px; color: inherit;'>\n<p style='margin: 0; font-size: 14px; color: inherit;'>Perfecto para la navegaci\u00f3n costera con funciones de GPS integrado.<\/p>\n<\/p><\/div>\n<\/p><\/div>\n<div style='flex: 1 1 250px; border: 1px solid rgba(150&comma; 150&comma; 150&comma; 0.4); border-radius: 8px; overflow: hidden; display: flex; flex-direction: column;'>\n<div style='padding: 15px; border-bottom: 1px solid rgba(150&comma; 150&comma; 150&comma; 0.2); font-weight: bold; font-size: 18px; color: inherit;'>Monitoreo Submarino<\/div>\n<div style='padding: 15px; color: inherit;'>\n<p style='margin: 0; font-size: 14px; color: inherit;'>\u00datil para el monitoreo de estructuras submarinas y condiciones del fondo marino.<\/p>\n<\/p><\/div>\n<\/p><\/div>\n<\/p><\/div>\n<\/p><\/div>\n<p> <!-- Separador final --> <\/p>\n<hr style='border: 0; border-top: 1px solid rgba(150&comma; 150&comma; 150&comma; 0.3); margin: 30px 0;'> <\/div>\n","protected":false},"excerpt":{"rendered":"<p>Fishfinder STRIKER\u2122 Plus 4 con GPS Integrado \/ Pantalla QSVGA 272 x 480 p\u00edxeles \/ Frecuencias 50-200 kHz \/ Potencia 200 W RMS \/ Tecnolog\u00eda de Ganancia Autom\u00e1tica \/ Sensor de Temperatura \/ Resistencia al Agua IPX7<\/p>\n","protected":false},"featured_media":70226,"comment_status":"open","ping_status":"closed","template":"","meta":[],"product_brand":[],"product_cat":[1526],"product_tag":[1449,1527,1172],"class_list":{"0":"post-70227","1":"product","2":"type-product","3":"status-publish","4":"has-post-thumbnail","6":"product_cat-sistema-de-navegacion","7":"product_tag-garmin","8":"product_tag-sistema-de-navegacion","9":"product_tag-soluciones-marinas","11":"first","12":"instock","13":"sale","14":"shipping-taxable","15":"purchasable","16":"product-type-simple"},"_links":{"self":[{"href":"https:\/\/soydeaqui.ddns.net\/pachuca\/index.php\/wp-json\/wp\/v2\/product\/70227","targetHints":{"allow":["GET"]}}],"collection":[{"href":"https:\/\/soydeaqui.ddns.net\/pachuca\/index.php\/wp-json\/wp\/v2\/product"}],"about":[{"href":"https:\/\/soydeaqui.ddns.net\/pachuca\/index.php\/wp-json\/wp\/v2\/types\/product"}],"replies":[{"embeddable":true,"href":"https:\/\/soydeaqui.ddns.net\/pachuca\/index.php\/wp-json\/wp\/v2\/comments?post=70227"}],"wp:featuredmedia":[{"embeddable":true,"href":"https:\/\/soydeaqui.ddns.net\/pachuca\/index.php\/wp-json\/wp\/v2\/media\/70226"}],"wp:attachment":[{"href":"https:\/\/soydeaqui.ddns.net\/pachuca\/index.php\/wp-json\/wp\/v2\/media?parent=70227"}],"wp:term":[{"taxonomy":"product_brand","embeddable":true,"href":"https:\/\/soydeaqui.ddns.net\/pachuca\/index.php\/wp-json\/wp\/v2\/product_brand?post=70227"},{"taxonomy":"product_cat","embeddable":true,"href":"https:\/\/soydeaqui.ddns.net\/pachuca\/index.php\/wp-json\/wp\/v2\/product_cat?post=70227"},{"taxonomy":"product_tag","embeddable":true,"href":"https:\/\/soydeaqui.ddns.net\/pachuca\/index.php\/wp-json\/wp\/v2\/product_tag?post=70227"}],"curies":[{"name":"wp","href":"https:\/\/api.w.org\/{rel}","templated":true}]}}