{"id":70163,"date":"2026-03-19T11:14:36","date_gmt":"2026-03-19T11:14:36","guid":{"rendered":"https:\/\/soydeaqui.ddns.net\/pachuca\/index.php\/producto\/mapa-vus032r-sur-del-golfo-de-mexico\/"},"modified":"2026-03-19T11:14:37","modified_gmt":"2026-03-19T11:14:37","slug":"mapa-vus032r-sur-del-golfo-de-mexico","status":"publish","type":"product","link":"https:\/\/soydeaqui.ddns.net\/pachuca\/index.php\/producto\/mapa-vus032r-sur-del-golfo-de-mexico\/","title":{"rendered":"Mapa VUS032R Sur del Golfo de M\u00e9xico."},"content":{"rendered":"<div style='width: 100%; max-width: 1200px; margin: 0 auto; font-family: sans-serif; line-height: 1.6; color: inherit; background-color: transparent;'>\n<div style='display: flex; flex-wrap: wrap; gap: 30px; margin-bottom: 30px;'>\n<div style='flex: 1 1 300px; min-width: 280px;'>\n<h3 style='font-size: 22px; border-bottom: 2px solid currentColor; padding-bottom: 5px; margin-top: 0; color: inherit; opacity: 0.8;'>Cartas costeras Premier<\/h3>\n<ul style='padding-left: 20px; font-size: 15px; color: inherit;'>\n<li style='margin-bottom: 5px;'>Proporciona una cobertura excepcional&comma; claridad y detalle con gr\u00e1ficos costeras que caracter\u00edstica integrada de Garmin y Navionics<span style='font-size: 10.5px; position: relative; top: -0.5em; color: inherit;'>\u00ae<\/span> datos<\/li>\n<li style='margin-bottom: 5px;'>La tecnolog\u00eda Auto ruta\u00b9 calcula una ruta utilizando la profundidad deseada y el espacio libre por encima de la cabeza y proporciona una ruta sugerida a seguir<\/li>\n<li style='margin-bottom: 5px;'>Ciertas \u00e1reas ofrecen sombreado en relieve de alta resoluci\u00f3n&comma; que combina color y sombra para brindarle una vista m\u00e1s clara y f\u00e1cil de interpretar de la estructura inferior<\/li>\n<li style='margin-bottom: 5px;'>Incluye sombreado de rango de profundidad para hasta 10 rangos de profundidad&comma; lo que le permite ver la profundidad de su objetivo de un vistazo<\/li>\n<li style='margin-bottom: 5px;'>Los contornos de hasta 1 &#8216;proporcionan una descripci\u00f3n m\u00e1s precisa de la estructura del fondo para mejorar las cartas de pesca.<\/li>\n<li style='margin-bottom: 5px;'>Para dar una imagen clara de las aguas poco profundas que se deben evitar&comma; el sombreado de aguas poco profundas permite sombrear a una profundidad definida por el usuario<\/li>\n<\/ul><\/div>\n<\/p><\/div>\n<div style='display: flex; flex-wrap: wrap; gap: 20px; margin-bottom: 30px;'>\n<div style='flex: 1 1 250px; border: 1px solid rgba(150&comma; 150&comma; 150&comma; 0.4); border-radius: 8px; overflow: hidden; display: flex; flex-direction: column;'>\n<div style='padding: 15px; border-bottom: 1px solid rgba(150&comma; 150&comma; 150&comma; 0.2); font-weight: bold; font-size: 18px; color: inherit;'>Cobertura<\/div>\n<div style='padding: 15px; color: inherit;'>\n<p style='margin: 0 0 10px; color: inherit;'>Cubre el Golfo de M\u00e9xico desde Matagorda Bay&comma; TX hasta la Ciudad de Belice.<\/p>\n<p style='margin: 0; color: inherit;'>La cobertura incluye Corpus Christi&comma; TX&comma; Veracruz&comma; MX&comma; la Bah\u00eda de Campeche&comma; Canc\u00fan&comma; MX y Cozumel&comma; MX.<\/p>\n<\/p><\/div>\n<\/p><\/div>\n<\/p><\/div>\n<div style='display: flex; flex-wrap: wrap; gap: 20px;'>\n<div style='flex: 1 1 250px; border: 1px solid rgba(150&comma; 150&comma; 150&comma; 0.4); border-radius: 8px; overflow: hidden; display: flex; flex-direction: column;'>\n<div style='padding: 15px; border-bottom: 1px solid rgba(150&comma; 150&comma; 150&comma; 0.2); font-weight: bold; font-size: 18px; color: inherit;'>Incluye<\/div>\n<div style='padding: 15px; color: inherit;'>\n<ul style='padding-left: 20px; margin: 0; font-size: 14px; list-style-type: disc;'>\n<li style='margin-bottom: 5px;'>Tarjeta MicroSD\/SD<\/li>\n<\/ul><\/div>\n<\/p><\/div>\n<\/p><\/div>\n<\/p><\/div>\n","protected":false},"excerpt":{"rendered":"<p>Mapa VUS032R Sur del Golfo de M\u00e9xico.<\/p>\n","protected":false},"featured_media":70162,"comment_status":"open","ping_status":"closed","template":"","meta":[],"product_brand":[],"product_cat":[1526],"product_tag":[1449,1527,1172],"class_list":{"0":"post-70163","1":"product","2":"type-product","3":"status-publish","4":"has-post-thumbnail","6":"product_cat-sistema-de-navegacion","7":"product_tag-garmin","8":"product_tag-sistema-de-navegacion","9":"product_tag-soluciones-marinas","11":"first","12":"instock","13":"sale","14":"shipping-taxable","15":"purchasable","16":"product-type-simple"},"_links":{"self":[{"href":"https:\/\/soydeaqui.ddns.net\/pachuca\/index.php\/wp-json\/wp\/v2\/product\/70163","targetHints":{"allow":["GET"]}}],"collection":[{"href":"https:\/\/soydeaqui.ddns.net\/pachuca\/index.php\/wp-json\/wp\/v2\/product"}],"about":[{"href":"https:\/\/soydeaqui.ddns.net\/pachuca\/index.php\/wp-json\/wp\/v2\/types\/product"}],"replies":[{"embeddable":true,"href":"https:\/\/soydeaqui.ddns.net\/pachuca\/index.php\/wp-json\/wp\/v2\/comments?post=70163"}],"wp:featuredmedia":[{"embeddable":true,"href":"https:\/\/soydeaqui.ddns.net\/pachuca\/index.php\/wp-json\/wp\/v2\/media\/70162"}],"wp:attachment":[{"href":"https:\/\/soydeaqui.ddns.net\/pachuca\/index.php\/wp-json\/wp\/v2\/media?parent=70163"}],"wp:term":[{"taxonomy":"product_brand","embeddable":true,"href":"https:\/\/soydeaqui.ddns.net\/pachuca\/index.php\/wp-json\/wp\/v2\/product_brand?post=70163"},{"taxonomy":"product_cat","embeddable":true,"href":"https:\/\/soydeaqui.ddns.net\/pachuca\/index.php\/wp-json\/wp\/v2\/product_cat?post=70163"},{"taxonomy":"product_tag","embeddable":true,"href":"https:\/\/soydeaqui.ddns.net\/pachuca\/index.php\/wp-json\/wp\/v2\/product_tag?post=70163"}],"curies":[{"name":"wp","href":"https:\/\/api.w.org\/{rel}","templated":true}]}}