{"id":7014,"date":"2026-03-18T06:50:37","date_gmt":"2026-03-18T06:50:37","guid":{"rendered":"https:\/\/soydeaqui.ddns.net\/pachuca\/index.php\/producto\/kit-esencial-para-25mts-perimetrales-de-cerco-electrico-para-proteccion-de-robos-en-casas-negocios-bodegasetc\/"},"modified":"2026-03-18T06:50:38","modified_gmt":"2026-03-18T06:50:38","slug":"kit-esencial-para-25mts-perimetrales-de-cerco-electrico-para-proteccion-de-robos-en-casas-negocios-bodegasetc","status":"publish","type":"product","link":"https:\/\/soydeaqui.ddns.net\/pachuca\/index.php\/producto\/kit-esencial-para-25mts-perimetrales-de-cerco-electrico-para-proteccion-de-robos-en-casas-negocios-bodegasetc\/","title":{"rendered":"KIT ESENCIAL PARA 25Mts PERIMETRALES DE CERCO EL\u00c9CTRICO PARA PROTECCI\u00d3N DE ROBOS EN CASAS, NEGOCIOS, BODEGAS,ETC."},"content":{"rendered":"<div style='width: 100%; max-width: 1200px; margin: 0 auto; font-family: sans-serif; line-height: 1.6; color: inherit; background-color: transparent;'> <!-- Imagen principal --> <\/p>\n<div style='text-align: center; margin-bottom: 30px;'> <img style='width: 100%; max-width: 752px; height: auto; border: 1px solid rgba(150&comma;150&comma;150&comma;0.3); border-radius: 8px;' src='https:\/\/ftp3.syscom.mx\/cdn-cgi\/image\/format=avif&comma;width=800&comma;quality=80\/usuarios\/vvega\/yonusa\/nombres\/sysngv3h.jpg' alt=''> <\/div>\n<p> <!-- Descripci\u00f3n principal --> <\/p>\n<div style='margin-bottom: 30px; font-size: 14px;'>\n<p>El mejor y m\u00e1s rentable sistema de protecci\u00f3n perimetral con tarjeta fabricada con <strong style='color: inherit;'>tecnolog\u00eda SMT<\/strong>&comma; ideal para proteger casas&comma; condominios&comma; empresas y predios. Sistema disuasivo mediante letreros de Alto Voltaje y repulsivo ya que genera una descarga de m\u00e1s de <strong style='color: inherit;'>12&comma;000 Voltios<\/strong> sin da\u00f1ar al intruso.<\/p>\n<p style='margin-top: 20px; margin-bottom: 20px;'><strong style='color: inherit;'><u style='color: inherit;'>Consumo de energ\u00eda el\u00e9ctrica aproximado de $0.2 USD mensuales = 1.2 kw\/mes.<\/u><\/strong><\/p>\n<p><strong>NOTA:<\/strong> Puede hacer uso de nuestra herramienta &#8216;<a href='https:\/\/www.syscom.mx\/panel\/calculador_cercos_electricos' target='_blank' rel='noopener' style='color: #0091ff; text-decoration: none; font-weight: bold;'>CALCULADOR DE CERCOS ELECTRICOS<\/a>&#8216; para obtener un estimado de material que se requiere para determinado per\u00edmetro&comma; as\u00ed como el energizador id\u00f3neo para dicha instalaci\u00f3n.<\/p>\n<\/p><\/div>\n<p> <!-- Lista de contenido del KIT --> <\/p>\n<div style='margin-bottom: 30px;'>\n<h3 style='font-size: 22px; border-bottom: 2px solid currentColor; padding-bottom: 5px; margin-top: 0; color: inherit; opacity: 0.8;'>Este KIT incluye lo siguiente:<\/h3>\n<ul style='padding-left: 20px; font-size: 15px; color: inherit; list-style-type: disc;'>\n<li style='margin-bottom: 5px;'>1 x Energizador <strong style='color: inherit;'>SYSNGV3H<\/strong><\/li>\n<li style='margin-bottom: 5px;'>1 x Bater\u00eda de Respaldo <strong style='color: inherit;'>LK5.512<\/strong><\/li>\n<li style='margin-bottom: 5px;'>3 x Letrero de Peligro de Alto Voltaje <strong style='color: inherit;'>SYSLET<\/strong><\/li>\n<li style='margin-bottom: 5px;'>3 x Poste de paso <a href='https:\/\/www.syscom.mx\/producto\/SYSPOST3-EPCOM-INDUSTRIAL-31988.html' target='_blank' rel='noopener' style='color: #0091ff; text-decoration: none; font-weight: bold;'>SYSPOST3<\/a><\/li>\n<li style='margin-bottom: 5px;'>2 x poste de esquina <a href='https:\/\/www.syscom.mx\/producto\/FENCEPOST4-YONUSA-175652.html' target='_blank' rel='noopener' style='color: #0091ff; text-decoration: none; font-weight: bold;'>FENCEPOST4<\/a><\/li>\n<li style='margin-bottom: 5px;'>10 x Tensores <a href='https:\/\/www.syscom.mx\/producto\/TEN3\/16Z-YONUSA-32614.html' target='_blank' rel='noopener' style='color: #0091ff; text-decoration: none; font-weight: bold;'>TEN3\/16Z<\/a><\/li>\n<li style='margin-bottom: 5px;'>1 x bobina 50m cable bujia <a href='https:\/\/www.syscom.mx\/producto\/AWG50-SFIRE-11053.html' target='_blank' rel='noopener' style='color: #0091ff; text-decoration: none; font-weight: bold;'>AWG50<\/a><\/li>\n<li style='margin-bottom: 5px;'>1 x bobina de cable de aluminio <a href='https:\/\/www.syscom.mx\/producto\/SF16AWG500-SFIRE-72353.html' target='_blank' rel='noopener' style='color: #0091ff; text-decoration: none; font-weight: bold;'>SF16AWG500<\/a><\/li>\n<li style='margin-bottom: 5px;'>1 x Sirena<\/li>\n<li style='margin-bottom: 5px;'>1 x Gabinete para Sirena<\/li>\n<li style='margin-bottom: 5px;'>1 x Tamper para gabinete<\/li>\n<\/ul><\/div>\n<p> <!-- Secci\u00f3n de caracter\u00edsticas en 3 columnas --> <\/p>\n<div style='display: flex; flex-wrap: wrap; gap: 30px; margin-bottom: 30px;'> <!-- Funcionalidad --> <\/p>\n<div style='flex: 1 1 300px; min-width: 280px;'>\n<div style='border-left: 5px solid #0091ff; border-radius: 8px; padding: 15px; background-color: rgba(150&comma;150&comma;150&comma;0.05);'>\n<h3 style='margin-top: 0; margin-bottom: 15px; font-size: 18px; color: inherit; font-weight: bold;'>Funcionalidad<\/h3>\n<ul style='padding-left: 20px; margin: 0; font-size: 14px; list-style-type: disc; color: inherit;'>\n<li style='margin-bottom: 8px;'>Espacio interno para <a href='https:\/\/www.syscom.mx\/producto\/PL-4.5-12-EPCOM-POWERLINE-67464.html' target='_blank' rel='noopener' style='color: #0091ff; text-decoration: none; font-weight: bold;'>bater\u00eda de 4 A\/h 12 Vcc<\/a>. \u00a1Respaldo de hasta 3 d\u00edas!<\/li>\n<li style='margin-bottom: 8px;'>Opci\u00f3n de alimentaci\u00f3n por Panel Solar.<\/li>\n<li style='margin-bottom: 8px;'>Alarma por atenuaci\u00f3n de voltaje&comma; corte o aterrizamiento de l\u00ednea.<\/li>\n<li style='margin-bottom: 8px;'>LEDs Visibles de Estatus del Equipo.<\/li>\n<li style='margin-bottom: 8px;'>Excelente estabilidad ante lluvia (sin falsas alarmas).<\/li>\n<li style='margin-bottom: 8px;'>Control de llave de seguridad para encendido y apagado.<\/li>\n<li style='margin-bottom: 8px;'>Entrada para Control Remoto.<\/li>\n<li style='margin-bottom: 8px;'>Capacidad de operar 2 sirenas de 12 Vcc&comma; 30 Watts&comma; 120 dB.<\/li>\n<li style='margin-bottom: 8px;'>Sus circuitos de alimentaci\u00f3n se encuentran protegidos por fusibles&comma; reguladores electr\u00f3nicos de voltaje que permite operar con variaci\u00f3n de +- 15%.<\/li>\n<li style='margin-bottom: 8px;'>Operaci\u00f3n sin ruido el\u00e9ctrico por su arrestador de picos integrado.<\/li>\n<\/ul><\/div>\n<\/p><\/div>\n<p> <!-- Caracter\u00edsticas F\u00edsicas y El\u00e9ctricas --> <\/p>\n<div style='flex: 1 1 300px; min-width: 280px;'>\n<div style='border-left: 5px solid #0091ff; border-radius: 8px; padding: 15px; background-color: rgba(150&comma;150&comma;150&comma;0.05);'>\n<h3 style='margin-top: 0; margin-bottom: 15px; font-size: 18px; color: inherit; font-weight: bold;'>Caracter\u00edsticas F\u00edsicas y El\u00e9ctricas<\/h3>\n<ul style='padding-left: 20px; margin: 0; font-size: 14px; list-style-type: disc; color: inherit;'>\n<li style='margin-bottom: 8px;'>Alimentaci\u00f3n 127 &#8211; 220 Vac o Panel Solar 12 Vcc.<\/li>\n<li style='margin-bottom: 8px;'>Dimensiones: 35 x 25.6 * 11 cm.<\/li>\n<li style='margin-bottom: 8px;'>Gabinete de Poliestireno retardante a flama (Norma V0).<\/li>\n<li style='margin-bottom: 8px;'>Gabinete NEMA 2&comma; briznas y llovisnas.<\/li>\n<li style='margin-bottom: 8px;'>Protecci\u00f3n antioxidante y contra rayos UV.<\/li>\n<li style='margin-bottom: 8px;'>Factor de humedad 72 %<\/li>\n<li style='margin-bottom: 8px;'>Temperatura de operaci\u00f3n: -5 a 50 \u00b0C.<\/li>\n<li style='margin-bottom: 8px;'>Peso: 3Kg (sin bater\u00eda).<\/li>\n<li style='margin-bottom: 8px;'>Salida Auxiliar 1.5A 12 V para alimentaci\u00f3n de sirenas&comma; interruptores&comma; sensores&comma; luces&comma; etc.<\/li>\n<li style='margin-bottom: 8px;'>Salida temporizada para Sirenas.<\/li>\n<li style='margin-bottom: 8px;'>2 Salidas de contacto seco (C NA NC).<\/li>\n<li style='margin-bottom: 8px;'>Fuerza Pulso Salida: 1 Joule.<\/li>\n<li style='margin-bottom: 8px;'>Voltaje de Salida: 12&comma;000 Volts.<\/li>\n<\/ul><\/div>\n<\/p><\/div>\n<p> <!-- Caracter\u00edsticas Destacadas --> <\/p>\n<div style='flex: 1 1 300px; min-width: 280px;'>\n<div style='border-left: 5px solid #0091ff; border-radius: 8px; padding: 15px; background-color: rgba(150&comma;150&comma;150&comma;0.05);'>\n<h3 style='margin-top: 0; margin-bottom: 15px; font-size: 18px; color: inherit; font-weight: bold;'>Caracter\u00edsticas Destacadas<\/h3>\n<ul style='padding-left: 20px; margin: 0; font-size: 14px; list-style-type: disc; color: inherit;'>\n<li style='margin-bottom: 8px;'>Ajuste de tiempos de sirena y modos de operaci\u00f3n (Constante o Intermitente).<\/li>\n<li style='margin-bottom: 8px;'>Configuraci\u00f3n de salida de sirena para funcionamiento por 12 V o como contacto seco mediante Jumpers.<\/li>\n<li style='margin-bottom: 8px;'>Confirmaci\u00f3n de encendido y apagado del Cerco El\u00e9ctrico + Funci\u00f3n de P\u00e1nico con control remoto <a href='https:\/\/www.syscom.mx\/products\/229611' target='_blank' rel='noopener' style='color: #0091ff; text-decoration: none; font-weight: bold;'>KEYFOBHS<\/a><\/li>\n<li style='margin-bottom: 8px;'>Aplicaci\u00f3n m\u00f3vil con equipo <a href='https:\/\/www.syscom.mx\/producto\/TARJET-WIFI-LITE-YONUSA-205318.html' target='_blank' rel='noopener' style='color: #0091ff; text-decoration: none; font-weight: bold;'>TARJETWIFI-LITE<\/a>&comma; con la cual podemos apagar \/ encender el equipo&comma; activar un p\u00e1nico&comma; recibir alertas de activaci\u00f3n o bater\u00eda baja&comma; encender luminarias entre otras funciones.<\/li>\n<li style='margin-bottom: 8px;'>El modelo <a href='https:\/\/www.syscom.mx\/producto\/AMP30-YONUSA-189759.html' target='_blank' rel='noopener' style='color: #0091ff; text-decoration: none; font-weight: bold;'>AMP30<\/a>&comma; el cual nos ayuda a a\u00f1adir m\u00e1s metros de protecci\u00f3n en el per\u00edmetro o mayor potencia de impacto (hasta 30% extra)&comma; tambi\u00e9n nos ayuda para solucionar temas de inducci\u00f3n.<\/li>\n<\/ul>\n<p style='margin-top: 15px; font-size: 13px; color: inherit;'><em>NOTA: se recomienda utilizar alambre de aluminio calibre 14 o 16<\/em><\/p>\n<\/p><\/div>\n<\/p><\/div>\n<\/p><\/div>\n<p> <!-- Imagen de instalaci\u00f3n --> <\/p>\n<div style='text-align: center; margin-bottom: 30px;'> <img style='width: 100%; max-width: 950px; height: auto; border: 1px solid rgba(150&comma;150&comma;150&comma;0.3); border-radius: 8px;' src='https:\/\/ftp3.syscom.mx\/usuarios\/vvega\/yonusa\/Instalacion1.png' alt=''> <\/div>\n<\/p><\/div>\n","protected":false},"excerpt":{"rendered":"<p>KIT ESENCIAL PARA 25Mts PERIMETRALES DE CERCO EL\u00c9CTRICO PARA PROTECCI\u00d3N DE ROBOS EN CASAS, NEGOCIOS, BODEGAS,ETC.<\/p>\n","protected":false},"featured_media":7013,"comment_status":"open","ping_status":"closed","template":"","meta":[],"product_brand":[],"product_cat":[81],"product_tag":[82,83,84],"class_list":{"0":"post-7014","1":"product","2":"type-product","3":"status-publish","4":"has-post-thumbnail","6":"product_cat-energizadores","7":"product_tag-cercas-electricas","8":"product_tag-energizadores","9":"product_tag-yonusa","11":"first","12":"outofstock","13":"sale","14":"shipping-taxable","15":"purchasable","16":"product-type-simple"},"_links":{"self":[{"href":"https:\/\/soydeaqui.ddns.net\/pachuca\/index.php\/wp-json\/wp\/v2\/product\/7014","targetHints":{"allow":["GET"]}}],"collection":[{"href":"https:\/\/soydeaqui.ddns.net\/pachuca\/index.php\/wp-json\/wp\/v2\/product"}],"about":[{"href":"https:\/\/soydeaqui.ddns.net\/pachuca\/index.php\/wp-json\/wp\/v2\/types\/product"}],"replies":[{"embeddable":true,"href":"https:\/\/soydeaqui.ddns.net\/pachuca\/index.php\/wp-json\/wp\/v2\/comments?post=7014"}],"wp:featuredmedia":[{"embeddable":true,"href":"https:\/\/soydeaqui.ddns.net\/pachuca\/index.php\/wp-json\/wp\/v2\/media\/7013"}],"wp:attachment":[{"href":"https:\/\/soydeaqui.ddns.net\/pachuca\/index.php\/wp-json\/wp\/v2\/media?parent=7014"}],"wp:term":[{"taxonomy":"product_brand","embeddable":true,"href":"https:\/\/soydeaqui.ddns.net\/pachuca\/index.php\/wp-json\/wp\/v2\/product_brand?post=7014"},{"taxonomy":"product_cat","embeddable":true,"href":"https:\/\/soydeaqui.ddns.net\/pachuca\/index.php\/wp-json\/wp\/v2\/product_cat?post=7014"},{"taxonomy":"product_tag","embeddable":true,"href":"https:\/\/soydeaqui.ddns.net\/pachuca\/index.php\/wp-json\/wp\/v2\/product_tag?post=7014"}],"curies":[{"name":"wp","href":"https:\/\/api.w.org\/{rel}","templated":true}]}}