{"id":70085,"date":"2026-03-19T11:11:39","date_gmt":"2026-03-19T11:11:39","guid":{"rendered":"https:\/\/soydeaqui.ddns.net\/pachuca\/index.php\/producto\/aislador-bajada-de-pararrayos-en-torre-stz30-stz30g-stz35-stz35g-stz45-y-stz45g\/"},"modified":"2026-03-19T11:11:42","modified_gmt":"2026-03-19T11:11:42","slug":"aislador-bajada-de-pararrayos-en-torre-stz30-stz30g-stz35-stz35g-stz45-y-stz45g","status":"publish","type":"product","link":"https:\/\/soydeaqui.ddns.net\/pachuca\/index.php\/producto\/aislador-bajada-de-pararrayos-en-torre-stz30-stz30g-stz35-stz35g-stz45-y-stz45g\/","title":{"rendered":"Aislador Bajada de Pararrayos en Torre STZ30, STZ30G, STZ35, STZ35G, STZ45 y STZ45G"},"content":{"rendered":"<div style='width: 100%; max-width: 1200px; margin: 0 auto; font-family: sans-serif; line-height: 1.6; color: inherit; background-color: transparent;'>\n<div style='text-align: center; margin-bottom: 20px;'> <img style='width: 100%; max-width: 400px; height: auto; border: 1px solid rgba(150&comma;150&comma;150&comma;0.3); border-radius: 8px;' src='https:\/\/ftp3.syscom.mx\/usuarios\/fotos\/AT5315KIT\/183255-logo-lpg.png' alt=''> <\/div>\n<div style='margin-bottom: 30px;'>\n<p style='font-size: 15px; margin: 15px 0; color: inherit;'>El Aislador para bajada de cable de pararrayos montado en torre sirve para proteger contra una inducci\u00f3n ante una descarga atmosf\u00e9rica a los equipos montados en torre y que estos sean estropeados como antenas&comma; c\u00e1maras de CCTV&comma; antenas de radio frecuencia&comma; etc.<\/p>\n<p style='font-size: 15px; margin: 15px 0; color: inherit;'>Proporciona una separaci\u00f3n de 6 a 7 cm entre la torre y el cable de bajada&comma; puede ser utilizado para albergar cable con un m\u00e1ximo calibre de 250 mcm.<\/p>\n<\/p><\/div>\n<div style='display: flex; flex-wrap: wrap; gap: 20px; margin-bottom: 30px;'>\n<div style='flex: 1 1 300px; min-width: 250px;'>\n<div style='border: 1px solid rgba(150&comma; 150&comma; 150&comma; 0.4); border-radius: 8px; overflow: hidden; display: flex; flex-direction: column;'>\n<div style='padding: 15px; border-bottom: 1px solid rgba(150&comma; 150&comma; 150&comma; 0.2); font-weight: bold; font-size: 18px; color: #2880b9; background-color: rgba(2&comma; 217&comma; 219&comma; 0.1);'>Beneficios<\/div>\n<div style='padding: 15px; color: inherit;'>\n<ul style='padding-left: 20px; margin: 0; font-size: 14px; list-style-type: disc;'>\n<li style='margin-bottom: 5px;'>Proporciona un aislamiento diel\u00e9ctrico seguro para evitar la inducci\u00f3n directa en la fase de descarga por el impacto de un rayo.<\/li>\n<li style='margin-bottom: 5px;'>F\u00e1cil instalaci\u00f3n.<\/li>\n<\/ul><\/div>\n<\/p><\/div>\n<\/p><\/div>\n<div style='flex: 1 1 300px; min-width: 250px;'>\n<div style='border: 1px solid rgba(150&comma; 150&comma; 150&comma; 0.4); border-radius: 8px; overflow: hidden; display: flex; flex-direction: column;'>\n<div style='padding: 15px; border-bottom: 1px solid rgba(150&comma; 150&comma; 150&comma; 0.2); font-weight: bold; font-size: 18px; color: #2880b9; background-color: rgba(2&comma; 217&comma; 219&comma; 0.1);'>Aplicaciones<\/div>\n<div style='padding: 15px; color: inherit;'>\n<ul style='padding-left: 20px; margin: 0; font-size: 14px; list-style-type: disc;'>\n<li style='margin-bottom: 5px;'>Torres arriostradas con CCTV.<\/li>\n<li style='margin-bottom: 5px;'>Torres arriostradas con antenas de telecomunicaciones.<\/li>\n<\/ul><\/div>\n<\/p><\/div>\n<\/p><\/div>\n<div style='flex: 1 1 300px; min-width: 250px;'>\n<div style='border: 1px solid rgba(150&comma; 150&comma; 150&comma; 0.4); border-radius: 8px; overflow: hidden; display: flex; flex-direction: column;'>\n<div style='padding: 15px; border-bottom: 1px solid rgba(150&comma; 150&comma; 150&comma; 0.2); font-weight: bold; font-size: 18px; color: #2880b9; background-color: rgba(2&comma; 217&comma; 219&comma; 0.1);'>Caracter\u00edsticas<\/div>\n<div style='padding: 15px; color: inherit;'>\n<ul style='padding-left: 20px; margin: 0; font-size: 14px; list-style-type: disc;'>\n<li style='margin-bottom: 5px;'>Buje aislador diel\u00e9ctrico ensamblado con herrajes para su sujeci\u00f3n en torre con di\u00e1metro de tubo de 3\/4&#8242; (STZ30 y STZ30G) hasta 1 14&#8242; (STZ35&comma; STZ35G&comma; STZ45 y STZ45G).<\/li>\n<\/ul><\/div>\n<\/p><\/div>\n<\/p><\/div>\n<\/p><\/div>\n<div style='margin-bottom: 30px;'>\n<div style='margin-bottom: 15px; font-weight: bold; font-size: 18px; color: #2880b9; border-bottom: 2px solid currentColor; padding-bottom: 5px; opacity: 0.8;'>Medidas<\/div>\n<div style='overflow-x: auto; margin-bottom: 20px;'>\n<table style='width: 100%; max-width: 600px; margin: 0 auto; border-collapse: collapse; color: inherit;'>\n<thead>\n<tr style='background-color: rgba(53&comma; 152&comma; 219&comma; 0.8);'>\n<th style='padding: 8px; border: 1px solid rgba(150&comma;150&comma;150&comma;0.3); text-align: center;'>A<\/th>\n<th style='padding: 8px; border: 1px solid rgba(150&comma;150&comma;150&comma;0.3); text-align: center;'>B<\/th>\n<th style='padding: 8px; border: 1px solid rgba(150&comma;150&comma;150&comma;0.3); text-align: center;'>C<\/th>\n<th style='padding: 8px; border: 1px solid rgba(150&comma;150&comma;150&comma;0.3); text-align: center;'>D<\/th>\n<th style='padding: 8px; border: 1px solid rgba(150&comma;150&comma;150&comma;0.3); text-align: center;'>E<\/th>\n<\/tr>\n<\/thead>\n<tbody>\n<tr>\n<td style='padding: 8px; border: 1px solid rgba(150&comma;150&comma;150&comma;0.3); text-align: center;'>1&#8242;<\/td>\n<td style='padding: 8px; border: 1px solid rgba(150&comma;150&comma;150&comma;0.3); text-align: center;'>1 1\/2&#8242;<\/td>\n<td style='padding: 8px; border: 1px solid rgba(150&comma;150&comma;150&comma;0.3); text-align: center;'>2 cm<\/td>\n<td style='padding: 8px; border: 1px solid rgba(150&comma;150&comma;150&comma;0.3); text-align: center;'>13 cm<\/td>\n<td style='padding: 8px; border: 1px solid rgba(150&comma;150&comma;150&comma;0.3); text-align: center;'>1 3\/4&#8242;<\/td>\n<\/tr>\n<\/tbody>\n<\/table><\/div>\n<\/p><\/div>\n<div style='text-align: center; margin: 30px 0;'> <img style='width: 100%; max-width: 600px; height: auto; border: 1px solid rgba(150&comma;150&comma;150&comma;0.3); border-radius: 8px;' src='https:\/\/ftp3.syscom.mx\/usuarios\/fotos\/LPAISLADORUNI\/192076-ais.jpg' alt=''> <\/div>\n<\/p><\/div>\n","protected":false},"excerpt":{"rendered":"<p>Aislador Bajada de Pararrayos en Torre STZ30, STZ30G, STZ35, STZ35G, STZ45 y STZ45G<\/p>\n","protected":false},"featured_media":70084,"comment_status":"open","ping_status":"closed","template":"","meta":[],"product_brand":[],"product_cat":[589],"product_tag":[590,435,246],"class_list":{"0":"post-70085","1":"product","2":"type-product","3":"status-publish","4":"has-post-thumbnail","6":"product_cat-accesorios-para-torres-arriostradas","7":"product_tag-accesorios-para-torres-arriostradas","8":"product_tag-linkedpro-by-epcom","9":"product_tag-torres-y-mastiles","11":"first","12":"instock","13":"sale","14":"shipping-taxable","15":"purchasable","16":"product-type-simple"},"_links":{"self":[{"href":"https:\/\/soydeaqui.ddns.net\/pachuca\/index.php\/wp-json\/wp\/v2\/product\/70085","targetHints":{"allow":["GET"]}}],"collection":[{"href":"https:\/\/soydeaqui.ddns.net\/pachuca\/index.php\/wp-json\/wp\/v2\/product"}],"about":[{"href":"https:\/\/soydeaqui.ddns.net\/pachuca\/index.php\/wp-json\/wp\/v2\/types\/product"}],"replies":[{"embeddable":true,"href":"https:\/\/soydeaqui.ddns.net\/pachuca\/index.php\/wp-json\/wp\/v2\/comments?post=70085"}],"wp:featuredmedia":[{"embeddable":true,"href":"https:\/\/soydeaqui.ddns.net\/pachuca\/index.php\/wp-json\/wp\/v2\/media\/70084"}],"wp:attachment":[{"href":"https:\/\/soydeaqui.ddns.net\/pachuca\/index.php\/wp-json\/wp\/v2\/media?parent=70085"}],"wp:term":[{"taxonomy":"product_brand","embeddable":true,"href":"https:\/\/soydeaqui.ddns.net\/pachuca\/index.php\/wp-json\/wp\/v2\/product_brand?post=70085"},{"taxonomy":"product_cat","embeddable":true,"href":"https:\/\/soydeaqui.ddns.net\/pachuca\/index.php\/wp-json\/wp\/v2\/product_cat?post=70085"},{"taxonomy":"product_tag","embeddable":true,"href":"https:\/\/soydeaqui.ddns.net\/pachuca\/index.php\/wp-json\/wp\/v2\/product_tag?post=70085"}],"curies":[{"name":"wp","href":"https:\/\/api.w.org\/{rel}","templated":true}]}}