{"id":70070,"date":"2026-03-19T11:11:04","date_gmt":"2026-03-19T11:11:04","guid":{"rendered":"https:\/\/soydeaqui.ddns.net\/pachuca\/index.php\/producto\/torre-autosoportada-de-48-ft-14-6-m-titan-t200-galvanizada-incluye-anclaje\/"},"modified":"2026-03-19T11:11:05","modified_gmt":"2026-03-19T11:11:05","slug":"torre-autosoportada-de-48-ft-14-6-m-titan-t200-galvanizada-incluye-anclaje","status":"publish","type":"product","link":"https:\/\/soydeaqui.ddns.net\/pachuca\/index.php\/producto\/torre-autosoportada-de-48-ft-14-6-m-titan-t200-galvanizada-incluye-anclaje\/","title":{"rendered":"Torre Autosoportada de 48 ft (14.6 m) Titan T200 Galvanizada (incluye anclaje)"},"content":{"rendered":"<div style='width: 100%; max-width: 1200px; margin: 0 auto; font-family: sans-serif; line-height: 1.6; color: inherit; background-color: transparent;'>\n<div style='display: flex; justify-content: space-between; flex-wrap: wrap; gap: 20px; margin-bottom: 30px;'> <img style='width: 100%; max-width: 300px; height: auto; border: 1px solid rgba(150&comma;150&comma;150&comma;0.3); border-radius: 8px;' src='https:\/\/ftp3.syscom.mx\/usuarios\/fotos\/TRYT64T300\/158134-titan_tower_logo.png' alt='' \/> <img style='width: 100%; max-width: 200px; height: auto; border: 1px solid rgba(150&comma;150&comma;150&comma;0.3); border-radius: 8px;' src='https:\/\/ftp3.syscom.mx\/usuarios\/fotos\/TRYT64T300\/158134-trylon_logo_2.png' alt='' \/> <\/div>\n<div style='margin-bottom: 30px;'>\n<p>La torre TITAN ha sido la torre liviana favorita de instaladores por m\u00e1s de 30 a\u00f1os. Con m\u00e1s de 15&comma;000 torres instaladas en E.U.A.&comma; esta torre ha sido utilizada para telemetr\u00eda&comma; TV satelital&comma; sistemas de redes&comma; radiocomunicaci\u00f3n y aplicaciones amateurs.<\/p>\n<\/p><\/div>\n<div style='display: flex; flex-wrap: wrap; gap: 30px; margin-bottom: 30px;'>\n<div style='flex: 1 1 300px; min-width: 280px;'>\n<h3 style='font-size: 22px; border-bottom: 2px solid currentColor; padding-bottom: 5px; margin-top: 0; color: inherit; opacity: 0.8;'>Especificaciones<\/h3>\n<ul style='padding-left: 20px; font-size: 15px; color: inherit;'>\n<li style='margin-bottom: 5px;'>Tipo: Autosoportada<\/li>\n<li style='margin-bottom: 5px;'>Secciones de 8&#8242; (2.4m) para reducci\u00f3n de espacio<\/li>\n<li style='margin-bottom: 5px;'>Piernas acanaladas<\/li>\n<li style='margin-bottom: 5px;'>Altura total: 14.6 m (48&#8242;)<\/li>\n<li style='margin-bottom: 5px;'>Modelo: T-200 (consulte ingenier\u00eda por torres de mayor capacidad o altura)<\/li>\n<\/ul><\/div>\n<\/p><\/div>\n<div style='margin-bottom: 30px;'>\n<h3 style='font-size: 22px; border-bottom: 2px solid currentColor; padding-bottom: 5px; margin-top: 0; color: inherit; opacity: 0.8;'>Capacidad de carga<\/h3>\n<div style='overflow-x: auto;'>\n<table style='width: 100%; max-width: 445px; border-collapse: collapse; color: inherit;'>\n<thead>\n<tr>\n<th style='border: 1px solid rgba(150&comma;150&comma;150&comma;0.3); padding: 10px; text-align: left; background-color: rgba(150&comma;150&comma;150&comma;0.1); color: inherit;'>Condiciones de carga<\/th>\n<th style='border: 1px solid rgba(150&comma;150&comma;150&comma;0.3); padding: 10px; text-align: left; background-color: rgba(150&comma;150&comma;150&comma;0.1); color: inherit;'>70 mph<br \/>(112 km\/hr)<\/th>\n<th style='border: 1px solid rgba(150&comma;150&comma;150&comma;0.3); padding: 10px; text-align: left; background-color: rgba(150&comma;150&comma;150&comma;0.1); color: inherit;'>85 mph<br \/>(136 km\/hr)<\/th>\n<th style='border: 1px solid rgba(150&comma;150&comma;150&comma;0.3); padding: 10px; text-align: left; background-color: rgba(150&comma;150&comma;150&comma;0.1); color: inherit;'>100 mph<br \/>(161 km\/hr)<\/th>\n<\/tr>\n<\/thead>\n<tbody>\n<tr>\n<td style='border: 1px solid rgba(150&comma;150&comma;150&comma;0.3); padding: 10px; color: inherit;'>\u00c1rea de antenas permisibles en pies cuadrados (ft\u00b2) &#8211; Supervivencia- sin hielo (redondo)<\/td>\n<td style='border: 1px solid rgba(150&comma;150&comma;150&comma;0.3); padding: 10px; color: inherit;'>16<\/td>\n<td style='border: 1px solid rgba(150&comma;150&comma;150&comma;0.3); padding: 10px; color: inherit;'>6<\/td>\n<td style='border: 1px solid rgba(150&comma;150&comma;150&comma;0.3); padding: 10px; color: inherit;'>&#8211;<\/td>\n<\/tr>\n<tr>\n<td style='border: 1px solid rgba(150&comma;150&comma;150&comma;0.3); padding: 10px; color: inherit;'>\u00c1rea de antenas permisibles en pies cuadrados (ft\u00b2) &#8211; Supervivencia-1\/2&#8242; de hielo (redondo)<\/td>\n<td style='border: 1px solid rgba(150&comma;150&comma;150&comma;0.3); padding: 10px; color: inherit;'>2<\/td>\n<td style='border: 1px solid rgba(150&comma;150&comma;150&comma;0.3); padding: 10px; color: inherit;'>&#8211;<\/td>\n<td style='border: 1px solid rgba(150&comma;150&comma;150&comma;0.3); padding: 10px; color: inherit;'>&#8211;<\/td>\n<\/tr>\n<\/tbody>\n<\/table><\/div>\n<\/p><\/div>\n<div style='margin-bottom: 30px;'>\n<h3 style='font-size: 22px; border-bottom: 2px solid currentColor; padding-bottom: 5px; margin-top: 0; color: inherit; opacity: 0.8;'>Aplicaciones<\/h3>\n<ul style='padding-left: 20px; font-size: 15px; color: inherit;'>\n<li style='margin-bottom: 5px;'>Ideal para sistemas de monitoreo remoto<\/li>\n<li style='margin-bottom: 5px;'>Sistemas de radiocomunicaci\u00f3n de dos v\u00edas:<\/li>\n<ul style='padding-left: 25px; margin-top: 5px; margin-bottom: 5px;'>\n<li style='margin-bottom: 5px;'>Sistema de seguridad p\u00fablica&comma; uso policiaco&comma; bomberos&comma; edificios oficiales<\/li>\n<li style='margin-bottom: 5px;'>Compa\u00f1\u00edas privadas de transporte&comma; f\u00e1bricas&comma; etc.<\/li>\n<\/ul>\n<li style='margin-bottom: 5px;'>Proveedores de servicios de internet (WIPS)<\/li>\n<li style='margin-bottom: 5px;'>Aplicaciones de videovigilancia (torres para c\u00e1maras)<\/li>\n<\/ul><\/div>\n<div style='margin-bottom: 30px;'>\n<h3 style='font-size: 22px; border-bottom: 2px solid currentColor; padding-bottom: 5px; margin-top: 0; color: inherit; opacity: 0.8;'>Diferenciadores de la L\u00ednea TITAN<\/h3>\n<ul style='padding-left: 20px; font-size: 15px; color: inherit;'>\n<li style='margin-bottom: 5px;'>La mejor relaci\u00f3n Altura &#8211; Costo del mercado<\/li>\n<\/ul><\/div>\n<hr style='border: 0; border-top: 1px solid rgba(150&comma;150&comma;150&comma;0.3); margin: 30px 0;'>\n<div style='margin-bottom: 30px;'>\n<h2 style='font-size: 24px; margin-top: 0; color: inherit;'>Instalaci\u00f3n de torre de 24 metros<\/h2>\n<p> <img style='width: 100%; max-width: 400px; height: auto; border: 1px solid rgba(150&comma;150&comma;150&comma;0.3); border-radius: 8px;' src='https:\/\/ftp3.syscom.mx\/usuarios\/fotos\/TRYT64T300\/158134-torre_1.png' alt='' \/> <\/div>\n<div style='margin-bottom: 30px;'>\n<h2 style='font-size: 24px; margin-top: 0; color: inherit;'>Uso de torre para sistema de Radiocomunicaci\u00f3n<\/h2>\n<p> <img style='width: 100%; max-width: 400px; height: auto; border: 1px solid rgba(150&comma;150&comma;150&comma;0.3); border-radius: 8px;' src='https:\/\/ftp3.syscom.mx\/usuarios\/fotos\/TRYT64T300\/158134-torre_2.png' alt='' \/> <\/div>\n<\/p><\/div>\n","protected":false},"excerpt":{"rendered":"<p>Torre Autosoportada de 48 ft (14.6 m) Titan T200 Galvanizada (incluye anclaje)<\/p>\n","protected":false},"featured_media":70069,"comment_status":"open","ping_status":"closed","template":"","meta":[],"product_brand":[],"product_cat":[1713],"product_tag":[1714,246,1715],"class_list":{"0":"post-70070","1":"product","2":"type-product","3":"status-publish","4":"has-post-thumbnail","6":"product_cat-torres-autosoportadas","7":"product_tag-torres-autosoportadas","8":"product_tag-torres-y-mastiles","9":"product_tag-trylon","11":"first","12":"outofstock","13":"sale","14":"shipping-taxable","15":"purchasable","16":"product-type-simple"},"_links":{"self":[{"href":"https:\/\/soydeaqui.ddns.net\/pachuca\/index.php\/wp-json\/wp\/v2\/product\/70070","targetHints":{"allow":["GET"]}}],"collection":[{"href":"https:\/\/soydeaqui.ddns.net\/pachuca\/index.php\/wp-json\/wp\/v2\/product"}],"about":[{"href":"https:\/\/soydeaqui.ddns.net\/pachuca\/index.php\/wp-json\/wp\/v2\/types\/product"}],"replies":[{"embeddable":true,"href":"https:\/\/soydeaqui.ddns.net\/pachuca\/index.php\/wp-json\/wp\/v2\/comments?post=70070"}],"wp:featuredmedia":[{"embeddable":true,"href":"https:\/\/soydeaqui.ddns.net\/pachuca\/index.php\/wp-json\/wp\/v2\/media\/70069"}],"wp:attachment":[{"href":"https:\/\/soydeaqui.ddns.net\/pachuca\/index.php\/wp-json\/wp\/v2\/media?parent=70070"}],"wp:term":[{"taxonomy":"product_brand","embeddable":true,"href":"https:\/\/soydeaqui.ddns.net\/pachuca\/index.php\/wp-json\/wp\/v2\/product_brand?post=70070"},{"taxonomy":"product_cat","embeddable":true,"href":"https:\/\/soydeaqui.ddns.net\/pachuca\/index.php\/wp-json\/wp\/v2\/product_cat?post=70070"},{"taxonomy":"product_tag","embeddable":true,"href":"https:\/\/soydeaqui.ddns.net\/pachuca\/index.php\/wp-json\/wp\/v2\/product_tag?post=70070"}],"curies":[{"name":"wp","href":"https:\/\/api.w.org\/{rel}","templated":true}]}}